{"id":23897,"date":"2021-10-10T05:05:33","date_gmt":"2021-10-10T05:05:33","guid":{"rendered":"https:\/\/mouldking.store\/shop\/moc-26403-steam-machine-technic-by-nico71-moc-factory\/"},"modified":"2025-12-25T09:20:19","modified_gmt":"2025-12-25T02:20:19","slug":"moc-26403-steam-machine-technic-by-nico71-moc-factory","status":"publish","type":"product","link":"https:\/\/mouldking.store\/nb\/shop\/moc-26403-steam-machine-technic-by-nico71-moc-factory\/","title":{"rendered":"MOC-26403 Steam Machine Technic av Nico71 MOC FACTORY"},"content":{"rendered":"<p>MOC-26403 Steam Machine Technic av Nico71 MOC FACTORY er et sett i Technic-kolleksjonen, designet av Nico71. Denne MOC 26403 kommer med PDF-instruksjoner som er enkel \u00e5 bygge og finne de manglende delene. Settet inneholder 1245 stykker, f\u00f8rst utgitt i 2021.<\/p>\n<p><strong>MERK:<\/strong><\/p>\n<ul>\n<li><strong>Fargen p\u00e5 individuelle deler tilsvarer ikke fargen p\u00e5 tegningsdeler, noe som ikke p\u00e5virker utseendet.<\/strong><\/li>\n<li><strong>Vennligst kj\u00f8p n\u00f8ye for de som ikke er bekymret for n\u00f8yaktigheten, fargeforskjellen til husholdningsdeler.<\/strong><\/li>\n<\/ul>\n<figure id=\"attachment_205075\" aria-describedby=\"caption-attachment-205075\" style=\"width: 800px\" class=\"wp-caption aligncenter\"><a href=\"https:\/\/pay.lpwstore.com\/wp-content\/uploads\/2021\/04\/MOC-26403-Steam-Machine-Technic-by-Nico71-MOC-FACTORY.jpg\" target=\"_blank\" rel=\"noopener\"><img fetchpriority=\"high\" decoding=\"async\" class=\"wp-image-205075 size-full\" title=\"MOC-26403 Steam Machine Technic av Nico71 MOC FACTORY\" src=\"https:\/\/pay.lpwstore.com\/wp-content\/uploads\/2021\/04\/MOC-26403-Steam-Machine-Technic-by-Nico71-MOC-FACTORY.jpg\" alt=\"MOC-26403 Steam Machine Technic by Nico71 MOC FACTORY\" width=\"800\" height=\"800\" \/><\/a><figcaption id=\"caption-attachment-205075\" class=\"wp-caption-text\">MOC-26403 Steam Machine Technic av Nico71 MOC FACTORY<\/figcaption><\/figure>","protected":false},"excerpt":{"rendered":"<ul>\n<li>Inkludere\u00a0<strong>1245+<\/strong>\u00a0stk<\/li>\n<li>Online PDF-instruksjoner<\/li>\n<li>ABS-blokk av h\u00f8y kvalitet<\/li>\n<\/ul>","protected":false},"featured_media":23896,"comment_status":"open","ping_status":"closed","template":"","meta":{"_acf_changed":false},"product_cat":[364],"product_tag":[],"class_list":["product","first","outofstock","shipping-taxable","purchasable","product-type-simple"],"acf":[],"_links":{"self":[{"href":"https:\/\/mouldking.store\/nb\/wp-json\/wp\/v2\/product\/23897","targetHints":{"allow":["GET"]}}],"collection":[{"href":"https:\/\/mouldking.store\/nb\/wp-json\/wp\/v2\/product"}],"about":[{"href":"https:\/\/mouldking.store\/nb\/wp-json\/wp\/v2\/types\/product"}],"replies":[{"embeddable":true,"href":"https:\/\/mouldking.store\/nb\/wp-json\/wp\/v2\/comments?post=23897"}],"wp:featuredmedia":[{"embeddable":true,"href":"https:\/\/mouldking.store\/nb\/wp-json\/wp\/v2\/media\/23896"}],"wp:attachment":[{"href":"https:\/\/mouldking.store\/nb\/wp-json\/wp\/v2\/media?parent=23897"}],"wp:term":[{"taxonomy":"product_cat","embeddable":true,"href":"https:\/\/mouldking.store\/nb\/wp-json\/wp\/v2\/product_cat?post=23897"},{"taxonomy":"product_tag","embeddable":true,"href":"https:\/\/mouldking.store\/nb\/wp-json\/wp\/v2\/product_tag?post=23897"}],"curies":[{"name":"wp","href":"https:\/\/api.w.org\/{rel}","templated":true}]}}