{"id":24233,"date":"2021-10-10T05:09:23","date_gmt":"2021-10-10T05:09:23","guid":{"rendered":"https:\/\/mouldking.store\/shop\/moc-74908-koenigsegg-agera-one-technic-by-furchtis-moc-factory\/"},"modified":"2025-12-25T09:19:52","modified_gmt":"2025-12-25T02:19:52","slug":"moc-74908-koenigsegg-agera-one-technic-by-furchtis-moc-factory","status":"publish","type":"product","link":"https:\/\/mouldking.store\/nb\/shop\/moc-74908-koenigsegg-agera-one-technic-by-furchtis-moc-factory\/","title":{"rendered":"MOC-74908 Koenigsegg Agera One Technic by Furchtis MOC FACTORY"},"content":{"rendered":"<p style=\"text-align: left\">MOC-74908 Koenigsegg Agera One Technic by Furchtis MOC FACTORY is a set in Technic collection, designed by Furchtis. This MOC 74908 comes with PDF instruction which is easy to build and find the missing pieces. The set contains 2216 pieces, first released in 2021.<\/p>\n<p style=\"text-align: left\"><strong>MERK:<\/strong><\/p>\n<ul style=\"text-align: center\">\n<li style=\"text-align: left\"><strong>Fargen p\u00e5 individuelle deler tilsvarer ikke fargen p\u00e5 tegningsdeler, noe som ikke p\u00e5virker utseendet.<\/strong><\/li>\n<li style=\"text-align: left\"><strong>Vennligst kj\u00f8p n\u00f8ye for de som ikke er bekymret for n\u00f8yaktigheten, fargeforskjellen til husholdningsdeler.<\/strong><\/li>\n<li style=\"text-align: left\"><strong>Kunden kan m\u00e5tte betale det ekstra tollgebyr ved mottak av varene.<\/strong><\/li>\n<\/ul>\n<figure id=\"attachment_206595\" aria-describedby=\"caption-attachment-206595\" style=\"width: 800px\" class=\"wp-caption aligncenter\"><a href=\"https:\/\/pay.lpwstore.com\/wp-content\/uploads\/2021\/05\/MOC-74908-Koenigsegg-Agera-One-Technic-by-Furchtis-MOC-FACTORY.jpg\" target=\"_blank\" rel=\"noopener\"><img fetchpriority=\"high\" decoding=\"async\" class=\"wp-image-206595 size-full\" title=\"MOC-74908 Koenigsegg Agera One Technic by Furchtis MOC FACTORY \" src=\"https:\/\/pay.lpwstore.com\/wp-content\/uploads\/2021\/05\/MOC-74908-Koenigsegg-Agera-One-Technic-by-Furchtis-MOC-FACTORY.jpg\" alt=\"MOC-74908 Koenigsegg Agera One Technic by Furchtis MOC FACTORY \" width=\"800\" height=\"800\" \/><\/a><figcaption id=\"caption-attachment-206595\" class=\"wp-caption-text\">MOC-74908 Koenigsegg Agera One Technic by Furchtis MOC FACTORY<\/figcaption><\/figure>\n<p><img decoding=\"async\" class=\"alignnone size-full wp-image-206596 aligncenter\" src=\"https:\/\/pay.lpwstore.com\/wp-content\/uploads\/2021\/05\/MOC-74908-Koenigsegg-Agera-One-Technic-by-Furchtis-MOC-FACTORY-2.jpg\" alt=\"-\" width=\"800\" height=\"800\" title=\"-\"> <img decoding=\"async\" class=\"alignnone size-full wp-image-206597 aligncenter\" src=\"https:\/\/pay.lpwstore.com\/wp-content\/uploads\/2021\/05\/MOC-74908-Koenigsegg-Agera-One-Technic-by-Furchtis-MOC-FACTORY-3.jpg\" alt=\"-\" width=\"800\" height=\"800\" title=\"-\"> <img loading=\"lazy\" decoding=\"async\" class=\"alignnone size-full wp-image-206598 aligncenter\" src=\"https:\/\/pay.lpwstore.com\/wp-content\/uploads\/2021\/05\/MOC-74908-Koenigsegg-Agera-One-Technic-by-Furchtis-MOC-FACTORY-4.jpg\" alt=\"-\" width=\"800\" height=\"800\" title=\"-\"> <img loading=\"lazy\" decoding=\"async\" class=\"alignnone size-full wp-image-206599 aligncenter\" src=\"https:\/\/pay.lpwstore.com\/wp-content\/uploads\/2021\/05\/MOC-74908-Koenigsegg-Agera-One-Technic-by-Furchtis-MOC-FACTORY-5.jpg\" alt=\"-\" width=\"800\" height=\"800\" title=\"-\"> <img loading=\"lazy\" decoding=\"async\" class=\"alignnone size-full wp-image-206600 aligncenter\" src=\"https:\/\/pay.lpwstore.com\/wp-content\/uploads\/2021\/05\/MOC-74908-Koenigsegg-Agera-One-Technic-by-Furchtis-MOC-FACTORY-6.jpg\" alt=\"-\" width=\"800\" height=\"800\" title=\"-\"><\/p>","protected":false},"excerpt":{"rendered":"<ul>\n<li>Inkludere <strong>2216+<\/strong> stk<\/li>\n<li>Online PDF-instruksjoner<\/li>\n<li>ABS-blokk av h\u00f8y kvalitet<\/li>\n<\/ul>","protected":false},"featured_media":24227,"comment_status":"open","ping_status":"closed","template":"","meta":{"_acf_changed":false},"product_cat":[364],"product_tag":[],"class_list":["product","first","outofstock","shipping-taxable","purchasable","product-type-simple"],"acf":[],"_links":{"self":[{"href":"https:\/\/mouldking.store\/nb\/wp-json\/wp\/v2\/product\/24233","targetHints":{"allow":["GET"]}}],"collection":[{"href":"https:\/\/mouldking.store\/nb\/wp-json\/wp\/v2\/product"}],"about":[{"href":"https:\/\/mouldking.store\/nb\/wp-json\/wp\/v2\/types\/product"}],"replies":[{"embeddable":true,"href":"https:\/\/mouldking.store\/nb\/wp-json\/wp\/v2\/comments?post=24233"}],"wp:featuredmedia":[{"embeddable":true,"href":"https:\/\/mouldking.store\/nb\/wp-json\/wp\/v2\/media\/24227"}],"wp:attachment":[{"href":"https:\/\/mouldking.store\/nb\/wp-json\/wp\/v2\/media?parent=24233"}],"wp:term":[{"taxonomy":"product_cat","embeddable":true,"href":"https:\/\/mouldking.store\/nb\/wp-json\/wp\/v2\/product_cat?post=24233"},{"taxonomy":"product_tag","embeddable":true,"href":"https:\/\/mouldking.store\/nb\/wp-json\/wp\/v2\/product_tag?post=24233"}],"curies":[{"name":"wp","href":"https:\/\/api.w.org\/{rel}","templated":true}]}}