{"id":24554,"date":"2021-10-10T05:15:40","date_gmt":"2021-10-10T05:15:40","guid":{"rendered":"https:\/\/mouldking.store\/shop\/moc-34753-telehandler-technic-by-ft-creations-moc-factory\/"},"modified":"2025-12-25T09:17:24","modified_gmt":"2025-12-25T02:17:24","slug":"moc-34753-telehandler-technic-by-ft-creations-moc-factory","status":"publish","type":"product","link":"https:\/\/mouldking.store\/nb\/shop\/moc-34753-telehandler-technic-by-ft-creations-moc-factory\/","title":{"rendered":"MOC-34753 Teleskoplaster Technic av FT-creations MOC FACTORY"},"content":{"rendered":"<p style=\"text-align: left\">MOC-34753 Teleskoplaster Technic av FT-creations MOC FACTORY er et sett i Technic-kolleksjonen, designet av FT-creations. Denne MOC 34753 kommer med PDF-instruksjoner som er enkel \u00e5 bygge og finne de manglende delene. Settet inneholder 1401 stykker, f\u00f8rst utgitt i 2021.<\/p>\n<p style=\"text-align: left\"><strong>MERK:<\/strong><\/p>\n<ul style=\"text-align: center\">\n<li style=\"text-align: left\"><strong>Fargen p\u00e5 individuelle deler tilsvarer ikke fargen p\u00e5 tegningsdeler, noe som ikke p\u00e5virker utseendet.<\/strong><\/li>\n<li style=\"text-align: left\"><strong>Vennligst kj\u00f8p n\u00f8ye for de som ikke er bekymret for n\u00f8yaktigheten, fargeforskjellen til husholdningsdeler.<\/strong><\/li>\n<li style=\"text-align: left\"><strong>Kunden m\u00e5 kanskje betale det ekstra tollgebyr n\u00e5r han mottar varene (avhengig av retningslinjene i hvert land)<\/strong><\/li>\n<\/ul>\n<figure id=\"attachment_207566\" aria-describedby=\"caption-attachment-207566\" style=\"width: 800px\" class=\"wp-caption aligncenter\"><a href=\"https:\/\/pay.lpwstore.com\/wp-content\/uploads\/2021\/05\/MOC-34753-Telehandler-Technic-by-FT-creations-MOC-FACTORY.jpg\" target=\"_blank\" rel=\"noopener\"><img fetchpriority=\"high\" decoding=\"async\" class=\"wp-image-207566 size-full\" title=\"MOC-34753 Teleskoplaster Technic av FT-creations MOC FACTORY\" src=\"https:\/\/pay.lpwstore.com\/wp-content\/uploads\/2021\/05\/MOC-34753-Telehandler-Technic-by-FT-creations-MOC-FACTORY.jpg\" alt=\"MOC-34753 Telehandler Technic by FT-creations MOC FACTORY\" width=\"800\" height=\"800\" \/><\/a><figcaption id=\"caption-attachment-207566\" class=\"wp-caption-text\">MOC-34753 Teleskoplaster Technic av FT-creations MOC FACTORY<\/figcaption><\/figure>\n<p><img decoding=\"async\" class=\"alignnone size-full wp-image-207567 aligncenter\" src=\"https:\/\/pay.lpwstore.com\/wp-content\/uploads\/2021\/05\/MOC-34753-Telehandler-Technic-by-FT-creations-MOC-FACTORY-2.jpg\" alt=\"-\" width=\"800\" height=\"800\" title=\"-\"> <img decoding=\"async\" class=\"alignnone size-full wp-image-207568 aligncenter\" src=\"https:\/\/pay.lpwstore.com\/wp-content\/uploads\/2021\/05\/MOC-34753-Telehandler-Technic-by-FT-creations-MOC-FACTORY-3.jpg\" alt=\"-\" width=\"800\" height=\"800\" title=\"-\"> <img loading=\"lazy\" decoding=\"async\" class=\"alignnone size-full wp-image-207569 aligncenter\" src=\"https:\/\/pay.lpwstore.com\/wp-content\/uploads\/2021\/05\/MOC-34753-Telehandler-Technic-by-FT-creations-MOC-FACTORY-4.jpg\" alt=\"-\" width=\"800\" height=\"800\" title=\"-\"> <img loading=\"lazy\" decoding=\"async\" class=\"alignnone size-full wp-image-207570 aligncenter\" src=\"https:\/\/pay.lpwstore.com\/wp-content\/uploads\/2021\/05\/MOC-34753-Telehandler-Technic-by-FT-creations-MOC-FACTORY-5.jpg\" alt=\"-\" width=\"800\" height=\"800\" title=\"-\"> <img loading=\"lazy\" decoding=\"async\" class=\"alignnone size-full wp-image-207571 aligncenter\" src=\"https:\/\/pay.lpwstore.com\/wp-content\/uploads\/2021\/05\/MOC-34753-Telehandler-Technic-by-FT-creations-MOC-FACTORY-6.jpg\" alt=\"-\" width=\"800\" height=\"800\" title=\"-\"><\/p>","protected":false},"excerpt":{"rendered":"<ul>\n<li>Inkludere\u00a0<strong>1401+<\/strong>\u00a0stk<\/li>\n<li>Online PDF-instruksjoner<\/li>\n<li>ABS-blokk av h\u00f8y kvalitet<\/li>\n<li>Med motor<\/li>\n<\/ul>","protected":false},"featured_media":24548,"comment_status":"open","ping_status":"closed","template":"","meta":{"_acf_changed":false},"product_cat":[364],"product_tag":[],"class_list":["product","first","outofstock","shipping-taxable","purchasable","product-type-simple"],"acf":[],"_links":{"self":[{"href":"https:\/\/mouldking.store\/nb\/wp-json\/wp\/v2\/product\/24554","targetHints":{"allow":["GET"]}}],"collection":[{"href":"https:\/\/mouldking.store\/nb\/wp-json\/wp\/v2\/product"}],"about":[{"href":"https:\/\/mouldking.store\/nb\/wp-json\/wp\/v2\/types\/product"}],"replies":[{"embeddable":true,"href":"https:\/\/mouldking.store\/nb\/wp-json\/wp\/v2\/comments?post=24554"}],"wp:featuredmedia":[{"embeddable":true,"href":"https:\/\/mouldking.store\/nb\/wp-json\/wp\/v2\/media\/24548"}],"wp:attachment":[{"href":"https:\/\/mouldking.store\/nb\/wp-json\/wp\/v2\/media?parent=24554"}],"wp:term":[{"taxonomy":"product_cat","embeddable":true,"href":"https:\/\/mouldking.store\/nb\/wp-json\/wp\/v2\/product_cat?post=24554"},{"taxonomy":"product_tag","embeddable":true,"href":"https:\/\/mouldking.store\/nb\/wp-json\/wp\/v2\/product_tag?post=24554"}],"curies":[{"name":"wp","href":"https:\/\/api.w.org\/{rel}","templated":true}]}}