{"id":24566,"date":"2021-10-10T05:15:43","date_gmt":"2021-10-10T05:15:43","guid":{"rendered":"https:\/\/mouldking.store\/shop\/moc-73372-resistance-fleet-bundle-mc85-bunkerbuster-vakbeor-nebulon-star-wars-by-scoutthetrooper-moc-factory\/"},"modified":"2025-12-25T09:17:24","modified_gmt":"2025-12-25T02:17:24","slug":"moc-73372-resistance-fleet-bundle-mc85-bunkerbuster-vakbeor-nebulon-star-wars-by-scoutthetrooper-moc-factory","status":"publish","type":"product","link":"https:\/\/mouldking.store\/nb\/shop\/moc-73372-resistance-fleet-bundle-mc85-bunkerbuster-vakbeor-nebulon-star-wars-by-scoutthetrooper-moc-factory\/","title":{"rendered":"MOC-73372 Resistance Fleet Bundle (MC85, Bunkerbuster, Vakbeor, Nebulon) Star Wars av scoutthetrooper MOC FACTORY"},"content":{"rendered":"<p>MOC-73372 Resistance Fleet Bundle (MC85, Bunkerbuster, Vakbeor, Nebulon) Star Wars av scoutthetrooper MOC FACTORY er et sett i Star Wars-kolleksjonen, designet av scoutthetrooper. Denne MOC 73372 kommer med PDF-instruksjoner som er enkel \u00e5 bygge og finne de manglende delene. Settet inneholder 2303 stykker, f\u00f8rst utgitt i 2021.<\/p>\n<p><strong>MERK:<\/strong><\/p>\n<ul>\n<li><strong>Fargen p\u00e5 individuelle deler tilsvarer ikke fargen p\u00e5 tegningsdeler, noe som ikke p\u00e5virker utseendet.<\/strong><\/li>\n<li><strong>Vennligst kj\u00f8p n\u00f8ye for de som ikke er bekymret for n\u00f8yaktigheten, fargeforskjellen til husholdningsdeler.<\/strong><\/li>\n<li><strong>Kunden m\u00e5 kanskje betale det ekstra tollgebyr n\u00e5r han mottar varene (avhengig av retningslinjene i hvert land)<\/strong><\/li>\n<\/ul>\n<figure id=\"attachment_207613\" aria-describedby=\"caption-attachment-207613\" style=\"width: 800px\" class=\"wp-caption aligncenter\"><a href=\"https:\/\/pay.lpwstore.com\/wp-content\/uploads\/2021\/06\/MOC-73372-Resistance-Fleet-Bundle-MC85-Bunkerbuster-Vakbeor-Nebulon-Star-Wars-by-scoutthetrooper-MOC-FACTORY.jpg\" target=\"_blank\" rel=\"noopener\"><img fetchpriority=\"high\" decoding=\"async\" class=\"wp-image-207613 size-full\" title=\"MOC-73372 Resistance Fleet Bundle (MC85, Bunkerbuster, Vakbeor, Nebulon) Star Wars av scoutthetrooper MOC FACTORY\" src=\"https:\/\/pay.lpwstore.com\/wp-content\/uploads\/2021\/06\/MOC-73372-Resistance-Fleet-Bundle-MC85-Bunkerbuster-Vakbeor-Nebulon-Star-Wars-by-scoutthetrooper-MOC-FACTORY.jpg\" alt=\"MOC-73372 Resistance Fleet Bundle (MC85, Bunkerbuster, Vakbeor, Nebulon) Star Wars by scoutthetrooper MOC FACTORY\" width=\"800\" height=\"800\" \/><\/a><figcaption id=\"caption-attachment-207613\" class=\"wp-caption-text\">MOC-73372 Resistance Fleet Bundle (MC85, Bunkerbuster, Vakbeor, Nebulon) Star Wars av scoutthetrooper MOC FACTORY<\/figcaption><\/figure>","protected":false},"excerpt":{"rendered":"<ul>\n<li>Inkludere\u00a0<strong>2303+<\/strong>\u00a0stk<\/li>\n<li>Online PDF-instruksjoner<\/li>\n<li>ABS-blokk av h\u00f8y kvalitet<\/li>\n<\/ul>","protected":false},"featured_media":24565,"comment_status":"open","ping_status":"closed","template":"","meta":{"_acf_changed":false},"product_cat":[415],"product_tag":[],"class_list":["product","first","outofstock","shipping-taxable","purchasable","product-type-simple"],"acf":[],"_links":{"self":[{"href":"https:\/\/mouldking.store\/nb\/wp-json\/wp\/v2\/product\/24566","targetHints":{"allow":["GET"]}}],"collection":[{"href":"https:\/\/mouldking.store\/nb\/wp-json\/wp\/v2\/product"}],"about":[{"href":"https:\/\/mouldking.store\/nb\/wp-json\/wp\/v2\/types\/product"}],"replies":[{"embeddable":true,"href":"https:\/\/mouldking.store\/nb\/wp-json\/wp\/v2\/comments?post=24566"}],"wp:featuredmedia":[{"embeddable":true,"href":"https:\/\/mouldking.store\/nb\/wp-json\/wp\/v2\/media\/24565"}],"wp:attachment":[{"href":"https:\/\/mouldking.store\/nb\/wp-json\/wp\/v2\/media?parent=24566"}],"wp:term":[{"taxonomy":"product_cat","embeddable":true,"href":"https:\/\/mouldking.store\/nb\/wp-json\/wp\/v2\/product_cat?post=24566"},{"taxonomy":"product_tag","embeddable":true,"href":"https:\/\/mouldking.store\/nb\/wp-json\/wp\/v2\/product_tag?post=24566"}],"curies":[{"name":"wp","href":"https:\/\/api.w.org\/{rel}","templated":true}]}}