{"id":24590,"date":"2021-10-10T05:15:52","date_gmt":"2021-10-10T05:15:52","guid":{"rendered":"https:\/\/mouldking.store\/shop\/moc-55320-horten-ho-229-space-by-germanrailwaybuilder-moc-factory\/"},"modified":"2025-12-25T09:17:24","modified_gmt":"2025-12-25T02:17:24","slug":"moc-55320-horten-ho-229-space-by-germanrailwaybuilder-moc-factory","status":"publish","type":"product","link":"https:\/\/mouldking.store\/nb\/shop\/moc-55320-horten-ho-229-space-by-germanrailwaybuilder-moc-factory\/","title":{"rendered":"MOC-55320 Horten Ho 229 Space av Germanrailwaybuilder MOC FACTORY"},"content":{"rendered":"<p style=\"text-align: left\">MOC-55320 Horten Ho 229 Space by Germanrailwaybuilder MOC FACTORY is a set in Space collection, designed by Germanrailwaybuilder. This MOC 55320 comes with PDF instruction which is easy to build and find the missing pieces. The set contains 547 pieces, first released in 2021.<\/p>\n<p style=\"text-align: left\"><strong>MERK:<\/strong><\/p>\n<ul style=\"text-align: center\">\n<li style=\"text-align: left\"><strong>Fargen p\u00e5 individuelle deler tilsvarer ikke fargen p\u00e5 tegningsdeler, noe som ikke p\u00e5virker utseendet.<\/strong><\/li>\n<li style=\"text-align: left\"><strong>Vennligst kj\u00f8p n\u00f8ye for de som ikke er bekymret for n\u00f8yaktigheten, fargeforskjellen til husholdningsdeler.<\/strong><\/li>\n<li style=\"text-align: left\"><strong>Kunden m\u00e5 kanskje betale det ekstra tollgebyr n\u00e5r han mottar varene (avhengig av retningslinjene i hvert land)<\/strong><\/li>\n<\/ul>\n<figure id=\"attachment_207685\" aria-describedby=\"caption-attachment-207685\" style=\"width: 800px\" class=\"wp-caption aligncenter\"><a href=\"https:\/\/pay.lpwstore.com\/wp-content\/uploads\/2021\/06\/MOC-55320-Horten-Ho-229-Space-by-Germanrailwaybuilder-MOC-FACTORY.jpg\" target=\"_blank\" rel=\"noopener\"><img fetchpriority=\"high\" decoding=\"async\" class=\"wp-image-207685 size-full\" title=\"MOC-55320 Horten Ho 229 Space av Germanrailwaybuilder MOC FACTORY\" src=\"https:\/\/pay.lpwstore.com\/wp-content\/uploads\/2021\/06\/MOC-55320-Horten-Ho-229-Space-by-Germanrailwaybuilder-MOC-FACTORY.jpg\" alt=\"MOC-55320 Horten Ho 229 Space by Germanrailwaybuilder MOC FACTORY\" width=\"800\" height=\"800\" \/><\/a><figcaption id=\"caption-attachment-207685\" class=\"wp-caption-text\">MOC-55320 Horten Ho 229 Space av Germanrailwaybuilder MOC FACTORY<\/figcaption><\/figure>\n<p style=\"text-align: center\"><img decoding=\"async\" class=\"alignnone size-full wp-image-207687\" src=\"https:\/\/pay.lpwstore.com\/wp-content\/uploads\/2021\/06\/MOC-55320-Horten-Ho-229-Space-by-Germanrailwaybuilder-MOC-FACTORY-3.jpg\" alt=\"-\" width=\"800\" height=\"800\" title=\"-\"> <img decoding=\"async\" class=\"alignnone size-full wp-image-207686\" src=\"https:\/\/pay.lpwstore.com\/wp-content\/uploads\/2021\/06\/MOC-55320-Horten-Ho-229-Space-by-Germanrailwaybuilder-MOC-FACTORY-2.jpg\" alt=\"-\" width=\"800\" height=\"800\" title=\"-\"><\/p>\n<p style=\"text-align: center\">\n<p style=\"text-align: center\">\n<p style=\"text-align: center\">\n<p style=\"text-align: center\">","protected":false},"excerpt":{"rendered":"<ul>\n<li>Inkludere\u00a0<strong>547+<\/strong>\u00a0stk<\/li>\n<li>Online PDF-instruksjoner<\/li>\n<li>ABS-blokk av h\u00f8y kvalitet<\/li>\n<\/ul>","protected":false},"featured_media":24587,"comment_status":"open","ping_status":"closed","template":"","meta":{"_acf_changed":false},"product_cat":[371],"product_tag":[],"class_list":["product","first","outofstock","shipping-taxable","purchasable","product-type-simple"],"acf":[],"_links":{"self":[{"href":"https:\/\/mouldking.store\/nb\/wp-json\/wp\/v2\/product\/24590","targetHints":{"allow":["GET"]}}],"collection":[{"href":"https:\/\/mouldking.store\/nb\/wp-json\/wp\/v2\/product"}],"about":[{"href":"https:\/\/mouldking.store\/nb\/wp-json\/wp\/v2\/types\/product"}],"replies":[{"embeddable":true,"href":"https:\/\/mouldking.store\/nb\/wp-json\/wp\/v2\/comments?post=24590"}],"wp:featuredmedia":[{"embeddable":true,"href":"https:\/\/mouldking.store\/nb\/wp-json\/wp\/v2\/media\/24587"}],"wp:attachment":[{"href":"https:\/\/mouldking.store\/nb\/wp-json\/wp\/v2\/media?parent=24590"}],"wp:term":[{"taxonomy":"product_cat","embeddable":true,"href":"https:\/\/mouldking.store\/nb\/wp-json\/wp\/v2\/product_cat?post=24590"},{"taxonomy":"product_tag","embeddable":true,"href":"https:\/\/mouldking.store\/nb\/wp-json\/wp\/v2\/product_tag?post=24590"}],"curies":[{"name":"wp","href":"https:\/\/api.w.org\/{rel}","templated":true}]}}