{"id":24602,"date":"2021-10-10T05:15:59","date_gmt":"2021-10-10T05:15:59","guid":{"rendered":"https:\/\/mouldking.store\/shop\/moc-76011-dune-buggy-technic-by-paave-moc-factory\/"},"modified":"2025-12-25T09:17:24","modified_gmt":"2025-12-25T02:17:24","slug":"moc-76011-dune-buggy-technic-by-paave-moc-factory","status":"publish","type":"product","link":"https:\/\/mouldking.store\/nb\/shop\/moc-76011-dune-buggy-technic-by-paave-moc-factory\/","title":{"rendered":"MOC-76011 Dune Buggy Technic av paave MOC FACTORY"},"content":{"rendered":"<p>MOC-76011 Dune Buggy Technic by paave MOC FACTORY is a set in Technic collection, designed by paave. This MOC 76011 comes with PDF instruction which is easy to build and find the missing pieces. The set contains 661 pieces, first released in 2021.<\/p>\n<p><strong>MERK:<\/strong><\/p>\n<ul>\n<li><strong>Fargen p\u00e5 individuelle deler tilsvarer ikke fargen p\u00e5 tegningsdeler, noe som ikke p\u00e5virker utseendet.<\/strong><\/li>\n<li><strong>Vennligst kj\u00f8p n\u00f8ye for de som ikke er bekymret for n\u00f8yaktigheten, fargeforskjellen til husholdningsdeler.<\/strong><\/li>\n<li><strong>Kunden m\u00e5 kanskje betale det ekstra tollgebyr n\u00e5r han mottar varene (avhengig av retningslinjene i hvert land)<\/strong><\/li>\n<\/ul>\n<figure id=\"attachment_207705\" aria-describedby=\"caption-attachment-207705\" style=\"width: 800px\" class=\"wp-caption aligncenter\"><a href=\"https:\/\/pay.lpwstore.com\/wp-content\/uploads\/2021\/06\/MOC-76011-Dune-Buggy-Technic-by-paave-MOC-FACTORY.jpg\" target=\"_blank\" rel=\"noopener\"><img fetchpriority=\"high\" decoding=\"async\" class=\"wp-image-207705 size-full\" title=\"MOC-76011 Dune Buggy Technic av paave MOC FACTORY\" src=\"https:\/\/pay.lpwstore.com\/wp-content\/uploads\/2021\/06\/MOC-76011-Dune-Buggy-Technic-by-paave-MOC-FACTORY.jpg\" alt=\"MOC-76011 Dune Buggy Technic by paave MOC FACTORY\" width=\"800\" height=\"800\" \/><\/a><figcaption id=\"caption-attachment-207705\" class=\"wp-caption-text\">MOC-76011 Dune Buggy Technic av paave MOC FACTORY<\/figcaption><\/figure>\n<figure id=\"attachment_207701\" aria-describedby=\"caption-attachment-207701\" style=\"width: 1100px\" class=\"wp-caption aligncenter\"><img decoding=\"async\" class=\"size-full wp-image-207701\" title=\"MOC-76011 Dune Buggy Technic av paave MOC FACTORY\" src=\"https:\/\/pay.lpwstore.com\/wp-content\/uploads\/2021\/06\/moc-76011-dune-buggy-technic-by-paave-moc-factory-231336.jpg\" alt=\"MOC-76011 Dune Buggy Technic by paave MOC FACTORY\" width=\"1100\" height=\"1100\" \/><figcaption id=\"caption-attachment-207701\" class=\"wp-caption-text\">MOC-76011 Dune Buggy Technic av paave MOC FACTORY<\/figcaption><\/figure>\n<figure id=\"attachment_207702\" aria-describedby=\"caption-attachment-207702\" style=\"width: 1100px\" class=\"wp-caption aligncenter\"><img decoding=\"async\" class=\"size-full wp-image-207702\" title=\"MOC-76011 Dune Buggy Technic av paave MOC FACTORY\" src=\"https:\/\/pay.lpwstore.com\/wp-content\/uploads\/2021\/06\/moc-76011-dune-buggy-technic-by-paave-moc-factory-231340.jpg\" alt=\"MOC-76011 Dune Buggy Technic by paave MOC FACTORY\" width=\"1100\" height=\"1100\" \/><figcaption id=\"caption-attachment-207702\" class=\"wp-caption-text\">MOC-76011 Dune Buggy Technic av paave MOC FACTORY<\/figcaption><\/figure>\n<figure id=\"attachment_207703\" aria-describedby=\"caption-attachment-207703\" style=\"width: 1100px\" class=\"wp-caption aligncenter\"><img loading=\"lazy\" decoding=\"async\" class=\"size-full wp-image-207703\" title=\"MOC-76011 Dune Buggy Technic av paave MOC FACTORY\" src=\"https:\/\/pay.lpwstore.com\/wp-content\/uploads\/2021\/06\/moc-76011-dune-buggy-technic-by-paave-moc-factory-231344.jpg\" alt=\"MOC-76011 Dune Buggy Technic by paave MOC FACTORY\" width=\"1100\" height=\"1100\" \/><figcaption id=\"caption-attachment-207703\" class=\"wp-caption-text\">MOC-76011 Dune Buggy Technic av paave MOC FACTORY<\/figcaption><\/figure>\n<figure id=\"attachment_207704\" aria-describedby=\"caption-attachment-207704\" style=\"width: 1100px\" class=\"wp-caption aligncenter\"><img loading=\"lazy\" decoding=\"async\" class=\"size-full wp-image-207704\" title=\"MOC-76011 Dune Buggy Technic av paave MOC FACTORY\" src=\"https:\/\/pay.lpwstore.com\/wp-content\/uploads\/2021\/06\/moc-76011-dune-buggy-technic-by-paave-moc-factory-231349.jpg\" alt=\"MOC-76011 Dune Buggy Technic by paave MOC FACTORY\" width=\"1100\" height=\"1100\" \/><figcaption id=\"caption-attachment-207704\" class=\"wp-caption-text\">MOC-76011 Dune Buggy Technic av paave MOC FACTORY<\/figcaption><\/figure>\n<p>&nbsp;<\/p>\n<p>&nbsp;<\/p>\n<p>&nbsp;<\/p>","protected":false},"excerpt":{"rendered":"<ul>\n<li>Inkludere\u00a0<strong>661+<\/strong>\u00a0stk<\/li>\n<li>Online PDF-instruksjoner<\/li>\n<li>ABS-blokk av h\u00f8y kvalitet<\/li>\n<\/ul>","protected":false},"featured_media":24597,"comment_status":"open","ping_status":"closed","template":"","meta":{"_acf_changed":false},"product_cat":[364],"product_tag":[],"class_list":["product","first","outofstock","shipping-taxable","purchasable","product-type-simple"],"acf":[],"_links":{"self":[{"href":"https:\/\/mouldking.store\/nb\/wp-json\/wp\/v2\/product\/24602","targetHints":{"allow":["GET"]}}],"collection":[{"href":"https:\/\/mouldking.store\/nb\/wp-json\/wp\/v2\/product"}],"about":[{"href":"https:\/\/mouldking.store\/nb\/wp-json\/wp\/v2\/types\/product"}],"replies":[{"embeddable":true,"href":"https:\/\/mouldking.store\/nb\/wp-json\/wp\/v2\/comments?post=24602"}],"wp:featuredmedia":[{"embeddable":true,"href":"https:\/\/mouldking.store\/nb\/wp-json\/wp\/v2\/media\/24597"}],"wp:attachment":[{"href":"https:\/\/mouldking.store\/nb\/wp-json\/wp\/v2\/media?parent=24602"}],"wp:term":[{"taxonomy":"product_cat","embeddable":true,"href":"https:\/\/mouldking.store\/nb\/wp-json\/wp\/v2\/product_cat?post=24602"},{"taxonomy":"product_tag","embeddable":true,"href":"https:\/\/mouldking.store\/nb\/wp-json\/wp\/v2\/product_tag?post=24602"}],"curies":[{"name":"wp","href":"https:\/\/api.w.org\/{rel}","templated":true}]}}