{"id":24612,"date":"2021-10-10T05:16:28","date_gmt":"2021-10-10T05:16:28","guid":{"rendered":"https:\/\/mouldking.store\/shop\/moc-74084-rolls-royce-phantom-viii-ewb-technic-by-olejka-moc-factory\/"},"modified":"2025-12-25T09:17:24","modified_gmt":"2025-12-25T02:17:24","slug":"moc-74084-rolls-royce-phantom-viii-ewb-technic-by-olejka-moc-factory","status":"publish","type":"product","link":"https:\/\/mouldking.store\/nb\/shop\/moc-74084-rolls-royce-phantom-viii-ewb-technic-by-olejka-moc-factory\/","title":{"rendered":"MOC-74084 Rolls-Royce Phantom VIII EWB Technic av OleJka MOC FACTORY"},"content":{"rendered":"<p>MOC-74084 Rolls-Royce Phantom VIII EWB Technic av OleJka MOC FACTORY er et sett i Technic-kolleksjonen, designet av OleJka. Denne MOC 74084 kommer med PDF-instruksjoner som er enkel \u00e5 bygge og finne de manglende delene. Settet inneholder 4019 stykker, f\u00f8rst utgitt i 2021.<\/p>\n<p><strong>MERK:<\/strong><\/p>\n<ul>\n<li><strong>Fargen p\u00e5 individuelle deler tilsvarer ikke fargen p\u00e5 tegningsdeler, noe som ikke p\u00e5virker utseendet.\u00a0<\/strong><\/li>\n<li><strong>Vennligst kj\u00f8p n\u00f8ye for de som ikke er bekymret for n\u00f8yaktigheten, fargeforskjellen til husholdningsdeler.<\/strong><\/li>\n<li><strong>Kunden m\u00e5 kanskje betale det ekstra tollgebyr n\u00e5r han mottar varene (avhengig av retningslinjene i hvert land)<\/strong><\/li>\n<\/ul>\n<figure id=\"attachment_207762\" aria-describedby=\"caption-attachment-207762\" style=\"width: 800px\" class=\"wp-caption aligncenter\"><a href=\"https:\/\/pay.lpwstore.com\/wp-content\/uploads\/2021\/06\/MOC-74084-Rolls-Royce-Phantom-VIII-EWB-Technic-by-OleJka-MOC-FACTORY.jpg\" target=\"_blank\" rel=\"noopener\"><img fetchpriority=\"high\" decoding=\"async\" class=\"wp-image-207762 size-full\" title=\"MOC-74084 Rolls-Royce Phantom VIII EWB Technic av OleJka MOC FACTORY\" src=\"https:\/\/pay.lpwstore.com\/wp-content\/uploads\/2021\/06\/MOC-74084-Rolls-Royce-Phantom-VIII-EWB-Technic-by-OleJka-MOC-FACTORY.jpg\" alt=\"MOC-74084 Rolls-Royce Phantom VIII EWB Technic by OleJka MOC FACTORY\" width=\"800\" height=\"800\" \/><\/a><figcaption id=\"caption-attachment-207762\" class=\"wp-caption-text\">MOC-74084 Rolls-Royce Phantom VIII EWB Technic av OleJka MOC FACTORY<\/figcaption><\/figure>\n<figure id=\"attachment_207758\" aria-describedby=\"caption-attachment-207758\" style=\"width: 2500px\" class=\"wp-caption aligncenter\"><img decoding=\"async\" class=\"size-full wp-image-207758\" title=\"MOC-74084 Rolls-Royce Phantom VIII EWB Technic av OleJka MOC FACTORY\" src=\"https:\/\/pay.lpwstore.com\/wp-content\/uploads\/2021\/06\/moc-74084-rolls-royce-phantom-viii-ewb-technic-by-olejka-moc-factory-103949.jpg\" alt=\"MOC-74084 Rolls-Royce Phantom VIII EWB Technic by OleJka MOC FACTORY\" width=\"2500\" height=\"1666\" \/><figcaption id=\"caption-attachment-207758\" class=\"wp-caption-text\">MOC-74084 Rolls-Royce Phantom VIII EWB Technic av OleJka MOC FACTORY<\/figcaption><\/figure>\n<figure id=\"attachment_207759\" aria-describedby=\"caption-attachment-207759\" style=\"width: 2500px\" class=\"wp-caption aligncenter\"><img decoding=\"async\" class=\"size-full wp-image-207759\" title=\"MOC-74084 Rolls-Royce Phantom VIII EWB Technic av OleJka MOC FACTORY\" src=\"https:\/\/pay.lpwstore.com\/wp-content\/uploads\/2021\/06\/moc-74084-rolls-royce-phantom-viii-ewb-technic-by-olejka-moc-factory-104001.jpg\" alt=\"MOC-74084 Rolls-Royce Phantom VIII EWB Technic by OleJka MOC FACTORY\" width=\"2500\" height=\"1666\" \/><figcaption id=\"caption-attachment-207759\" class=\"wp-caption-text\">MOC-74084 Rolls-Royce Phantom VIII EWB Technic av OleJka MOC FACTORY<\/figcaption><\/figure>\n<figure id=\"attachment_207760\" aria-describedby=\"caption-attachment-207760\" style=\"width: 2500px\" class=\"wp-caption aligncenter\"><img loading=\"lazy\" decoding=\"async\" class=\"size-full wp-image-207760\" title=\"MOC-74084 Rolls-Royce Phantom VIII EWB Technic av OleJka MOC FACTORY\" src=\"https:\/\/pay.lpwstore.com\/wp-content\/uploads\/2021\/06\/moc-74084-rolls-royce-phantom-viii-ewb-technic-by-olejka-moc-factory-104022.jpg\" alt=\"MOC-74084 Rolls-Royce Phantom VIII EWB Technic by OleJka MOC FACTORY\" width=\"2500\" height=\"1666\" \/><figcaption id=\"caption-attachment-207760\" class=\"wp-caption-text\">MOC-74084 Rolls-Royce Phantom VIII EWB Technic av OleJka MOC FACTORY<\/figcaption><\/figure>\n<figure id=\"attachment_207761\" aria-describedby=\"caption-attachment-207761\" style=\"width: 750px\" class=\"wp-caption aligncenter\"><img loading=\"lazy\" decoding=\"async\" class=\"size-full wp-image-207761\" title=\"MOC-74084 Rolls-Royce Phantom VIII EWB Technic av OleJka MOC FACTORY\" src=\"https:\/\/pay.lpwstore.com\/wp-content\/uploads\/2021\/06\/moc-74084-rolls-royce-phantom-viii-ewb-technic-by-olejka-moc-factory-104030.jpg\" alt=\"MOC-74084 Rolls-Royce Phantom VIII EWB Technic by OleJka MOC FACTORY\" width=\"750\" height=\"499\" \/><figcaption id=\"caption-attachment-207761\" class=\"wp-caption-text\">MOC-74084 Rolls-Royce Phantom VIII EWB Technic av OleJka MOC FACTORY<\/figcaption><\/figure>","protected":false},"excerpt":{"rendered":"<ul>\n<li>Inkludere\u00a0<strong>4019+<\/strong>\u00a0stk<\/li>\n<li>Online PDF-instruksjoner<\/li>\n<li>ABS-blokk av h\u00f8y kvalitet<\/li>\n<\/ul>","protected":false},"featured_media":24611,"comment_status":"open","ping_status":"closed","template":"","meta":{"_acf_changed":false},"product_cat":[364],"product_tag":[],"class_list":["product","first","outofstock","shipping-taxable","purchasable","product-type-simple"],"acf":[],"_links":{"self":[{"href":"https:\/\/mouldking.store\/nb\/wp-json\/wp\/v2\/product\/24612","targetHints":{"allow":["GET"]}}],"collection":[{"href":"https:\/\/mouldking.store\/nb\/wp-json\/wp\/v2\/product"}],"about":[{"href":"https:\/\/mouldking.store\/nb\/wp-json\/wp\/v2\/types\/product"}],"replies":[{"embeddable":true,"href":"https:\/\/mouldking.store\/nb\/wp-json\/wp\/v2\/comments?post=24612"}],"wp:featuredmedia":[{"embeddable":true,"href":"https:\/\/mouldking.store\/nb\/wp-json\/wp\/v2\/media\/24611"}],"wp:attachment":[{"href":"https:\/\/mouldking.store\/nb\/wp-json\/wp\/v2\/media?parent=24612"}],"wp:term":[{"taxonomy":"product_cat","embeddable":true,"href":"https:\/\/mouldking.store\/nb\/wp-json\/wp\/v2\/product_cat?post=24612"},{"taxonomy":"product_tag","embeddable":true,"href":"https:\/\/mouldking.store\/nb\/wp-json\/wp\/v2\/product_tag?post=24612"}],"curies":[{"name":"wp","href":"https:\/\/api.w.org\/{rel}","templated":true}]}}