{"id":25056,"date":"2021-10-15T03:36:54","date_gmt":"2021-10-14T20:36:54","guid":{"rendered":"https:\/\/mouldking.store\/?post_type=product&#038;p=25056"},"modified":"2025-12-25T09:17:16","modified_gmt":"2025-12-25T02:17:16","slug":"moc-factory-moc-79093-inquisitorius-infernum-zeta-class-shuttle-with-750-pieces","status":"publish","type":"product","link":"https:\/\/mouldking.store\/nb\/shop\/moc-factory-moc-79093-inquisitorius-infernum-zeta-class-shuttle-with-750-pieces\/","title":{"rendered":"MOC FACTORY MOC-79093 Inquisitorius&#039; Infernum Zeta-Class Shuttle med 750 stykker"},"content":{"rendered":"<p>Produktinformasjon:<\/p>\n<ol>\n<li>Brand: MOC FACTORY<\/li>\n<li>Kj\u00f8nn: Unisex<\/li>\n<li>Navn: Schloss Neuschwanstein<\/li>\n<li>Aldersgruppe: &gt; 8 \u00e5r gammel<\/li>\n<li>Model Number: MOC-79093<\/li>\n<li>Klassifisering: Montering<\/li>\n<li>Plastblokkform: Selvl\u00e5sende murstein<\/li>\n<li>Materiale: Plast<\/li>\n<li>Plasttype: ABS<\/li>\n<li>Bricks Blocks: 750 PCS<\/li>\n<li>Inneholder detaljerte monteringsanvisninger.<\/li>\n<\/ol>\n<p>Legge merke til:<br \/>\n1. Uten original eske, men vi garanterer at v\u00e5re produkter har kvalitetssikring og pen emballasje.<br \/>\n2. Som alle delene vi har sjekket f\u00f8r frakt, s\u00e5 hvis du finner noen deler savnet eller skadet, ikke bekymre deg og bare kontakt oss, s\u00e5 kan vi sende dem til deg p\u00e5 nytt umiddelbart gratis.<\/p>\n<figure id=\"attachment_25058\" aria-describedby=\"caption-attachment-25058\" style=\"width: 800px\" class=\"wp-caption aligncenter\"><img fetchpriority=\"high\" decoding=\"async\" class=\"size-full wp-image-25058\" title=\"MOC FACTORY MOC-79093 Inquisitorius' Infernum Zeta-Class Shuttle with 750 pieces\" src=\"https:\/\/mouldking.store\/wp-content\/uploads\/2021\/10\/moc-factory-moc-79093-inquisitorius-infernum-zeta-class-shuttle-with-750-pieces.jpg\" alt=\"MOC FACTORY MOC-79093 Inquisitorius' Infernum Zeta-Class Shuttle with 750 pieces\" width=\"800\" height=\"800\" srcset=\"https:\/\/mouldking.store\/wp-content\/uploads\/2021\/10\/moc-factory-moc-79093-inquisitorius-infernum-zeta-class-shuttle-with-750-pieces.jpg 800w, https:\/\/mouldking.store\/wp-content\/uploads\/2021\/10\/moc-factory-moc-79093-inquisitorius-infernum-zeta-class-shuttle-with-750-pieces-300x300.jpg 300w, https:\/\/mouldking.store\/wp-content\/uploads\/2021\/10\/moc-factory-moc-79093-inquisitorius-infernum-zeta-class-shuttle-with-750-pieces-768x768.jpg 768w, https:\/\/mouldking.store\/wp-content\/uploads\/2021\/10\/moc-factory-moc-79093-inquisitorius-infernum-zeta-class-shuttle-with-750-pieces-600x600.jpg 600w, https:\/\/mouldking.store\/wp-content\/uploads\/2021\/10\/moc-factory-moc-79093-inquisitorius-infernum-zeta-class-shuttle-with-750-pieces-150x150.jpg 150w\" sizes=\"(max-width: 800px) 100vw, 800px\" \/><figcaption id=\"caption-attachment-25058\" class=\"wp-caption-text\">MOC FACTORY MOC-79093 Inquisitorius&#039; Infernum Zeta-Class Shuttle med 750 stykker<\/figcaption><\/figure>\n<figure id=\"attachment_25059\" aria-describedby=\"caption-attachment-25059\" style=\"width: 800px\" class=\"wp-caption aligncenter\"><img decoding=\"async\" class=\"size-full wp-image-25059\" title=\"MOC FACTORY MOC-79093 Inquisitorius' Infernum Zeta-Class Shuttle with 750 pieces\" src=\"https:\/\/mouldking.store\/wp-content\/uploads\/2021\/10\/moc-factory-moc-79093-inquisitorius-infernum-zeta-class-shuttle-with-750-pieces-1.jpg\" alt=\"MOC FACTORY MOC-79093 Inquisitorius' Infernum Zeta-Class Shuttle with 750 pieces\" width=\"800\" height=\"800\" srcset=\"https:\/\/mouldking.store\/wp-content\/uploads\/2021\/10\/moc-factory-moc-79093-inquisitorius-infernum-zeta-class-shuttle-with-750-pieces-1.jpg 800w, https:\/\/mouldking.store\/wp-content\/uploads\/2021\/10\/moc-factory-moc-79093-inquisitorius-infernum-zeta-class-shuttle-with-750-pieces-1-300x300.jpg 300w, https:\/\/mouldking.store\/wp-content\/uploads\/2021\/10\/moc-factory-moc-79093-inquisitorius-infernum-zeta-class-shuttle-with-750-pieces-1-768x768.jpg 768w, https:\/\/mouldking.store\/wp-content\/uploads\/2021\/10\/moc-factory-moc-79093-inquisitorius-infernum-zeta-class-shuttle-with-750-pieces-1-600x600.jpg 600w, https:\/\/mouldking.store\/wp-content\/uploads\/2021\/10\/moc-factory-moc-79093-inquisitorius-infernum-zeta-class-shuttle-with-750-pieces-1-150x150.jpg 150w\" sizes=\"(max-width: 800px) 100vw, 800px\" \/><figcaption id=\"caption-attachment-25059\" class=\"wp-caption-text\">MOC FACTORY MOC-79093 Inquisitorius&#039; Infernum Zeta-Class Shuttle med 750 stykker<\/figcaption><\/figure>\n<figure id=\"attachment_25060\" aria-describedby=\"caption-attachment-25060\" style=\"width: 800px\" class=\"wp-caption aligncenter\"><img decoding=\"async\" class=\"size-full wp-image-25060\" title=\"MOC FACTORY MOC-79093 Inquisitorius' Infernum Zeta-Class Shuttle with 750 pieces\" src=\"https:\/\/mouldking.store\/wp-content\/uploads\/2021\/10\/moc-factory-moc-79093-inquisitorius-infernum-zeta-class-shuttle-with-750-pieces-2.jpg\" alt=\"MOC FACTORY MOC-79093 Inquisitorius' Infernum Zeta-Class Shuttle with 750 pieces\" width=\"800\" height=\"800\" srcset=\"https:\/\/mouldking.store\/wp-content\/uploads\/2021\/10\/moc-factory-moc-79093-inquisitorius-infernum-zeta-class-shuttle-with-750-pieces-2.jpg 800w, https:\/\/mouldking.store\/wp-content\/uploads\/2021\/10\/moc-factory-moc-79093-inquisitorius-infernum-zeta-class-shuttle-with-750-pieces-2-300x300.jpg 300w, https:\/\/mouldking.store\/wp-content\/uploads\/2021\/10\/moc-factory-moc-79093-inquisitorius-infernum-zeta-class-shuttle-with-750-pieces-2-768x768.jpg 768w, https:\/\/mouldking.store\/wp-content\/uploads\/2021\/10\/moc-factory-moc-79093-inquisitorius-infernum-zeta-class-shuttle-with-750-pieces-2-600x600.jpg 600w, https:\/\/mouldking.store\/wp-content\/uploads\/2021\/10\/moc-factory-moc-79093-inquisitorius-infernum-zeta-class-shuttle-with-750-pieces-2-150x150.jpg 150w\" sizes=\"(max-width: 800px) 100vw, 800px\" \/><figcaption id=\"caption-attachment-25060\" class=\"wp-caption-text\">MOC FACTORY MOC-79093 Inquisitorius&#039; Infernum Zeta-Class Shuttle med 750 stykker<\/figcaption><\/figure>\n<figure id=\"attachment_25061\" aria-describedby=\"caption-attachment-25061\" style=\"width: 800px\" class=\"wp-caption aligncenter\"><img loading=\"lazy\" decoding=\"async\" class=\"size-full wp-image-25061\" title=\"MOC FACTORY MOC-79093 Inquisitorius' Infernum Zeta-Class Shuttle with 750 pieces\" src=\"https:\/\/mouldking.store\/wp-content\/uploads\/2021\/10\/moc-factory-moc-79093-inquisitorius-infernum-zeta-class-shuttle-with-750-pieces-3.jpg\" alt=\"MOC FACTORY MOC-79093 Inquisitorius' Infernum Zeta-Class Shuttle with 750 pieces\" width=\"800\" height=\"800\" srcset=\"https:\/\/mouldking.store\/wp-content\/uploads\/2021\/10\/moc-factory-moc-79093-inquisitorius-infernum-zeta-class-shuttle-with-750-pieces-3.jpg 800w, https:\/\/mouldking.store\/wp-content\/uploads\/2021\/10\/moc-factory-moc-79093-inquisitorius-infernum-zeta-class-shuttle-with-750-pieces-3-300x300.jpg 300w, https:\/\/mouldking.store\/wp-content\/uploads\/2021\/10\/moc-factory-moc-79093-inquisitorius-infernum-zeta-class-shuttle-with-750-pieces-3-768x768.jpg 768w, https:\/\/mouldking.store\/wp-content\/uploads\/2021\/10\/moc-factory-moc-79093-inquisitorius-infernum-zeta-class-shuttle-with-750-pieces-3-600x600.jpg 600w, https:\/\/mouldking.store\/wp-content\/uploads\/2021\/10\/moc-factory-moc-79093-inquisitorius-infernum-zeta-class-shuttle-with-750-pieces-3-150x150.jpg 150w\" sizes=\"(max-width: 800px) 100vw, 800px\" \/><figcaption id=\"caption-attachment-25061\" class=\"wp-caption-text\">MOC FACTORY MOC-79093 Inquisitorius&#039; Infernum Zeta-Class Shuttle med 750 stykker<\/figcaption><\/figure>","protected":false},"excerpt":{"rendered":"<p>Product information: Brand: MOC FACTORY Gender: Unisex Name: Schloss Neuschwanstein Age Range: &gt; 8 years old Model Number: MOC-79093 Classification: Assemblage Plastic Block Shape: Self-Locking Bricks Material: Plastic Plastic Type: ABS Bricks Blocks: 750 PCS Contains detailed assembly instructions. Notice: 1. Without an original box, but we guarantee our products have quality assurance and nice [&hellip;]<\/p>","protected":false},"featured_media":25062,"comment_status":"open","ping_status":"closed","template":"","meta":{"_acf_changed":false},"product_cat":[415],"product_tag":[2177,2176],"class_list":["product","first","instock","shipping-taxable","purchasable","product-type-simple"],"acf":[],"_links":{"self":[{"href":"https:\/\/mouldking.store\/nb\/wp-json\/wp\/v2\/product\/25056","targetHints":{"allow":["GET"]}}],"collection":[{"href":"https:\/\/mouldking.store\/nb\/wp-json\/wp\/v2\/product"}],"about":[{"href":"https:\/\/mouldking.store\/nb\/wp-json\/wp\/v2\/types\/product"}],"replies":[{"embeddable":true,"href":"https:\/\/mouldking.store\/nb\/wp-json\/wp\/v2\/comments?post=25056"}],"wp:featuredmedia":[{"embeddable":true,"href":"https:\/\/mouldking.store\/nb\/wp-json\/wp\/v2\/media\/25062"}],"wp:attachment":[{"href":"https:\/\/mouldking.store\/nb\/wp-json\/wp\/v2\/media?parent=25056"}],"wp:term":[{"taxonomy":"product_cat","embeddable":true,"href":"https:\/\/mouldking.store\/nb\/wp-json\/wp\/v2\/product_cat?post=25056"},{"taxonomy":"product_tag","embeddable":true,"href":"https:\/\/mouldking.store\/nb\/wp-json\/wp\/v2\/product_tag?post=25056"}],"curies":[{"name":"wp","href":"https:\/\/api.w.org\/{rel}","templated":true}]}}