{"id":25085,"date":"2021-10-15T11:31:13","date_gmt":"2021-10-15T04:31:13","guid":{"rendered":"https:\/\/mouldking.store\/?post_type=product&#038;p=25085"},"modified":"2025-12-25T09:17:15","modified_gmt":"2025-12-25T02:17:15","slug":"moc-58912-medieval-windmill-with-1941-pieces","status":"publish","type":"product","link":"https:\/\/mouldking.store\/nb\/shop\/moc-58912-medieval-windmill-with-1941-pieces\/","title":{"rendered":"MOC-58912 Middelaldervindm\u00f8lle med 1941 stykker"},"content":{"rendered":"<p>Produktinformasjon:<\/p>\n<ol>\n<li>Merke: MOC<\/li>\n<li>Kj\u00f8nn: Unisex<\/li>\n<li>Name: Medieval Windmill<\/li>\n<li>Aldersgruppe: &gt; 8 \u00e5r gammel<\/li>\n<li>Model Number: MOC-58912<\/li>\n<li>Klassifisering: Montering<\/li>\n<li>Plastblokkform: Selvl\u00e5sende murstein<\/li>\n<li>Materiale: Plast<\/li>\n<li>Plasttype: ABS<\/li>\n<li>Bricks Blocks: 1941 PCS<\/li>\n<li>Inneholder detaljerte monteringsanvisninger.<\/li>\n<\/ol>\n<p>Legge merke til:<br \/>\n1. Uten original eske, men vi garanterer at v\u00e5re produkter har kvalitetssikring og pen emballasje.<br \/>\n2. Som alle delene vi har sjekket f\u00f8r frakt, s\u00e5 hvis du finner noen deler savnet eller skadet, ikke bekymre deg og bare kontakt oss, s\u00e5 kan vi sende dem til deg p\u00e5 nytt umiddelbart gratis.<\/p>\n<figure id=\"attachment_25086\" aria-describedby=\"caption-attachment-25086\" style=\"width: 1000px\" class=\"wp-caption aligncenter\"><img fetchpriority=\"high\" decoding=\"async\" class=\"size-full wp-image-25086\" title=\"MOC-58912 Middelaldervindm\u00f8lle med 1941 stykker\" src=\"https:\/\/mouldking.store\/wp-content\/uploads\/2021\/10\/moc-58912-medieval-windmill-with-1941-pieces.jpg\" alt=\"MOC-58912 Medieval Windmill with 1941 pieces\" width=\"1000\" height=\"800\" srcset=\"https:\/\/mouldking.store\/wp-content\/uploads\/2021\/10\/moc-58912-medieval-windmill-with-1941-pieces.jpg 1000w, https:\/\/mouldking.store\/wp-content\/uploads\/2021\/10\/moc-58912-medieval-windmill-with-1941-pieces-300x240.jpg 300w, https:\/\/mouldking.store\/wp-content\/uploads\/2021\/10\/moc-58912-medieval-windmill-with-1941-pieces-768x614.jpg 768w, https:\/\/mouldking.store\/wp-content\/uploads\/2021\/10\/moc-58912-medieval-windmill-with-1941-pieces-600x480.jpg 600w, https:\/\/mouldking.store\/wp-content\/uploads\/2021\/10\/moc-58912-medieval-windmill-with-1941-pieces-150x120.jpg 150w\" sizes=\"(max-width: 1000px) 100vw, 1000px\" \/><figcaption id=\"caption-attachment-25086\" class=\"wp-caption-text\">MOC-58912 Middelaldervindm\u00f8lle med 1941 stykker<\/figcaption><\/figure>\n<figure id=\"attachment_25087\" aria-describedby=\"caption-attachment-25087\" style=\"width: 683px\" class=\"wp-caption aligncenter\"><img decoding=\"async\" class=\"size-full wp-image-25087\" title=\"MOC-58912 Middelaldervindm\u00f8lle med 1941 stykker\" src=\"https:\/\/mouldking.store\/wp-content\/uploads\/2021\/10\/moc-58912-medieval-windmill-with-1941-pieces-1.jpg\" alt=\"MOC-58912 Medieval Windmill with 1941 pieces\" width=\"683\" height=\"546\" srcset=\"https:\/\/mouldking.store\/wp-content\/uploads\/2021\/10\/moc-58912-medieval-windmill-with-1941-pieces-1.jpg 683w, https:\/\/mouldking.store\/wp-content\/uploads\/2021\/10\/moc-58912-medieval-windmill-with-1941-pieces-1-300x240.jpg 300w, https:\/\/mouldking.store\/wp-content\/uploads\/2021\/10\/moc-58912-medieval-windmill-with-1941-pieces-1-600x480.jpg 600w, https:\/\/mouldking.store\/wp-content\/uploads\/2021\/10\/moc-58912-medieval-windmill-with-1941-pieces-1-150x120.jpg 150w\" sizes=\"(max-width: 683px) 100vw, 683px\" \/><figcaption id=\"caption-attachment-25087\" class=\"wp-caption-text\">MOC-58912 Middelaldervindm\u00f8lle med 1941 stykker<\/figcaption><\/figure>\n<figure id=\"attachment_25088\" aria-describedby=\"caption-attachment-25088\" style=\"width: 683px\" class=\"wp-caption aligncenter\"><img decoding=\"async\" class=\"size-full wp-image-25088\" title=\"MOC-58912 Middelaldervindm\u00f8lle med 1941 stykker\" src=\"https:\/\/mouldking.store\/wp-content\/uploads\/2021\/10\/moc-58912-medieval-windmill-with-1941-pieces-2.jpg\" alt=\"MOC-58912 Medieval Windmill with 1941 pieces\" width=\"683\" height=\"546\" srcset=\"https:\/\/mouldking.store\/wp-content\/uploads\/2021\/10\/moc-58912-medieval-windmill-with-1941-pieces-2.jpg 683w, https:\/\/mouldking.store\/wp-content\/uploads\/2021\/10\/moc-58912-medieval-windmill-with-1941-pieces-2-300x240.jpg 300w, https:\/\/mouldking.store\/wp-content\/uploads\/2021\/10\/moc-58912-medieval-windmill-with-1941-pieces-2-600x480.jpg 600w, https:\/\/mouldking.store\/wp-content\/uploads\/2021\/10\/moc-58912-medieval-windmill-with-1941-pieces-2-150x120.jpg 150w\" sizes=\"(max-width: 683px) 100vw, 683px\" \/><figcaption id=\"caption-attachment-25088\" class=\"wp-caption-text\">MOC-58912 Middelaldervindm\u00f8lle med 1941 stykker<\/figcaption><\/figure>\n<figure id=\"attachment_25089\" aria-describedby=\"caption-attachment-25089\" style=\"width: 683px\" class=\"wp-caption aligncenter\"><img loading=\"lazy\" decoding=\"async\" class=\"size-full wp-image-25089\" title=\"MOC-58912 Middelaldervindm\u00f8lle med 1941 stykker\" src=\"https:\/\/mouldking.store\/wp-content\/uploads\/2021\/10\/moc-58912-medieval-windmill-with-1941-pieces-3.jpg\" alt=\"MOC-58912 Medieval Windmill with 1941 pieces\" width=\"683\" height=\"546\" srcset=\"https:\/\/mouldking.store\/wp-content\/uploads\/2021\/10\/moc-58912-medieval-windmill-with-1941-pieces-3.jpg 683w, https:\/\/mouldking.store\/wp-content\/uploads\/2021\/10\/moc-58912-medieval-windmill-with-1941-pieces-3-300x240.jpg 300w, https:\/\/mouldking.store\/wp-content\/uploads\/2021\/10\/moc-58912-medieval-windmill-with-1941-pieces-3-600x480.jpg 600w, https:\/\/mouldking.store\/wp-content\/uploads\/2021\/10\/moc-58912-medieval-windmill-with-1941-pieces-3-150x120.jpg 150w\" sizes=\"(max-width: 683px) 100vw, 683px\" \/><figcaption id=\"caption-attachment-25089\" class=\"wp-caption-text\">MOC-58912 Middelaldervindm\u00f8lle med 1941 stykker<\/figcaption><\/figure>","protected":false},"excerpt":{"rendered":"<p>Product information: Brand: MOC Gender: Unisex Name: Medieval Windmill Age Range: &gt; 8 years old Model Number: MOC-58912 Classification: Assemblage Plastic Block Shape: Self-Locking Bricks Material: Plastic Plastic Type: ABS Bricks Blocks: 1941 PCS Contains detailed assembly instructions. Notice: 1. Without an original box, but we guarantee our products have quality assurance and nice packaging. [&hellip;]<\/p>","protected":false},"author":104,"featured_media":25090,"comment_status":"open","ping_status":"closed","template":"","meta":{"_acf_changed":false},"product_cat":[390],"product_tag":[2190,2189,2188],"class_list":["product","first","instock","shipping-taxable","purchasable","product-type-simple"],"acf":[],"_links":{"self":[{"href":"https:\/\/mouldking.store\/nb\/wp-json\/wp\/v2\/product\/25085","targetHints":{"allow":["GET"]}}],"collection":[{"href":"https:\/\/mouldking.store\/nb\/wp-json\/wp\/v2\/product"}],"about":[{"href":"https:\/\/mouldking.store\/nb\/wp-json\/wp\/v2\/types\/product"}],"author":[{"embeddable":true,"href":"https:\/\/mouldking.store\/nb\/wp-json\/wp\/v2\/users\/104"}],"replies":[{"embeddable":true,"href":"https:\/\/mouldking.store\/nb\/wp-json\/wp\/v2\/comments?post=25085"}],"wp:featuredmedia":[{"embeddable":true,"href":"https:\/\/mouldking.store\/nb\/wp-json\/wp\/v2\/media\/25090"}],"wp:attachment":[{"href":"https:\/\/mouldking.store\/nb\/wp-json\/wp\/v2\/media?parent=25085"}],"wp:term":[{"taxonomy":"product_cat","embeddable":true,"href":"https:\/\/mouldking.store\/nb\/wp-json\/wp\/v2\/product_cat?post=25085"},{"taxonomy":"product_tag","embeddable":true,"href":"https:\/\/mouldking.store\/nb\/wp-json\/wp\/v2\/product_tag?post=25085"}],"curies":[{"name":"wp","href":"https:\/\/api.w.org\/{rel}","templated":true}]}}