{"id":25111,"date":"2021-10-18T10:36:04","date_gmt":"2021-10-18T10:36:04","guid":{"rendered":"https:\/\/mouldking.store\/?post_type=product&#038;p=25111"},"modified":"2021-12-23T09:42:00","modified_gmt":"2021-12-23T09:42:00","slug":"loz-1119-romantic-wedding-car-with-676-pieces","status":"publish","type":"product","link":"https:\/\/mouldking.store\/nb\/shop\/loz-1119-romantic-wedding-car-with-676-pieces\/","title":{"rendered":"LOZ 1119 Romantic Wedding Car with 676 pieces"},"content":{"rendered":"<p>Produktinformasjon:<br \/>\n1. Merke: LOZ<br \/>\n2. Kj\u00f8nn: Unisex<br \/>\n3. Name: Romantic Wedding Car<br \/>\n4. Aldersgruppe: &gt; 6 \u00e5r gammel<br \/>\n5. Model Number: 1119<br \/>\n6. Klassifisering: Montering<br \/>\n7. Plastblokkform: Selvl\u00e5sende murstein<br \/>\n8. Materiale: Plast<br \/>\n9. Plast Type: ABS<br \/>\n10. Bricks Blocks: 676 PCS<br \/>\n11. Inneholder detaljerte monteringsanvisninger.<br \/>\nLegge merke til:<br \/>\n1. Uten original eske, men vi garanterer at v\u00e5re produkter har kvalitetssikring og pen emballasje.<br \/>\n2. Som alle delene vi har sjekket f\u00f8r frakt, s\u00e5 hvis du finner noen deler savnet eller skadet, ikke bekymre deg og bare kontakt oss, s\u00e5 kan vi sende dem til deg p\u00e5 nytt umiddelbart gratis.<\/p>\n<figure id=\"attachment_25112\" aria-describedby=\"caption-attachment-25112\" style=\"width: 800px\" class=\"wp-caption aligncenter\"><img fetchpriority=\"high\" decoding=\"async\" class=\"wp-image-25112 size-full\" src=\"https:\/\/mouldking.store\/wp-content\/uploads\/2021\/10\/LOZ-1119-Romantic-Wedding-Car-with-676-pieces-1.jpg\" alt=\"LOZ 1119 Romantic Wedding Car with 676 pieces\" width=\"800\" height=\"800\" title=\"-\" srcset=\"https:\/\/mouldking.store\/wp-content\/uploads\/2021\/10\/LOZ-1119-Romantic-Wedding-Car-with-676-pieces-1.jpg 800w, https:\/\/mouldking.store\/wp-content\/uploads\/2021\/10\/LOZ-1119-Romantic-Wedding-Car-with-676-pieces-1-300x300.jpg 300w, https:\/\/mouldking.store\/wp-content\/uploads\/2021\/10\/LOZ-1119-Romantic-Wedding-Car-with-676-pieces-1-768x768.jpg 768w, https:\/\/mouldking.store\/wp-content\/uploads\/2021\/10\/LOZ-1119-Romantic-Wedding-Car-with-676-pieces-1-600x600.jpg 600w, https:\/\/mouldking.store\/wp-content\/uploads\/2021\/10\/LOZ-1119-Romantic-Wedding-Car-with-676-pieces-1-150x150.jpg 150w\" sizes=\"(max-width: 800px) 100vw, 800px\" \/><figcaption id=\"caption-attachment-25112\" class=\"wp-caption-text\">LOZ 1119 Romantic Wedding Car with 676 pieces<\/figcaption><\/figure>\n<figure id=\"attachment_25115\" aria-describedby=\"caption-attachment-25115\" style=\"width: 800px\" class=\"wp-caption aligncenter\"><img decoding=\"async\" class=\"wp-image-25115\" src=\"https:\/\/mouldking.store\/wp-content\/uploads\/2021\/10\/LOZ-1119-Romantic-Wedding-Car-with-676-pieces-4-300x300.jpg\" alt=\"LOZ 1119 Romantic Wedding Car with 676 pieces\" width=\"800\" height=\"800\" title=\"-\" srcset=\"https:\/\/mouldking.store\/wp-content\/uploads\/2021\/10\/LOZ-1119-Romantic-Wedding-Car-with-676-pieces-4-300x300.jpg 300w, https:\/\/mouldking.store\/wp-content\/uploads\/2021\/10\/LOZ-1119-Romantic-Wedding-Car-with-676-pieces-4-768x768.jpg 768w, https:\/\/mouldking.store\/wp-content\/uploads\/2021\/10\/LOZ-1119-Romantic-Wedding-Car-with-676-pieces-4-600x600.jpg 600w, https:\/\/mouldking.store\/wp-content\/uploads\/2021\/10\/LOZ-1119-Romantic-Wedding-Car-with-676-pieces-4-150x150.jpg 150w, https:\/\/mouldking.store\/wp-content\/uploads\/2021\/10\/LOZ-1119-Romantic-Wedding-Car-with-676-pieces-4.jpg 1024w\" sizes=\"(max-width: 800px) 100vw, 800px\" \/><figcaption id=\"caption-attachment-25115\" class=\"wp-caption-text\">LOZ 1119 Romantic Wedding Car with 676 pieces<\/figcaption><\/figure>\n<figure id=\"attachment_25114\" aria-describedby=\"caption-attachment-25114\" style=\"width: 800px\" class=\"wp-caption aligncenter\"><img decoding=\"async\" class=\"wp-image-25114\" src=\"https:\/\/mouldking.store\/wp-content\/uploads\/2021\/10\/LOZ-1119-Romantic-Wedding-Car-with-676-pieces-3-300x300.jpg\" alt=\"LOZ 1119 Romantic Wedding Car with 676 pieces\" width=\"800\" height=\"800\" title=\"-\" srcset=\"https:\/\/mouldking.store\/wp-content\/uploads\/2021\/10\/LOZ-1119-Romantic-Wedding-Car-with-676-pieces-3-300x300.jpg 300w, https:\/\/mouldking.store\/wp-content\/uploads\/2021\/10\/LOZ-1119-Romantic-Wedding-Car-with-676-pieces-3-768x768.jpg 768w, https:\/\/mouldking.store\/wp-content\/uploads\/2021\/10\/LOZ-1119-Romantic-Wedding-Car-with-676-pieces-3-600x600.jpg 600w, https:\/\/mouldking.store\/wp-content\/uploads\/2021\/10\/LOZ-1119-Romantic-Wedding-Car-with-676-pieces-3-150x150.jpg 150w, https:\/\/mouldking.store\/wp-content\/uploads\/2021\/10\/LOZ-1119-Romantic-Wedding-Car-with-676-pieces-3.jpg 1024w\" sizes=\"(max-width: 800px) 100vw, 800px\" \/><figcaption id=\"caption-attachment-25114\" class=\"wp-caption-text\">LOZ 1119 Romantic Wedding Car with 676 pieces<\/figcaption><\/figure>\n<figure id=\"attachment_25113\" aria-describedby=\"caption-attachment-25113\" style=\"width: 790px\" class=\"wp-caption aligncenter\"><img loading=\"lazy\" decoding=\"async\" class=\"wp-image-25113 size-full\" src=\"https:\/\/mouldking.store\/wp-content\/uploads\/2021\/10\/LOZ-1119-Romantic-Wedding-Car-with-676-pieces-2.jpg\" alt=\"LOZ 1119 Romantic Wedding Car with 676 pieces\" width=\"790\" height=\"1003\" title=\"-\" srcset=\"https:\/\/mouldking.store\/wp-content\/uploads\/2021\/10\/LOZ-1119-Romantic-Wedding-Car-with-676-pieces-2.jpg 790w, https:\/\/mouldking.store\/wp-content\/uploads\/2021\/10\/LOZ-1119-Romantic-Wedding-Car-with-676-pieces-2-236x300.jpg 236w, https:\/\/mouldking.store\/wp-content\/uploads\/2021\/10\/LOZ-1119-Romantic-Wedding-Car-with-676-pieces-2-768x975.jpg 768w, https:\/\/mouldking.store\/wp-content\/uploads\/2021\/10\/LOZ-1119-Romantic-Wedding-Car-with-676-pieces-2-300x381.jpg 300w, https:\/\/mouldking.store\/wp-content\/uploads\/2021\/10\/LOZ-1119-Romantic-Wedding-Car-with-676-pieces-2-600x762.jpg 600w, https:\/\/mouldking.store\/wp-content\/uploads\/2021\/10\/LOZ-1119-Romantic-Wedding-Car-with-676-pieces-2-118x150.jpg 118w\" sizes=\"(max-width: 790px) 100vw, 790px\" \/><figcaption id=\"caption-attachment-25113\" class=\"wp-caption-text\">LOZ 1119 Romantic Wedding Car with 676 pieces<\/figcaption><\/figure>\n<p>&nbsp;<\/p>","protected":false},"excerpt":{"rendered":"<p>Product information: 1. Brand: LOZ 2. Gender: Unisex 3. Name: Romantic Wedding Car 4. Age Range: &gt; 6 years old 5. Model Number: 1119 6. Classification: Assemblage 7. Plastic Block Shape: Self-Locking Bricks 8. Material: Plastic 9. Plastic Type: ABS 10. Bricks Blocks: 676 PCS 11. Contains detailed assembly instructions. Notice: 1. Without an original [&hellip;]<\/p>","protected":false},"featured_media":25112,"comment_status":"open","ping_status":"closed","template":"","meta":{"_acf_changed":false},"product_cat":[364],"product_tag":[2203,2202,2199,2198,2201,2200,2204],"class_list":["product","first","instock","shipping-taxable","purchasable","product-type-simple"],"acf":[],"_links":{"self":[{"href":"https:\/\/mouldking.store\/nb\/wp-json\/wp\/v2\/product\/25111","targetHints":{"allow":["GET"]}}],"collection":[{"href":"https:\/\/mouldking.store\/nb\/wp-json\/wp\/v2\/product"}],"about":[{"href":"https:\/\/mouldking.store\/nb\/wp-json\/wp\/v2\/types\/product"}],"replies":[{"embeddable":true,"href":"https:\/\/mouldking.store\/nb\/wp-json\/wp\/v2\/comments?post=25111"}],"wp:featuredmedia":[{"embeddable":true,"href":"https:\/\/mouldking.store\/nb\/wp-json\/wp\/v2\/media\/25112"}],"wp:attachment":[{"href":"https:\/\/mouldking.store\/nb\/wp-json\/wp\/v2\/media?parent=25111"}],"wp:term":[{"taxonomy":"product_cat","embeddable":true,"href":"https:\/\/mouldking.store\/nb\/wp-json\/wp\/v2\/product_cat?post=25111"},{"taxonomy":"product_tag","embeddable":true,"href":"https:\/\/mouldking.store\/nb\/wp-json\/wp\/v2\/product_tag?post=25111"}],"curies":[{"name":"wp","href":"https:\/\/api.w.org\/{rel}","templated":true}]}}