{"id":25116,"date":"2021-10-18T10:43:07","date_gmt":"2021-10-18T10:43:07","guid":{"rendered":"https:\/\/mouldking.store\/?post_type=product&#038;p=25116"},"modified":"2021-12-23T09:42:00","modified_gmt":"2021-12-23T09:42:00","slug":"xinyu-yc-22007-rc-bulldozer-with-1800-pieces","status":"publish","type":"product","link":"https:\/\/mouldking.store\/nb\/shop\/xinyu-yc-22007-rc-bulldozer-with-1800-pieces\/","title":{"rendered":"XINYU YC-22007 RC BULLDOZER med 1800 stykker"},"content":{"rendered":"<p>Produktinformasjon:<br \/>\n1. Brand: XINYU<br \/>\n2. Kj\u00f8nn: Unisex<br \/>\n3. Name: RC BULLDOZER<br \/>\n4. Aldersgruppe: &gt; 6 \u00e5r gammel<br \/>\n5. Model Number: YC-22007<br \/>\n6. Klassifisering: Montering<br \/>\n7. Plastblokkform: Selvl\u00e5sende murstein<br \/>\n8. Materiale: Plast<br \/>\n9. Plast Type: ABS<br \/>\n10. Bricks Blocks: 1800 PCS<br \/>\n11. Inneholder detaljerte monteringsanvisninger.<br \/>\nLegge merke til:<br \/>\n1. Uten original eske, men vi garanterer at v\u00e5re produkter har kvalitetssikring og pen emballasje.<br \/>\n2. Som alle delene vi har sjekket f\u00f8r frakt, s\u00e5 hvis du finner noen deler savnet eller skadet, ikke bekymre deg og bare kontakt oss, s\u00e5 kan vi sende dem til deg p\u00e5 nytt umiddelbart gratis.<\/p>\n<figure id=\"attachment_25117\" aria-describedby=\"caption-attachment-25117\" style=\"width: 800px\" class=\"wp-caption aligncenter\"><img fetchpriority=\"high\" decoding=\"async\" class=\"wp-image-25117\" src=\"https:\/\/mouldking.store\/wp-content\/uploads\/2021\/10\/XINYU-YC-22007-RC-BULLDOZER-with-1800-pieces-1-300x300.jpg\" alt=\"XINYU YC-22007 RC BULLDOZER with 1800 pieces\" width=\"800\" height=\"800\" title=\"-\" srcset=\"https:\/\/mouldking.store\/wp-content\/uploads\/2021\/10\/XINYU-YC-22007-RC-BULLDOZER-with-1800-pieces-1-300x300.jpg 300w, https:\/\/mouldking.store\/wp-content\/uploads\/2021\/10\/XINYU-YC-22007-RC-BULLDOZER-with-1800-pieces-1-768x768.jpg 768w, https:\/\/mouldking.store\/wp-content\/uploads\/2021\/10\/XINYU-YC-22007-RC-BULLDOZER-with-1800-pieces-1-600x600.jpg 600w, https:\/\/mouldking.store\/wp-content\/uploads\/2021\/10\/XINYU-YC-22007-RC-BULLDOZER-with-1800-pieces-1-150x150.jpg 150w, https:\/\/mouldking.store\/wp-content\/uploads\/2021\/10\/XINYU-YC-22007-RC-BULLDOZER-with-1800-pieces-1.jpg 1024w\" sizes=\"(max-width: 800px) 100vw, 800px\" \/><figcaption id=\"caption-attachment-25117\" class=\"wp-caption-text\">XINYU YC-22007 RC BULLDOZER med 1800 stykker<\/figcaption><\/figure>\n<figure id=\"attachment_25125\" aria-describedby=\"caption-attachment-25125\" style=\"width: 798px\" class=\"wp-caption aligncenter\"><img decoding=\"async\" class=\"wp-image-25125 size-full\" src=\"https:\/\/mouldking.store\/wp-content\/uploads\/2021\/10\/XINYU-YC-22007-RC-BULLDOZER-with-1800-pieces-9.jpg\" alt=\"XINYU YC-22007 RC BULLDOZER with 1800 pieces\" width=\"798\" height=\"1023\" title=\"-\" srcset=\"https:\/\/mouldking.store\/wp-content\/uploads\/2021\/10\/XINYU-YC-22007-RC-BULLDOZER-with-1800-pieces-9.jpg 798w, https:\/\/mouldking.store\/wp-content\/uploads\/2021\/10\/XINYU-YC-22007-RC-BULLDOZER-with-1800-pieces-9-234x300.jpg 234w, https:\/\/mouldking.store\/wp-content\/uploads\/2021\/10\/XINYU-YC-22007-RC-BULLDOZER-with-1800-pieces-9-768x985.jpg 768w, https:\/\/mouldking.store\/wp-content\/uploads\/2021\/10\/XINYU-YC-22007-RC-BULLDOZER-with-1800-pieces-9-300x385.jpg 300w, https:\/\/mouldking.store\/wp-content\/uploads\/2021\/10\/XINYU-YC-22007-RC-BULLDOZER-with-1800-pieces-9-600x769.jpg 600w, https:\/\/mouldking.store\/wp-content\/uploads\/2021\/10\/XINYU-YC-22007-RC-BULLDOZER-with-1800-pieces-9-117x150.jpg 117w\" sizes=\"(max-width: 798px) 100vw, 798px\" \/><figcaption id=\"caption-attachment-25125\" class=\"wp-caption-text\">XINYU YC-22007 RC BULLDOZER med 1800 stykker<\/figcaption><\/figure>\n<figure id=\"attachment_25119\" aria-describedby=\"caption-attachment-25119\" style=\"width: 636px\" class=\"wp-caption aligncenter\"><img decoding=\"async\" class=\"wp-image-25119 size-full\" src=\"https:\/\/mouldking.store\/wp-content\/uploads\/2021\/10\/XINYU-YC-22007-RC-BULLDOZER-with-1800-pieces-3.jpg\" alt=\"XINYU YC-22007 RC BULLDOZER with 1800 pieces\" width=\"636\" height=\"1023\" title=\"-\" srcset=\"https:\/\/mouldking.store\/wp-content\/uploads\/2021\/10\/XINYU-YC-22007-RC-BULLDOZER-with-1800-pieces-3.jpg 636w, https:\/\/mouldking.store\/wp-content\/uploads\/2021\/10\/XINYU-YC-22007-RC-BULLDOZER-with-1800-pieces-3-187x300.jpg 187w, https:\/\/mouldking.store\/wp-content\/uploads\/2021\/10\/XINYU-YC-22007-RC-BULLDOZER-with-1800-pieces-3-300x483.jpg 300w, https:\/\/mouldking.store\/wp-content\/uploads\/2021\/10\/XINYU-YC-22007-RC-BULLDOZER-with-1800-pieces-3-600x965.jpg 600w, https:\/\/mouldking.store\/wp-content\/uploads\/2021\/10\/XINYU-YC-22007-RC-BULLDOZER-with-1800-pieces-3-93x150.jpg 93w\" sizes=\"(max-width: 636px) 100vw, 636px\" \/><figcaption id=\"caption-attachment-25119\" class=\"wp-caption-text\">XINYU YC-22007 RC BULLDOZER med 1800 stykker<\/figcaption><\/figure>\n<figure id=\"attachment_25122\" aria-describedby=\"caption-attachment-25122\" style=\"width: 699px\" class=\"wp-caption aligncenter\"><img loading=\"lazy\" decoding=\"async\" class=\"wp-image-25122 size-full\" src=\"https:\/\/mouldking.store\/wp-content\/uploads\/2021\/10\/XINYU-YC-22007-RC-BULLDOZER-with-1800-pieces-6.jpg\" alt=\"XINYU YC-22007 RC BULLDOZER with 1800 pieces\" width=\"699\" height=\"1024\" title=\"-\" srcset=\"https:\/\/mouldking.store\/wp-content\/uploads\/2021\/10\/XINYU-YC-22007-RC-BULLDOZER-with-1800-pieces-6.jpg 699w, https:\/\/mouldking.store\/wp-content\/uploads\/2021\/10\/XINYU-YC-22007-RC-BULLDOZER-with-1800-pieces-6-205x300.jpg 205w, https:\/\/mouldking.store\/wp-content\/uploads\/2021\/10\/XINYU-YC-22007-RC-BULLDOZER-with-1800-pieces-6-300x439.jpg 300w, https:\/\/mouldking.store\/wp-content\/uploads\/2021\/10\/XINYU-YC-22007-RC-BULLDOZER-with-1800-pieces-6-600x879.jpg 600w, https:\/\/mouldking.store\/wp-content\/uploads\/2021\/10\/XINYU-YC-22007-RC-BULLDOZER-with-1800-pieces-6-102x150.jpg 102w\" sizes=\"(max-width: 699px) 100vw, 699px\" \/><figcaption id=\"caption-attachment-25122\" class=\"wp-caption-text\">XINYU YC-22007 RC BULLDOZER med 1800 stykker<\/figcaption><\/figure>\n<figure id=\"attachment_25123\" aria-describedby=\"caption-attachment-25123\" style=\"width: 772px\" class=\"wp-caption aligncenter\"><img loading=\"lazy\" decoding=\"async\" class=\"wp-image-25123 size-full\" src=\"https:\/\/mouldking.store\/wp-content\/uploads\/2021\/10\/XINYU-YC-22007-RC-BULLDOZER-with-1800-pieces-7.jpg\" alt=\"XINYU YC-22007 RC BULLDOZER with 1800 pieces\" width=\"772\" height=\"1024\" title=\"-\" srcset=\"https:\/\/mouldking.store\/wp-content\/uploads\/2021\/10\/XINYU-YC-22007-RC-BULLDOZER-with-1800-pieces-7.jpg 772w, https:\/\/mouldking.store\/wp-content\/uploads\/2021\/10\/XINYU-YC-22007-RC-BULLDOZER-with-1800-pieces-7-226x300.jpg 226w, https:\/\/mouldking.store\/wp-content\/uploads\/2021\/10\/XINYU-YC-22007-RC-BULLDOZER-with-1800-pieces-7-768x1019.jpg 768w, https:\/\/mouldking.store\/wp-content\/uploads\/2021\/10\/XINYU-YC-22007-RC-BULLDOZER-with-1800-pieces-7-300x398.jpg 300w, https:\/\/mouldking.store\/wp-content\/uploads\/2021\/10\/XINYU-YC-22007-RC-BULLDOZER-with-1800-pieces-7-600x796.jpg 600w, https:\/\/mouldking.store\/wp-content\/uploads\/2021\/10\/XINYU-YC-22007-RC-BULLDOZER-with-1800-pieces-7-113x150.jpg 113w\" sizes=\"(max-width: 772px) 100vw, 772px\" \/><figcaption id=\"caption-attachment-25123\" class=\"wp-caption-text\">XINYU YC-22007 RC BULLDOZER med 1800 stykker<\/figcaption><\/figure>\n<figure id=\"attachment_25124\" aria-describedby=\"caption-attachment-25124\" style=\"width: 724px\" class=\"wp-caption aligncenter\"><img loading=\"lazy\" decoding=\"async\" class=\"wp-image-25124 size-full\" src=\"https:\/\/mouldking.store\/wp-content\/uploads\/2021\/10\/XINYU-YC-22007-RC-BULLDOZER-with-1800-pieces-8.jpg\" alt=\"XINYU YC-22007 RC BULLDOZER with 1800 pieces\" width=\"724\" height=\"1024\" title=\"-\" srcset=\"https:\/\/mouldking.store\/wp-content\/uploads\/2021\/10\/XINYU-YC-22007-RC-BULLDOZER-with-1800-pieces-8.jpg 724w, https:\/\/mouldking.store\/wp-content\/uploads\/2021\/10\/XINYU-YC-22007-RC-BULLDOZER-with-1800-pieces-8-212x300.jpg 212w, https:\/\/mouldking.store\/wp-content\/uploads\/2021\/10\/XINYU-YC-22007-RC-BULLDOZER-with-1800-pieces-8-300x424.jpg 300w, https:\/\/mouldking.store\/wp-content\/uploads\/2021\/10\/XINYU-YC-22007-RC-BULLDOZER-with-1800-pieces-8-600x849.jpg 600w, https:\/\/mouldking.store\/wp-content\/uploads\/2021\/10\/XINYU-YC-22007-RC-BULLDOZER-with-1800-pieces-8-106x150.jpg 106w\" sizes=\"(max-width: 724px) 100vw, 724px\" \/><figcaption id=\"caption-attachment-25124\" class=\"wp-caption-text\">XINYU YC-22007 RC BULLDOZER med 1800 stykker<\/figcaption><\/figure>\n<figure id=\"attachment_25118\" aria-describedby=\"caption-attachment-25118\" style=\"width: 790px\" class=\"wp-caption aligncenter\"><img loading=\"lazy\" decoding=\"async\" class=\"wp-image-25118 size-full\" src=\"https:\/\/mouldking.store\/wp-content\/uploads\/2021\/10\/XINYU-YC-22007-RC-BULLDOZER-with-1800-pieces-2.jpg\" alt=\"XINYU YC-22007 RC BULLDOZER with 1800 pieces\" width=\"790\" height=\"1021\" title=\"-\" srcset=\"https:\/\/mouldking.store\/wp-content\/uploads\/2021\/10\/XINYU-YC-22007-RC-BULLDOZER-with-1800-pieces-2.jpg 790w, https:\/\/mouldking.store\/wp-content\/uploads\/2021\/10\/XINYU-YC-22007-RC-BULLDOZER-with-1800-pieces-2-232x300.jpg 232w, https:\/\/mouldking.store\/wp-content\/uploads\/2021\/10\/XINYU-YC-22007-RC-BULLDOZER-with-1800-pieces-2-768x993.jpg 768w, https:\/\/mouldking.store\/wp-content\/uploads\/2021\/10\/XINYU-YC-22007-RC-BULLDOZER-with-1800-pieces-2-300x388.jpg 300w, https:\/\/mouldking.store\/wp-content\/uploads\/2021\/10\/XINYU-YC-22007-RC-BULLDOZER-with-1800-pieces-2-600x775.jpg 600w, https:\/\/mouldking.store\/wp-content\/uploads\/2021\/10\/XINYU-YC-22007-RC-BULLDOZER-with-1800-pieces-2-116x150.jpg 116w\" sizes=\"(max-width: 790px) 100vw, 790px\" \/><figcaption id=\"caption-attachment-25118\" class=\"wp-caption-text\">XINYU YC-22007 RC BULLDOZER med 1800 stykker<\/figcaption><\/figure>\n<figure id=\"attachment_25120\" aria-describedby=\"caption-attachment-25120\" style=\"width: 790px\" class=\"wp-caption aligncenter\"><img loading=\"lazy\" decoding=\"async\" class=\"wp-image-25120 size-full\" src=\"https:\/\/mouldking.store\/wp-content\/uploads\/2021\/10\/XINYU-YC-22007-RC-BULLDOZER-with-1800-pieces-4.jpg\" alt=\"XINYU YC-22007 RC BULLDOZER with 1800 pieces\" width=\"790\" height=\"811\" title=\"-\" srcset=\"https:\/\/mouldking.store\/wp-content\/uploads\/2021\/10\/XINYU-YC-22007-RC-BULLDOZER-with-1800-pieces-4.jpg 790w, https:\/\/mouldking.store\/wp-content\/uploads\/2021\/10\/XINYU-YC-22007-RC-BULLDOZER-with-1800-pieces-4-292x300.jpg 292w, https:\/\/mouldking.store\/wp-content\/uploads\/2021\/10\/XINYU-YC-22007-RC-BULLDOZER-with-1800-pieces-4-768x788.jpg 768w, https:\/\/mouldking.store\/wp-content\/uploads\/2021\/10\/XINYU-YC-22007-RC-BULLDOZER-with-1800-pieces-4-300x308.jpg 300w, https:\/\/mouldking.store\/wp-content\/uploads\/2021\/10\/XINYU-YC-22007-RC-BULLDOZER-with-1800-pieces-4-600x616.jpg 600w, https:\/\/mouldking.store\/wp-content\/uploads\/2021\/10\/XINYU-YC-22007-RC-BULLDOZER-with-1800-pieces-4-146x150.jpg 146w\" sizes=\"(max-width: 790px) 100vw, 790px\" \/><figcaption id=\"caption-attachment-25120\" class=\"wp-caption-text\">XINYU YC-22007 RC BULLDOZER med 1800 stykker<\/figcaption><\/figure>\n<figure id=\"attachment_25121\" aria-describedby=\"caption-attachment-25121\" style=\"width: 790px\" class=\"wp-caption aligncenter\"><img loading=\"lazy\" decoding=\"async\" class=\"wp-image-25121 size-full\" src=\"https:\/\/mouldking.store\/wp-content\/uploads\/2021\/10\/XINYU-YC-22007-RC-BULLDOZER-with-1800-pieces-5.jpg\" alt=\"XINYU YC-22007 RC BULLDOZER with 1800 pieces\" width=\"790\" height=\"1002\" title=\"-\" srcset=\"https:\/\/mouldking.store\/wp-content\/uploads\/2021\/10\/XINYU-YC-22007-RC-BULLDOZER-with-1800-pieces-5.jpg 790w, https:\/\/mouldking.store\/wp-content\/uploads\/2021\/10\/XINYU-YC-22007-RC-BULLDOZER-with-1800-pieces-5-237x300.jpg 237w, https:\/\/mouldking.store\/wp-content\/uploads\/2021\/10\/XINYU-YC-22007-RC-BULLDOZER-with-1800-pieces-5-768x974.jpg 768w, https:\/\/mouldking.store\/wp-content\/uploads\/2021\/10\/XINYU-YC-22007-RC-BULLDOZER-with-1800-pieces-5-300x381.jpg 300w, https:\/\/mouldking.store\/wp-content\/uploads\/2021\/10\/XINYU-YC-22007-RC-BULLDOZER-with-1800-pieces-5-600x761.jpg 600w, https:\/\/mouldking.store\/wp-content\/uploads\/2021\/10\/XINYU-YC-22007-RC-BULLDOZER-with-1800-pieces-5-118x150.jpg 118w\" sizes=\"(max-width: 790px) 100vw, 790px\" \/><figcaption id=\"caption-attachment-25121\" class=\"wp-caption-text\">XINYU YC-22007 RC BULLDOZER med 1800 stykker<\/figcaption><\/figure>\n<p>&nbsp;<\/p>","protected":false},"excerpt":{"rendered":"<p>Product information: 1. Brand: XINYU 2. Gender: Unisex 3. Name: RC BULLDOZER 4. Age Range: &gt; 6 years old 5. Model Number: YC-22007 6. Classification: Assemblage 7. Plastic Block Shape: Self-Locking Bricks 8. Material: Plastic 9. Plastic Type: ABS 10. Bricks Blocks: 1800 PCS 11. Contains detailed assembly instructions. Notice: 1. Without an original box, [&hellip;]<\/p>","protected":false},"featured_media":25117,"comment_status":"open","ping_status":"closed","template":"","meta":{"_acf_changed":false},"product_cat":[364],"product_tag":[2211,2207,2209,2213,2208,2206,2212,2205,2210],"class_list":["product","first","instock","shipping-taxable","purchasable","product-type-simple"],"acf":[],"_links":{"self":[{"href":"https:\/\/mouldking.store\/nb\/wp-json\/wp\/v2\/product\/25116","targetHints":{"allow":["GET"]}}],"collection":[{"href":"https:\/\/mouldking.store\/nb\/wp-json\/wp\/v2\/product"}],"about":[{"href":"https:\/\/mouldking.store\/nb\/wp-json\/wp\/v2\/types\/product"}],"replies":[{"embeddable":true,"href":"https:\/\/mouldking.store\/nb\/wp-json\/wp\/v2\/comments?post=25116"}],"wp:featuredmedia":[{"embeddable":true,"href":"https:\/\/mouldking.store\/nb\/wp-json\/wp\/v2\/media\/25117"}],"wp:attachment":[{"href":"https:\/\/mouldking.store\/nb\/wp-json\/wp\/v2\/media?parent=25116"}],"wp:term":[{"taxonomy":"product_cat","embeddable":true,"href":"https:\/\/mouldking.store\/nb\/wp-json\/wp\/v2\/product_cat?post=25116"},{"taxonomy":"product_tag","embeddable":true,"href":"https:\/\/mouldking.store\/nb\/wp-json\/wp\/v2\/product_tag?post=25116"}],"curies":[{"name":"wp","href":"https:\/\/api.w.org\/{rel}","templated":true}]}}