{"id":25135,"date":"2021-10-18T10:53:01","date_gmt":"2021-10-18T10:53:01","guid":{"rendered":"https:\/\/mouldking.store\/?post_type=product&#038;p=25135"},"modified":"2021-12-23T09:42:00","modified_gmt":"2021-12-23T09:42:00","slug":"panlos-612007-triceratops-with-795-pieces","status":"publish","type":"product","link":"https:\/\/mouldking.store\/nb\/shop\/panlos-612007-triceratops-with-795-pieces\/","title":{"rendered":"PANLOS 612007 Triceratops med 795 stk"},"content":{"rendered":"<p>Produktinformasjon:<br \/>\n1. Brand: PANLOS<br \/>\n2. Kj\u00f8nn: Unisex<br \/>\n3. Name: Triceratops<br \/>\n4. Aldersgruppe: &gt; 6 \u00e5r gammel<br \/>\n5. Model Number: 612007<br \/>\n6. Klassifisering: Montering<br \/>\n7. Plastblokkform: Selvl\u00e5sende murstein<br \/>\n8. Materiale: Plast<br \/>\n9. Plast Type: ABS<br \/>\n10. Bricks Blocks: 795 PCS<br \/>\n11. Inneholder detaljerte monteringsanvisninger.<br \/>\nLegge merke til:<br \/>\n1. Uten original eske, men vi garanterer at v\u00e5re produkter har kvalitetssikring og pen emballasje.<br \/>\n2. Som alle delene vi har sjekket f\u00f8r frakt, s\u00e5 hvis du finner noen deler savnet eller skadet, ikke bekymre deg og bare kontakt oss, s\u00e5 kan vi sende dem til deg p\u00e5 nytt umiddelbart gratis.<\/p>\n<figure id=\"attachment_25136\" aria-describedby=\"caption-attachment-25136\" style=\"width: 800px\" class=\"wp-caption aligncenter\"><img fetchpriority=\"high\" decoding=\"async\" class=\"wp-image-25136 size-full\" src=\"https:\/\/mouldking.store\/wp-content\/uploads\/2021\/10\/PANLOS-612007-Triceratops-with-795-pieces-1.jpg\" alt=\"PANLOS 612007 Triceratops with 795 pieces\" width=\"800\" height=\"800\" title=\"-\" srcset=\"https:\/\/mouldking.store\/wp-content\/uploads\/2021\/10\/PANLOS-612007-Triceratops-with-795-pieces-1.jpg 800w, https:\/\/mouldking.store\/wp-content\/uploads\/2021\/10\/PANLOS-612007-Triceratops-with-795-pieces-1-300x300.jpg 300w, https:\/\/mouldking.store\/wp-content\/uploads\/2021\/10\/PANLOS-612007-Triceratops-with-795-pieces-1-768x768.jpg 768w, https:\/\/mouldking.store\/wp-content\/uploads\/2021\/10\/PANLOS-612007-Triceratops-with-795-pieces-1-600x600.jpg 600w, https:\/\/mouldking.store\/wp-content\/uploads\/2021\/10\/PANLOS-612007-Triceratops-with-795-pieces-1-150x150.jpg 150w\" sizes=\"(max-width: 800px) 100vw, 800px\" \/><figcaption id=\"caption-attachment-25136\" class=\"wp-caption-text\">PANLOS 612007 Triceratops med 795 stk<\/figcaption><\/figure>\n<figure id=\"attachment_25137\" aria-describedby=\"caption-attachment-25137\" style=\"width: 790px\" class=\"wp-caption aligncenter\"><img decoding=\"async\" class=\"wp-image-25137 size-full\" src=\"https:\/\/mouldking.store\/wp-content\/uploads\/2021\/10\/PANLOS-612007-Triceratops-with-795-pieces-2.jpg\" alt=\"PANLOS 612007 Triceratops with 795 pieces\" width=\"790\" height=\"889\" title=\"-\" srcset=\"https:\/\/mouldking.store\/wp-content\/uploads\/2021\/10\/PANLOS-612007-Triceratops-with-795-pieces-2.jpg 790w, https:\/\/mouldking.store\/wp-content\/uploads\/2021\/10\/PANLOS-612007-Triceratops-with-795-pieces-2-267x300.jpg 267w, https:\/\/mouldking.store\/wp-content\/uploads\/2021\/10\/PANLOS-612007-Triceratops-with-795-pieces-2-768x864.jpg 768w, https:\/\/mouldking.store\/wp-content\/uploads\/2021\/10\/PANLOS-612007-Triceratops-with-795-pieces-2-300x338.jpg 300w, https:\/\/mouldking.store\/wp-content\/uploads\/2021\/10\/PANLOS-612007-Triceratops-with-795-pieces-2-600x675.jpg 600w, https:\/\/mouldking.store\/wp-content\/uploads\/2021\/10\/PANLOS-612007-Triceratops-with-795-pieces-2-133x150.jpg 133w\" sizes=\"(max-width: 790px) 100vw, 790px\" \/><figcaption id=\"caption-attachment-25137\" class=\"wp-caption-text\">PANLOS 612007 Triceratops med 795 stk<\/figcaption><\/figure>\n<figure id=\"attachment_25138\" aria-describedby=\"caption-attachment-25138\" style=\"width: 790px\" class=\"wp-caption aligncenter\"><img decoding=\"async\" class=\"wp-image-25138 size-full\" src=\"https:\/\/mouldking.store\/wp-content\/uploads\/2021\/10\/PANLOS-612007-Triceratops-with-795-pieces-3.jpg\" alt=\"PANLOS 612007 Triceratops with 795 pieces\" width=\"790\" height=\"929\" title=\"-\" srcset=\"https:\/\/mouldking.store\/wp-content\/uploads\/2021\/10\/PANLOS-612007-Triceratops-with-795-pieces-3.jpg 790w, https:\/\/mouldking.store\/wp-content\/uploads\/2021\/10\/PANLOS-612007-Triceratops-with-795-pieces-3-255x300.jpg 255w, https:\/\/mouldking.store\/wp-content\/uploads\/2021\/10\/PANLOS-612007-Triceratops-with-795-pieces-3-768x903.jpg 768w, https:\/\/mouldking.store\/wp-content\/uploads\/2021\/10\/PANLOS-612007-Triceratops-with-795-pieces-3-300x353.jpg 300w, https:\/\/mouldking.store\/wp-content\/uploads\/2021\/10\/PANLOS-612007-Triceratops-with-795-pieces-3-600x706.jpg 600w, https:\/\/mouldking.store\/wp-content\/uploads\/2021\/10\/PANLOS-612007-Triceratops-with-795-pieces-3-128x150.jpg 128w\" sizes=\"(max-width: 790px) 100vw, 790px\" \/><figcaption id=\"caption-attachment-25138\" class=\"wp-caption-text\">PANLOS 612007 Triceratops med 795 stk<\/figcaption><\/figure>\n<figure id=\"attachment_25139\" aria-describedby=\"caption-attachment-25139\" style=\"width: 790px\" class=\"wp-caption aligncenter\"><img loading=\"lazy\" decoding=\"async\" class=\"wp-image-25139 size-full\" src=\"https:\/\/mouldking.store\/wp-content\/uploads\/2021\/10\/PANLOS-612007-Triceratops-with-795-pieces-4.jpg\" alt=\"PANLOS 612007 Triceratops with 795 pieces\" width=\"790\" height=\"915\" title=\"-\" srcset=\"https:\/\/mouldking.store\/wp-content\/uploads\/2021\/10\/PANLOS-612007-Triceratops-with-795-pieces-4.jpg 790w, https:\/\/mouldking.store\/wp-content\/uploads\/2021\/10\/PANLOS-612007-Triceratops-with-795-pieces-4-259x300.jpg 259w, https:\/\/mouldking.store\/wp-content\/uploads\/2021\/10\/PANLOS-612007-Triceratops-with-795-pieces-4-768x890.jpg 768w, https:\/\/mouldking.store\/wp-content\/uploads\/2021\/10\/PANLOS-612007-Triceratops-with-795-pieces-4-300x347.jpg 300w, https:\/\/mouldking.store\/wp-content\/uploads\/2021\/10\/PANLOS-612007-Triceratops-with-795-pieces-4-600x695.jpg 600w, https:\/\/mouldking.store\/wp-content\/uploads\/2021\/10\/PANLOS-612007-Triceratops-with-795-pieces-4-130x150.jpg 130w\" sizes=\"(max-width: 790px) 100vw, 790px\" \/><figcaption id=\"caption-attachment-25139\" class=\"wp-caption-text\">PANLOS 612007 Triceratops med 795 stk<\/figcaption><\/figure>\n<figure id=\"attachment_25140\" aria-describedby=\"caption-attachment-25140\" style=\"width: 790px\" class=\"wp-caption aligncenter\"><img loading=\"lazy\" decoding=\"async\" class=\"wp-image-25140 size-full\" src=\"https:\/\/mouldking.store\/wp-content\/uploads\/2021\/10\/PANLOS-612007-Triceratops-with-795-pieces-5.jpg\" alt=\"PANLOS 612007 Triceratops with 795 pieces\" width=\"790\" height=\"567\" title=\"-\" srcset=\"https:\/\/mouldking.store\/wp-content\/uploads\/2021\/10\/PANLOS-612007-Triceratops-with-795-pieces-5.jpg 790w, https:\/\/mouldking.store\/wp-content\/uploads\/2021\/10\/PANLOS-612007-Triceratops-with-795-pieces-5-300x215.jpg 300w, https:\/\/mouldking.store\/wp-content\/uploads\/2021\/10\/PANLOS-612007-Triceratops-with-795-pieces-5-768x551.jpg 768w, https:\/\/mouldking.store\/wp-content\/uploads\/2021\/10\/PANLOS-612007-Triceratops-with-795-pieces-5-600x431.jpg 600w, https:\/\/mouldking.store\/wp-content\/uploads\/2021\/10\/PANLOS-612007-Triceratops-with-795-pieces-5-150x108.jpg 150w\" sizes=\"(max-width: 790px) 100vw, 790px\" \/><figcaption id=\"caption-attachment-25140\" class=\"wp-caption-text\">PANLOS 612007 Triceratops med 795 stk<\/figcaption><\/figure>\n<figure id=\"attachment_25141\" aria-describedby=\"caption-attachment-25141\" style=\"width: 790px\" class=\"wp-caption aligncenter\"><img loading=\"lazy\" decoding=\"async\" class=\"wp-image-25141 size-full\" src=\"https:\/\/mouldking.store\/wp-content\/uploads\/2021\/10\/PANLOS-612007-Triceratops-with-795-pieces-6.jpg\" alt=\"PANLOS 612007 Triceratops with 795 pieces\" width=\"790\" height=\"1012\" title=\"-\" srcset=\"https:\/\/mouldking.store\/wp-content\/uploads\/2021\/10\/PANLOS-612007-Triceratops-with-795-pieces-6.jpg 790w, https:\/\/mouldking.store\/wp-content\/uploads\/2021\/10\/PANLOS-612007-Triceratops-with-795-pieces-6-234x300.jpg 234w, https:\/\/mouldking.store\/wp-content\/uploads\/2021\/10\/PANLOS-612007-Triceratops-with-795-pieces-6-768x984.jpg 768w, https:\/\/mouldking.store\/wp-content\/uploads\/2021\/10\/PANLOS-612007-Triceratops-with-795-pieces-6-300x384.jpg 300w, https:\/\/mouldking.store\/wp-content\/uploads\/2021\/10\/PANLOS-612007-Triceratops-with-795-pieces-6-600x769.jpg 600w, https:\/\/mouldking.store\/wp-content\/uploads\/2021\/10\/PANLOS-612007-Triceratops-with-795-pieces-6-117x150.jpg 117w\" sizes=\"(max-width: 790px) 100vw, 790px\" \/><figcaption id=\"caption-attachment-25141\" class=\"wp-caption-text\">PANLOS 612007 Triceratops med 795 stk<\/figcaption><\/figure>\n<p>&nbsp;<\/p>","protected":false},"excerpt":{"rendered":"<p>Product information: 1. Brand: PANLOS 2. Gender: Unisex 3. Name: Triceratops 4. Age Range: &gt; 6 years old 5. Model Number: 612007 6. Classification: Assemblage 7. Plastic Block Shape: Self-Locking Bricks 8. Material: Plastic 9. Plastic Type: ABS 10. Bricks Blocks: 795 PCS 11. Contains detailed assembly instructions. Notice: 1. Without an original box, but [&hellip;]<\/p>","protected":false},"featured_media":25136,"comment_status":"open","ping_status":"closed","template":"","meta":{"_acf_changed":false},"product_cat":[371],"product_tag":[2226,1851,2223,2222,2225,2224],"class_list":["product","first","instock","shipping-taxable","purchasable","product-type-simple"],"acf":[],"_links":{"self":[{"href":"https:\/\/mouldking.store\/nb\/wp-json\/wp\/v2\/product\/25135","targetHints":{"allow":["GET"]}}],"collection":[{"href":"https:\/\/mouldking.store\/nb\/wp-json\/wp\/v2\/product"}],"about":[{"href":"https:\/\/mouldking.store\/nb\/wp-json\/wp\/v2\/types\/product"}],"replies":[{"embeddable":true,"href":"https:\/\/mouldking.store\/nb\/wp-json\/wp\/v2\/comments?post=25135"}],"wp:featuredmedia":[{"embeddable":true,"href":"https:\/\/mouldking.store\/nb\/wp-json\/wp\/v2\/media\/25136"}],"wp:attachment":[{"href":"https:\/\/mouldking.store\/nb\/wp-json\/wp\/v2\/media?parent=25135"}],"wp:term":[{"taxonomy":"product_cat","embeddable":true,"href":"https:\/\/mouldking.store\/nb\/wp-json\/wp\/v2\/product_cat?post=25135"},{"taxonomy":"product_tag","embeddable":true,"href":"https:\/\/mouldking.store\/nb\/wp-json\/wp\/v2\/product_tag?post=25135"}],"curies":[{"name":"wp","href":"https:\/\/api.w.org\/{rel}","templated":true}]}}