{"id":25156,"date":"2021-10-18T11:08:09","date_gmt":"2021-10-18T11:08:09","guid":{"rendered":"https:\/\/mouldking.store\/?post_type=product&#038;p=25156"},"modified":"2021-12-23T09:42:00","modified_gmt":"2021-12-23T09:42:00","slug":"panlos-612004-stegosaurus-with-894-pieces","status":"publish","type":"product","link":"https:\/\/mouldking.store\/nb\/shop\/panlos-612004-stegosaurus-with-894-pieces\/","title":{"rendered":"PANLOS 612004 Stegosaurus with 894 pieces"},"content":{"rendered":"<p>Produktinformasjon:<br \/>\n1. Brand: PANLOS<br \/>\n2. Kj\u00f8nn: Unisex<br \/>\n3. Name: Stegosaurus<br \/>\n4. Aldersgruppe: &gt; 6 \u00e5r gammel<br \/>\n5. Model Number: 612004<br \/>\n6. Klassifisering: Montering<br \/>\n7. Plastblokkform: Selvl\u00e5sende murstein<br \/>\n8. Materiale: Plast<br \/>\n9. Plast Type: ABS<br \/>\n10. Bricks Blocks: 894 PCS<br \/>\n11. Inneholder detaljerte monteringsanvisninger.<br \/>\nLegge merke til:<br \/>\n1. Uten original eske, men vi garanterer at v\u00e5re produkter har kvalitetssikring og pen emballasje.<br \/>\n2. Som alle delene vi har sjekket f\u00f8r frakt, s\u00e5 hvis du finner noen deler savnet eller skadet, ikke bekymre deg og bare kontakt oss, s\u00e5 kan vi sende dem til deg p\u00e5 nytt umiddelbart gratis.<\/p>\n<figure id=\"attachment_25157\" aria-describedby=\"caption-attachment-25157\" style=\"width: 800px\" class=\"wp-caption aligncenter\"><img fetchpriority=\"high\" decoding=\"async\" class=\"wp-image-25157 size-full\" src=\"https:\/\/mouldking.store\/wp-content\/uploads\/2021\/10\/PANLOS-612004-Stegosaurus-with-894-pieces-1.jpg\" alt=\"PANLOS 612004 Stegosaurus with 894 pieces\" width=\"800\" height=\"800\" title=\"-\" srcset=\"https:\/\/mouldking.store\/wp-content\/uploads\/2021\/10\/PANLOS-612004-Stegosaurus-with-894-pieces-1.jpg 800w, https:\/\/mouldking.store\/wp-content\/uploads\/2021\/10\/PANLOS-612004-Stegosaurus-with-894-pieces-1-300x300.jpg 300w, https:\/\/mouldking.store\/wp-content\/uploads\/2021\/10\/PANLOS-612004-Stegosaurus-with-894-pieces-1-768x768.jpg 768w, https:\/\/mouldking.store\/wp-content\/uploads\/2021\/10\/PANLOS-612004-Stegosaurus-with-894-pieces-1-600x600.jpg 600w, https:\/\/mouldking.store\/wp-content\/uploads\/2021\/10\/PANLOS-612004-Stegosaurus-with-894-pieces-1-150x150.jpg 150w\" sizes=\"(max-width: 800px) 100vw, 800px\" \/><figcaption id=\"caption-attachment-25157\" class=\"wp-caption-text\">PANLOS 612004 Stegosaurus with 894 pieces<\/figcaption><\/figure>\n<figure id=\"attachment_25158\" aria-describedby=\"caption-attachment-25158\" style=\"width: 790px\" class=\"wp-caption aligncenter\"><img decoding=\"async\" class=\"wp-image-25158 size-full\" src=\"https:\/\/mouldking.store\/wp-content\/uploads\/2021\/10\/PANLOS-612004-Stegosaurus-with-894-pieces-2.jpg\" alt=\"PANLOS 612004 Stegosaurus with 894 pieces\" width=\"790\" height=\"924\" title=\"-\" srcset=\"https:\/\/mouldking.store\/wp-content\/uploads\/2021\/10\/PANLOS-612004-Stegosaurus-with-894-pieces-2.jpg 790w, https:\/\/mouldking.store\/wp-content\/uploads\/2021\/10\/PANLOS-612004-Stegosaurus-with-894-pieces-2-256x300.jpg 256w, https:\/\/mouldking.store\/wp-content\/uploads\/2021\/10\/PANLOS-612004-Stegosaurus-with-894-pieces-2-768x898.jpg 768w, https:\/\/mouldking.store\/wp-content\/uploads\/2021\/10\/PANLOS-612004-Stegosaurus-with-894-pieces-2-300x351.jpg 300w, https:\/\/mouldking.store\/wp-content\/uploads\/2021\/10\/PANLOS-612004-Stegosaurus-with-894-pieces-2-600x702.jpg 600w, https:\/\/mouldking.store\/wp-content\/uploads\/2021\/10\/PANLOS-612004-Stegosaurus-with-894-pieces-2-128x150.jpg 128w\" sizes=\"(max-width: 790px) 100vw, 790px\" \/><figcaption id=\"caption-attachment-25158\" class=\"wp-caption-text\">PANLOS 612004 Stegosaurus with 894 pieces<\/figcaption><\/figure>\n<figure id=\"attachment_25159\" aria-describedby=\"caption-attachment-25159\" style=\"width: 790px\" class=\"wp-caption aligncenter\"><img decoding=\"async\" class=\"wp-image-25159 size-full\" src=\"https:\/\/mouldking.store\/wp-content\/uploads\/2021\/10\/PANLOS-612004-Stegosaurus-with-894-pieces-3.jpg\" alt=\"PANLOS 612004 Stegosaurus with 894 pieces\" width=\"790\" height=\"915\" title=\"-\" srcset=\"https:\/\/mouldking.store\/wp-content\/uploads\/2021\/10\/PANLOS-612004-Stegosaurus-with-894-pieces-3.jpg 790w, https:\/\/mouldking.store\/wp-content\/uploads\/2021\/10\/PANLOS-612004-Stegosaurus-with-894-pieces-3-259x300.jpg 259w, https:\/\/mouldking.store\/wp-content\/uploads\/2021\/10\/PANLOS-612004-Stegosaurus-with-894-pieces-3-768x890.jpg 768w, https:\/\/mouldking.store\/wp-content\/uploads\/2021\/10\/PANLOS-612004-Stegosaurus-with-894-pieces-3-300x347.jpg 300w, https:\/\/mouldking.store\/wp-content\/uploads\/2021\/10\/PANLOS-612004-Stegosaurus-with-894-pieces-3-600x695.jpg 600w, https:\/\/mouldking.store\/wp-content\/uploads\/2021\/10\/PANLOS-612004-Stegosaurus-with-894-pieces-3-130x150.jpg 130w\" sizes=\"(max-width: 790px) 100vw, 790px\" \/><figcaption id=\"caption-attachment-25159\" class=\"wp-caption-text\">PANLOS 612004 Stegosaurus with 894 pieces<\/figcaption><\/figure>\n<figure id=\"attachment_25160\" aria-describedby=\"caption-attachment-25160\" style=\"width: 790px\" class=\"wp-caption aligncenter\"><img loading=\"lazy\" decoding=\"async\" class=\"wp-image-25160 size-full\" src=\"https:\/\/mouldking.store\/wp-content\/uploads\/2021\/10\/PANLOS-612004-Stegosaurus-with-894-pieces-4.jpg\" alt=\"PANLOS 612004 Stegosaurus with 894 pieces\" width=\"790\" height=\"930\" title=\"-\" srcset=\"https:\/\/mouldking.store\/wp-content\/uploads\/2021\/10\/PANLOS-612004-Stegosaurus-with-894-pieces-4.jpg 790w, https:\/\/mouldking.store\/wp-content\/uploads\/2021\/10\/PANLOS-612004-Stegosaurus-with-894-pieces-4-255x300.jpg 255w, https:\/\/mouldking.store\/wp-content\/uploads\/2021\/10\/PANLOS-612004-Stegosaurus-with-894-pieces-4-768x904.jpg 768w, https:\/\/mouldking.store\/wp-content\/uploads\/2021\/10\/PANLOS-612004-Stegosaurus-with-894-pieces-4-300x353.jpg 300w, https:\/\/mouldking.store\/wp-content\/uploads\/2021\/10\/PANLOS-612004-Stegosaurus-with-894-pieces-4-600x706.jpg 600w, https:\/\/mouldking.store\/wp-content\/uploads\/2021\/10\/PANLOS-612004-Stegosaurus-with-894-pieces-4-127x150.jpg 127w\" sizes=\"(max-width: 790px) 100vw, 790px\" \/><figcaption id=\"caption-attachment-25160\" class=\"wp-caption-text\">PANLOS 612004 Stegosaurus with 894 pieces<\/figcaption><\/figure>\n<figure id=\"attachment_25161\" aria-describedby=\"caption-attachment-25161\" style=\"width: 790px\" class=\"wp-caption aligncenter\"><img loading=\"lazy\" decoding=\"async\" class=\"wp-image-25161 size-full\" src=\"https:\/\/mouldking.store\/wp-content\/uploads\/2021\/10\/PANLOS-612004-Stegosaurus-with-894-pieces-5.jpg\" alt=\"PANLOS 612004 Stegosaurus with 894 pieces\" width=\"790\" height=\"564\" title=\"-\" srcset=\"https:\/\/mouldking.store\/wp-content\/uploads\/2021\/10\/PANLOS-612004-Stegosaurus-with-894-pieces-5.jpg 790w, https:\/\/mouldking.store\/wp-content\/uploads\/2021\/10\/PANLOS-612004-Stegosaurus-with-894-pieces-5-300x214.jpg 300w, https:\/\/mouldking.store\/wp-content\/uploads\/2021\/10\/PANLOS-612004-Stegosaurus-with-894-pieces-5-768x548.jpg 768w, https:\/\/mouldking.store\/wp-content\/uploads\/2021\/10\/PANLOS-612004-Stegosaurus-with-894-pieces-5-600x428.jpg 600w, https:\/\/mouldking.store\/wp-content\/uploads\/2021\/10\/PANLOS-612004-Stegosaurus-with-894-pieces-5-150x107.jpg 150w\" sizes=\"(max-width: 790px) 100vw, 790px\" \/><figcaption id=\"caption-attachment-25161\" class=\"wp-caption-text\">PANLOS 612004 Stegosaurus with 894 pieces<\/figcaption><\/figure>\n<figure id=\"attachment_25162\" aria-describedby=\"caption-attachment-25162\" style=\"width: 785px\" class=\"wp-caption aligncenter\"><img loading=\"lazy\" decoding=\"async\" class=\"wp-image-25162 size-full\" src=\"https:\/\/mouldking.store\/wp-content\/uploads\/2021\/10\/PANLOS-612004-Stegosaurus-with-894-pieces-6.jpg\" alt=\"PANLOS 612004 Stegosaurus with 894 pieces\" width=\"785\" height=\"1023\" title=\"-\" srcset=\"https:\/\/mouldking.store\/wp-content\/uploads\/2021\/10\/PANLOS-612004-Stegosaurus-with-894-pieces-6.jpg 785w, https:\/\/mouldking.store\/wp-content\/uploads\/2021\/10\/PANLOS-612004-Stegosaurus-with-894-pieces-6-230x300.jpg 230w, https:\/\/mouldking.store\/wp-content\/uploads\/2021\/10\/PANLOS-612004-Stegosaurus-with-894-pieces-6-768x1001.jpg 768w, https:\/\/mouldking.store\/wp-content\/uploads\/2021\/10\/PANLOS-612004-Stegosaurus-with-894-pieces-6-300x391.jpg 300w, https:\/\/mouldking.store\/wp-content\/uploads\/2021\/10\/PANLOS-612004-Stegosaurus-with-894-pieces-6-600x782.jpg 600w, https:\/\/mouldking.store\/wp-content\/uploads\/2021\/10\/PANLOS-612004-Stegosaurus-with-894-pieces-6-115x150.jpg 115w\" sizes=\"(max-width: 785px) 100vw, 785px\" \/><figcaption id=\"caption-attachment-25162\" class=\"wp-caption-text\">PANLOS 612004 Stegosaurus with 894 pieces<\/figcaption><\/figure>\n<p>&nbsp;<\/p>","protected":false},"excerpt":{"rendered":"<p>Product information: 1. Brand: PANLOS 2. Gender: Unisex 3. Name: Stegosaurus 4. Age Range: &gt; 6 years old 5. Model Number: 612004 6. Classification: Assemblage 7. Plastic Block Shape: Self-Locking Bricks 8. Material: Plastic 9. Plastic Type: ABS 10. Bricks Blocks: 894 PCS 11. Contains detailed assembly instructions. Notice: 1. Without an original box, but [&hellip;]<\/p>","protected":false},"featured_media":25157,"comment_status":"open","ping_status":"closed","template":"","meta":{"_acf_changed":false},"product_cat":[371],"product_tag":[2239,2241,1851,2237,2238,2240],"class_list":["product","first","instock","shipping-taxable","purchasable","product-type-simple"],"acf":[],"_links":{"self":[{"href":"https:\/\/mouldking.store\/nb\/wp-json\/wp\/v2\/product\/25156","targetHints":{"allow":["GET"]}}],"collection":[{"href":"https:\/\/mouldking.store\/nb\/wp-json\/wp\/v2\/product"}],"about":[{"href":"https:\/\/mouldking.store\/nb\/wp-json\/wp\/v2\/types\/product"}],"replies":[{"embeddable":true,"href":"https:\/\/mouldking.store\/nb\/wp-json\/wp\/v2\/comments?post=25156"}],"wp:featuredmedia":[{"embeddable":true,"href":"https:\/\/mouldking.store\/nb\/wp-json\/wp\/v2\/media\/25157"}],"wp:attachment":[{"href":"https:\/\/mouldking.store\/nb\/wp-json\/wp\/v2\/media?parent=25156"}],"wp:term":[{"taxonomy":"product_cat","embeddable":true,"href":"https:\/\/mouldking.store\/nb\/wp-json\/wp\/v2\/product_cat?post=25156"},{"taxonomy":"product_tag","embeddable":true,"href":"https:\/\/mouldking.store\/nb\/wp-json\/wp\/v2\/product_tag?post=25156"}],"curies":[{"name":"wp","href":"https:\/\/api.w.org\/{rel}","templated":true}]}}