{"id":25164,"date":"2021-10-18T11:43:42","date_gmt":"2021-10-18T04:43:42","guid":{"rendered":"https:\/\/mouldking.store\/?post_type=product&#038;p=25164"},"modified":"2025-12-25T09:17:15","modified_gmt":"2025-12-25T02:17:15","slug":"moc-62101-brickpop-dobby-with-153-pieces","status":"publish","type":"product","link":"https:\/\/mouldking.store\/nb\/shop\/moc-62101-brickpop-dobby-with-153-pieces\/","title":{"rendered":"MOC-62101 BrickPop Dobby med 153 stykker"},"content":{"rendered":"<p>Produktinformasjon:<\/p>\n<ol>\n<li>Merke: MOC<\/li>\n<li>Kj\u00f8nn: Unisex<\/li>\n<li>Name: BrickPop Dobby<\/li>\n<li>Aldersgruppe: &gt; 8 \u00e5r gammel<\/li>\n<li>Model Number: MOC-62101<\/li>\n<li>Klassifisering: Montering<\/li>\n<li>Plastblokkform: Selvl\u00e5sende murstein<\/li>\n<li>Materiale: Plast<\/li>\n<li>Plasttype: ABS<\/li>\n<li>Bricks Blocks: 153 PCS<\/li>\n<li>Inneholder detaljerte monteringsanvisninger.<\/li>\n<\/ol>\n<p>Legge merke til:<br \/>\n1. Uten original eske, men vi garanterer at v\u00e5re produkter har kvalitetssikring og pen emballasje.<br \/>\n2. Som alle delene vi har sjekket f\u00f8r frakt, s\u00e5 hvis du finner noen deler savnet eller skadet, ikke bekymre deg og bare kontakt oss, s\u00e5 kan vi sende dem til deg p\u00e5 nytt umiddelbart gratis.<\/p>\n<figure id=\"attachment_25165\" aria-describedby=\"caption-attachment-25165\" style=\"width: 800px\" class=\"wp-caption aligncenter\"><img fetchpriority=\"high\" decoding=\"async\" class=\"size-full wp-image-25165\" title=\"MOC-62101 BrickPop Dobby med 153 stykker\" src=\"https:\/\/mouldking.store\/wp-content\/uploads\/2021\/10\/moc-62101-brickpop-dobby-with-153-pieces.jpg\" alt=\"MOC-62101 BrickPop Dobby with 153 pieces\" width=\"800\" height=\"800\" srcset=\"https:\/\/mouldking.store\/wp-content\/uploads\/2021\/10\/moc-62101-brickpop-dobby-with-153-pieces.jpg 800w, https:\/\/mouldking.store\/wp-content\/uploads\/2021\/10\/moc-62101-brickpop-dobby-with-153-pieces-300x300.jpg 300w, https:\/\/mouldking.store\/wp-content\/uploads\/2021\/10\/moc-62101-brickpop-dobby-with-153-pieces-768x768.jpg 768w, https:\/\/mouldking.store\/wp-content\/uploads\/2021\/10\/moc-62101-brickpop-dobby-with-153-pieces-600x600.jpg 600w, https:\/\/mouldking.store\/wp-content\/uploads\/2021\/10\/moc-62101-brickpop-dobby-with-153-pieces-150x150.jpg 150w\" sizes=\"(max-width: 800px) 100vw, 800px\" \/><figcaption id=\"caption-attachment-25165\" class=\"wp-caption-text\">MOC-62101 BrickPop Dobby med 153 stykker<\/figcaption><\/figure>\n<figure id=\"attachment_25166\" aria-describedby=\"caption-attachment-25166\" style=\"width: 800px\" class=\"wp-caption aligncenter\"><img decoding=\"async\" class=\"size-full wp-image-25166\" title=\"MOC-62101 BrickPop Dobby med 153 stykker\" src=\"https:\/\/mouldking.store\/wp-content\/uploads\/2021\/10\/moc-62101-brickpop-dobby-with-153-pieces-1.jpg\" alt=\"MOC-62101 BrickPop Dobby with 153 pieces\" width=\"800\" height=\"800\" srcset=\"https:\/\/mouldking.store\/wp-content\/uploads\/2021\/10\/moc-62101-brickpop-dobby-with-153-pieces-1.jpg 800w, https:\/\/mouldking.store\/wp-content\/uploads\/2021\/10\/moc-62101-brickpop-dobby-with-153-pieces-1-300x300.jpg 300w, https:\/\/mouldking.store\/wp-content\/uploads\/2021\/10\/moc-62101-brickpop-dobby-with-153-pieces-1-768x768.jpg 768w, https:\/\/mouldking.store\/wp-content\/uploads\/2021\/10\/moc-62101-brickpop-dobby-with-153-pieces-1-600x600.jpg 600w, https:\/\/mouldking.store\/wp-content\/uploads\/2021\/10\/moc-62101-brickpop-dobby-with-153-pieces-1-150x150.jpg 150w\" sizes=\"(max-width: 800px) 100vw, 800px\" \/><figcaption id=\"caption-attachment-25166\" class=\"wp-caption-text\">MOC-62101 BrickPop Dobby med 153 stykker<\/figcaption><\/figure>\n<p>&nbsp;<\/p>","protected":false},"excerpt":{"rendered":"<p>Product information: Brand: MOC Gender: Unisex Name: BrickPop Dobby Age Range: &gt; 8 years old Model Number: MOC-62101 Classification: Assemblage Plastic Block Shape: Self-Locking Bricks Material: Plastic Plastic Type: ABS Bricks Blocks: 153 PCS Contains detailed assembly instructions. Notice: 1. Without an original box, but we guarantee our products have quality assurance and nice packaging. [&hellip;]<\/p>","protected":false},"featured_media":25167,"comment_status":"open","ping_status":"closed","template":"","meta":{"_acf_changed":false},"product_cat":[581],"product_tag":[2243,2242],"class_list":["product","first","instock","sale","shipping-taxable","purchasable","product-type-simple"],"acf":[],"_links":{"self":[{"href":"https:\/\/mouldking.store\/nb\/wp-json\/wp\/v2\/product\/25164","targetHints":{"allow":["GET"]}}],"collection":[{"href":"https:\/\/mouldking.store\/nb\/wp-json\/wp\/v2\/product"}],"about":[{"href":"https:\/\/mouldking.store\/nb\/wp-json\/wp\/v2\/types\/product"}],"replies":[{"embeddable":true,"href":"https:\/\/mouldking.store\/nb\/wp-json\/wp\/v2\/comments?post=25164"}],"wp:featuredmedia":[{"embeddable":true,"href":"https:\/\/mouldking.store\/nb\/wp-json\/wp\/v2\/media\/25167"}],"wp:attachment":[{"href":"https:\/\/mouldking.store\/nb\/wp-json\/wp\/v2\/media?parent=25164"}],"wp:term":[{"taxonomy":"product_cat","embeddable":true,"href":"https:\/\/mouldking.store\/nb\/wp-json\/wp\/v2\/product_cat?post=25164"},{"taxonomy":"product_tag","embeddable":true,"href":"https:\/\/mouldking.store\/nb\/wp-json\/wp\/v2\/product_tag?post=25164"}],"curies":[{"name":"wp","href":"https:\/\/api.w.org\/{rel}","templated":true}]}}