{"id":25181,"date":"2021-10-18T15:26:35","date_gmt":"2021-10-18T08:26:35","guid":{"rendered":"https:\/\/mouldking.store\/?post_type=product&#038;p=25181"},"modified":"2025-12-25T09:17:14","modified_gmt":"2025-12-25T02:17:14","slug":"moc-58573-kevin-mccallister-home-alone-with-126-pieces","status":"publish","type":"product","link":"https:\/\/mouldking.store\/nb\/shop\/moc-58573-kevin-mccallister-home-alone-with-126-pieces\/","title":{"rendered":"MOC-58573 Kevin Mccallister Hjemme alene med 126 stk"},"content":{"rendered":"<p>Produktinformasjon:<\/p>\n<ol>\n<li>Merke: MOC<\/li>\n<li>Kj\u00f8nn: Unisex<\/li>\n<li>Name: Kevin Mccallister Home Alone<\/li>\n<li>Aldersgruppe: &gt; 8 \u00e5r gammel<\/li>\n<li>Model Number: MOC-58573<\/li>\n<li>Klassifisering: Montering<\/li>\n<li>Plastblokkform: Selvl\u00e5sende murstein<\/li>\n<li>Materiale: Plast<\/li>\n<li>Plasttype: ABS<\/li>\n<li>Bricks Blocks: 126 PCS<\/li>\n<li>Arrangementstid: 4-7 uker<\/li>\n<li>Inneholder detaljerte monteringsanvisninger.<\/li>\n<\/ol>\n<p>Legge merke til:<br \/>\n1. Uten original eske, men vi garanterer at v\u00e5re produkter har kvalitetssikring og pen emballasje.<br \/>\n2. Som alle delene vi har sjekket f\u00f8r frakt, s\u00e5 hvis du finner noen deler savnet eller skadet, ikke bekymre deg og bare kontakt oss, s\u00e5 kan vi sende dem til deg p\u00e5 nytt umiddelbart gratis.<\/p>\n<figure id=\"attachment_25182\" aria-describedby=\"caption-attachment-25182\" style=\"width: 1000px\" class=\"wp-caption aligncenter\"><img fetchpriority=\"high\" decoding=\"async\" class=\"size-full wp-image-25182\" title=\"MOC-58573 Kevin Mccallister Hjemme alene med 126 stk\" src=\"https:\/\/mouldking.store\/wp-content\/uploads\/2021\/10\/moc-58573-kevin-mccallister-home-alone-with-126-pieces.jpg\" alt=\"MOC-58573 Kevin Mccallister Home Alone with 126 pieces\" width=\"1000\" height=\"1000\" srcset=\"https:\/\/mouldking.store\/wp-content\/uploads\/2021\/10\/moc-58573-kevin-mccallister-home-alone-with-126-pieces.jpg 1000w, https:\/\/mouldking.store\/wp-content\/uploads\/2021\/10\/moc-58573-kevin-mccallister-home-alone-with-126-pieces-300x300.jpg 300w, https:\/\/mouldking.store\/wp-content\/uploads\/2021\/10\/moc-58573-kevin-mccallister-home-alone-with-126-pieces-768x768.jpg 768w, https:\/\/mouldking.store\/wp-content\/uploads\/2021\/10\/moc-58573-kevin-mccallister-home-alone-with-126-pieces-600x600.jpg 600w, https:\/\/mouldking.store\/wp-content\/uploads\/2021\/10\/moc-58573-kevin-mccallister-home-alone-with-126-pieces-150x150.jpg 150w\" sizes=\"(max-width: 1000px) 100vw, 1000px\" \/><figcaption id=\"caption-attachment-25182\" class=\"wp-caption-text\">MOC-58573 Kevin Mccallister Hjemme alene med 126 stk<\/figcaption><\/figure>\n<figure id=\"attachment_25183\" aria-describedby=\"caption-attachment-25183\" style=\"width: 1000px\" class=\"wp-caption aligncenter\"><img decoding=\"async\" class=\"size-full wp-image-25183\" title=\"MOC-58573 Kevin Mccallister Hjemme alene med 126 stk\" src=\"https:\/\/mouldking.store\/wp-content\/uploads\/2021\/10\/moc-58573-kevin-mccallister-home-alone-with-126-pieces-1.jpg\" alt=\"MOC-58573 Kevin Mccallister Home Alone with 126 pieces\" width=\"1000\" height=\"1000\" srcset=\"https:\/\/mouldking.store\/wp-content\/uploads\/2021\/10\/moc-58573-kevin-mccallister-home-alone-with-126-pieces-1.jpg 1000w, https:\/\/mouldking.store\/wp-content\/uploads\/2021\/10\/moc-58573-kevin-mccallister-home-alone-with-126-pieces-1-300x300.jpg 300w, https:\/\/mouldking.store\/wp-content\/uploads\/2021\/10\/moc-58573-kevin-mccallister-home-alone-with-126-pieces-1-768x768.jpg 768w, https:\/\/mouldking.store\/wp-content\/uploads\/2021\/10\/moc-58573-kevin-mccallister-home-alone-with-126-pieces-1-600x600.jpg 600w, https:\/\/mouldking.store\/wp-content\/uploads\/2021\/10\/moc-58573-kevin-mccallister-home-alone-with-126-pieces-1-150x150.jpg 150w\" sizes=\"(max-width: 1000px) 100vw, 1000px\" \/><figcaption id=\"caption-attachment-25183\" class=\"wp-caption-text\">MOC-58573 Kevin Mccallister Hjemme alene med 126 stk<\/figcaption><\/figure>","protected":false},"excerpt":{"rendered":"<p>Product information: Brand: MOC Gender: Unisex Name: Kevin Mccallister Home Alone Age Range: &gt; 8 years old Model Number: MOC-58573 Classification: Assemblage Plastic Block Shape: Self-Locking Bricks Material: Plastic Plastic Type: ABS Bricks Blocks: 126 PCS Arrange Time: 4-7 weeks Contains detailed assembly instructions. Notice: 1. Without an original box, but we guarantee our products [&hellip;]<\/p>","protected":false},"featured_media":25184,"comment_status":"open","ping_status":"closed","template":"","meta":{"_acf_changed":false},"product_cat":[581],"product_tag":[2252,2251],"class_list":["product","first","instock","shipping-taxable","purchasable","product-type-simple"],"acf":[],"_links":{"self":[{"href":"https:\/\/mouldking.store\/nb\/wp-json\/wp\/v2\/product\/25181","targetHints":{"allow":["GET"]}}],"collection":[{"href":"https:\/\/mouldking.store\/nb\/wp-json\/wp\/v2\/product"}],"about":[{"href":"https:\/\/mouldking.store\/nb\/wp-json\/wp\/v2\/types\/product"}],"replies":[{"embeddable":true,"href":"https:\/\/mouldking.store\/nb\/wp-json\/wp\/v2\/comments?post=25181"}],"wp:featuredmedia":[{"embeddable":true,"href":"https:\/\/mouldking.store\/nb\/wp-json\/wp\/v2\/media\/25184"}],"wp:attachment":[{"href":"https:\/\/mouldking.store\/nb\/wp-json\/wp\/v2\/media?parent=25181"}],"wp:term":[{"taxonomy":"product_cat","embeddable":true,"href":"https:\/\/mouldking.store\/nb\/wp-json\/wp\/v2\/product_cat?post=25181"},{"taxonomy":"product_tag","embeddable":true,"href":"https:\/\/mouldking.store\/nb\/wp-json\/wp\/v2\/product_tag?post=25181"}],"curies":[{"name":"wp","href":"https:\/\/api.w.org\/{rel}","templated":true}]}}