{"id":25186,"date":"2021-10-19T03:27:30","date_gmt":"2021-10-19T03:27:30","guid":{"rendered":"https:\/\/mouldking.store\/?post_type=product&#038;p=25186"},"modified":"2024-01-15T10:40:06","modified_gmt":"2024-01-15T03:40:06","slug":"jie-star-89123-the-red-brick-university-with-6355-pieces","status":"publish","type":"product","link":"https:\/\/mouldking.store\/nb\/shop\/jie-star-89123-the-red-brick-university-with-6355-pieces\/","title":{"rendered":"JIE STAR 89123 The Red Brick University med 6355 stykker"},"content":{"rendered":"<p>Produktinformasjon:<br \/>\n1. Merke: JIE STAR<br \/>\n2. Kj\u00f8nn: Unisex<br \/>\n3. Name: The Red Brick University<br \/>\n4. Aldersgruppe: &gt; 6 \u00e5r gammel<br \/>\n5. Model Number: 89123<br \/>\n6. Klassifisering: Montering<br \/>\n7. Plastblokkform: Selvl\u00e5sende murstein<br \/>\n8. Materiale: Plast<br \/>\n9. Plast Type: ABS<br \/>\n10. Bricks Blocks: 6355 PCS<br \/>\n11. Inneholder detaljerte monteringsanvisninger.<br \/>\nLegge merke til:<br \/>\n1. Uten original eske, men vi garanterer at v\u00e5re produkter har kvalitetssikring og pen emballasje.<br \/>\n2. Som alle delene vi har sjekket f\u00f8r frakt, s\u00e5 hvis du finner noen deler savnet eller skadet, ikke bekymre deg og bare kontakt oss, s\u00e5 kan vi sende dem til deg p\u00e5 nytt umiddelbart gratis.<\/p>\n<p>&nbsp;<\/p>\n<figure id=\"attachment_25193\" aria-describedby=\"caption-attachment-25193\" style=\"width: 800px\" class=\"wp-caption aligncenter\"><img fetchpriority=\"high\" decoding=\"async\" class=\"wp-image-25193 size-full\" src=\"https:\/\/mouldking.store\/wp-content\/uploads\/2021\/10\/JIE-STAR-89123-The-Red-Brick-University-with-6355-pieces-7.jpg\" alt=\"JIE STAR 89123 The Red Brick University with 6355 pieces\" width=\"800\" height=\"800\" title=\"-\" srcset=\"https:\/\/mouldking.store\/wp-content\/uploads\/2021\/10\/JIE-STAR-89123-The-Red-Brick-University-with-6355-pieces-7.jpg 800w, https:\/\/mouldking.store\/wp-content\/uploads\/2021\/10\/JIE-STAR-89123-The-Red-Brick-University-with-6355-pieces-7-300x300.jpg 300w, https:\/\/mouldking.store\/wp-content\/uploads\/2021\/10\/JIE-STAR-89123-The-Red-Brick-University-with-6355-pieces-7-768x768.jpg 768w, https:\/\/mouldking.store\/wp-content\/uploads\/2021\/10\/JIE-STAR-89123-The-Red-Brick-University-with-6355-pieces-7-600x600.jpg 600w, https:\/\/mouldking.store\/wp-content\/uploads\/2021\/10\/JIE-STAR-89123-The-Red-Brick-University-with-6355-pieces-7-150x150.jpg 150w\" sizes=\"(max-width: 800px) 100vw, 800px\" \/><figcaption id=\"caption-attachment-25193\" class=\"wp-caption-text\">JIE STAR 89123 The Red Brick University med 6355 stykker<\/figcaption><\/figure>\n<figure id=\"attachment_25188\" aria-describedby=\"caption-attachment-25188\" style=\"width: 790px\" class=\"wp-caption aligncenter\"><img decoding=\"async\" class=\"wp-image-25188 size-full\" src=\"https:\/\/mouldking.store\/wp-content\/uploads\/2021\/10\/JIE-STAR-89123-The-Red-Brick-University-with-6355-pieces-2.jpg\" alt=\"JIE STAR 89123 The Red Brick University with 6355 pieces\" width=\"790\" height=\"707\" title=\"-\" srcset=\"https:\/\/mouldking.store\/wp-content\/uploads\/2021\/10\/JIE-STAR-89123-The-Red-Brick-University-with-6355-pieces-2.jpg 790w, https:\/\/mouldking.store\/wp-content\/uploads\/2021\/10\/JIE-STAR-89123-The-Red-Brick-University-with-6355-pieces-2-300x268.jpg 300w, https:\/\/mouldking.store\/wp-content\/uploads\/2021\/10\/JIE-STAR-89123-The-Red-Brick-University-with-6355-pieces-2-768x687.jpg 768w, https:\/\/mouldking.store\/wp-content\/uploads\/2021\/10\/JIE-STAR-89123-The-Red-Brick-University-with-6355-pieces-2-600x537.jpg 600w, https:\/\/mouldking.store\/wp-content\/uploads\/2021\/10\/JIE-STAR-89123-The-Red-Brick-University-with-6355-pieces-2-150x134.jpg 150w\" sizes=\"(max-width: 790px) 100vw, 790px\" \/><figcaption id=\"caption-attachment-25188\" class=\"wp-caption-text\">JIE STAR 89123 The Red Brick University med 6355 stykker<\/figcaption><\/figure>\n<figure id=\"attachment_25189\" aria-describedby=\"caption-attachment-25189\" style=\"width: 800px\" class=\"wp-caption aligncenter\"><img decoding=\"async\" class=\"wp-image-25189 size-full\" src=\"https:\/\/mouldking.store\/wp-content\/uploads\/2021\/10\/JIE-STAR-89123-The-Red-Brick-University-with-6355-pieces-3.jpg\" alt=\"JIE STAR 89123 The Red Brick University with 6355 pieces\" width=\"800\" height=\"800\" title=\"-\" srcset=\"https:\/\/mouldking.store\/wp-content\/uploads\/2021\/10\/JIE-STAR-89123-The-Red-Brick-University-with-6355-pieces-3.jpg 800w, https:\/\/mouldking.store\/wp-content\/uploads\/2021\/10\/JIE-STAR-89123-The-Red-Brick-University-with-6355-pieces-3-300x300.jpg 300w, https:\/\/mouldking.store\/wp-content\/uploads\/2021\/10\/JIE-STAR-89123-The-Red-Brick-University-with-6355-pieces-3-768x768.jpg 768w, https:\/\/mouldking.store\/wp-content\/uploads\/2021\/10\/JIE-STAR-89123-The-Red-Brick-University-with-6355-pieces-3-600x600.jpg 600w, https:\/\/mouldking.store\/wp-content\/uploads\/2021\/10\/JIE-STAR-89123-The-Red-Brick-University-with-6355-pieces-3-150x150.jpg 150w\" sizes=\"(max-width: 800px) 100vw, 800px\" \/><figcaption id=\"caption-attachment-25189\" class=\"wp-caption-text\">JIE STAR 89123 The Red Brick University med 6355 stykker<\/figcaption><\/figure>\n<figure id=\"attachment_25192\" aria-describedby=\"caption-attachment-25192\" style=\"width: 714px\" class=\"wp-caption aligncenter\"><img loading=\"lazy\" decoding=\"async\" class=\"wp-image-25192 size-full\" src=\"https:\/\/mouldking.store\/wp-content\/uploads\/2021\/10\/JIE-STAR-89123-The-Red-Brick-University-with-6355-pieces-6.jpg\" alt=\"JIE STAR 89123 The Red Brick University with 6355 pieces\" width=\"714\" height=\"1024\" title=\"-\" srcset=\"https:\/\/mouldking.store\/wp-content\/uploads\/2021\/10\/JIE-STAR-89123-The-Red-Brick-University-with-6355-pieces-6.jpg 714w, https:\/\/mouldking.store\/wp-content\/uploads\/2021\/10\/JIE-STAR-89123-The-Red-Brick-University-with-6355-pieces-6-209x300.jpg 209w, https:\/\/mouldking.store\/wp-content\/uploads\/2021\/10\/JIE-STAR-89123-The-Red-Brick-University-with-6355-pieces-6-300x430.jpg 300w, https:\/\/mouldking.store\/wp-content\/uploads\/2021\/10\/JIE-STAR-89123-The-Red-Brick-University-with-6355-pieces-6-600x861.jpg 600w, https:\/\/mouldking.store\/wp-content\/uploads\/2021\/10\/JIE-STAR-89123-The-Red-Brick-University-with-6355-pieces-6-105x150.jpg 105w\" sizes=\"(max-width: 714px) 100vw, 714px\" \/><figcaption id=\"caption-attachment-25192\" class=\"wp-caption-text\">JIE STAR 89123 The Red Brick University med 6355 stykker<\/figcaption><\/figure>\n<figure id=\"attachment_25191\" aria-describedby=\"caption-attachment-25191\" style=\"width: 700px\" class=\"wp-caption aligncenter\"><img loading=\"lazy\" decoding=\"async\" class=\"wp-image-25191\" src=\"https:\/\/mouldking.store\/wp-content\/uploads\/2021\/10\/JIE-STAR-89123-The-Red-Brick-University-with-6355-pieces-5.jpg\" alt=\"JIE STAR 89123 The Red Brick University with 6355 pieces\" width=\"700\" height=\"1419\" title=\"-\" srcset=\"https:\/\/mouldking.store\/wp-content\/uploads\/2021\/10\/JIE-STAR-89123-The-Red-Brick-University-with-6355-pieces-5.jpg 505w, https:\/\/mouldking.store\/wp-content\/uploads\/2021\/10\/JIE-STAR-89123-The-Red-Brick-University-with-6355-pieces-5-148x300.jpg 148w, https:\/\/mouldking.store\/wp-content\/uploads\/2021\/10\/JIE-STAR-89123-The-Red-Brick-University-with-6355-pieces-5-300x608.jpg 300w, https:\/\/mouldking.store\/wp-content\/uploads\/2021\/10\/JIE-STAR-89123-The-Red-Brick-University-with-6355-pieces-5-74x150.jpg 74w\" sizes=\"(max-width: 700px) 100vw, 700px\" \/><figcaption id=\"caption-attachment-25191\" class=\"wp-caption-text\">JIE STAR 89123 The Red Brick University med 6355 stykker<\/figcaption><\/figure>\n<figure id=\"attachment_25190\" aria-describedby=\"caption-attachment-25190\" style=\"width: 599px\" class=\"wp-caption aligncenter\"><img loading=\"lazy\" decoding=\"async\" class=\"wp-image-25190 size-full\" src=\"https:\/\/mouldking.store\/wp-content\/uploads\/2021\/10\/JIE-STAR-89123-The-Red-Brick-University-with-6355-pieces-4.jpg\" alt=\"JIE STAR 89123 The Red Brick University with 6355 pieces\" width=\"599\" height=\"1024\" title=\"-\" srcset=\"https:\/\/mouldking.store\/wp-content\/uploads\/2021\/10\/JIE-STAR-89123-The-Red-Brick-University-with-6355-pieces-4.jpg 599w, https:\/\/mouldking.store\/wp-content\/uploads\/2021\/10\/JIE-STAR-89123-The-Red-Brick-University-with-6355-pieces-4-175x300.jpg 175w, https:\/\/mouldking.store\/wp-content\/uploads\/2021\/10\/JIE-STAR-89123-The-Red-Brick-University-with-6355-pieces-4-300x513.jpg 300w, https:\/\/mouldking.store\/wp-content\/uploads\/2021\/10\/JIE-STAR-89123-The-Red-Brick-University-with-6355-pieces-4-88x150.jpg 88w\" sizes=\"(max-width: 599px) 100vw, 599px\" \/><figcaption id=\"caption-attachment-25190\" class=\"wp-caption-text\">JIE STAR 89123 The Red Brick University med 6355 stykker<\/figcaption><\/figure>","protected":false},"excerpt":{"rendered":"<p>Product information: 1. Brand: JIE STAR 2. Gender: Unisex 3. Name: The Red Brick University 4. Age Range: &gt; 6 years old 5. Model Number: 89123 6. Classification: Assemblage 7. Plastic Block Shape: Self-Locking Bricks 8. Material: Plastic 9. Plastic Type: ABS 10. Bricks Blocks: 6355 PCS 11. Contains detailed assembly instructions. Notice: 1. Without [&hellip;]<\/p>","protected":false},"featured_media":25187,"comment_status":"open","ping_status":"closed","template":"","meta":{"_acf_changed":false},"product_cat":[390],"product_tag":[2257,2256,2254,2253,2259,2258,2255,2260],"class_list":["product","first","outofstock","shipping-taxable","purchasable","product-type-simple"],"acf":[],"_links":{"self":[{"href":"https:\/\/mouldking.store\/nb\/wp-json\/wp\/v2\/product\/25186","targetHints":{"allow":["GET"]}}],"collection":[{"href":"https:\/\/mouldking.store\/nb\/wp-json\/wp\/v2\/product"}],"about":[{"href":"https:\/\/mouldking.store\/nb\/wp-json\/wp\/v2\/types\/product"}],"replies":[{"embeddable":true,"href":"https:\/\/mouldking.store\/nb\/wp-json\/wp\/v2\/comments?post=25186"}],"wp:featuredmedia":[{"embeddable":true,"href":"https:\/\/mouldking.store\/nb\/wp-json\/wp\/v2\/media\/25187"}],"wp:attachment":[{"href":"https:\/\/mouldking.store\/nb\/wp-json\/wp\/v2\/media?parent=25186"}],"wp:term":[{"taxonomy":"product_cat","embeddable":true,"href":"https:\/\/mouldking.store\/nb\/wp-json\/wp\/v2\/product_cat?post=25186"},{"taxonomy":"product_tag","embeddable":true,"href":"https:\/\/mouldking.store\/nb\/wp-json\/wp\/v2\/product_tag?post=25186"}],"curies":[{"name":"wp","href":"https:\/\/api.w.org\/{rel}","templated":true}]}}