{"id":25215,"date":"2021-10-19T11:03:11","date_gmt":"2021-10-19T04:03:11","guid":{"rendered":"https:\/\/mouldking.store\/?post_type=product&#038;p=25215"},"modified":"2025-12-25T09:17:14","modified_gmt":"2025-12-25T02:17:14","slug":"moc-76008-medieval-cathedral-with-3747-pieces","status":"publish","type":"product","link":"https:\/\/mouldking.store\/nb\/shop\/moc-76008-medieval-cathedral-with-3747-pieces\/","title":{"rendered":"MOC-76008 Middelalderkatedral med 3747 deler"},"content":{"rendered":"<p>Produktinformasjon:<\/p>\n<ol>\n<li>Merke: MOC<\/li>\n<li>Kj\u00f8nn: Unisex<\/li>\n<li>Navn: Middelalderkatedralen<\/li>\n<li>Aldersgruppe: &gt; 8 \u00e5r gammel<\/li>\n<li>Modellnummer: MOC-76008<\/li>\n<li>Klassifisering: Montering<\/li>\n<li>Plastblokkform: Selvl\u00e5sende murstein<\/li>\n<li>Materiale: Plast<\/li>\n<li>Plasttype: ABS<\/li>\n<li>Mursteinsblokker: 3747 STK<\/li>\n<li>Inneholder detaljerte monteringsanvisninger.<\/li>\n<\/ol>\n<p>Legge merke til:<br \/>\n1. Uten original eske, men vi garanterer at v\u00e5re produkter har kvalitetssikring og pen emballasje.<br \/>\n2. Som alle delene vi har sjekket f\u00f8r frakt, s\u00e5 hvis du finner noen deler savnet eller skadet, ikke bekymre deg og bare kontakt oss, s\u00e5 kan vi sende dem til deg p\u00e5 nytt umiddelbart gratis.<\/p>\n<figure id=\"attachment_25216\" aria-describedby=\"caption-attachment-25216\" style=\"width: 1024px\" class=\"wp-caption aligncenter\"><img fetchpriority=\"high\" decoding=\"async\" class=\"size-large wp-image-25216\" title=\"MOC-76008 Middelalderkatedral med 3747 deler\" src=\"https:\/\/mouldking.store\/wp-content\/uploads\/2021\/10\/moc-76008-medieval-cathedral-with-3747-pieces-1024x1024.jpg\" alt=\"MOC-76008 Medieval Cathedral with 3747 pieces\" width=\"1024\" height=\"1024\" srcset=\"https:\/\/mouldking.store\/wp-content\/uploads\/2021\/10\/moc-76008-medieval-cathedral-with-3747-pieces-1024x1024.jpg 1024w, https:\/\/mouldking.store\/wp-content\/uploads\/2021\/10\/moc-76008-medieval-cathedral-with-3747-pieces-300x300.jpg 300w, https:\/\/mouldking.store\/wp-content\/uploads\/2021\/10\/moc-76008-medieval-cathedral-with-3747-pieces-768x768.jpg 768w, https:\/\/mouldking.store\/wp-content\/uploads\/2021\/10\/moc-76008-medieval-cathedral-with-3747-pieces-600x600.jpg 600w, https:\/\/mouldking.store\/wp-content\/uploads\/2021\/10\/moc-76008-medieval-cathedral-with-3747-pieces-150x150.jpg 150w, https:\/\/mouldking.store\/wp-content\/uploads\/2021\/10\/moc-76008-medieval-cathedral-with-3747-pieces.jpg 1280w\" sizes=\"(max-width: 1024px) 100vw, 1024px\" \/><figcaption id=\"caption-attachment-25216\" class=\"wp-caption-text\">MOC-76008 Middelalderkatedral med 3747 deler<\/figcaption><\/figure>\n<figure id=\"attachment_25217\" aria-describedby=\"caption-attachment-25217\" style=\"width: 1024px\" class=\"wp-caption aligncenter\"><img decoding=\"async\" class=\"size-large wp-image-25217\" title=\"MOC-76008 Middelalderkatedral med 3747 deler\" src=\"https:\/\/mouldking.store\/wp-content\/uploads\/2021\/10\/moc-76008-medieval-cathedral-with-3747-pieces-1-1024x1024.jpg\" alt=\"MOC-76008 Medieval Cathedral with 3747 pieces\" width=\"1024\" height=\"1024\" srcset=\"https:\/\/mouldking.store\/wp-content\/uploads\/2021\/10\/moc-76008-medieval-cathedral-with-3747-pieces-1-1024x1024.jpg 1024w, https:\/\/mouldking.store\/wp-content\/uploads\/2021\/10\/moc-76008-medieval-cathedral-with-3747-pieces-1-300x300.jpg 300w, https:\/\/mouldking.store\/wp-content\/uploads\/2021\/10\/moc-76008-medieval-cathedral-with-3747-pieces-1-768x768.jpg 768w, https:\/\/mouldking.store\/wp-content\/uploads\/2021\/10\/moc-76008-medieval-cathedral-with-3747-pieces-1-600x600.jpg 600w, https:\/\/mouldking.store\/wp-content\/uploads\/2021\/10\/moc-76008-medieval-cathedral-with-3747-pieces-1-150x150.jpg 150w, https:\/\/mouldking.store\/wp-content\/uploads\/2021\/10\/moc-76008-medieval-cathedral-with-3747-pieces-1.jpg 1280w\" sizes=\"(max-width: 1024px) 100vw, 1024px\" \/><figcaption id=\"caption-attachment-25217\" class=\"wp-caption-text\">MOC-76008 Middelalderkatedral med 3747 deler<\/figcaption><\/figure>\n<figure id=\"attachment_25218\" aria-describedby=\"caption-attachment-25218\" style=\"width: 1024px\" class=\"wp-caption aligncenter\"><img decoding=\"async\" class=\"size-large wp-image-25218\" title=\"MOC-76008 Middelalderkatedral med 3747 deler\" src=\"https:\/\/mouldking.store\/wp-content\/uploads\/2021\/10\/moc-76008-medieval-cathedral-with-3747-pieces-2-1024x1024.jpg\" alt=\"MOC-76008 Medieval Cathedral with 3747 pieces\" width=\"1024\" height=\"1024\" srcset=\"https:\/\/mouldking.store\/wp-content\/uploads\/2021\/10\/moc-76008-medieval-cathedral-with-3747-pieces-2-1024x1024.jpg 1024w, https:\/\/mouldking.store\/wp-content\/uploads\/2021\/10\/moc-76008-medieval-cathedral-with-3747-pieces-2-300x300.jpg 300w, https:\/\/mouldking.store\/wp-content\/uploads\/2021\/10\/moc-76008-medieval-cathedral-with-3747-pieces-2-768x768.jpg 768w, https:\/\/mouldking.store\/wp-content\/uploads\/2021\/10\/moc-76008-medieval-cathedral-with-3747-pieces-2-600x600.jpg 600w, https:\/\/mouldking.store\/wp-content\/uploads\/2021\/10\/moc-76008-medieval-cathedral-with-3747-pieces-2-150x150.jpg 150w, https:\/\/mouldking.store\/wp-content\/uploads\/2021\/10\/moc-76008-medieval-cathedral-with-3747-pieces-2.jpg 1280w\" sizes=\"(max-width: 1024px) 100vw, 1024px\" \/><figcaption id=\"caption-attachment-25218\" class=\"wp-caption-text\">MOC-76008 Middelalderkatedral med 3747 deler<\/figcaption><\/figure>","protected":false},"excerpt":{"rendered":"<p>Product information: Brand: MOC Gender: Unisex Name: Medieval Cathedral Age Range: &gt; 8 years old Model Number: MOC-76008 Classification: Assemblage Plastic Block Shape: Self-Locking Bricks Material: Plastic Plastic Type: ABS Bricks Blocks: 3747 PCS Contains detailed assembly instructions. Notice: 1. Without an original box, but we guarantee our products have quality assurance and nice packaging. [&hellip;]<\/p>","protected":false},"featured_media":25219,"comment_status":"open","ping_status":"closed","template":"","meta":{"_acf_changed":false},"product_cat":[390],"product_tag":[2278,2277],"class_list":["product","first","instock","shipping-taxable","purchasable","product-type-simple"],"acf":[],"_links":{"self":[{"href":"https:\/\/mouldking.store\/nb\/wp-json\/wp\/v2\/product\/25215","targetHints":{"allow":["GET"]}}],"collection":[{"href":"https:\/\/mouldking.store\/nb\/wp-json\/wp\/v2\/product"}],"about":[{"href":"https:\/\/mouldking.store\/nb\/wp-json\/wp\/v2\/types\/product"}],"replies":[{"embeddable":true,"href":"https:\/\/mouldking.store\/nb\/wp-json\/wp\/v2\/comments?post=25215"}],"wp:featuredmedia":[{"embeddable":true,"href":"https:\/\/mouldking.store\/nb\/wp-json\/wp\/v2\/media\/25219"}],"wp:attachment":[{"href":"https:\/\/mouldking.store\/nb\/wp-json\/wp\/v2\/media?parent=25215"}],"wp:term":[{"taxonomy":"product_cat","embeddable":true,"href":"https:\/\/mouldking.store\/nb\/wp-json\/wp\/v2\/product_cat?post=25215"},{"taxonomy":"product_tag","embeddable":true,"href":"https:\/\/mouldking.store\/nb\/wp-json\/wp\/v2\/product_tag?post=25215"}],"curies":[{"name":"wp","href":"https:\/\/api.w.org\/{rel}","templated":true}]}}