{"id":25256,"date":"2021-10-20T16:07:55","date_gmt":"2021-10-20T16:07:55","guid":{"rendered":"https:\/\/mouldking.store\/?post_type=product&#038;p=25256"},"modified":"2021-12-23T09:41:56","modified_gmt":"2021-12-23T09:41:56","slug":"loz-1036-elf-house-with-2847-pieces","status":"publish","type":"product","link":"https:\/\/mouldking.store\/nb\/shop\/loz-1036-elf-house-with-2847-pieces\/","title":{"rendered":"LOZ 1036 Alvehus med 2847 stk"},"content":{"rendered":"<p>Produktinformasjon:<br \/>\n1. Merke: LOZ<br \/>\n2. Kj\u00f8nn: Unisex<br \/>\n3. Navn: Alvehus<br \/>\n4. Aldersgruppe: &gt; 6 \u00e5r gammel<br \/>\n5. Modellnummer: 1036<br \/>\n6. Klassifisering: Montering<br \/>\n7. Plastblokkform: Selvl\u00e5sende murstein<br \/>\n8. Materiale: Plast<br \/>\n9. Plast Type: ABS<br \/>\n10. Mursteinsblokker: 2847 STK<br \/>\n11. Inneholder detaljerte monteringsanvisninger.<br \/>\nLegge merke til:<br \/>\n1. Uten original eske, men vi garanterer at v\u00e5re produkter har kvalitetssikring og pen emballasje.<br \/>\n2. Som alle delene vi har sjekket f\u00f8r frakt, s\u00e5 hvis du finner noen deler savnet eller skadet, ikke bekymre deg og bare kontakt oss, s\u00e5 kan vi sende dem til deg p\u00e5 nytt umiddelbart gratis.<\/p>\n<figure id=\"attachment_25257\" aria-describedby=\"caption-attachment-25257\" style=\"width: 800px\" class=\"wp-caption aligncenter\"><img fetchpriority=\"high\" decoding=\"async\" class=\"wp-image-25257 size-full\" src=\"https:\/\/mouldking.store\/wp-content\/uploads\/2021\/10\/LOZ-1036-Elf-House-with-2847-pieces-1.jpg\" alt=\"LOZ 1036 Elf House with 2847 pieces\" width=\"800\" height=\"800\" title=\"-\" srcset=\"https:\/\/mouldking.store\/wp-content\/uploads\/2021\/10\/LOZ-1036-Elf-House-with-2847-pieces-1.jpg 800w, https:\/\/mouldking.store\/wp-content\/uploads\/2021\/10\/LOZ-1036-Elf-House-with-2847-pieces-1-300x300.jpg 300w, https:\/\/mouldking.store\/wp-content\/uploads\/2021\/10\/LOZ-1036-Elf-House-with-2847-pieces-1-768x768.jpg 768w, https:\/\/mouldking.store\/wp-content\/uploads\/2021\/10\/LOZ-1036-Elf-House-with-2847-pieces-1-600x600.jpg 600w, https:\/\/mouldking.store\/wp-content\/uploads\/2021\/10\/LOZ-1036-Elf-House-with-2847-pieces-1-150x150.jpg 150w\" sizes=\"(max-width: 800px) 100vw, 800px\" \/><figcaption id=\"caption-attachment-25257\" class=\"wp-caption-text\">LOZ 1036 Alvehus med 2847 stk<\/figcaption><\/figure>\n<figure id=\"attachment_25258\" aria-describedby=\"caption-attachment-25258\" style=\"width: 750px\" class=\"wp-caption aligncenter\"><img decoding=\"async\" class=\"wp-image-25258 size-full\" src=\"https:\/\/mouldking.store\/wp-content\/uploads\/2021\/10\/LOZ-1036-Elf-House-with-2847-pieces-2.jpg\" alt=\"LOZ 1036 Elf House with 2847 pieces\" width=\"750\" height=\"769\" title=\"-\" srcset=\"https:\/\/mouldking.store\/wp-content\/uploads\/2021\/10\/LOZ-1036-Elf-House-with-2847-pieces-2.jpg 750w, https:\/\/mouldking.store\/wp-content\/uploads\/2021\/10\/LOZ-1036-Elf-House-with-2847-pieces-2-293x300.jpg 293w, https:\/\/mouldking.store\/wp-content\/uploads\/2021\/10\/LOZ-1036-Elf-House-with-2847-pieces-2-300x308.jpg 300w, https:\/\/mouldking.store\/wp-content\/uploads\/2021\/10\/LOZ-1036-Elf-House-with-2847-pieces-2-600x615.jpg 600w, https:\/\/mouldking.store\/wp-content\/uploads\/2021\/10\/LOZ-1036-Elf-House-with-2847-pieces-2-146x150.jpg 146w\" sizes=\"(max-width: 750px) 100vw, 750px\" \/><figcaption id=\"caption-attachment-25258\" class=\"wp-caption-text\">LOZ 1036 Alvehus med 2847 stk<\/figcaption><\/figure>\n<figure id=\"attachment_25259\" aria-describedby=\"caption-attachment-25259\" style=\"width: 750px\" class=\"wp-caption aligncenter\"><img decoding=\"async\" class=\"wp-image-25259 size-full\" src=\"https:\/\/mouldking.store\/wp-content\/uploads\/2021\/10\/LOZ-1036-Elf-House-with-2847-pieces-3.jpg\" alt=\"LOZ 1036 Elf House with 2847 pieces\" width=\"750\" height=\"849\" title=\"-\" srcset=\"https:\/\/mouldking.store\/wp-content\/uploads\/2021\/10\/LOZ-1036-Elf-House-with-2847-pieces-3.jpg 750w, https:\/\/mouldking.store\/wp-content\/uploads\/2021\/10\/LOZ-1036-Elf-House-with-2847-pieces-3-265x300.jpg 265w, https:\/\/mouldking.store\/wp-content\/uploads\/2021\/10\/LOZ-1036-Elf-House-with-2847-pieces-3-300x340.jpg 300w, https:\/\/mouldking.store\/wp-content\/uploads\/2021\/10\/LOZ-1036-Elf-House-with-2847-pieces-3-600x679.jpg 600w, https:\/\/mouldking.store\/wp-content\/uploads\/2021\/10\/LOZ-1036-Elf-House-with-2847-pieces-3-133x150.jpg 133w\" sizes=\"(max-width: 750px) 100vw, 750px\" \/><figcaption id=\"caption-attachment-25259\" class=\"wp-caption-text\">LOZ 1036 Alvehus med 2847 stk<\/figcaption><\/figure>\n<figure id=\"attachment_25260\" aria-describedby=\"caption-attachment-25260\" style=\"width: 750px\" class=\"wp-caption aligncenter\"><img loading=\"lazy\" decoding=\"async\" class=\"wp-image-25260 size-full\" src=\"https:\/\/mouldking.store\/wp-content\/uploads\/2021\/10\/LOZ-1036-Elf-House-with-2847-pieces-4.jpg\" alt=\"LOZ 1036 Elf House with 2847 pieces\" width=\"750\" height=\"780\" title=\"-\" srcset=\"https:\/\/mouldking.store\/wp-content\/uploads\/2021\/10\/LOZ-1036-Elf-House-with-2847-pieces-4.jpg 750w, https:\/\/mouldking.store\/wp-content\/uploads\/2021\/10\/LOZ-1036-Elf-House-with-2847-pieces-4-288x300.jpg 288w, https:\/\/mouldking.store\/wp-content\/uploads\/2021\/10\/LOZ-1036-Elf-House-with-2847-pieces-4-300x312.jpg 300w, https:\/\/mouldking.store\/wp-content\/uploads\/2021\/10\/LOZ-1036-Elf-House-with-2847-pieces-4-600x624.jpg 600w, https:\/\/mouldking.store\/wp-content\/uploads\/2021\/10\/LOZ-1036-Elf-House-with-2847-pieces-4-144x150.jpg 144w\" sizes=\"(max-width: 750px) 100vw, 750px\" \/><figcaption id=\"caption-attachment-25260\" class=\"wp-caption-text\">LOZ 1036 Alvehus med 2847 stk<\/figcaption><\/figure>\n<figure id=\"attachment_25261\" aria-describedby=\"caption-attachment-25261\" style=\"width: 750px\" class=\"wp-caption aligncenter\"><img loading=\"lazy\" decoding=\"async\" class=\"wp-image-25261 size-full\" src=\"https:\/\/mouldking.store\/wp-content\/uploads\/2021\/10\/LOZ-1036-Elf-House-with-2847-pieces-5.jpg\" alt=\"LOZ 1036 Elf House with 2847 pieces\" width=\"750\" height=\"764\" title=\"-\" srcset=\"https:\/\/mouldking.store\/wp-content\/uploads\/2021\/10\/LOZ-1036-Elf-House-with-2847-pieces-5.jpg 750w, https:\/\/mouldking.store\/wp-content\/uploads\/2021\/10\/LOZ-1036-Elf-House-with-2847-pieces-5-295x300.jpg 295w, https:\/\/mouldking.store\/wp-content\/uploads\/2021\/10\/LOZ-1036-Elf-House-with-2847-pieces-5-300x306.jpg 300w, https:\/\/mouldking.store\/wp-content\/uploads\/2021\/10\/LOZ-1036-Elf-House-with-2847-pieces-5-600x611.jpg 600w, https:\/\/mouldking.store\/wp-content\/uploads\/2021\/10\/LOZ-1036-Elf-House-with-2847-pieces-5-147x150.jpg 147w\" sizes=\"(max-width: 750px) 100vw, 750px\" \/><figcaption id=\"caption-attachment-25261\" class=\"wp-caption-text\">LOZ 1036 Alvehus med 2847 stk<\/figcaption><\/figure>\n<figure id=\"attachment_25262\" aria-describedby=\"caption-attachment-25262\" style=\"width: 750px\" class=\"wp-caption aligncenter\"><img loading=\"lazy\" decoding=\"async\" class=\"wp-image-25262 size-full\" src=\"https:\/\/mouldking.store\/wp-content\/uploads\/2021\/10\/LOZ-1036-Elf-House-with-2847-pieces-6.jpg\" alt=\"LOZ 1036 Elf House with 2847 pieces\" width=\"750\" height=\"720\" title=\"-\" srcset=\"https:\/\/mouldking.store\/wp-content\/uploads\/2021\/10\/LOZ-1036-Elf-House-with-2847-pieces-6.jpg 750w, https:\/\/mouldking.store\/wp-content\/uploads\/2021\/10\/LOZ-1036-Elf-House-with-2847-pieces-6-300x288.jpg 300w, https:\/\/mouldking.store\/wp-content\/uploads\/2021\/10\/LOZ-1036-Elf-House-with-2847-pieces-6-600x576.jpg 600w, https:\/\/mouldking.store\/wp-content\/uploads\/2021\/10\/LOZ-1036-Elf-House-with-2847-pieces-6-150x144.jpg 150w\" sizes=\"(max-width: 750px) 100vw, 750px\" \/><figcaption id=\"caption-attachment-25262\" class=\"wp-caption-text\">LOZ 1036 Alvehus med 2847 stk<\/figcaption><\/figure>\n<figure id=\"attachment_25263\" aria-describedby=\"caption-attachment-25263\" style=\"width: 790px\" class=\"wp-caption aligncenter\"><img loading=\"lazy\" decoding=\"async\" class=\"wp-image-25263 size-full\" src=\"https:\/\/mouldking.store\/wp-content\/uploads\/2021\/10\/LOZ-1036-Elf-House-with-2847-pieces-7.jpg\" alt=\"LOZ 1036 Elf House with 2847 pieces\" width=\"790\" height=\"1008\" title=\"-\" srcset=\"https:\/\/mouldking.store\/wp-content\/uploads\/2021\/10\/LOZ-1036-Elf-House-with-2847-pieces-7.jpg 790w, https:\/\/mouldking.store\/wp-content\/uploads\/2021\/10\/LOZ-1036-Elf-House-with-2847-pieces-7-235x300.jpg 235w, https:\/\/mouldking.store\/wp-content\/uploads\/2021\/10\/LOZ-1036-Elf-House-with-2847-pieces-7-768x980.jpg 768w, https:\/\/mouldking.store\/wp-content\/uploads\/2021\/10\/LOZ-1036-Elf-House-with-2847-pieces-7-300x383.jpg 300w, https:\/\/mouldking.store\/wp-content\/uploads\/2021\/10\/LOZ-1036-Elf-House-with-2847-pieces-7-600x766.jpg 600w, https:\/\/mouldking.store\/wp-content\/uploads\/2021\/10\/LOZ-1036-Elf-House-with-2847-pieces-7-118x150.jpg 118w\" sizes=\"(max-width: 790px) 100vw, 790px\" \/><figcaption id=\"caption-attachment-25263\" class=\"wp-caption-text\">LOZ 1036 Alvehus med 2847 stk<\/figcaption><\/figure>\n<p>&nbsp;<\/p>","protected":false},"excerpt":{"rendered":"<p>Product information: 1. Brand: LOZ 2. Gender: Unisex 3. Name: Elf House 4. Age Range: &gt; 6 years old 5. Model Number: 1036 6. Classification: Assemblage 7. Plastic Block Shape: Self-Locking Bricks 8. Material: Plastic 9. Plastic Type: ABS 10. Bricks Blocks: 2847 PCS 11. Contains detailed assembly instructions. Notice: 1. Without an original box, [&hellip;]<\/p>","protected":false},"featured_media":25257,"comment_status":"open","ping_status":"closed","template":"","meta":{"_acf_changed":false},"product_cat":[371],"product_tag":[2316,2317,2314,2318,2202,2313,2312,2315,2319],"class_list":["product","first","instock","shipping-taxable","purchasable","product-type-simple"],"acf":[],"_links":{"self":[{"href":"https:\/\/mouldking.store\/nb\/wp-json\/wp\/v2\/product\/25256","targetHints":{"allow":["GET"]}}],"collection":[{"href":"https:\/\/mouldking.store\/nb\/wp-json\/wp\/v2\/product"}],"about":[{"href":"https:\/\/mouldking.store\/nb\/wp-json\/wp\/v2\/types\/product"}],"replies":[{"embeddable":true,"href":"https:\/\/mouldking.store\/nb\/wp-json\/wp\/v2\/comments?post=25256"}],"wp:featuredmedia":[{"embeddable":true,"href":"https:\/\/mouldking.store\/nb\/wp-json\/wp\/v2\/media\/25257"}],"wp:attachment":[{"href":"https:\/\/mouldking.store\/nb\/wp-json\/wp\/v2\/media?parent=25256"}],"wp:term":[{"taxonomy":"product_cat","embeddable":true,"href":"https:\/\/mouldking.store\/nb\/wp-json\/wp\/v2\/product_cat?post=25256"},{"taxonomy":"product_tag","embeddable":true,"href":"https:\/\/mouldking.store\/nb\/wp-json\/wp\/v2\/product_tag?post=25256"}],"curies":[{"name":"wp","href":"https:\/\/api.w.org\/{rel}","templated":true}]}}