{"id":25369,"date":"2021-10-21T04:50:36","date_gmt":"2021-10-21T04:50:36","guid":{"rendered":"https:\/\/mouldking.store\/?post_type=product&#038;p=25369"},"modified":"2021-12-23T09:41:55","modified_gmt":"2021-12-23T09:41:55","slug":"mould-king-17003-all-terrain-piling-platform-with-2828-pieces","status":"publish","type":"product","link":"https:\/\/mouldking.store\/nb\/shop\/mould-king-17003-all-terrain-piling-platform-with-2828-pieces\/","title":{"rendered":"Mold King 17003 terrengpeleplattform med 2828 stk"},"content":{"rendered":"<p>Produktinformasjon:<br \/>\n1. Merke: Mold King<br \/>\n2. Kj\u00f8nn: Unisex<br \/>\n3. Navn: P\u00e6leplattform for terreng<br \/>\n4. Aldersgruppe: &gt; 14 \u00e5r gammel<br \/>\n5. Modellnummer: 17003<br \/>\n6. Klassifisering: Montering<br \/>\n7. Plastblokkform: Selvl\u00e5sende murstein<br \/>\n8. Materiale: Plast<br \/>\n9. Plast Type: ABS<br \/>\n10. Mursteinsblokker: 2828 STK<br \/>\n11. Inneholder detaljerte monteringsanvisninger.<br \/>\nLegge merke til:<br \/>\n1. Uten original eske, men vi garanterer at v\u00e5re produkter har kvalitetssikring og pen emballasje.<br \/>\n2. Som alle delene vi har sjekket f\u00f8r frakt, s\u00e5 hvis du finner noen deler savnet eller skadet, ikke bekymre deg og bare kontakt oss, s\u00e5 kan vi sende dem til deg p\u00e5 nytt umiddelbart gratis.<\/p>\n<figure id=\"attachment_25370\" aria-describedby=\"caption-attachment-25370\" style=\"width: 800px\" class=\"wp-caption aligncenter\"><img fetchpriority=\"high\" decoding=\"async\" class=\"wp-image-25370 size-full\" src=\"https:\/\/mouldking.store\/wp-content\/uploads\/2021\/10\/Mould-King-17003-All-Terrain-Piling-Platform-with-2828-pieces-1.jpg\" alt=\"Mould King 17003 All Terrain Piling Platform with 2828 pieces\" width=\"800\" height=\"800\" title=\"-\" srcset=\"https:\/\/mouldking.store\/wp-content\/uploads\/2021\/10\/Mould-King-17003-All-Terrain-Piling-Platform-with-2828-pieces-1.jpg 800w, https:\/\/mouldking.store\/wp-content\/uploads\/2021\/10\/Mould-King-17003-All-Terrain-Piling-Platform-with-2828-pieces-1-300x300.jpg 300w, https:\/\/mouldking.store\/wp-content\/uploads\/2021\/10\/Mould-King-17003-All-Terrain-Piling-Platform-with-2828-pieces-1-768x768.jpg 768w, https:\/\/mouldking.store\/wp-content\/uploads\/2021\/10\/Mould-King-17003-All-Terrain-Piling-Platform-with-2828-pieces-1-600x600.jpg 600w, https:\/\/mouldking.store\/wp-content\/uploads\/2021\/10\/Mould-King-17003-All-Terrain-Piling-Platform-with-2828-pieces-1-150x150.jpg 150w\" sizes=\"(max-width: 800px) 100vw, 800px\" \/><figcaption id=\"caption-attachment-25370\" class=\"wp-caption-text\">Mold King 17003 terrengpeleplattform med 2828 stk<\/figcaption><\/figure>\n<figure id=\"attachment_25376\" aria-describedby=\"caption-attachment-25376\" style=\"width: 790px\" class=\"wp-caption aligncenter\"><img decoding=\"async\" class=\"wp-image-25376 size-full\" src=\"https:\/\/mouldking.store\/wp-content\/uploads\/2021\/10\/Mould-King-17003-All-Terrain-Piling-Platform-with-2828-pieces-7.jpg\" alt=\"Mould King 17003 All Terrain Piling Platform with 2828 pieces\" width=\"790\" height=\"817\" title=\"-\" srcset=\"https:\/\/mouldking.store\/wp-content\/uploads\/2021\/10\/Mould-King-17003-All-Terrain-Piling-Platform-with-2828-pieces-7.jpg 790w, https:\/\/mouldking.store\/wp-content\/uploads\/2021\/10\/Mould-King-17003-All-Terrain-Piling-Platform-with-2828-pieces-7-290x300.jpg 290w, https:\/\/mouldking.store\/wp-content\/uploads\/2021\/10\/Mould-King-17003-All-Terrain-Piling-Platform-with-2828-pieces-7-768x794.jpg 768w, https:\/\/mouldking.store\/wp-content\/uploads\/2021\/10\/Mould-King-17003-All-Terrain-Piling-Platform-with-2828-pieces-7-300x310.jpg 300w, https:\/\/mouldking.store\/wp-content\/uploads\/2021\/10\/Mould-King-17003-All-Terrain-Piling-Platform-with-2828-pieces-7-600x621.jpg 600w, https:\/\/mouldking.store\/wp-content\/uploads\/2021\/10\/Mould-King-17003-All-Terrain-Piling-Platform-with-2828-pieces-7-145x150.jpg 145w\" sizes=\"(max-width: 790px) 100vw, 790px\" \/><figcaption id=\"caption-attachment-25376\" class=\"wp-caption-text\">Mold King 17003 terrengpeleplattform med 2828 stk<\/figcaption><\/figure>\n<figure id=\"attachment_25377\" aria-describedby=\"caption-attachment-25377\" style=\"width: 790px\" class=\"wp-caption aligncenter\"><img decoding=\"async\" class=\"wp-image-25377 size-full\" src=\"https:\/\/mouldking.store\/wp-content\/uploads\/2021\/10\/Mould-King-17003-All-Terrain-Piling-Platform-with-2828-pieces-8.jpg\" alt=\"Mould King 17003 All Terrain Piling Platform with 2828 pieces\" width=\"790\" height=\"788\" title=\"-\" srcset=\"https:\/\/mouldking.store\/wp-content\/uploads\/2021\/10\/Mould-King-17003-All-Terrain-Piling-Platform-with-2828-pieces-8.jpg 790w, https:\/\/mouldking.store\/wp-content\/uploads\/2021\/10\/Mould-King-17003-All-Terrain-Piling-Platform-with-2828-pieces-8-300x299.jpg 300w, https:\/\/mouldking.store\/wp-content\/uploads\/2021\/10\/Mould-King-17003-All-Terrain-Piling-Platform-with-2828-pieces-8-768x766.jpg 768w, https:\/\/mouldking.store\/wp-content\/uploads\/2021\/10\/Mould-King-17003-All-Terrain-Piling-Platform-with-2828-pieces-8-600x598.jpg 600w, https:\/\/mouldking.store\/wp-content\/uploads\/2021\/10\/Mould-King-17003-All-Terrain-Piling-Platform-with-2828-pieces-8-150x150.jpg 150w\" sizes=\"(max-width: 790px) 100vw, 790px\" \/><figcaption id=\"caption-attachment-25377\" class=\"wp-caption-text\">Mold King 17003 terrengpeleplattform med 2828 stk<\/figcaption><\/figure>\n<figure id=\"attachment_25375\" aria-describedby=\"caption-attachment-25375\" style=\"width: 790px\" class=\"wp-caption aligncenter\"><img loading=\"lazy\" decoding=\"async\" class=\"wp-image-25375 size-full\" src=\"https:\/\/mouldking.store\/wp-content\/uploads\/2021\/10\/Mould-King-17003-All-Terrain-Piling-Platform-with-2828-pieces-6.jpg\" alt=\"Mould King 17003 All Terrain Piling Platform with 2828 pieces\" width=\"790\" height=\"631\" title=\"-\" srcset=\"https:\/\/mouldking.store\/wp-content\/uploads\/2021\/10\/Mould-King-17003-All-Terrain-Piling-Platform-with-2828-pieces-6.jpg 790w, https:\/\/mouldking.store\/wp-content\/uploads\/2021\/10\/Mould-King-17003-All-Terrain-Piling-Platform-with-2828-pieces-6-300x240.jpg 300w, https:\/\/mouldking.store\/wp-content\/uploads\/2021\/10\/Mould-King-17003-All-Terrain-Piling-Platform-with-2828-pieces-6-768x613.jpg 768w, https:\/\/mouldking.store\/wp-content\/uploads\/2021\/10\/Mould-King-17003-All-Terrain-Piling-Platform-with-2828-pieces-6-600x479.jpg 600w, https:\/\/mouldking.store\/wp-content\/uploads\/2021\/10\/Mould-King-17003-All-Terrain-Piling-Platform-with-2828-pieces-6-150x120.jpg 150w\" sizes=\"(max-width: 790px) 100vw, 790px\" \/><figcaption id=\"caption-attachment-25375\" class=\"wp-caption-text\">Mold King 17003 terrengpeleplattform med 2828 stk<\/figcaption><\/figure>\n<figure id=\"attachment_25374\" aria-describedby=\"caption-attachment-25374\" style=\"width: 790px\" class=\"wp-caption aligncenter\"><img loading=\"lazy\" decoding=\"async\" class=\"wp-image-25374 size-full\" src=\"https:\/\/mouldking.store\/wp-content\/uploads\/2021\/10\/Mould-King-17003-All-Terrain-Piling-Platform-with-2828-pieces-5.jpg\" alt=\"Mould King 17003 All Terrain Piling Platform with 2828 pieces\" width=\"790\" height=\"635\" title=\"-\" srcset=\"https:\/\/mouldking.store\/wp-content\/uploads\/2021\/10\/Mould-King-17003-All-Terrain-Piling-Platform-with-2828-pieces-5.jpg 790w, https:\/\/mouldking.store\/wp-content\/uploads\/2021\/10\/Mould-King-17003-All-Terrain-Piling-Platform-with-2828-pieces-5-300x241.jpg 300w, https:\/\/mouldking.store\/wp-content\/uploads\/2021\/10\/Mould-King-17003-All-Terrain-Piling-Platform-with-2828-pieces-5-768x617.jpg 768w, https:\/\/mouldking.store\/wp-content\/uploads\/2021\/10\/Mould-King-17003-All-Terrain-Piling-Platform-with-2828-pieces-5-600x482.jpg 600w, https:\/\/mouldking.store\/wp-content\/uploads\/2021\/10\/Mould-King-17003-All-Terrain-Piling-Platform-with-2828-pieces-5-150x121.jpg 150w\" sizes=\"(max-width: 790px) 100vw, 790px\" \/><figcaption id=\"caption-attachment-25374\" class=\"wp-caption-text\">Mold King 17003 terrengpeleplattform med 2828 stk<\/figcaption><\/figure>\n<figure id=\"attachment_25373\" aria-describedby=\"caption-attachment-25373\" style=\"width: 790px\" class=\"wp-caption aligncenter\"><img loading=\"lazy\" decoding=\"async\" class=\"wp-image-25373 size-full\" src=\"https:\/\/mouldking.store\/wp-content\/uploads\/2021\/10\/Mould-King-17003-All-Terrain-Piling-Platform-with-2828-pieces-4.jpg\" alt=\"Mould King 17003 All Terrain Piling Platform with 2828 pieces\" width=\"790\" height=\"578\" title=\"-\" srcset=\"https:\/\/mouldking.store\/wp-content\/uploads\/2021\/10\/Mould-King-17003-All-Terrain-Piling-Platform-with-2828-pieces-4.jpg 790w, https:\/\/mouldking.store\/wp-content\/uploads\/2021\/10\/Mould-King-17003-All-Terrain-Piling-Platform-with-2828-pieces-4-300x219.jpg 300w, https:\/\/mouldking.store\/wp-content\/uploads\/2021\/10\/Mould-King-17003-All-Terrain-Piling-Platform-with-2828-pieces-4-768x562.jpg 768w, https:\/\/mouldking.store\/wp-content\/uploads\/2021\/10\/Mould-King-17003-All-Terrain-Piling-Platform-with-2828-pieces-4-600x439.jpg 600w, https:\/\/mouldking.store\/wp-content\/uploads\/2021\/10\/Mould-King-17003-All-Terrain-Piling-Platform-with-2828-pieces-4-150x110.jpg 150w\" sizes=\"(max-width: 790px) 100vw, 790px\" \/><figcaption id=\"caption-attachment-25373\" class=\"wp-caption-text\">Mold King 17003 terrengpeleplattform med 2828 stk<\/figcaption><\/figure>\n<figure id=\"attachment_25372\" aria-describedby=\"caption-attachment-25372\" style=\"width: 790px\" class=\"wp-caption aligncenter\"><img loading=\"lazy\" decoding=\"async\" class=\"wp-image-25372 size-full\" src=\"https:\/\/mouldking.store\/wp-content\/uploads\/2021\/10\/Mould-King-17003-All-Terrain-Piling-Platform-with-2828-pieces-3.jpg\" alt=\"Mould King 17003 All Terrain Piling Platform with 2828 pieces\" width=\"790\" height=\"565\" title=\"-\" srcset=\"https:\/\/mouldking.store\/wp-content\/uploads\/2021\/10\/Mould-King-17003-All-Terrain-Piling-Platform-with-2828-pieces-3.jpg 790w, https:\/\/mouldking.store\/wp-content\/uploads\/2021\/10\/Mould-King-17003-All-Terrain-Piling-Platform-with-2828-pieces-3-300x215.jpg 300w, https:\/\/mouldking.store\/wp-content\/uploads\/2021\/10\/Mould-King-17003-All-Terrain-Piling-Platform-with-2828-pieces-3-768x549.jpg 768w, https:\/\/mouldking.store\/wp-content\/uploads\/2021\/10\/Mould-King-17003-All-Terrain-Piling-Platform-with-2828-pieces-3-600x429.jpg 600w, https:\/\/mouldking.store\/wp-content\/uploads\/2021\/10\/Mould-King-17003-All-Terrain-Piling-Platform-with-2828-pieces-3-150x107.jpg 150w\" sizes=\"(max-width: 790px) 100vw, 790px\" \/><figcaption id=\"caption-attachment-25372\" class=\"wp-caption-text\">Mold King 17003 terrengpeleplattform med 2828 stk<\/figcaption><\/figure>\n<figure id=\"attachment_25371\" aria-describedby=\"caption-attachment-25371\" style=\"width: 790px\" class=\"wp-caption aligncenter\"><img loading=\"lazy\" decoding=\"async\" class=\"wp-image-25371 size-full\" src=\"https:\/\/mouldking.store\/wp-content\/uploads\/2021\/10\/Mould-King-17003-All-Terrain-Piling-Platform-with-2828-pieces-2.jpg\" alt=\"Mould King 17003 All Terrain Piling Platform with 2828 pieces\" width=\"790\" height=\"605\" title=\"-\" srcset=\"https:\/\/mouldking.store\/wp-content\/uploads\/2021\/10\/Mould-King-17003-All-Terrain-Piling-Platform-with-2828-pieces-2.jpg 790w, https:\/\/mouldking.store\/wp-content\/uploads\/2021\/10\/Mould-King-17003-All-Terrain-Piling-Platform-with-2828-pieces-2-300x230.jpg 300w, https:\/\/mouldking.store\/wp-content\/uploads\/2021\/10\/Mould-King-17003-All-Terrain-Piling-Platform-with-2828-pieces-2-768x588.jpg 768w, https:\/\/mouldking.store\/wp-content\/uploads\/2021\/10\/Mould-King-17003-All-Terrain-Piling-Platform-with-2828-pieces-2-600x459.jpg 600w, https:\/\/mouldking.store\/wp-content\/uploads\/2021\/10\/Mould-King-17003-All-Terrain-Piling-Platform-with-2828-pieces-2-150x115.jpg 150w\" sizes=\"(max-width: 790px) 100vw, 790px\" \/><figcaption id=\"caption-attachment-25371\" class=\"wp-caption-text\">Mold King 17003 terrengpeleplattform med 2828 stk<\/figcaption><\/figure>\n<figure id=\"attachment_25378\" aria-describedby=\"caption-attachment-25378\" style=\"width: 790px\" class=\"wp-caption aligncenter\"><img loading=\"lazy\" decoding=\"async\" class=\"wp-image-25378 size-full\" src=\"https:\/\/mouldking.store\/wp-content\/uploads\/2021\/10\/Mould-King-17003-All-Terrain-Piling-Platform-with-2828-pieces-9.jpg\" alt=\"Mould King 17003 All Terrain Piling Platform with 2828 pieces\" width=\"790\" height=\"771\" title=\"-\" srcset=\"https:\/\/mouldking.store\/wp-content\/uploads\/2021\/10\/Mould-King-17003-All-Terrain-Piling-Platform-with-2828-pieces-9.jpg 790w, https:\/\/mouldking.store\/wp-content\/uploads\/2021\/10\/Mould-King-17003-All-Terrain-Piling-Platform-with-2828-pieces-9-300x293.jpg 300w, https:\/\/mouldking.store\/wp-content\/uploads\/2021\/10\/Mould-King-17003-All-Terrain-Piling-Platform-with-2828-pieces-9-768x750.jpg 768w, https:\/\/mouldking.store\/wp-content\/uploads\/2021\/10\/Mould-King-17003-All-Terrain-Piling-Platform-with-2828-pieces-9-600x586.jpg 600w, https:\/\/mouldking.store\/wp-content\/uploads\/2021\/10\/Mould-King-17003-All-Terrain-Piling-Platform-with-2828-pieces-9-150x146.jpg 150w\" sizes=\"(max-width: 790px) 100vw, 790px\" \/><figcaption id=\"caption-attachment-25378\" class=\"wp-caption-text\">Mold King 17003 terrengpeleplattform med 2828 stk<\/figcaption><\/figure>","protected":false},"excerpt":{"rendered":"<p>Product information: 1. Brand: Mould King 2. Gender: Unisex 3. Name: All Terrain Piling Platform 4. Age Range: &gt; 14 years old 5. Model Number: 17003 6. Classification: Assemblage 7. Plastic Block Shape: Self-Locking Bricks 8. Material: Plastic 9. Plastic Type: ABS 10. Bricks Blocks: 2828 PCS 11. Contains detailed assembly instructions. Notice: 1. Without [&hellip;]<\/p>","protected":false},"featured_media":25370,"comment_status":"open","ping_status":"closed","template":"","meta":{"_acf_changed":false},"product_cat":[364],"product_tag":[2403,2402,615,2401,2400],"class_list":["product","first","instock","shipping-taxable","purchasable","product-type-simple"],"acf":[],"_links":{"self":[{"href":"https:\/\/mouldking.store\/nb\/wp-json\/wp\/v2\/product\/25369","targetHints":{"allow":["GET"]}}],"collection":[{"href":"https:\/\/mouldking.store\/nb\/wp-json\/wp\/v2\/product"}],"about":[{"href":"https:\/\/mouldking.store\/nb\/wp-json\/wp\/v2\/types\/product"}],"replies":[{"embeddable":true,"href":"https:\/\/mouldking.store\/nb\/wp-json\/wp\/v2\/comments?post=25369"}],"wp:featuredmedia":[{"embeddable":true,"href":"https:\/\/mouldking.store\/nb\/wp-json\/wp\/v2\/media\/25370"}],"wp:attachment":[{"href":"https:\/\/mouldking.store\/nb\/wp-json\/wp\/v2\/media?parent=25369"}],"wp:term":[{"taxonomy":"product_cat","embeddable":true,"href":"https:\/\/mouldking.store\/nb\/wp-json\/wp\/v2\/product_cat?post=25369"},{"taxonomy":"product_tag","embeddable":true,"href":"https:\/\/mouldking.store\/nb\/wp-json\/wp\/v2\/product_tag?post=25369"}],"curies":[{"name":"wp","href":"https:\/\/api.w.org\/{rel}","templated":true}]}}