{"id":25395,"date":"2021-10-21T05:05:37","date_gmt":"2021-10-20T22:05:37","guid":{"rendered":"https:\/\/mouldking.store\/?post_type=product&#038;p=25395"},"modified":"2022-07-26T18:51:00","modified_gmt":"2022-07-26T11:51:00","slug":"cada-c61031-fujiwara-tofu-store-with-1908-pieces","status":"publish","type":"product","link":"https:\/\/mouldking.store\/nb\/shop\/cada-c61031-fujiwara-tofu-store-with-1908-pieces\/","title":{"rendered":"CADA C61031 Fujiwara Tofu Store med 1908 stykker"},"content":{"rendered":"<p>Produktinformasjon:<br \/>\n1. Brand: CADA<br \/>\n2. Kj\u00f8nn: Unisex<br \/>\n3. Name: Fujiwara Tofu Store<br \/>\n4. Aldersgruppe: &gt; 6 \u00e5r gammel<br \/>\n5. Model Number: C61031<br \/>\n6. Klassifisering: Montering<br \/>\n7. Plastblokkform: Selvl\u00e5sende murstein<br \/>\n8. Materiale: Plast<br \/>\n9. Plast Type: ABS<br \/>\n10. Bricks Blocks: 1908 PCS<br \/>\n11. Inneholder detaljerte monteringsanvisninger.<br \/>\nLegge merke til:<br \/>\n1. Uten original eske, men vi garanterer at v\u00e5re produkter har kvalitetssikring og pen emballasje.<br \/>\n2. Som alle delene vi har sjekket f\u00f8r frakt, s\u00e5 hvis du finner noen deler savnet eller skadet, ikke bekymre deg og bare kontakt oss, s\u00e5 kan vi sende dem til deg p\u00e5 nytt umiddelbart gratis.<\/p>\n<figure id=\"attachment_25401\" aria-describedby=\"caption-attachment-25401\" style=\"width: 459px\" class=\"wp-caption aligncenter\"><img fetchpriority=\"high\" decoding=\"async\" class=\"wp-image-25401 size-full\" src=\"https:\/\/mouldking.store\/wp-content\/uploads\/2021\/10\/CADA-C61031-Fujiwara-Tofu-Store-with-1908-pieces-6.jpg\" alt=\"CADA C61031 Fujiwara Tofu Store with 1908 pieces\" width=\"459\" height=\"1024\" title=\"-\" srcset=\"https:\/\/mouldking.store\/wp-content\/uploads\/2021\/10\/CADA-C61031-Fujiwara-Tofu-Store-with-1908-pieces-6.jpg 459w, https:\/\/mouldking.store\/wp-content\/uploads\/2021\/10\/CADA-C61031-Fujiwara-Tofu-Store-with-1908-pieces-6-134x300.jpg 134w, https:\/\/mouldking.store\/wp-content\/uploads\/2021\/10\/CADA-C61031-Fujiwara-Tofu-Store-with-1908-pieces-6-300x669.jpg 300w, https:\/\/mouldking.store\/wp-content\/uploads\/2021\/10\/CADA-C61031-Fujiwara-Tofu-Store-with-1908-pieces-6-67x150.jpg 67w\" sizes=\"(max-width: 459px) 100vw, 459px\" \/><figcaption id=\"caption-attachment-25401\" class=\"wp-caption-text\">CADA C61031 Fujiwara Tofu Store med 1908 stykker<\/figcaption><\/figure>\n<figure id=\"attachment_25402\" aria-describedby=\"caption-attachment-25402\" style=\"width: 485px\" class=\"wp-caption aligncenter\"><img decoding=\"async\" class=\"wp-image-25402 size-full\" src=\"https:\/\/mouldking.store\/wp-content\/uploads\/2021\/10\/CADA-C61031-Fujiwara-Tofu-Store-with-1908-pieces-7.jpg\" alt=\"CADA C61031 Fujiwara Tofu Store with 1908 pieces\" width=\"485\" height=\"1024\" title=\"-\" srcset=\"https:\/\/mouldking.store\/wp-content\/uploads\/2021\/10\/CADA-C61031-Fujiwara-Tofu-Store-with-1908-pieces-7.jpg 485w, https:\/\/mouldking.store\/wp-content\/uploads\/2021\/10\/CADA-C61031-Fujiwara-Tofu-Store-with-1908-pieces-7-142x300.jpg 142w, https:\/\/mouldking.store\/wp-content\/uploads\/2021\/10\/CADA-C61031-Fujiwara-Tofu-Store-with-1908-pieces-7-300x633.jpg 300w, https:\/\/mouldking.store\/wp-content\/uploads\/2021\/10\/CADA-C61031-Fujiwara-Tofu-Store-with-1908-pieces-7-71x150.jpg 71w\" sizes=\"(max-width: 485px) 100vw, 485px\" \/><figcaption id=\"caption-attachment-25402\" class=\"wp-caption-text\">CADA C61031 Fujiwara Tofu Store med 1908 stykker<\/figcaption><\/figure>\n<figure id=\"attachment_25397\" aria-describedby=\"caption-attachment-25397\" style=\"width: 562px\" class=\"wp-caption aligncenter\"><img decoding=\"async\" class=\"wp-image-25397 size-full\" src=\"https:\/\/mouldking.store\/wp-content\/uploads\/2021\/10\/CADA-C61031-Fujiwara-Tofu-Store-with-1908-pieces-2.jpg\" alt=\"CADA C61031 Fujiwara Tofu Store with 1908 pieces\" width=\"562\" height=\"1024\" title=\"-\" srcset=\"https:\/\/mouldking.store\/wp-content\/uploads\/2021\/10\/CADA-C61031-Fujiwara-Tofu-Store-with-1908-pieces-2.jpg 562w, https:\/\/mouldking.store\/wp-content\/uploads\/2021\/10\/CADA-C61031-Fujiwara-Tofu-Store-with-1908-pieces-2-165x300.jpg 165w, https:\/\/mouldking.store\/wp-content\/uploads\/2021\/10\/CADA-C61031-Fujiwara-Tofu-Store-with-1908-pieces-2-300x547.jpg 300w, https:\/\/mouldking.store\/wp-content\/uploads\/2021\/10\/CADA-C61031-Fujiwara-Tofu-Store-with-1908-pieces-2-82x150.jpg 82w\" sizes=\"(max-width: 562px) 100vw, 562px\" \/><figcaption id=\"caption-attachment-25397\" class=\"wp-caption-text\">CADA C61031 Fujiwara Tofu Store med 1908 stykker<\/figcaption><\/figure>\n<figure id=\"attachment_25398\" aria-describedby=\"caption-attachment-25398\" style=\"width: 705px\" class=\"wp-caption aligncenter\"><img loading=\"lazy\" decoding=\"async\" class=\"wp-image-25398 size-full\" src=\"https:\/\/mouldking.store\/wp-content\/uploads\/2021\/10\/CADA-C61031-Fujiwara-Tofu-Store-with-1908-pieces-3.jpg\" alt=\"CADA C61031 Fujiwara Tofu Store with 1908 pieces\" width=\"705\" height=\"1024\" title=\"-\" srcset=\"https:\/\/mouldking.store\/wp-content\/uploads\/2021\/10\/CADA-C61031-Fujiwara-Tofu-Store-with-1908-pieces-3.jpg 705w, https:\/\/mouldking.store\/wp-content\/uploads\/2021\/10\/CADA-C61031-Fujiwara-Tofu-Store-with-1908-pieces-3-207x300.jpg 207w, https:\/\/mouldking.store\/wp-content\/uploads\/2021\/10\/CADA-C61031-Fujiwara-Tofu-Store-with-1908-pieces-3-300x436.jpg 300w, https:\/\/mouldking.store\/wp-content\/uploads\/2021\/10\/CADA-C61031-Fujiwara-Tofu-Store-with-1908-pieces-3-600x871.jpg 600w, https:\/\/mouldking.store\/wp-content\/uploads\/2021\/10\/CADA-C61031-Fujiwara-Tofu-Store-with-1908-pieces-3-103x150.jpg 103w\" sizes=\"(max-width: 705px) 100vw, 705px\" \/><figcaption id=\"caption-attachment-25398\" class=\"wp-caption-text\">CADA C61031 Fujiwara Tofu Store med 1908 stykker<\/figcaption><\/figure>\n<figure id=\"attachment_25399\" aria-describedby=\"caption-attachment-25399\" style=\"width: 521px\" class=\"wp-caption aligncenter\"><img loading=\"lazy\" decoding=\"async\" class=\"wp-image-25399 size-full\" src=\"https:\/\/mouldking.store\/wp-content\/uploads\/2021\/10\/CADA-C61031-Fujiwara-Tofu-Store-with-1908-pieces-4.jpg\" alt=\"CADA C61031 Fujiwara Tofu Store with 1908 pieces\" width=\"521\" height=\"1024\" title=\"-\" srcset=\"https:\/\/mouldking.store\/wp-content\/uploads\/2021\/10\/CADA-C61031-Fujiwara-Tofu-Store-with-1908-pieces-4.jpg 521w, https:\/\/mouldking.store\/wp-content\/uploads\/2021\/10\/CADA-C61031-Fujiwara-Tofu-Store-with-1908-pieces-4-153x300.jpg 153w, https:\/\/mouldking.store\/wp-content\/uploads\/2021\/10\/CADA-C61031-Fujiwara-Tofu-Store-with-1908-pieces-4-300x590.jpg 300w, https:\/\/mouldking.store\/wp-content\/uploads\/2021\/10\/CADA-C61031-Fujiwara-Tofu-Store-with-1908-pieces-4-76x150.jpg 76w\" sizes=\"(max-width: 521px) 100vw, 521px\" \/><figcaption id=\"caption-attachment-25399\" class=\"wp-caption-text\">CADA C61031 Fujiwara Tofu Store med 1908 stykker<\/figcaption><\/figure>\n<figure id=\"attachment_25400\" aria-describedby=\"caption-attachment-25400\" style=\"width: 606px\" class=\"wp-caption aligncenter\"><img loading=\"lazy\" decoding=\"async\" class=\"wp-image-25400 size-full\" src=\"https:\/\/mouldking.store\/wp-content\/uploads\/2021\/10\/CADA-C61031-Fujiwara-Tofu-Store-with-1908-pieces-5.jpg\" alt=\"CADA C61031 Fujiwara Tofu Store with 1908 pieces\" width=\"606\" height=\"1023\" title=\"-\" srcset=\"https:\/\/mouldking.store\/wp-content\/uploads\/2021\/10\/CADA-C61031-Fujiwara-Tofu-Store-with-1908-pieces-5.jpg 606w, https:\/\/mouldking.store\/wp-content\/uploads\/2021\/10\/CADA-C61031-Fujiwara-Tofu-Store-with-1908-pieces-5-178x300.jpg 178w, https:\/\/mouldking.store\/wp-content\/uploads\/2021\/10\/CADA-C61031-Fujiwara-Tofu-Store-with-1908-pieces-5-300x506.jpg 300w, https:\/\/mouldking.store\/wp-content\/uploads\/2021\/10\/CADA-C61031-Fujiwara-Tofu-Store-with-1908-pieces-5-600x1013.jpg 600w, https:\/\/mouldking.store\/wp-content\/uploads\/2021\/10\/CADA-C61031-Fujiwara-Tofu-Store-with-1908-pieces-5-89x150.jpg 89w\" sizes=\"(max-width: 606px) 100vw, 606px\" \/><figcaption id=\"caption-attachment-25400\" class=\"wp-caption-text\">CADA C61031 Fujiwara Tofu Store med 1908 stykker<\/figcaption><\/figure>","protected":false},"excerpt":{"rendered":"<p>Product information: 1. Brand: CADA 2. Gender: Unisex 3. Name: Fujiwara Tofu Store 4. Age Range: &gt; 6 years old 5. Model Number: C61031 6. Classification: Assemblage 7. Plastic Block Shape: Self-Locking Bricks 8. Material: Plastic 9. Plastic Type: ABS 10. Bricks Blocks: 1908 PCS 11. Contains detailed assembly instructions. Notice: 1. Without an original [&hellip;]<\/p>","protected":false},"featured_media":25396,"comment_status":"open","ping_status":"closed","template":"","meta":{"_acf_changed":false},"product_cat":[390],"product_tag":[2423,1916,2420,2419,2422,2424,2421,2425],"class_list":["product","first","instock","shipping-taxable","purchasable","product-type-simple"],"acf":[],"_links":{"self":[{"href":"https:\/\/mouldking.store\/nb\/wp-json\/wp\/v2\/product\/25395","targetHints":{"allow":["GET"]}}],"collection":[{"href":"https:\/\/mouldking.store\/nb\/wp-json\/wp\/v2\/product"}],"about":[{"href":"https:\/\/mouldking.store\/nb\/wp-json\/wp\/v2\/types\/product"}],"replies":[{"embeddable":true,"href":"https:\/\/mouldking.store\/nb\/wp-json\/wp\/v2\/comments?post=25395"}],"wp:featuredmedia":[{"embeddable":true,"href":"https:\/\/mouldking.store\/nb\/wp-json\/wp\/v2\/media\/25396"}],"wp:attachment":[{"href":"https:\/\/mouldking.store\/nb\/wp-json\/wp\/v2\/media?parent=25395"}],"wp:term":[{"taxonomy":"product_cat","embeddable":true,"href":"https:\/\/mouldking.store\/nb\/wp-json\/wp\/v2\/product_cat?post=25395"},{"taxonomy":"product_tag","embeddable":true,"href":"https:\/\/mouldking.store\/nb\/wp-json\/wp\/v2\/product_tag?post=25395"}],"curies":[{"name":"wp","href":"https:\/\/api.w.org\/{rel}","templated":true}]}}