{"id":25403,"date":"2021-08-21T05:05:47","date_gmt":"2021-08-21T05:05:47","guid":{"rendered":"https:\/\/mouldking.store\/?post_type=product&#038;p=25403"},"modified":"2021-12-23T09:41:55","modified_gmt":"2021-12-23T09:41:55","slug":"zhegao-ql1804-pirates-ship-with-1352-pieces","status":"publish","type":"product","link":"https:\/\/mouldking.store\/nb\/shop\/zhegao-ql1804-pirates-ship-with-1352-pieces\/","title":{"rendered":"ZHEGAO QL1804 Pirates Ship med 1352 stykker"},"content":{"rendered":"<p>Produktinformasjon:<br \/>\n1. Merke: HSANHE<br \/>\n2. Kj\u00f8nn: ZHEGAO<br \/>\n3. Navn: Piratskip<br \/>\n4. Aldersgruppe: &gt; 6 \u00e5r gammel<br \/>\n5. Modellnummer: QL1804<br \/>\n6. Klassifisering: Montering<br \/>\n7. Plastblokkform: Selvl\u00e5sende murstein<br \/>\n8. Materiale: Plast<br \/>\n9. Plast Type: ABS<br \/>\n10. Mursteinsblokker: 1352 STK<br \/>\n11. Inneholder detaljerte monteringsanvisninger.<br \/>\nLegge merke til:<br \/>\n1. Uten original eske, men vi garanterer at v\u00e5re produkter har kvalitetssikring og pen emballasje.<br \/>\n2. Som alle delene vi har sjekket f\u00f8r frakt, s\u00e5 hvis du finner noen deler savnet eller skadet, ikke bekymre deg og bare kontakt oss, s\u00e5 kan vi sende dem til deg p\u00e5 nytt umiddelbart gratis.<\/p>\n<figure id=\"attachment_25404\" aria-describedby=\"caption-attachment-25404\" style=\"width: 800px\" class=\"wp-caption aligncenter\"><img fetchpriority=\"high\" decoding=\"async\" class=\"wp-image-25404 size-full\" src=\"https:\/\/mouldking.store\/wp-content\/uploads\/2021\/10\/ZHEGAO-QL1804-Pirates-Ship-with-1352-pieces-1.jpg\" alt=\"ZHEGAO QL1804 Pirates Ship with 1352 pieces\" width=\"800\" height=\"800\" title=\"-\" srcset=\"https:\/\/mouldking.store\/wp-content\/uploads\/2021\/10\/ZHEGAO-QL1804-Pirates-Ship-with-1352-pieces-1.jpg 800w, https:\/\/mouldking.store\/wp-content\/uploads\/2021\/10\/ZHEGAO-QL1804-Pirates-Ship-with-1352-pieces-1-300x300.jpg 300w, https:\/\/mouldking.store\/wp-content\/uploads\/2021\/10\/ZHEGAO-QL1804-Pirates-Ship-with-1352-pieces-1-768x768.jpg 768w, https:\/\/mouldking.store\/wp-content\/uploads\/2021\/10\/ZHEGAO-QL1804-Pirates-Ship-with-1352-pieces-1-600x600.jpg 600w, https:\/\/mouldking.store\/wp-content\/uploads\/2021\/10\/ZHEGAO-QL1804-Pirates-Ship-with-1352-pieces-1-150x150.jpg 150w\" sizes=\"(max-width: 800px) 100vw, 800px\" \/><figcaption id=\"caption-attachment-25404\" class=\"wp-caption-text\">ZHEGAO QL1804 Pirates Ship med 1352 stykker<\/figcaption><\/figure>\n<figure id=\"attachment_25406\" aria-describedby=\"caption-attachment-25406\" style=\"width: 800px\" class=\"wp-caption aligncenter\"><img decoding=\"async\" class=\"wp-image-25406\" src=\"https:\/\/mouldking.store\/wp-content\/uploads\/2021\/10\/ZHEGAO-QL1804-Pirates-Ship-with-1352-pieces-3-300x300.jpg\" alt=\"ZHEGAO QL1804 Pirates Ship with 1352 pieces\" width=\"800\" height=\"800\" title=\"-\" srcset=\"https:\/\/mouldking.store\/wp-content\/uploads\/2021\/10\/ZHEGAO-QL1804-Pirates-Ship-with-1352-pieces-3-300x300.jpg 300w, https:\/\/mouldking.store\/wp-content\/uploads\/2021\/10\/ZHEGAO-QL1804-Pirates-Ship-with-1352-pieces-3-768x768.jpg 768w, https:\/\/mouldking.store\/wp-content\/uploads\/2021\/10\/ZHEGAO-QL1804-Pirates-Ship-with-1352-pieces-3-600x600.jpg 600w, https:\/\/mouldking.store\/wp-content\/uploads\/2021\/10\/ZHEGAO-QL1804-Pirates-Ship-with-1352-pieces-3-150x150.jpg 150w, https:\/\/mouldking.store\/wp-content\/uploads\/2021\/10\/ZHEGAO-QL1804-Pirates-Ship-with-1352-pieces-3.jpg 1024w\" sizes=\"(max-width: 800px) 100vw, 800px\" \/><figcaption id=\"caption-attachment-25406\" class=\"wp-caption-text\">ZHEGAO QL1804 Pirates Ship med 1352 stykker<\/figcaption><\/figure>\n<figure id=\"attachment_25405\" aria-describedby=\"caption-attachment-25405\" style=\"width: 800px\" class=\"wp-caption aligncenter\"><img decoding=\"async\" class=\"wp-image-25405\" src=\"https:\/\/mouldking.store\/wp-content\/uploads\/2021\/10\/ZHEGAO-QL1804-Pirates-Ship-with-1352-pieces-2-300x300.jpg\" alt=\"ZHEGAO QL1804 Pirates Ship with 1352 pieces\" width=\"800\" height=\"800\" title=\"-\" srcset=\"https:\/\/mouldking.store\/wp-content\/uploads\/2021\/10\/ZHEGAO-QL1804-Pirates-Ship-with-1352-pieces-2-300x300.jpg 300w, https:\/\/mouldking.store\/wp-content\/uploads\/2021\/10\/ZHEGAO-QL1804-Pirates-Ship-with-1352-pieces-2-768x768.jpg 768w, https:\/\/mouldking.store\/wp-content\/uploads\/2021\/10\/ZHEGAO-QL1804-Pirates-Ship-with-1352-pieces-2-600x600.jpg 600w, https:\/\/mouldking.store\/wp-content\/uploads\/2021\/10\/ZHEGAO-QL1804-Pirates-Ship-with-1352-pieces-2-150x150.jpg 150w, https:\/\/mouldking.store\/wp-content\/uploads\/2021\/10\/ZHEGAO-QL1804-Pirates-Ship-with-1352-pieces-2.jpg 1024w\" sizes=\"(max-width: 800px) 100vw, 800px\" \/><figcaption id=\"caption-attachment-25405\" class=\"wp-caption-text\">ZHEGAO QL1804 Pirates Ship med 1352 stykker<\/figcaption><\/figure>","protected":false},"excerpt":{"rendered":"<p>Product information: 1. Brand: HSANHE 2. Gender: ZHEGAO 3. Name: Pirates Ship 4. Age Range: &gt; 6 years old 5. Model Number: QL1804 6. Classification: Assemblage 7. Plastic Block Shape: Self-Locking Bricks 8. Material: Plastic 9. Plastic Type: ABS 10. Bricks Blocks: 1352 PCS 11. Contains detailed assembly instructions. Notice: 1. Without an original box, [&hellip;]<\/p>","protected":false},"featured_media":25404,"comment_status":"open","ping_status":"closed","template":"","meta":{"_acf_changed":false},"product_cat":[581],"product_tag":[2429,1880,2428,304,1698,2430,2427,2426],"class_list":["product","first","outofstock","shipping-taxable","purchasable","product-type-simple"],"acf":[],"_links":{"self":[{"href":"https:\/\/mouldking.store\/nb\/wp-json\/wp\/v2\/product\/25403","targetHints":{"allow":["GET"]}}],"collection":[{"href":"https:\/\/mouldking.store\/nb\/wp-json\/wp\/v2\/product"}],"about":[{"href":"https:\/\/mouldking.store\/nb\/wp-json\/wp\/v2\/types\/product"}],"replies":[{"embeddable":true,"href":"https:\/\/mouldking.store\/nb\/wp-json\/wp\/v2\/comments?post=25403"}],"wp:featuredmedia":[{"embeddable":true,"href":"https:\/\/mouldking.store\/nb\/wp-json\/wp\/v2\/media\/25404"}],"wp:attachment":[{"href":"https:\/\/mouldking.store\/nb\/wp-json\/wp\/v2\/media?parent=25403"}],"wp:term":[{"taxonomy":"product_cat","embeddable":true,"href":"https:\/\/mouldking.store\/nb\/wp-json\/wp\/v2\/product_cat?post=25403"},{"taxonomy":"product_tag","embeddable":true,"href":"https:\/\/mouldking.store\/nb\/wp-json\/wp\/v2\/product_tag?post=25403"}],"curies":[{"name":"wp","href":"https:\/\/api.w.org\/{rel}","templated":true}]}}