{"id":25407,"date":"2021-10-21T05:14:48","date_gmt":"2021-10-21T05:14:48","guid":{"rendered":"https:\/\/mouldking.store\/?post_type=product&#038;p=25407"},"modified":"2021-12-23T09:41:55","modified_gmt":"2021-12-23T09:41:55","slug":"quanguan-100065-usa-m26-pershing-tank-with-1013-pieces","status":"publish","type":"product","link":"https:\/\/mouldking.store\/nb\/shop\/quanguan-100065-usa-m26-pershing-tank-with-1013-pieces\/","title":{"rendered":"QuanGuan 100065 USA M26 PERSHING Tank med 1013 stykker"},"content":{"rendered":"<p>Produktinformasjon:<br \/>\n1. Brand: QuanGuan<br \/>\n2. Kj\u00f8nn: Unisex<br \/>\n3. Name: USA M26 PERSHING Tank<br \/>\n4. Aldersgruppe: &gt; 6 \u00e5r gammel<br \/>\n5. Model Number: 100065<br \/>\n6. Klassifisering: Montering<br \/>\n7. Plastblokkform: Selvl\u00e5sende murstein<br \/>\n8. Materiale: Plast<br \/>\n9. Plast Type: ABS<br \/>\n10. Bricks Blocks: 1013 PCS<br \/>\n11. Inneholder detaljerte monteringsanvisninger.<br \/>\nLegge merke til:<br \/>\n1. Uten original eske, men vi garanterer at v\u00e5re produkter har kvalitetssikring og pen emballasje.<br \/>\n2. Som alle delene vi har sjekket f\u00f8r frakt, s\u00e5 hvis du finner noen deler savnet eller skadet, ikke bekymre deg og bare kontakt oss, s\u00e5 kan vi sende dem til deg p\u00e5 nytt umiddelbart gratis.<\/p>\n<figure id=\"attachment_25408\" aria-describedby=\"caption-attachment-25408\" style=\"width: 800px\" class=\"wp-caption aligncenter\"><img fetchpriority=\"high\" decoding=\"async\" class=\"wp-image-25408 size-full\" src=\"https:\/\/mouldking.store\/wp-content\/uploads\/2021\/10\/QuanGuan-100065-USA-M26-PERSHING-Tank-with-1013-pieces-1.jpg\" alt=\"QuanGuan 100065 USA M26 PERSHING Tank with 1013 pieces\" width=\"800\" height=\"800\" title=\"-\" srcset=\"https:\/\/mouldking.store\/wp-content\/uploads\/2021\/10\/QuanGuan-100065-USA-M26-PERSHING-Tank-with-1013-pieces-1.jpg 800w, https:\/\/mouldking.store\/wp-content\/uploads\/2021\/10\/QuanGuan-100065-USA-M26-PERSHING-Tank-with-1013-pieces-1-300x300.jpg 300w, https:\/\/mouldking.store\/wp-content\/uploads\/2021\/10\/QuanGuan-100065-USA-M26-PERSHING-Tank-with-1013-pieces-1-768x768.jpg 768w, https:\/\/mouldking.store\/wp-content\/uploads\/2021\/10\/QuanGuan-100065-USA-M26-PERSHING-Tank-with-1013-pieces-1-600x600.jpg 600w, https:\/\/mouldking.store\/wp-content\/uploads\/2021\/10\/QuanGuan-100065-USA-M26-PERSHING-Tank-with-1013-pieces-1-150x150.jpg 150w\" sizes=\"(max-width: 800px) 100vw, 800px\" \/><figcaption id=\"caption-attachment-25408\" class=\"wp-caption-text\">QuanGuan 100065 USA M26 PERSHING Tank med 1013 stykker<\/figcaption><\/figure>\n<figure id=\"attachment_25412\" aria-describedby=\"caption-attachment-25412\" style=\"width: 800px\" class=\"wp-caption aligncenter\"><img decoding=\"async\" class=\"wp-image-25412 size-full\" src=\"https:\/\/mouldking.store\/wp-content\/uploads\/2021\/10\/QuanGuan-100065-USA-M26-PERSHING-Tank-with-1013-pieces-5.jpg\" alt=\"QuanGuan 100065 USA M26 PERSHING Tank with 1013 pieces\" width=\"800\" height=\"800\" title=\"-\" srcset=\"https:\/\/mouldking.store\/wp-content\/uploads\/2021\/10\/QuanGuan-100065-USA-M26-PERSHING-Tank-with-1013-pieces-5.jpg 800w, https:\/\/mouldking.store\/wp-content\/uploads\/2021\/10\/QuanGuan-100065-USA-M26-PERSHING-Tank-with-1013-pieces-5-300x300.jpg 300w, https:\/\/mouldking.store\/wp-content\/uploads\/2021\/10\/QuanGuan-100065-USA-M26-PERSHING-Tank-with-1013-pieces-5-768x768.jpg 768w, https:\/\/mouldking.store\/wp-content\/uploads\/2021\/10\/QuanGuan-100065-USA-M26-PERSHING-Tank-with-1013-pieces-5-600x600.jpg 600w, https:\/\/mouldking.store\/wp-content\/uploads\/2021\/10\/QuanGuan-100065-USA-M26-PERSHING-Tank-with-1013-pieces-5-150x150.jpg 150w\" sizes=\"(max-width: 800px) 100vw, 800px\" \/><figcaption id=\"caption-attachment-25412\" class=\"wp-caption-text\">QuanGuan 100065 USA M26 PERSHING Tank med 1013 stykker<\/figcaption><\/figure>\n<figure id=\"attachment_25411\" aria-describedby=\"caption-attachment-25411\" style=\"width: 800px\" class=\"wp-caption aligncenter\"><img decoding=\"async\" class=\"wp-image-25411 size-full\" src=\"https:\/\/mouldking.store\/wp-content\/uploads\/2021\/10\/QuanGuan-100065-USA-M26-PERSHING-Tank-with-1013-pieces-4.jpg\" alt=\"QuanGuan 100065 USA M26 PERSHING Tank with 1013 pieces\" width=\"800\" height=\"800\" title=\"-\" srcset=\"https:\/\/mouldking.store\/wp-content\/uploads\/2021\/10\/QuanGuan-100065-USA-M26-PERSHING-Tank-with-1013-pieces-4.jpg 800w, https:\/\/mouldking.store\/wp-content\/uploads\/2021\/10\/QuanGuan-100065-USA-M26-PERSHING-Tank-with-1013-pieces-4-300x300.jpg 300w, https:\/\/mouldking.store\/wp-content\/uploads\/2021\/10\/QuanGuan-100065-USA-M26-PERSHING-Tank-with-1013-pieces-4-768x768.jpg 768w, https:\/\/mouldking.store\/wp-content\/uploads\/2021\/10\/QuanGuan-100065-USA-M26-PERSHING-Tank-with-1013-pieces-4-600x600.jpg 600w, https:\/\/mouldking.store\/wp-content\/uploads\/2021\/10\/QuanGuan-100065-USA-M26-PERSHING-Tank-with-1013-pieces-4-150x150.jpg 150w\" sizes=\"(max-width: 800px) 100vw, 800px\" \/><figcaption id=\"caption-attachment-25411\" class=\"wp-caption-text\">QuanGuan 100065 USA M26 PERSHING Tank med 1013 stykker<\/figcaption><\/figure>\n<figure id=\"attachment_25410\" aria-describedby=\"caption-attachment-25410\" style=\"width: 800px\" class=\"wp-caption aligncenter\"><img loading=\"lazy\" decoding=\"async\" class=\"wp-image-25410 size-full\" src=\"https:\/\/mouldking.store\/wp-content\/uploads\/2021\/10\/QuanGuan-100065-USA-M26-PERSHING-Tank-with-1013-pieces-3.jpg\" alt=\"QuanGuan 100065 USA M26 PERSHING Tank with 1013 pieces\" width=\"800\" height=\"800\" title=\"-\" srcset=\"https:\/\/mouldking.store\/wp-content\/uploads\/2021\/10\/QuanGuan-100065-USA-M26-PERSHING-Tank-with-1013-pieces-3.jpg 800w, https:\/\/mouldking.store\/wp-content\/uploads\/2021\/10\/QuanGuan-100065-USA-M26-PERSHING-Tank-with-1013-pieces-3-300x300.jpg 300w, https:\/\/mouldking.store\/wp-content\/uploads\/2021\/10\/QuanGuan-100065-USA-M26-PERSHING-Tank-with-1013-pieces-3-768x768.jpg 768w, https:\/\/mouldking.store\/wp-content\/uploads\/2021\/10\/QuanGuan-100065-USA-M26-PERSHING-Tank-with-1013-pieces-3-600x600.jpg 600w, https:\/\/mouldking.store\/wp-content\/uploads\/2021\/10\/QuanGuan-100065-USA-M26-PERSHING-Tank-with-1013-pieces-3-150x150.jpg 150w\" sizes=\"(max-width: 800px) 100vw, 800px\" \/><figcaption id=\"caption-attachment-25410\" class=\"wp-caption-text\">QuanGuan 100065 USA M26 PERSHING Tank med 1013 stykker<\/figcaption><\/figure>\n<figure id=\"attachment_25409\" aria-describedby=\"caption-attachment-25409\" style=\"width: 800px\" class=\"wp-caption aligncenter\"><img loading=\"lazy\" decoding=\"async\" class=\"wp-image-25409 size-full\" src=\"https:\/\/mouldking.store\/wp-content\/uploads\/2021\/10\/QuanGuan-100065-USA-M26-PERSHING-Tank-with-1013-pieces-2.jpg\" alt=\"QuanGuan 100065 USA M26 PERSHING Tank with 1013 pieces\" width=\"800\" height=\"800\" title=\"-\" srcset=\"https:\/\/mouldking.store\/wp-content\/uploads\/2021\/10\/QuanGuan-100065-USA-M26-PERSHING-Tank-with-1013-pieces-2.jpg 800w, https:\/\/mouldking.store\/wp-content\/uploads\/2021\/10\/QuanGuan-100065-USA-M26-PERSHING-Tank-with-1013-pieces-2-300x300.jpg 300w, https:\/\/mouldking.store\/wp-content\/uploads\/2021\/10\/QuanGuan-100065-USA-M26-PERSHING-Tank-with-1013-pieces-2-768x768.jpg 768w, https:\/\/mouldking.store\/wp-content\/uploads\/2021\/10\/QuanGuan-100065-USA-M26-PERSHING-Tank-with-1013-pieces-2-600x600.jpg 600w, https:\/\/mouldking.store\/wp-content\/uploads\/2021\/10\/QuanGuan-100065-USA-M26-PERSHING-Tank-with-1013-pieces-2-150x150.jpg 150w\" sizes=\"(max-width: 800px) 100vw, 800px\" \/><figcaption id=\"caption-attachment-25409\" class=\"wp-caption-text\">QuanGuan 100065 USA M26 PERSHING Tank med 1013 stykker<\/figcaption><\/figure>","protected":false},"excerpt":{"rendered":"<p>Product information: 1. Brand: QuanGuan 2. Gender: Unisex 3. Name: USA M26 PERSHING Tank 4. Age Range: &gt; 6 years old 5. Model Number: 100065 6. Classification: Assemblage 7. Plastic Block Shape: Self-Locking Bricks 8. Material: Plastic 9. Plastic Type: ABS 10. Bricks Blocks: 1013 PCS 11. Contains detailed assembly instructions. Notice: 1. Without an [&hellip;]<\/p>","protected":false},"featured_media":25408,"comment_status":"open","ping_status":"closed","template":"","meta":{"_acf_changed":false},"product_cat":[372],"product_tag":[2434,2290,2432,2431,2436,485,2435,2433,2437],"class_list":["product","first","instock","shipping-taxable","purchasable","product-type-simple"],"acf":[],"_links":{"self":[{"href":"https:\/\/mouldking.store\/nb\/wp-json\/wp\/v2\/product\/25407","targetHints":{"allow":["GET"]}}],"collection":[{"href":"https:\/\/mouldking.store\/nb\/wp-json\/wp\/v2\/product"}],"about":[{"href":"https:\/\/mouldking.store\/nb\/wp-json\/wp\/v2\/types\/product"}],"replies":[{"embeddable":true,"href":"https:\/\/mouldking.store\/nb\/wp-json\/wp\/v2\/comments?post=25407"}],"wp:featuredmedia":[{"embeddable":true,"href":"https:\/\/mouldking.store\/nb\/wp-json\/wp\/v2\/media\/25408"}],"wp:attachment":[{"href":"https:\/\/mouldking.store\/nb\/wp-json\/wp\/v2\/media?parent=25407"}],"wp:term":[{"taxonomy":"product_cat","embeddable":true,"href":"https:\/\/mouldking.store\/nb\/wp-json\/wp\/v2\/product_cat?post=25407"},{"taxonomy":"product_tag","embeddable":true,"href":"https:\/\/mouldking.store\/nb\/wp-json\/wp\/v2\/product_tag?post=25407"}],"curies":[{"name":"wp","href":"https:\/\/api.w.org\/{rel}","templated":true}]}}