{"id":25442,"date":"2021-10-22T02:47:10","date_gmt":"2021-10-22T02:47:10","guid":{"rendered":"https:\/\/mouldking.store\/?post_type=product&#038;p=25442"},"modified":"2021-12-23T09:41:58","modified_gmt":"2021-12-23T09:41:58","slug":"18k-k136-one-77-with-2268-pieces","status":"publish","type":"product","link":"https:\/\/mouldking.store\/nb\/shop\/18k-k136-one-77-with-2268-pieces\/","title":{"rendered":"18K K136 ONE 77 med 2268 stk"},"content":{"rendered":"<p>Produktinformasjon:<br \/>\n1. Brand: 18K<br \/>\n2. Kj\u00f8nn: Unisex<br \/>\n3. Name: ONE 77<br \/>\n4. Aldersgruppe: &gt; 6 \u00e5r gammel<br \/>\n5. Model Number: K136<br \/>\n6. Klassifisering: Montering<br \/>\n7. Plastblokkform: Selvl\u00e5sende murstein<br \/>\n8. Materiale: Plast<br \/>\n9. Plast Type: ABS<br \/>\n10. Bricks Blocks: 2268 PCS<br \/>\n11. Inneholder detaljerte monteringsanvisninger.<br \/>\nLegge merke til:<br \/>\n1. Uten original eske, men vi garanterer at v\u00e5re produkter har kvalitetssikring og pen emballasje.<br \/>\n2. Som alle delene vi har sjekket f\u00f8r frakt, s\u00e5 hvis du finner noen deler savnet eller skadet, ikke bekymre deg og bare kontakt oss, s\u00e5 kan vi sende dem til deg p\u00e5 nytt umiddelbart gratis.<\/p>\n<figure id=\"attachment_25443\" aria-describedby=\"caption-attachment-25443\" style=\"width: 800px\" class=\"wp-caption aligncenter\"><img fetchpriority=\"high\" decoding=\"async\" class=\"wp-image-25443 size-full\" src=\"https:\/\/mouldking.store\/wp-content\/uploads\/2021\/10\/18K-K136-ONE-77-with-2268-pieces-1.png\" alt=\"18K K136 ONE 77 with 2268 pieces\" width=\"800\" height=\"800\" title=\"-\" srcset=\"https:\/\/mouldking.store\/wp-content\/uploads\/2021\/10\/18K-K136-ONE-77-with-2268-pieces-1.png 800w, https:\/\/mouldking.store\/wp-content\/uploads\/2021\/10\/18K-K136-ONE-77-with-2268-pieces-1-300x300.png 300w, https:\/\/mouldking.store\/wp-content\/uploads\/2021\/10\/18K-K136-ONE-77-with-2268-pieces-1-768x768.png 768w, https:\/\/mouldking.store\/wp-content\/uploads\/2021\/10\/18K-K136-ONE-77-with-2268-pieces-1-600x600.png 600w, https:\/\/mouldking.store\/wp-content\/uploads\/2021\/10\/18K-K136-ONE-77-with-2268-pieces-1-150x150.png 150w\" sizes=\"(max-width: 800px) 100vw, 800px\" \/><figcaption id=\"caption-attachment-25443\" class=\"wp-caption-text\">18K K136 ONE 77 med 2268 stk<\/figcaption><\/figure>\n<figure id=\"attachment_25446\" aria-describedby=\"caption-attachment-25446\" style=\"width: 550px\" class=\"wp-caption aligncenter\"><img decoding=\"async\" class=\"wp-image-25446 size-full\" src=\"https:\/\/mouldking.store\/wp-content\/uploads\/2021\/10\/18K-K136-ONE-77-with-2268-pieces-4.png\" alt=\"18K K136 ONE 77 with 2268 pieces\" width=\"550\" height=\"1024\" title=\"-\" srcset=\"https:\/\/mouldking.store\/wp-content\/uploads\/2021\/10\/18K-K136-ONE-77-with-2268-pieces-4.png 550w, https:\/\/mouldking.store\/wp-content\/uploads\/2021\/10\/18K-K136-ONE-77-with-2268-pieces-4-161x300.png 161w, https:\/\/mouldking.store\/wp-content\/uploads\/2021\/10\/18K-K136-ONE-77-with-2268-pieces-4-300x559.png 300w, https:\/\/mouldking.store\/wp-content\/uploads\/2021\/10\/18K-K136-ONE-77-with-2268-pieces-4-81x150.png 81w\" sizes=\"(max-width: 550px) 100vw, 550px\" \/><figcaption id=\"caption-attachment-25446\" class=\"wp-caption-text\">18K K136 ONE 77 med 2268 stk<\/figcaption><\/figure>\n<figure id=\"attachment_25445\" aria-describedby=\"caption-attachment-25445\" style=\"width: 500px\" class=\"wp-caption aligncenter\"><img decoding=\"async\" class=\"wp-image-25445\" src=\"https:\/\/mouldking.store\/wp-content\/uploads\/2021\/10\/18K-K136-ONE-77-with-2268-pieces-3-126x300.png\" alt=\"18K K136 ONE 77 with 2268 pieces\" width=\"500\" height=\"1191\" title=\"-\" srcset=\"https:\/\/mouldking.store\/wp-content\/uploads\/2021\/10\/18K-K136-ONE-77-with-2268-pieces-3-126x300.png 126w, https:\/\/mouldking.store\/wp-content\/uploads\/2021\/10\/18K-K136-ONE-77-with-2268-pieces-3-300x714.png 300w, https:\/\/mouldking.store\/wp-content\/uploads\/2021\/10\/18K-K136-ONE-77-with-2268-pieces-3-63x150.png 63w, https:\/\/mouldking.store\/wp-content\/uploads\/2021\/10\/18K-K136-ONE-77-with-2268-pieces-3.png 430w\" sizes=\"(max-width: 500px) 100vw, 500px\" \/><figcaption id=\"caption-attachment-25445\" class=\"wp-caption-text\">18K K136 ONE 77 med 2268 stk<\/figcaption><\/figure>\n<figure id=\"attachment_25444\" aria-describedby=\"caption-attachment-25444\" style=\"width: 794px\" class=\"wp-caption aligncenter\"><img loading=\"lazy\" decoding=\"async\" class=\"wp-image-25444 size-full\" src=\"https:\/\/mouldking.store\/wp-content\/uploads\/2021\/10\/18K-K136-ONE-77-with-2268-pieces-2.png\" alt=\"18K K136 ONE 77 with 2268 pieces\" width=\"794\" height=\"693\" title=\"-\" srcset=\"https:\/\/mouldking.store\/wp-content\/uploads\/2021\/10\/18K-K136-ONE-77-with-2268-pieces-2.png 794w, https:\/\/mouldking.store\/wp-content\/uploads\/2021\/10\/18K-K136-ONE-77-with-2268-pieces-2-300x262.png 300w, https:\/\/mouldking.store\/wp-content\/uploads\/2021\/10\/18K-K136-ONE-77-with-2268-pieces-2-768x670.png 768w, https:\/\/mouldking.store\/wp-content\/uploads\/2021\/10\/18K-K136-ONE-77-with-2268-pieces-2-600x524.png 600w, https:\/\/mouldking.store\/wp-content\/uploads\/2021\/10\/18K-K136-ONE-77-with-2268-pieces-2-150x131.png 150w\" sizes=\"(max-width: 794px) 100vw, 794px\" \/><figcaption id=\"caption-attachment-25444\" class=\"wp-caption-text\">18K K136 ONE 77 med 2268 stk<\/figcaption><\/figure>","protected":false},"excerpt":{"rendered":"<p>Product information: 1. Brand: 18K 2. Gender: Unisex 3. Name: ONE 77 4. Age Range: &gt; 6 years old 5. Model Number: K136 6. Classification: Assemblage 7. Plastic Block Shape: Self-Locking Bricks 8. Material: Plastic 9. Plastic Type: ABS 10. Bricks Blocks: 2268 PCS 11. Contains detailed assembly instructions. Notice: 1. Without an original box, [&hellip;]<\/p>","protected":false},"featured_media":25443,"comment_status":"open","ping_status":"closed","template":"","meta":{"_acf_changed":false},"product_cat":[364],"product_tag":[1770,2444,2443,2446,2445],"class_list":["product","first","instock","shipping-taxable","purchasable","product-type-variable"],"acf":[],"_links":{"self":[{"href":"https:\/\/mouldking.store\/nb\/wp-json\/wp\/v2\/product\/25442","targetHints":{"allow":["GET"]}}],"collection":[{"href":"https:\/\/mouldking.store\/nb\/wp-json\/wp\/v2\/product"}],"about":[{"href":"https:\/\/mouldking.store\/nb\/wp-json\/wp\/v2\/types\/product"}],"replies":[{"embeddable":true,"href":"https:\/\/mouldking.store\/nb\/wp-json\/wp\/v2\/comments?post=25442"}],"wp:featuredmedia":[{"embeddable":true,"href":"https:\/\/mouldking.store\/nb\/wp-json\/wp\/v2\/media\/25443"}],"wp:attachment":[{"href":"https:\/\/mouldking.store\/nb\/wp-json\/wp\/v2\/media?parent=25442"}],"wp:term":[{"taxonomy":"product_cat","embeddable":true,"href":"https:\/\/mouldking.store\/nb\/wp-json\/wp\/v2\/product_cat?post=25442"},{"taxonomy":"product_tag","embeddable":true,"href":"https:\/\/mouldking.store\/nb\/wp-json\/wp\/v2\/product_tag?post=25442"}],"curies":[{"name":"wp","href":"https:\/\/api.w.org\/{rel}","templated":true}]}}