{"id":25462,"date":"2021-10-22T03:00:25","date_gmt":"2021-10-21T20:00:25","guid":{"rendered":"https:\/\/mouldking.store\/?post_type=product&#038;p=25462"},"modified":"2025-12-25T09:17:14","modified_gmt":"2025-12-25T02:17:14","slug":"moc-46309-the-stinger-mantis-fallen-order-v2-with-1676-pieces","status":"publish","type":"product","link":"https:\/\/mouldking.store\/nb\/shop\/moc-46309-the-stinger-mantis-fallen-order-v2-with-1676-pieces\/","title":{"rendered":"MOC 46309 The Stinger Mantis \u2013 Fallen Order V2 med 1676 deler"},"content":{"rendered":"<p>Produktinformasjon:<br \/>\n1. Merke: MOC<br \/>\n2. Kj\u00f8nn: Unisex<br \/>\n3. Navn: The Stinger Mantis \u2013 Fallen Order V2<br \/>\n4. Aldersgruppe: &gt; 6 \u00e5r gammel<br \/>\n5. Modellnummer: 46309<br \/>\n6. Klassifisering: Montering<br \/>\n7. Plastblokkform: Selvl\u00e5sende murstein<br \/>\n8. Materiale: Plast<br \/>\n9. Plast Type: ABS<br \/>\n10. Mursteinsblokker: 1676 STK<br \/>\n11. Inneholder detaljerte monteringsanvisninger.<br \/>\nLegge merke til:<br \/>\n1. Uten original eske, men vi garanterer at v\u00e5re produkter har kvalitetssikring og pen emballasje.<br \/>\n2. Som alle delene vi har sjekket f\u00f8r frakt, s\u00e5 hvis du finner noen deler savnet eller skadet, ikke bekymre deg og bare kontakt oss, s\u00e5 kan vi sende dem til deg p\u00e5 nytt umiddelbart gratis.<\/p>\n<figure id=\"attachment_25463\" aria-describedby=\"caption-attachment-25463\" style=\"width: 800px\" class=\"wp-caption aligncenter\"><img fetchpriority=\"high\" decoding=\"async\" class=\"wp-image-25463 size-full\" src=\"https:\/\/mouldking.store\/wp-content\/uploads\/2021\/10\/MOC-46309-The-Stinger-Mantis-Fallen-Order-V2-with-1676-pieces-1.jpg\" alt=\"MOC 46309 The Stinger Mantis - Fallen Order V2 with 1676 pieces\" width=\"800\" height=\"800\" title=\"-\" srcset=\"https:\/\/mouldking.store\/wp-content\/uploads\/2021\/10\/MOC-46309-The-Stinger-Mantis-Fallen-Order-V2-with-1676-pieces-1.jpg 800w, https:\/\/mouldking.store\/wp-content\/uploads\/2021\/10\/MOC-46309-The-Stinger-Mantis-Fallen-Order-V2-with-1676-pieces-1-300x300.jpg 300w, https:\/\/mouldking.store\/wp-content\/uploads\/2021\/10\/MOC-46309-The-Stinger-Mantis-Fallen-Order-V2-with-1676-pieces-1-768x768.jpg 768w, https:\/\/mouldking.store\/wp-content\/uploads\/2021\/10\/MOC-46309-The-Stinger-Mantis-Fallen-Order-V2-with-1676-pieces-1-600x600.jpg 600w, https:\/\/mouldking.store\/wp-content\/uploads\/2021\/10\/MOC-46309-The-Stinger-Mantis-Fallen-Order-V2-with-1676-pieces-1-150x150.jpg 150w\" sizes=\"(max-width: 800px) 100vw, 800px\" \/><figcaption id=\"caption-attachment-25463\" class=\"wp-caption-text\">MOC 46309 The Stinger Mantis \u2013 Fallen Order V2 med 1676 deler<\/figcaption><\/figure>\n<figure id=\"attachment_25465\" aria-describedby=\"caption-attachment-25465\" style=\"width: 800px\" class=\"wp-caption aligncenter\"><img decoding=\"async\" class=\"wp-image-25465 size-full\" src=\"https:\/\/mouldking.store\/wp-content\/uploads\/2021\/10\/MOC-46309-The-Stinger-Mantis-Fallen-Order-V2-with-1676-pieces-3.jpg\" alt=\"MOC 46309 The Stinger Mantis - Fallen Order V2 with 1676 pieces\" width=\"800\" height=\"800\" title=\"-\" srcset=\"https:\/\/mouldking.store\/wp-content\/uploads\/2021\/10\/MOC-46309-The-Stinger-Mantis-Fallen-Order-V2-with-1676-pieces-3.jpg 800w, https:\/\/mouldking.store\/wp-content\/uploads\/2021\/10\/MOC-46309-The-Stinger-Mantis-Fallen-Order-V2-with-1676-pieces-3-300x300.jpg 300w, https:\/\/mouldking.store\/wp-content\/uploads\/2021\/10\/MOC-46309-The-Stinger-Mantis-Fallen-Order-V2-with-1676-pieces-3-768x768.jpg 768w, https:\/\/mouldking.store\/wp-content\/uploads\/2021\/10\/MOC-46309-The-Stinger-Mantis-Fallen-Order-V2-with-1676-pieces-3-600x600.jpg 600w, https:\/\/mouldking.store\/wp-content\/uploads\/2021\/10\/MOC-46309-The-Stinger-Mantis-Fallen-Order-V2-with-1676-pieces-3-150x150.jpg 150w\" sizes=\"(max-width: 800px) 100vw, 800px\" \/><figcaption id=\"caption-attachment-25465\" class=\"wp-caption-text\">MOC 46309 The Stinger Mantis \u2013 Fallen Order V2 med 1676 deler<\/figcaption><\/figure>\n<figure id=\"attachment_25464\" aria-describedby=\"caption-attachment-25464\" style=\"width: 800px\" class=\"wp-caption aligncenter\"><img decoding=\"async\" class=\"wp-image-25464 size-full\" src=\"https:\/\/mouldking.store\/wp-content\/uploads\/2021\/10\/MOC-46309-The-Stinger-Mantis-Fallen-Order-V2-with-1676-pieces-2.jpg\" alt=\"MOC 46309 The Stinger Mantis - Fallen Order V2 with 1676 pieces\" width=\"800\" height=\"800\" title=\"-\" srcset=\"https:\/\/mouldking.store\/wp-content\/uploads\/2021\/10\/MOC-46309-The-Stinger-Mantis-Fallen-Order-V2-with-1676-pieces-2.jpg 800w, https:\/\/mouldking.store\/wp-content\/uploads\/2021\/10\/MOC-46309-The-Stinger-Mantis-Fallen-Order-V2-with-1676-pieces-2-300x300.jpg 300w, https:\/\/mouldking.store\/wp-content\/uploads\/2021\/10\/MOC-46309-The-Stinger-Mantis-Fallen-Order-V2-with-1676-pieces-2-768x768.jpg 768w, https:\/\/mouldking.store\/wp-content\/uploads\/2021\/10\/MOC-46309-The-Stinger-Mantis-Fallen-Order-V2-with-1676-pieces-2-600x600.jpg 600w, https:\/\/mouldking.store\/wp-content\/uploads\/2021\/10\/MOC-46309-The-Stinger-Mantis-Fallen-Order-V2-with-1676-pieces-2-150x150.jpg 150w\" sizes=\"(max-width: 800px) 100vw, 800px\" \/><figcaption id=\"caption-attachment-25464\" class=\"wp-caption-text\">MOC 46309 The Stinger Mantis \u2013 Fallen Order V2 med 1676 deler<\/figcaption><\/figure>","protected":false},"excerpt":{"rendered":"<p>Product information: 1. Brand: MOC 2. Gender: Unisex 3. Name: The Stinger Mantis &#8211; Fallen Order V2 4. Age Range: &gt; 6 years old 5. Model Number: 46309 6. Classification: Assemblage 7. Plastic Block Shape: Self-Locking Bricks 8. Material: Plastic 9. Plastic Type: ABS 10. Bricks Blocks: 1676 PCS 11. Contains detailed assembly instructions. Notice: [&hellip;]<\/p>","protected":false},"featured_media":25463,"comment_status":"open","ping_status":"closed","template":"","meta":{"_acf_changed":false},"product_cat":[415],"product_tag":[2456,2458,430,2454,2453,2459,2457,2455],"class_list":["product","first","instock","shipping-taxable","purchasable","product-type-simple"],"acf":[],"_links":{"self":[{"href":"https:\/\/mouldking.store\/nb\/wp-json\/wp\/v2\/product\/25462","targetHints":{"allow":["GET"]}}],"collection":[{"href":"https:\/\/mouldking.store\/nb\/wp-json\/wp\/v2\/product"}],"about":[{"href":"https:\/\/mouldking.store\/nb\/wp-json\/wp\/v2\/types\/product"}],"replies":[{"embeddable":true,"href":"https:\/\/mouldking.store\/nb\/wp-json\/wp\/v2\/comments?post=25462"}],"wp:featuredmedia":[{"embeddable":true,"href":"https:\/\/mouldking.store\/nb\/wp-json\/wp\/v2\/media\/25463"}],"wp:attachment":[{"href":"https:\/\/mouldking.store\/nb\/wp-json\/wp\/v2\/media?parent=25462"}],"wp:term":[{"taxonomy":"product_cat","embeddable":true,"href":"https:\/\/mouldking.store\/nb\/wp-json\/wp\/v2\/product_cat?post=25462"},{"taxonomy":"product_tag","embeddable":true,"href":"https:\/\/mouldking.store\/nb\/wp-json\/wp\/v2\/product_tag?post=25462"}],"curies":[{"name":"wp","href":"https:\/\/api.w.org\/{rel}","templated":true}]}}