{"id":25466,"date":"2021-10-22T03:11:30","date_gmt":"2021-10-22T03:11:30","guid":{"rendered":"https:\/\/mouldking.store\/?post_type=product&#038;p=25466"},"modified":"2022-08-17T15:11:30","modified_gmt":"2022-08-17T08:11:30","slug":"decool-6835-6846-super-heros","status":"publish","type":"product","link":"https:\/\/mouldking.store\/nb\/shop\/decool-6835-6846-super-heros\/","title":{"rendered":"DECOOL 6835-6846 Super Heros"},"content":{"rendered":"<p>Produktinformasjon:<\/p>\n<ol>\n<li>Merke: DECOOL<\/li>\n<li>Kj\u00f8nn: Unisex<\/li>\n<li>Name: Super Heros<\/li>\n<li>Aldersgruppe: &gt; 8 \u00e5r gammel<\/li>\n<li>Model Number: 6835-6846<\/li>\n<li>Klassifisering: Montering<\/li>\n<li>Plastblokkform: Selvl\u00e5sende murstein<\/li>\n<li>Materiale: Plast<\/li>\n<li>Plasttype: ABS<\/li>\n<li>Inneholder detaljerte monteringsanvisninger.<\/li>\n<\/ol>\n<p>Legge merke til:<br \/>\n1. Uten original eske, men vi garanterer at v\u00e5re produkter har kvalitetssikring og pen emballasje.<br \/>\n2. Som alle delene vi har sjekket f\u00f8r frakt, s\u00e5 hvis du finner noen deler savnet eller skadet, ikke bekymre deg og bare kontakt oss, s\u00e5 kan vi sende dem til deg p\u00e5 nytt umiddelbart gratis.<\/p>\n<figure id=\"attachment_25471\" aria-describedby=\"caption-attachment-25471\" style=\"width: 750px\" class=\"wp-caption aligncenter\"><img fetchpriority=\"high\" decoding=\"async\" class=\"wp-image-25471 size-full\" src=\"https:\/\/mouldking.store\/wp-content\/uploads\/2021\/10\/DECOOL-6835-6846-Super-Heros-5.jpg\" alt=\"DECOOL 6835-6846 Super Heros\" width=\"750\" height=\"731\" title=\"-\" srcset=\"https:\/\/mouldking.store\/wp-content\/uploads\/2021\/10\/DECOOL-6835-6846-Super-Heros-5.jpg 750w, https:\/\/mouldking.store\/wp-content\/uploads\/2021\/10\/DECOOL-6835-6846-Super-Heros-5-300x292.jpg 300w, https:\/\/mouldking.store\/wp-content\/uploads\/2021\/10\/DECOOL-6835-6846-Super-Heros-5-600x585.jpg 600w, https:\/\/mouldking.store\/wp-content\/uploads\/2021\/10\/DECOOL-6835-6846-Super-Heros-5-150x146.jpg 150w\" sizes=\"(max-width: 750px) 100vw, 750px\" \/><figcaption id=\"caption-attachment-25471\" class=\"wp-caption-text\">DECOOL 6835-6846 Super Heros<\/figcaption><\/figure>\n<figure id=\"attachment_25472\" aria-describedby=\"caption-attachment-25472\" style=\"width: 750px\" class=\"wp-caption aligncenter\"><img decoding=\"async\" class=\"wp-image-25472 size-full\" src=\"https:\/\/mouldking.store\/wp-content\/uploads\/2021\/10\/DECOOL-6835-6846-Super-Heros-6.jpg\" alt=\"DECOOL 6835-6846 Super Heros\" width=\"750\" height=\"731\" title=\"-\" srcset=\"https:\/\/mouldking.store\/wp-content\/uploads\/2021\/10\/DECOOL-6835-6846-Super-Heros-6.jpg 750w, https:\/\/mouldking.store\/wp-content\/uploads\/2021\/10\/DECOOL-6835-6846-Super-Heros-6-300x292.jpg 300w, https:\/\/mouldking.store\/wp-content\/uploads\/2021\/10\/DECOOL-6835-6846-Super-Heros-6-600x585.jpg 600w, https:\/\/mouldking.store\/wp-content\/uploads\/2021\/10\/DECOOL-6835-6846-Super-Heros-6-150x146.jpg 150w\" sizes=\"(max-width: 750px) 100vw, 750px\" \/><figcaption id=\"caption-attachment-25472\" class=\"wp-caption-text\">DECOOL 6835-6846 Super Heros<\/figcaption><\/figure>\n<figure id=\"attachment_25473\" aria-describedby=\"caption-attachment-25473\" style=\"width: 750px\" class=\"wp-caption aligncenter\"><img decoding=\"async\" class=\"wp-image-25473 size-full\" src=\"https:\/\/mouldking.store\/wp-content\/uploads\/2021\/10\/DECOOL-6835-6846-Super-Heros-7.jpg\" alt=\"DECOOL 6835-6846 Super Heros\" width=\"750\" height=\"731\" title=\"-\" srcset=\"https:\/\/mouldking.store\/wp-content\/uploads\/2021\/10\/DECOOL-6835-6846-Super-Heros-7.jpg 750w, https:\/\/mouldking.store\/wp-content\/uploads\/2021\/10\/DECOOL-6835-6846-Super-Heros-7-300x292.jpg 300w, https:\/\/mouldking.store\/wp-content\/uploads\/2021\/10\/DECOOL-6835-6846-Super-Heros-7-600x585.jpg 600w, https:\/\/mouldking.store\/wp-content\/uploads\/2021\/10\/DECOOL-6835-6846-Super-Heros-7-150x146.jpg 150w\" sizes=\"(max-width: 750px) 100vw, 750px\" \/><figcaption id=\"caption-attachment-25473\" class=\"wp-caption-text\">DECOOL 6835-6846 Super Heros<\/figcaption><\/figure>\n<figure id=\"attachment_25474\" aria-describedby=\"caption-attachment-25474\" style=\"width: 750px\" class=\"wp-caption aligncenter\"><img loading=\"lazy\" decoding=\"async\" class=\"wp-image-25474 size-full\" src=\"https:\/\/mouldking.store\/wp-content\/uploads\/2021\/10\/DECOOL-6835-6846-Super-Heros-8.jpg\" alt=\"DECOOL 6835-6846 Super Heros\" width=\"750\" height=\"731\" title=\"-\" srcset=\"https:\/\/mouldking.store\/wp-content\/uploads\/2021\/10\/DECOOL-6835-6846-Super-Heros-8.jpg 750w, https:\/\/mouldking.store\/wp-content\/uploads\/2021\/10\/DECOOL-6835-6846-Super-Heros-8-300x292.jpg 300w, https:\/\/mouldking.store\/wp-content\/uploads\/2021\/10\/DECOOL-6835-6846-Super-Heros-8-600x585.jpg 600w, https:\/\/mouldking.store\/wp-content\/uploads\/2021\/10\/DECOOL-6835-6846-Super-Heros-8-150x146.jpg 150w\" sizes=\"(max-width: 750px) 100vw, 750px\" \/><figcaption id=\"caption-attachment-25474\" class=\"wp-caption-text\">DECOOL 6835-6846 Super Heros<\/figcaption><\/figure>\n<figure id=\"attachment_25475\" aria-describedby=\"caption-attachment-25475\" style=\"width: 750px\" class=\"wp-caption aligncenter\"><img loading=\"lazy\" decoding=\"async\" class=\"wp-image-25475 size-full\" src=\"https:\/\/mouldking.store\/wp-content\/uploads\/2021\/10\/DECOOL-6835-6846-Super-Heros-9.jpg\" alt=\"DECOOL 6835-6846 Super Heros\" width=\"750\" height=\"731\" title=\"-\" srcset=\"https:\/\/mouldking.store\/wp-content\/uploads\/2021\/10\/DECOOL-6835-6846-Super-Heros-9.jpg 750w, https:\/\/mouldking.store\/wp-content\/uploads\/2021\/10\/DECOOL-6835-6846-Super-Heros-9-300x292.jpg 300w, https:\/\/mouldking.store\/wp-content\/uploads\/2021\/10\/DECOOL-6835-6846-Super-Heros-9-600x585.jpg 600w, https:\/\/mouldking.store\/wp-content\/uploads\/2021\/10\/DECOOL-6835-6846-Super-Heros-9-150x146.jpg 150w\" sizes=\"(max-width: 750px) 100vw, 750px\" \/><figcaption id=\"caption-attachment-25475\" class=\"wp-caption-text\">DECOOL 6835-6846 Super Heros<\/figcaption><\/figure>\n<figure id=\"attachment_25476\" aria-describedby=\"caption-attachment-25476\" style=\"width: 750px\" class=\"wp-caption aligncenter\"><img loading=\"lazy\" decoding=\"async\" class=\"wp-image-25476 size-full\" src=\"https:\/\/mouldking.store\/wp-content\/uploads\/2021\/10\/DECOOL-6835-6846-Super-Heros-10.jpg\" alt=\"DECOOL 6835-6846 Super Heros\" width=\"750\" height=\"731\" title=\"-\" srcset=\"https:\/\/mouldking.store\/wp-content\/uploads\/2021\/10\/DECOOL-6835-6846-Super-Heros-10.jpg 750w, https:\/\/mouldking.store\/wp-content\/uploads\/2021\/10\/DECOOL-6835-6846-Super-Heros-10-300x292.jpg 300w, https:\/\/mouldking.store\/wp-content\/uploads\/2021\/10\/DECOOL-6835-6846-Super-Heros-10-600x585.jpg 600w, https:\/\/mouldking.store\/wp-content\/uploads\/2021\/10\/DECOOL-6835-6846-Super-Heros-10-150x146.jpg 150w\" sizes=\"(max-width: 750px) 100vw, 750px\" \/><figcaption id=\"caption-attachment-25476\" class=\"wp-caption-text\">DECOOL 6835-6846 Super Heros<\/figcaption><\/figure>\n<figure id=\"attachment_25477\" aria-describedby=\"caption-attachment-25477\" style=\"width: 750px\" class=\"wp-caption aligncenter\"><img loading=\"lazy\" decoding=\"async\" class=\"wp-image-25477 size-full\" src=\"https:\/\/mouldking.store\/wp-content\/uploads\/2021\/10\/DECOOL-6835-6846-Super-Heros-11.jpg\" alt=\"DECOOL 6835-6846 Super Heros\" width=\"750\" height=\"731\" title=\"-\" srcset=\"https:\/\/mouldking.store\/wp-content\/uploads\/2021\/10\/DECOOL-6835-6846-Super-Heros-11.jpg 750w, https:\/\/mouldking.store\/wp-content\/uploads\/2021\/10\/DECOOL-6835-6846-Super-Heros-11-300x292.jpg 300w, https:\/\/mouldking.store\/wp-content\/uploads\/2021\/10\/DECOOL-6835-6846-Super-Heros-11-600x585.jpg 600w, https:\/\/mouldking.store\/wp-content\/uploads\/2021\/10\/DECOOL-6835-6846-Super-Heros-11-150x146.jpg 150w\" sizes=\"(max-width: 750px) 100vw, 750px\" \/><figcaption id=\"caption-attachment-25477\" class=\"wp-caption-text\">DECOOL 6835-6846 Super Heros<\/figcaption><\/figure>\n<figure id=\"attachment_25478\" aria-describedby=\"caption-attachment-25478\" style=\"width: 750px\" class=\"wp-caption aligncenter\"><img loading=\"lazy\" decoding=\"async\" class=\"wp-image-25478 size-full\" src=\"https:\/\/mouldking.store\/wp-content\/uploads\/2021\/10\/DECOOL-6835-6846-Super-Heros-12.jpg\" alt=\"DECOOL 6835-6846 Super Heros\" width=\"750\" height=\"731\" title=\"-\" srcset=\"https:\/\/mouldking.store\/wp-content\/uploads\/2021\/10\/DECOOL-6835-6846-Super-Heros-12.jpg 750w, https:\/\/mouldking.store\/wp-content\/uploads\/2021\/10\/DECOOL-6835-6846-Super-Heros-12-300x292.jpg 300w, https:\/\/mouldking.store\/wp-content\/uploads\/2021\/10\/DECOOL-6835-6846-Super-Heros-12-600x585.jpg 600w, https:\/\/mouldking.store\/wp-content\/uploads\/2021\/10\/DECOOL-6835-6846-Super-Heros-12-150x146.jpg 150w\" sizes=\"(max-width: 750px) 100vw, 750px\" \/><figcaption id=\"caption-attachment-25478\" class=\"wp-caption-text\">DECOOL 6835-6846 Super Heros<\/figcaption><\/figure>\n<figure id=\"attachment_25479\" aria-describedby=\"caption-attachment-25479\" style=\"width: 750px\" class=\"wp-caption aligncenter\"><img loading=\"lazy\" decoding=\"async\" class=\"wp-image-25479 size-full\" src=\"https:\/\/mouldking.store\/wp-content\/uploads\/2021\/10\/DECOOL-6835-6846-Super-Heros-13.jpg\" alt=\"DECOOL 6835-6846 Super Heros\" width=\"750\" height=\"731\" title=\"-\" srcset=\"https:\/\/mouldking.store\/wp-content\/uploads\/2021\/10\/DECOOL-6835-6846-Super-Heros-13.jpg 750w, https:\/\/mouldking.store\/wp-content\/uploads\/2021\/10\/DECOOL-6835-6846-Super-Heros-13-300x292.jpg 300w, https:\/\/mouldking.store\/wp-content\/uploads\/2021\/10\/DECOOL-6835-6846-Super-Heros-13-600x585.jpg 600w, https:\/\/mouldking.store\/wp-content\/uploads\/2021\/10\/DECOOL-6835-6846-Super-Heros-13-150x146.jpg 150w\" sizes=\"(max-width: 750px) 100vw, 750px\" \/><figcaption id=\"caption-attachment-25479\" class=\"wp-caption-text\">DECOOL 6835-6846 Super Heros<\/figcaption><\/figure>\n<figure id=\"attachment_25468\" aria-describedby=\"caption-attachment-25468\" style=\"width: 750px\" class=\"wp-caption aligncenter\"><img loading=\"lazy\" decoding=\"async\" class=\"wp-image-25468 size-full\" src=\"https:\/\/mouldking.store\/wp-content\/uploads\/2021\/10\/DECOOL-6835-6846-Super-Heros-2.jpg\" alt=\"DECOOL 6835-6846 Super Heros\" width=\"750\" height=\"731\" title=\"-\" srcset=\"https:\/\/mouldking.store\/wp-content\/uploads\/2021\/10\/DECOOL-6835-6846-Super-Heros-2.jpg 750w, https:\/\/mouldking.store\/wp-content\/uploads\/2021\/10\/DECOOL-6835-6846-Super-Heros-2-300x292.jpg 300w, https:\/\/mouldking.store\/wp-content\/uploads\/2021\/10\/DECOOL-6835-6846-Super-Heros-2-600x585.jpg 600w, https:\/\/mouldking.store\/wp-content\/uploads\/2021\/10\/DECOOL-6835-6846-Super-Heros-2-150x146.jpg 150w\" sizes=\"(max-width: 750px) 100vw, 750px\" \/><figcaption id=\"caption-attachment-25468\" class=\"wp-caption-text\">DECOOL 6835-6846 Super Heros<\/figcaption><\/figure>\n<figure id=\"attachment_25469\" aria-describedby=\"caption-attachment-25469\" style=\"width: 750px\" class=\"wp-caption aligncenter\"><img loading=\"lazy\" decoding=\"async\" class=\"wp-image-25469 size-full\" src=\"https:\/\/mouldking.store\/wp-content\/uploads\/2021\/10\/DECOOL-6835-6846-Super-Heros-3.jpg\" alt=\"DECOOL 6835-6846 Super Heros\" width=\"750\" height=\"731\" title=\"-\" srcset=\"https:\/\/mouldking.store\/wp-content\/uploads\/2021\/10\/DECOOL-6835-6846-Super-Heros-3.jpg 750w, https:\/\/mouldking.store\/wp-content\/uploads\/2021\/10\/DECOOL-6835-6846-Super-Heros-3-300x292.jpg 300w, https:\/\/mouldking.store\/wp-content\/uploads\/2021\/10\/DECOOL-6835-6846-Super-Heros-3-600x585.jpg 600w, https:\/\/mouldking.store\/wp-content\/uploads\/2021\/10\/DECOOL-6835-6846-Super-Heros-3-150x146.jpg 150w\" sizes=\"(max-width: 750px) 100vw, 750px\" \/><figcaption id=\"caption-attachment-25469\" class=\"wp-caption-text\">DECOOL 6835-6846 Super Heros<\/figcaption><\/figure>\n<figure id=\"attachment_25470\" aria-describedby=\"caption-attachment-25470\" style=\"width: 750px\" class=\"wp-caption aligncenter\"><img loading=\"lazy\" decoding=\"async\" class=\"wp-image-25470 size-full\" src=\"https:\/\/mouldking.store\/wp-content\/uploads\/2021\/10\/DECOOL-6835-6846-Super-Heros-4.jpg\" alt=\"DECOOL 6835-6846 Super Heros\" width=\"750\" height=\"731\" title=\"-\" srcset=\"https:\/\/mouldking.store\/wp-content\/uploads\/2021\/10\/DECOOL-6835-6846-Super-Heros-4.jpg 750w, https:\/\/mouldking.store\/wp-content\/uploads\/2021\/10\/DECOOL-6835-6846-Super-Heros-4-300x292.jpg 300w, https:\/\/mouldking.store\/wp-content\/uploads\/2021\/10\/DECOOL-6835-6846-Super-Heros-4-600x585.jpg 600w, https:\/\/mouldking.store\/wp-content\/uploads\/2021\/10\/DECOOL-6835-6846-Super-Heros-4-150x146.jpg 150w\" sizes=\"(max-width: 750px) 100vw, 750px\" \/><figcaption id=\"caption-attachment-25470\" class=\"wp-caption-text\">DECOOL 6835-6846 Super Heros<\/figcaption><\/figure>\n<figure id=\"attachment_25467\" aria-describedby=\"caption-attachment-25467\" style=\"width: 800px\" class=\"wp-caption aligncenter\"><img loading=\"lazy\" decoding=\"async\" class=\"wp-image-25467 size-full\" src=\"https:\/\/mouldking.store\/wp-content\/uploads\/2021\/10\/DECOOL-6835-6846-Super-Heros-1.jpg\" alt=\"DECOOL 6835-6846 Super Heros\" width=\"800\" height=\"800\" title=\"-\" srcset=\"https:\/\/mouldking.store\/wp-content\/uploads\/2021\/10\/DECOOL-6835-6846-Super-Heros-1.jpg 800w, https:\/\/mouldking.store\/wp-content\/uploads\/2021\/10\/DECOOL-6835-6846-Super-Heros-1-300x300.jpg 300w, https:\/\/mouldking.store\/wp-content\/uploads\/2021\/10\/DECOOL-6835-6846-Super-Heros-1-768x768.jpg 768w, https:\/\/mouldking.store\/wp-content\/uploads\/2021\/10\/DECOOL-6835-6846-Super-Heros-1-600x600.jpg 600w, https:\/\/mouldking.store\/wp-content\/uploads\/2021\/10\/DECOOL-6835-6846-Super-Heros-1-150x150.jpg 150w\" sizes=\"(max-width: 800px) 100vw, 800px\" \/><figcaption id=\"caption-attachment-25467\" class=\"wp-caption-text\">DECOOL 6835-6846 Super Heros<\/figcaption><\/figure>\n<figure id=\"attachment_25480\" aria-describedby=\"caption-attachment-25480\" style=\"width: 800px\" class=\"wp-caption aligncenter\"><img loading=\"lazy\" decoding=\"async\" class=\"wp-image-25480 size-full\" src=\"https:\/\/mouldking.store\/wp-content\/uploads\/2021\/10\/DECOOL-6835-6846-Super-Heros-14.jpg\" alt=\"DECOOL 6835-6846 Super Heros\" width=\"800\" height=\"579\" title=\"-\" srcset=\"https:\/\/mouldking.store\/wp-content\/uploads\/2021\/10\/DECOOL-6835-6846-Super-Heros-14.jpg 800w, https:\/\/mouldking.store\/wp-content\/uploads\/2021\/10\/DECOOL-6835-6846-Super-Heros-14-300x217.jpg 300w, https:\/\/mouldking.store\/wp-content\/uploads\/2021\/10\/DECOOL-6835-6846-Super-Heros-14-768x556.jpg 768w, https:\/\/mouldking.store\/wp-content\/uploads\/2021\/10\/DECOOL-6835-6846-Super-Heros-14-600x434.jpg 600w, https:\/\/mouldking.store\/wp-content\/uploads\/2021\/10\/DECOOL-6835-6846-Super-Heros-14-150x109.jpg 150w\" sizes=\"(max-width: 800px) 100vw, 800px\" \/><figcaption id=\"caption-attachment-25480\" class=\"wp-caption-text\">DECOOL 6835-6846 Super Heros<\/figcaption><\/figure>\n<figure id=\"attachment_25481\" aria-describedby=\"caption-attachment-25481\" style=\"width: 800px\" class=\"wp-caption aligncenter\"><img loading=\"lazy\" decoding=\"async\" class=\"wp-image-25481 size-full\" src=\"https:\/\/mouldking.store\/wp-content\/uploads\/2021\/10\/DECOOL-6835-6846-Super-Heros-15.jpg\" alt=\"DECOOL 6835-6846 Super Heros\" width=\"800\" height=\"579\" title=\"-\" srcset=\"https:\/\/mouldking.store\/wp-content\/uploads\/2021\/10\/DECOOL-6835-6846-Super-Heros-15.jpg 800w, https:\/\/mouldking.store\/wp-content\/uploads\/2021\/10\/DECOOL-6835-6846-Super-Heros-15-300x217.jpg 300w, https:\/\/mouldking.store\/wp-content\/uploads\/2021\/10\/DECOOL-6835-6846-Super-Heros-15-768x556.jpg 768w, https:\/\/mouldking.store\/wp-content\/uploads\/2021\/10\/DECOOL-6835-6846-Super-Heros-15-600x434.jpg 600w, https:\/\/mouldking.store\/wp-content\/uploads\/2021\/10\/DECOOL-6835-6846-Super-Heros-15-150x109.jpg 150w\" sizes=\"(max-width: 800px) 100vw, 800px\" \/><figcaption id=\"caption-attachment-25481\" class=\"wp-caption-text\">DECOOL 6835-6846 Super Heros<\/figcaption><\/figure>\n<figure id=\"attachment_25482\" aria-describedby=\"caption-attachment-25482\" style=\"width: 800px\" class=\"wp-caption aligncenter\"><img loading=\"lazy\" decoding=\"async\" class=\"wp-image-25482 size-full\" src=\"https:\/\/mouldking.store\/wp-content\/uploads\/2021\/10\/DECOOL-6835-6846-Super-Heros-16.jpg\" alt=\"DECOOL 6835-6846 Super Heros\" width=\"800\" height=\"800\" title=\"-\" srcset=\"https:\/\/mouldking.store\/wp-content\/uploads\/2021\/10\/DECOOL-6835-6846-Super-Heros-16.jpg 800w, https:\/\/mouldking.store\/wp-content\/uploads\/2021\/10\/DECOOL-6835-6846-Super-Heros-16-300x300.jpg 300w, https:\/\/mouldking.store\/wp-content\/uploads\/2021\/10\/DECOOL-6835-6846-Super-Heros-16-768x768.jpg 768w, https:\/\/mouldking.store\/wp-content\/uploads\/2021\/10\/DECOOL-6835-6846-Super-Heros-16-600x600.jpg 600w, https:\/\/mouldking.store\/wp-content\/uploads\/2021\/10\/DECOOL-6835-6846-Super-Heros-16-150x150.jpg 150w\" sizes=\"(max-width: 800px) 100vw, 800px\" \/><figcaption id=\"caption-attachment-25482\" class=\"wp-caption-text\">DECOOL 6835-6846 Super Heros<\/figcaption><\/figure>\n<p>&nbsp;<\/p>","protected":false},"excerpt":{"rendered":"<p>Product information: Brand: DECOOL Gender: Unisex Name: Super Heros Age Range: &gt; 8 years old Model Number: 6835-6846 Classification: Assemblage Plastic Block Shape: Self-Locking Bricks Material: Plastic Plastic Type: ABS Contains detailed assembly instructions. Notice: 1. Without an original box, but we guarantee our products have quality assurance and nice packaging. 2. As all the [&hellip;]<\/p>","protected":false},"featured_media":25482,"comment_status":"open","ping_status":"closed","template":"","meta":{"_acf_changed":false},"product_cat":[581],"product_tag":[2465,2464,2463,2461,2460,2462],"class_list":["product","first","instock","shipping-taxable","purchasable","product-type-variable"],"acf":[],"_links":{"self":[{"href":"https:\/\/mouldking.store\/nb\/wp-json\/wp\/v2\/product\/25466","targetHints":{"allow":["GET"]}}],"collection":[{"href":"https:\/\/mouldking.store\/nb\/wp-json\/wp\/v2\/product"}],"about":[{"href":"https:\/\/mouldking.store\/nb\/wp-json\/wp\/v2\/types\/product"}],"replies":[{"embeddable":true,"href":"https:\/\/mouldking.store\/nb\/wp-json\/wp\/v2\/comments?post=25466"}],"wp:featuredmedia":[{"embeddable":true,"href":"https:\/\/mouldking.store\/nb\/wp-json\/wp\/v2\/media\/25482"}],"wp:attachment":[{"href":"https:\/\/mouldking.store\/nb\/wp-json\/wp\/v2\/media?parent=25466"}],"wp:term":[{"taxonomy":"product_cat","embeddable":true,"href":"https:\/\/mouldking.store\/nb\/wp-json\/wp\/v2\/product_cat?post=25466"},{"taxonomy":"product_tag","embeddable":true,"href":"https:\/\/mouldking.store\/nb\/wp-json\/wp\/v2\/product_tag?post=25466"}],"curies":[{"name":"wp","href":"https:\/\/api.w.org\/{rel}","templated":true}]}}