{"id":25507,"date":"2021-10-22T03:36:03","date_gmt":"2021-10-22T03:36:03","guid":{"rendered":"https:\/\/mouldking.store\/?post_type=product&#038;p=25507"},"modified":"2021-12-23T09:41:53","modified_gmt":"2021-12-23T09:41:53","slug":"hengtai-92037-timesprite-with-2432-pieces","status":"publish","type":"product","link":"https:\/\/mouldking.store\/nb\/shop\/hengtai-92037-timesprite-with-2432-pieces\/","title":{"rendered":"HENGTAI 92037 TimeSprite with 2432 pieces"},"content":{"rendered":"<p>Produktinformasjon:<\/p>\n<ol>\n<li>Brand: HENGTAI<\/li>\n<li>Kj\u00f8nn: Unisex<\/li>\n<li>Name: TimeSprite<\/li>\n<li>Aldersgruppe: &gt; 6 \u00e5r gammel<\/li>\n<li>Model Number: 92037<\/li>\n<li>Klassifisering: Montering<\/li>\n<li>Plastblokkform: Selvl\u00e5sende murstein<\/li>\n<li>Materiale: Plast<\/li>\n<li>Plasttype: ABS<\/li>\n<li>Bricks Blocks: 2432 PCS<\/li>\n<li>Inneholder detaljerte monteringsanvisninger.<\/li>\n<\/ol>\n<p>Legge merke til:<br \/>\n1. Uten original eske, men vi garanterer at v\u00e5re produkter har kvalitetssikring og pen emballasje.<br \/>\n2. Som alle delene vi har sjekket f\u00f8r frakt, s\u00e5 hvis du finner noen deler savnet eller skadet, ikke bekymre deg og bare kontakt oss, s\u00e5 kan vi sende dem til deg p\u00e5 nytt umiddelbart gratis.<\/p>\n<figure id=\"attachment_25508\" aria-describedby=\"caption-attachment-25508\" style=\"width: 800px\" class=\"wp-caption aligncenter\"><img fetchpriority=\"high\" decoding=\"async\" class=\"wp-image-25508 size-full\" src=\"https:\/\/mouldking.store\/wp-content\/uploads\/2021\/10\/HENGTAI-92037-TimeSprite-with-2432-pieces-1.jpg\" alt=\"HENGTAI 92037 TimeSprite with 2432 pieces\" width=\"800\" height=\"800\" title=\"-\" srcset=\"https:\/\/mouldking.store\/wp-content\/uploads\/2021\/10\/HENGTAI-92037-TimeSprite-with-2432-pieces-1.jpg 800w, https:\/\/mouldking.store\/wp-content\/uploads\/2021\/10\/HENGTAI-92037-TimeSprite-with-2432-pieces-1-300x300.jpg 300w, https:\/\/mouldking.store\/wp-content\/uploads\/2021\/10\/HENGTAI-92037-TimeSprite-with-2432-pieces-1-768x768.jpg 768w, https:\/\/mouldking.store\/wp-content\/uploads\/2021\/10\/HENGTAI-92037-TimeSprite-with-2432-pieces-1-600x600.jpg 600w, https:\/\/mouldking.store\/wp-content\/uploads\/2021\/10\/HENGTAI-92037-TimeSprite-with-2432-pieces-1-150x150.jpg 150w\" sizes=\"(max-width: 800px) 100vw, 800px\" \/><figcaption id=\"caption-attachment-25508\" class=\"wp-caption-text\">HENGTAI 92037 TimeSprite with 2432 pieces<\/figcaption><\/figure>\n<figure id=\"attachment_25509\" aria-describedby=\"caption-attachment-25509\" style=\"width: 800px\" class=\"wp-caption aligncenter\"><img decoding=\"async\" class=\"wp-image-25509 size-full\" src=\"https:\/\/mouldking.store\/wp-content\/uploads\/2021\/10\/HENGTAI-92037-TimeSprite-with-2432-pieces-2.jpg\" alt=\"HENGTAI 92037 TimeSprite with 2432 pieces\" width=\"800\" height=\"800\" title=\"-\" srcset=\"https:\/\/mouldking.store\/wp-content\/uploads\/2021\/10\/HENGTAI-92037-TimeSprite-with-2432-pieces-2.jpg 800w, https:\/\/mouldking.store\/wp-content\/uploads\/2021\/10\/HENGTAI-92037-TimeSprite-with-2432-pieces-2-300x300.jpg 300w, https:\/\/mouldking.store\/wp-content\/uploads\/2021\/10\/HENGTAI-92037-TimeSprite-with-2432-pieces-2-768x768.jpg 768w, https:\/\/mouldking.store\/wp-content\/uploads\/2021\/10\/HENGTAI-92037-TimeSprite-with-2432-pieces-2-600x600.jpg 600w, https:\/\/mouldking.store\/wp-content\/uploads\/2021\/10\/HENGTAI-92037-TimeSprite-with-2432-pieces-2-150x150.jpg 150w\" sizes=\"(max-width: 800px) 100vw, 800px\" \/><figcaption id=\"caption-attachment-25509\" class=\"wp-caption-text\">HENGTAI 92037 TimeSprite with 2432 pieces<\/figcaption><\/figure>\n<figure id=\"attachment_25514\" aria-describedby=\"caption-attachment-25514\" style=\"width: 822px\" class=\"wp-caption aligncenter\"><img decoding=\"async\" class=\"wp-image-25514 size-full\" src=\"https:\/\/mouldking.store\/wp-content\/uploads\/2021\/10\/HENGTAI-92037-TimeSprite-with-2432-pieces-7.jpg\" alt=\"HENGTAI 92037 TimeSprite with 2432 pieces\" width=\"822\" height=\"822\" title=\"-\" srcset=\"https:\/\/mouldking.store\/wp-content\/uploads\/2021\/10\/HENGTAI-92037-TimeSprite-with-2432-pieces-7.jpg 822w, https:\/\/mouldking.store\/wp-content\/uploads\/2021\/10\/HENGTAI-92037-TimeSprite-with-2432-pieces-7-300x300.jpg 300w, https:\/\/mouldking.store\/wp-content\/uploads\/2021\/10\/HENGTAI-92037-TimeSprite-with-2432-pieces-7-768x768.jpg 768w, https:\/\/mouldking.store\/wp-content\/uploads\/2021\/10\/HENGTAI-92037-TimeSprite-with-2432-pieces-7-600x600.jpg 600w, https:\/\/mouldking.store\/wp-content\/uploads\/2021\/10\/HENGTAI-92037-TimeSprite-with-2432-pieces-7-150x150.jpg 150w\" sizes=\"(max-width: 822px) 100vw, 822px\" \/><figcaption id=\"caption-attachment-25514\" class=\"wp-caption-text\">HENGTAI 92037 TimeSprite with 2432 pieces<\/figcaption><\/figure>\n<figure id=\"attachment_25513\" aria-describedby=\"caption-attachment-25513\" style=\"width: 800px\" class=\"wp-caption aligncenter\"><img loading=\"lazy\" decoding=\"async\" class=\"wp-image-25513 size-full\" src=\"https:\/\/mouldking.store\/wp-content\/uploads\/2021\/10\/HENGTAI-92037-TimeSprite-with-2432-pieces-6.jpg\" alt=\"HENGTAI 92037 TimeSprite with 2432 pieces\" width=\"800\" height=\"800\" title=\"-\" srcset=\"https:\/\/mouldking.store\/wp-content\/uploads\/2021\/10\/HENGTAI-92037-TimeSprite-with-2432-pieces-6.jpg 800w, https:\/\/mouldking.store\/wp-content\/uploads\/2021\/10\/HENGTAI-92037-TimeSprite-with-2432-pieces-6-300x300.jpg 300w, https:\/\/mouldking.store\/wp-content\/uploads\/2021\/10\/HENGTAI-92037-TimeSprite-with-2432-pieces-6-768x768.jpg 768w, https:\/\/mouldking.store\/wp-content\/uploads\/2021\/10\/HENGTAI-92037-TimeSprite-with-2432-pieces-6-600x600.jpg 600w, https:\/\/mouldking.store\/wp-content\/uploads\/2021\/10\/HENGTAI-92037-TimeSprite-with-2432-pieces-6-150x150.jpg 150w\" sizes=\"(max-width: 800px) 100vw, 800px\" \/><figcaption id=\"caption-attachment-25513\" class=\"wp-caption-text\">HENGTAI 92037 TimeSprite with 2432 pieces<\/figcaption><\/figure>\n<figure id=\"attachment_25512\" aria-describedby=\"caption-attachment-25512\" style=\"width: 800px\" class=\"wp-caption aligncenter\"><img loading=\"lazy\" decoding=\"async\" class=\"wp-image-25512 size-full\" src=\"https:\/\/mouldking.store\/wp-content\/uploads\/2021\/10\/HENGTAI-92037-TimeSprite-with-2432-pieces-5.jpg\" alt=\"HENGTAI 92037 TimeSprite with 2432 pieces\" width=\"800\" height=\"800\" title=\"-\" srcset=\"https:\/\/mouldking.store\/wp-content\/uploads\/2021\/10\/HENGTAI-92037-TimeSprite-with-2432-pieces-5.jpg 800w, https:\/\/mouldking.store\/wp-content\/uploads\/2021\/10\/HENGTAI-92037-TimeSprite-with-2432-pieces-5-300x300.jpg 300w, https:\/\/mouldking.store\/wp-content\/uploads\/2021\/10\/HENGTAI-92037-TimeSprite-with-2432-pieces-5-768x768.jpg 768w, https:\/\/mouldking.store\/wp-content\/uploads\/2021\/10\/HENGTAI-92037-TimeSprite-with-2432-pieces-5-600x600.jpg 600w, https:\/\/mouldking.store\/wp-content\/uploads\/2021\/10\/HENGTAI-92037-TimeSprite-with-2432-pieces-5-150x150.jpg 150w\" sizes=\"(max-width: 800px) 100vw, 800px\" \/><figcaption id=\"caption-attachment-25512\" class=\"wp-caption-text\">HENGTAI 92037 TimeSprite with 2432 pieces<\/figcaption><\/figure>\n<figure id=\"attachment_25511\" aria-describedby=\"caption-attachment-25511\" style=\"width: 800px\" class=\"wp-caption aligncenter\"><img loading=\"lazy\" decoding=\"async\" class=\"wp-image-25511 size-full\" src=\"https:\/\/mouldking.store\/wp-content\/uploads\/2021\/10\/HENGTAI-92037-TimeSprite-with-2432-pieces-4.jpg\" alt=\"HENGTAI 92037 TimeSprite with 2432 pieces\" width=\"800\" height=\"800\" title=\"-\" srcset=\"https:\/\/mouldking.store\/wp-content\/uploads\/2021\/10\/HENGTAI-92037-TimeSprite-with-2432-pieces-4.jpg 800w, https:\/\/mouldking.store\/wp-content\/uploads\/2021\/10\/HENGTAI-92037-TimeSprite-with-2432-pieces-4-300x300.jpg 300w, https:\/\/mouldking.store\/wp-content\/uploads\/2021\/10\/HENGTAI-92037-TimeSprite-with-2432-pieces-4-768x768.jpg 768w, https:\/\/mouldking.store\/wp-content\/uploads\/2021\/10\/HENGTAI-92037-TimeSprite-with-2432-pieces-4-600x600.jpg 600w, https:\/\/mouldking.store\/wp-content\/uploads\/2021\/10\/HENGTAI-92037-TimeSprite-with-2432-pieces-4-150x150.jpg 150w\" sizes=\"(max-width: 800px) 100vw, 800px\" \/><figcaption id=\"caption-attachment-25511\" class=\"wp-caption-text\">HENGTAI 92037 TimeSprite with 2432 pieces<\/figcaption><\/figure>\n<figure id=\"attachment_25510\" aria-describedby=\"caption-attachment-25510\" style=\"width: 800px\" class=\"wp-caption aligncenter\"><img loading=\"lazy\" decoding=\"async\" class=\"wp-image-25510 size-full\" src=\"https:\/\/mouldking.store\/wp-content\/uploads\/2021\/10\/HENGTAI-92037-TimeSprite-with-2432-pieces-3.jpg\" alt=\"HENGTAI 92037 TimeSprite with 2432 pieces\" width=\"800\" height=\"800\" title=\"-\" srcset=\"https:\/\/mouldking.store\/wp-content\/uploads\/2021\/10\/HENGTAI-92037-TimeSprite-with-2432-pieces-3.jpg 800w, https:\/\/mouldking.store\/wp-content\/uploads\/2021\/10\/HENGTAI-92037-TimeSprite-with-2432-pieces-3-300x300.jpg 300w, https:\/\/mouldking.store\/wp-content\/uploads\/2021\/10\/HENGTAI-92037-TimeSprite-with-2432-pieces-3-768x768.jpg 768w, https:\/\/mouldking.store\/wp-content\/uploads\/2021\/10\/HENGTAI-92037-TimeSprite-with-2432-pieces-3-600x600.jpg 600w, https:\/\/mouldking.store\/wp-content\/uploads\/2021\/10\/HENGTAI-92037-TimeSprite-with-2432-pieces-3-150x150.jpg 150w\" sizes=\"(max-width: 800px) 100vw, 800px\" \/><figcaption id=\"caption-attachment-25510\" class=\"wp-caption-text\">HENGTAI 92037 TimeSprite with 2432 pieces<\/figcaption><\/figure>","protected":false},"excerpt":{"rendered":"<p>Product information: Brand: HENGTAI Gender: Unisex Name: TimeSprite Age Range: &gt; 6 years old Model Number: 92037 Classification: Assemblage Plastic Block Shape: Self-Locking Bricks Material: Plastic Plastic Type: ABS Bricks Blocks: 2432 PCS Contains detailed assembly instructions. Notice: 1. Without an original box, but we guarantee our products have quality assurance and nice packaging. 2. [&hellip;]<\/p>","protected":false},"featured_media":25508,"comment_status":"open","ping_status":"closed","template":"","meta":{"_acf_changed":false},"product_cat":[390],"product_tag":[2472,2474,2471,2475,2473],"class_list":["product","first","instock","shipping-taxable","purchasable","product-type-variable"],"acf":[],"_links":{"self":[{"href":"https:\/\/mouldking.store\/nb\/wp-json\/wp\/v2\/product\/25507","targetHints":{"allow":["GET"]}}],"collection":[{"href":"https:\/\/mouldking.store\/nb\/wp-json\/wp\/v2\/product"}],"about":[{"href":"https:\/\/mouldking.store\/nb\/wp-json\/wp\/v2\/types\/product"}],"replies":[{"embeddable":true,"href":"https:\/\/mouldking.store\/nb\/wp-json\/wp\/v2\/comments?post=25507"}],"wp:featuredmedia":[{"embeddable":true,"href":"https:\/\/mouldking.store\/nb\/wp-json\/wp\/v2\/media\/25508"}],"wp:attachment":[{"href":"https:\/\/mouldking.store\/nb\/wp-json\/wp\/v2\/media?parent=25507"}],"wp:term":[{"taxonomy":"product_cat","embeddable":true,"href":"https:\/\/mouldking.store\/nb\/wp-json\/wp\/v2\/product_cat?post=25507"},{"taxonomy":"product_tag","embeddable":true,"href":"https:\/\/mouldking.store\/nb\/wp-json\/wp\/v2\/product_tag?post=25507"}],"curies":[{"name":"wp","href":"https:\/\/api.w.org\/{rel}","templated":true}]}}