{"id":25520,"date":"2021-10-22T03:45:17","date_gmt":"2021-10-22T03:45:17","guid":{"rendered":"https:\/\/mouldking.store\/?post_type=product&#038;p=25520"},"modified":"2021-12-23T09:41:52","modified_gmt":"2021-12-23T09:41:52","slug":"winner-7049-american-chopper-with-709-pieces","status":"publish","type":"product","link":"https:\/\/mouldking.store\/nb\/shop\/winner-7049-american-chopper-with-709-pieces\/","title":{"rendered":"VINNER 7049 American Chopper med 709 stykker"},"content":{"rendered":"<p>Produktinformasjon:<\/p>\n<ol>\n<li>Merke: WINNER<\/li>\n<li>Kj\u00f8nn: Unisex<\/li>\n<li>Navn: American Chopper<\/li>\n<li>Aldersgruppe: &gt; 6 \u00e5r gammel<\/li>\n<li>Modellnummer: 7049<\/li>\n<li>Klassifisering: Montering<\/li>\n<li>Plastblokkform: Selvl\u00e5sende murstein<\/li>\n<li>Materiale: Plast<\/li>\n<li>Plasttype: ABS<\/li>\n<li>Mursteinsblokker: 709 STK<\/li>\n<li>Inneholder detaljerte monteringsanvisninger.<\/li>\n<\/ol>\n<p>Legge merke til:<br \/>\n1. Uten original eske, men vi garanterer at v\u00e5re produkter har kvalitetssikring og pen emballasje.<br \/>\n2. Som alle delene vi har sjekket f\u00f8r frakt, s\u00e5 hvis du finner noen deler savnet eller skadet, ikke bekymre deg og bare kontakt oss, s\u00e5 kan vi sende dem til deg p\u00e5 nytt umiddelbart gratis.<\/p>\n<figure id=\"attachment_25523\" aria-describedby=\"caption-attachment-25523\" style=\"width: 800px\" class=\"wp-caption aligncenter\"><img fetchpriority=\"high\" decoding=\"async\" class=\"wp-image-25523 size-full\" src=\"https:\/\/mouldking.store\/wp-content\/uploads\/2021\/10\/WINNER-7049-American-Chopper-with-709-pieces-3.jpg\" alt=\"WINNER 7049 American Chopper with 709 pieces\" width=\"800\" height=\"600\" title=\"-\" srcset=\"https:\/\/mouldking.store\/wp-content\/uploads\/2021\/10\/WINNER-7049-American-Chopper-with-709-pieces-3.jpg 800w, https:\/\/mouldking.store\/wp-content\/uploads\/2021\/10\/WINNER-7049-American-Chopper-with-709-pieces-3-300x225.jpg 300w, https:\/\/mouldking.store\/wp-content\/uploads\/2021\/10\/WINNER-7049-American-Chopper-with-709-pieces-3-768x576.jpg 768w, https:\/\/mouldking.store\/wp-content\/uploads\/2021\/10\/WINNER-7049-American-Chopper-with-709-pieces-3-600x450.jpg 600w, https:\/\/mouldking.store\/wp-content\/uploads\/2021\/10\/WINNER-7049-American-Chopper-with-709-pieces-3-150x113.jpg 150w\" sizes=\"(max-width: 800px) 100vw, 800px\" \/><figcaption id=\"caption-attachment-25523\" class=\"wp-caption-text\">VINNER 7049 American Chopper med 709 stykker<\/figcaption><\/figure>\n<figure id=\"attachment_25524\" aria-describedby=\"caption-attachment-25524\" style=\"width: 800px\" class=\"wp-caption aligncenter\"><img decoding=\"async\" class=\"wp-image-25524 size-full\" src=\"https:\/\/mouldking.store\/wp-content\/uploads\/2021\/10\/WINNER-7049-American-Chopper-with-709-pieces-4.jpg\" alt=\"WINNER 7049 American Chopper with 709 pieces\" width=\"800\" height=\"600\" title=\"-\" srcset=\"https:\/\/mouldking.store\/wp-content\/uploads\/2021\/10\/WINNER-7049-American-Chopper-with-709-pieces-4.jpg 800w, https:\/\/mouldking.store\/wp-content\/uploads\/2021\/10\/WINNER-7049-American-Chopper-with-709-pieces-4-300x225.jpg 300w, https:\/\/mouldking.store\/wp-content\/uploads\/2021\/10\/WINNER-7049-American-Chopper-with-709-pieces-4-768x576.jpg 768w, https:\/\/mouldking.store\/wp-content\/uploads\/2021\/10\/WINNER-7049-American-Chopper-with-709-pieces-4-600x450.jpg 600w, https:\/\/mouldking.store\/wp-content\/uploads\/2021\/10\/WINNER-7049-American-Chopper-with-709-pieces-4-150x113.jpg 150w\" sizes=\"(max-width: 800px) 100vw, 800px\" \/><figcaption id=\"caption-attachment-25524\" class=\"wp-caption-text\">VINNER 7049 American Chopper med 709 stykker<\/figcaption><\/figure>\n<figure id=\"attachment_25525\" aria-describedby=\"caption-attachment-25525\" style=\"width: 800px\" class=\"wp-caption aligncenter\"><img decoding=\"async\" class=\"wp-image-25525 size-full\" src=\"https:\/\/mouldking.store\/wp-content\/uploads\/2021\/10\/WINNER-7049-American-Chopper-with-709-pieces-5.jpg\" alt=\"WINNER 7049 American Chopper with 709 pieces\" width=\"800\" height=\"600\" title=\"-\" srcset=\"https:\/\/mouldking.store\/wp-content\/uploads\/2021\/10\/WINNER-7049-American-Chopper-with-709-pieces-5.jpg 800w, https:\/\/mouldking.store\/wp-content\/uploads\/2021\/10\/WINNER-7049-American-Chopper-with-709-pieces-5-300x225.jpg 300w, https:\/\/mouldking.store\/wp-content\/uploads\/2021\/10\/WINNER-7049-American-Chopper-with-709-pieces-5-768x576.jpg 768w, https:\/\/mouldking.store\/wp-content\/uploads\/2021\/10\/WINNER-7049-American-Chopper-with-709-pieces-5-600x450.jpg 600w, https:\/\/mouldking.store\/wp-content\/uploads\/2021\/10\/WINNER-7049-American-Chopper-with-709-pieces-5-150x113.jpg 150w\" sizes=\"(max-width: 800px) 100vw, 800px\" \/><figcaption id=\"caption-attachment-25525\" class=\"wp-caption-text\">VINNER 7049 American Chopper med 709 stykker<\/figcaption><\/figure>\n<figure id=\"attachment_25526\" aria-describedby=\"caption-attachment-25526\" style=\"width: 800px\" class=\"wp-caption aligncenter\"><img loading=\"lazy\" decoding=\"async\" class=\"wp-image-25526 size-full\" src=\"https:\/\/mouldking.store\/wp-content\/uploads\/2021\/10\/WINNER-7049-American-Chopper-with-709-pieces-6.jpg\" alt=\"WINNER 7049 American Chopper with 709 pieces\" width=\"800\" height=\"600\" title=\"-\" srcset=\"https:\/\/mouldking.store\/wp-content\/uploads\/2021\/10\/WINNER-7049-American-Chopper-with-709-pieces-6.jpg 800w, https:\/\/mouldking.store\/wp-content\/uploads\/2021\/10\/WINNER-7049-American-Chopper-with-709-pieces-6-300x225.jpg 300w, https:\/\/mouldking.store\/wp-content\/uploads\/2021\/10\/WINNER-7049-American-Chopper-with-709-pieces-6-768x576.jpg 768w, https:\/\/mouldking.store\/wp-content\/uploads\/2021\/10\/WINNER-7049-American-Chopper-with-709-pieces-6-600x450.jpg 600w, https:\/\/mouldking.store\/wp-content\/uploads\/2021\/10\/WINNER-7049-American-Chopper-with-709-pieces-6-150x113.jpg 150w\" sizes=\"(max-width: 800px) 100vw, 800px\" \/><figcaption id=\"caption-attachment-25526\" class=\"wp-caption-text\">VINNER 7049 American Chopper med 709 stykker<\/figcaption><\/figure>\n<figure id=\"attachment_25527\" aria-describedby=\"caption-attachment-25527\" style=\"width: 800px\" class=\"wp-caption aligncenter\"><img loading=\"lazy\" decoding=\"async\" class=\"wp-image-25527 size-full\" src=\"https:\/\/mouldking.store\/wp-content\/uploads\/2021\/10\/WINNER-7049-American-Chopper-with-709-pieces-7.jpg\" alt=\"WINNER 7049 American Chopper with 709 pieces\" width=\"800\" height=\"600\" title=\"-\" srcset=\"https:\/\/mouldking.store\/wp-content\/uploads\/2021\/10\/WINNER-7049-American-Chopper-with-709-pieces-7.jpg 800w, https:\/\/mouldking.store\/wp-content\/uploads\/2021\/10\/WINNER-7049-American-Chopper-with-709-pieces-7-300x225.jpg 300w, https:\/\/mouldking.store\/wp-content\/uploads\/2021\/10\/WINNER-7049-American-Chopper-with-709-pieces-7-768x576.jpg 768w, https:\/\/mouldking.store\/wp-content\/uploads\/2021\/10\/WINNER-7049-American-Chopper-with-709-pieces-7-600x450.jpg 600w, https:\/\/mouldking.store\/wp-content\/uploads\/2021\/10\/WINNER-7049-American-Chopper-with-709-pieces-7-150x113.jpg 150w\" sizes=\"(max-width: 800px) 100vw, 800px\" \/><figcaption id=\"caption-attachment-25527\" class=\"wp-caption-text\">VINNER 7049 American Chopper med 709 stykker<\/figcaption><\/figure>\n<figure id=\"attachment_25528\" aria-describedby=\"caption-attachment-25528\" style=\"width: 800px\" class=\"wp-caption aligncenter\"><img loading=\"lazy\" decoding=\"async\" class=\"wp-image-25528 size-full\" src=\"https:\/\/mouldking.store\/wp-content\/uploads\/2021\/10\/WINNER-7049-American-Chopper-with-709-pieces-8.jpg\" alt=\"WINNER 7049 American Chopper with 709 pieces\" width=\"800\" height=\"600\" title=\"-\" srcset=\"https:\/\/mouldking.store\/wp-content\/uploads\/2021\/10\/WINNER-7049-American-Chopper-with-709-pieces-8.jpg 800w, https:\/\/mouldking.store\/wp-content\/uploads\/2021\/10\/WINNER-7049-American-Chopper-with-709-pieces-8-300x225.jpg 300w, https:\/\/mouldking.store\/wp-content\/uploads\/2021\/10\/WINNER-7049-American-Chopper-with-709-pieces-8-768x576.jpg 768w, https:\/\/mouldking.store\/wp-content\/uploads\/2021\/10\/WINNER-7049-American-Chopper-with-709-pieces-8-600x450.jpg 600w, https:\/\/mouldking.store\/wp-content\/uploads\/2021\/10\/WINNER-7049-American-Chopper-with-709-pieces-8-150x113.jpg 150w\" sizes=\"(max-width: 800px) 100vw, 800px\" \/><figcaption id=\"caption-attachment-25528\" class=\"wp-caption-text\">VINNER 7049 American Chopper med 709 stykker<\/figcaption><\/figure>\n<figure id=\"attachment_25532\" aria-describedby=\"caption-attachment-25532\" style=\"width: 800px\" class=\"wp-caption aligncenter\"><img loading=\"lazy\" decoding=\"async\" class=\"wp-image-25532 size-full\" src=\"https:\/\/mouldking.store\/wp-content\/uploads\/2021\/10\/WINNER-7049-American-Chopper-with-709-pieces-12.jpg\" alt=\"WINNER 7049 American Chopper with 709 pieces\" width=\"800\" height=\"600\" title=\"-\" srcset=\"https:\/\/mouldking.store\/wp-content\/uploads\/2021\/10\/WINNER-7049-American-Chopper-with-709-pieces-12.jpg 800w, https:\/\/mouldking.store\/wp-content\/uploads\/2021\/10\/WINNER-7049-American-Chopper-with-709-pieces-12-300x225.jpg 300w, https:\/\/mouldking.store\/wp-content\/uploads\/2021\/10\/WINNER-7049-American-Chopper-with-709-pieces-12-768x576.jpg 768w, https:\/\/mouldking.store\/wp-content\/uploads\/2021\/10\/WINNER-7049-American-Chopper-with-709-pieces-12-600x450.jpg 600w, https:\/\/mouldking.store\/wp-content\/uploads\/2021\/10\/WINNER-7049-American-Chopper-with-709-pieces-12-150x113.jpg 150w\" sizes=\"(max-width: 800px) 100vw, 800px\" \/><figcaption id=\"caption-attachment-25532\" class=\"wp-caption-text\">VINNER 7049 American Chopper med 709 stykker<\/figcaption><\/figure>\n<figure id=\"attachment_25533\" aria-describedby=\"caption-attachment-25533\" style=\"width: 800px\" class=\"wp-caption aligncenter\"><img loading=\"lazy\" decoding=\"async\" class=\"wp-image-25533 size-full\" src=\"https:\/\/mouldking.store\/wp-content\/uploads\/2021\/10\/WINNER-7049-American-Chopper-with-709-pieces-13.jpg\" alt=\"WINNER 7049 American Chopper with 709 pieces\" width=\"800\" height=\"600\" title=\"-\" srcset=\"https:\/\/mouldking.store\/wp-content\/uploads\/2021\/10\/WINNER-7049-American-Chopper-with-709-pieces-13.jpg 800w, https:\/\/mouldking.store\/wp-content\/uploads\/2021\/10\/WINNER-7049-American-Chopper-with-709-pieces-13-300x225.jpg 300w, https:\/\/mouldking.store\/wp-content\/uploads\/2021\/10\/WINNER-7049-American-Chopper-with-709-pieces-13-768x576.jpg 768w, https:\/\/mouldking.store\/wp-content\/uploads\/2021\/10\/WINNER-7049-American-Chopper-with-709-pieces-13-600x450.jpg 600w, https:\/\/mouldking.store\/wp-content\/uploads\/2021\/10\/WINNER-7049-American-Chopper-with-709-pieces-13-150x113.jpg 150w\" sizes=\"(max-width: 800px) 100vw, 800px\" \/><figcaption id=\"caption-attachment-25533\" class=\"wp-caption-text\">VINNER 7049 American Chopper med 709 stykker<\/figcaption><\/figure>\n<figure id=\"attachment_25534\" aria-describedby=\"caption-attachment-25534\" style=\"width: 800px\" class=\"wp-caption aligncenter\"><img loading=\"lazy\" decoding=\"async\" class=\"wp-image-25534 size-full\" src=\"https:\/\/mouldking.store\/wp-content\/uploads\/2021\/10\/WINNER-7049-American-Chopper-with-709-pieces-14.jpg\" alt=\"WINNER 7049 American Chopper with 709 pieces\" width=\"800\" height=\"600\" title=\"-\" srcset=\"https:\/\/mouldking.store\/wp-content\/uploads\/2021\/10\/WINNER-7049-American-Chopper-with-709-pieces-14.jpg 800w, https:\/\/mouldking.store\/wp-content\/uploads\/2021\/10\/WINNER-7049-American-Chopper-with-709-pieces-14-300x225.jpg 300w, https:\/\/mouldking.store\/wp-content\/uploads\/2021\/10\/WINNER-7049-American-Chopper-with-709-pieces-14-768x576.jpg 768w, https:\/\/mouldking.store\/wp-content\/uploads\/2021\/10\/WINNER-7049-American-Chopper-with-709-pieces-14-600x450.jpg 600w, https:\/\/mouldking.store\/wp-content\/uploads\/2021\/10\/WINNER-7049-American-Chopper-with-709-pieces-14-150x113.jpg 150w\" sizes=\"(max-width: 800px) 100vw, 800px\" \/><figcaption id=\"caption-attachment-25534\" class=\"wp-caption-text\">VINNER 7049 American Chopper med 709 stykker<\/figcaption><\/figure>\n<figure id=\"attachment_25535\" aria-describedby=\"caption-attachment-25535\" style=\"width: 800px\" class=\"wp-caption aligncenter\"><img loading=\"lazy\" decoding=\"async\" class=\"wp-image-25535 size-full\" src=\"https:\/\/mouldking.store\/wp-content\/uploads\/2021\/10\/WINNER-7049-American-Chopper-with-709-pieces-15.jpg\" alt=\"WINNER 7049 American Chopper with 709 pieces\" width=\"800\" height=\"600\" title=\"-\" srcset=\"https:\/\/mouldking.store\/wp-content\/uploads\/2021\/10\/WINNER-7049-American-Chopper-with-709-pieces-15.jpg 800w, https:\/\/mouldking.store\/wp-content\/uploads\/2021\/10\/WINNER-7049-American-Chopper-with-709-pieces-15-300x225.jpg 300w, https:\/\/mouldking.store\/wp-content\/uploads\/2021\/10\/WINNER-7049-American-Chopper-with-709-pieces-15-768x576.jpg 768w, https:\/\/mouldking.store\/wp-content\/uploads\/2021\/10\/WINNER-7049-American-Chopper-with-709-pieces-15-600x450.jpg 600w, https:\/\/mouldking.store\/wp-content\/uploads\/2021\/10\/WINNER-7049-American-Chopper-with-709-pieces-15-150x113.jpg 150w\" sizes=\"(max-width: 800px) 100vw, 800px\" \/><figcaption id=\"caption-attachment-25535\" class=\"wp-caption-text\">VINNER 7049 American Chopper med 709 stykker<\/figcaption><\/figure>\n<figure id=\"attachment_25531\" aria-describedby=\"caption-attachment-25531\" style=\"width: 800px\" class=\"wp-caption aligncenter\"><img loading=\"lazy\" decoding=\"async\" class=\"wp-image-25531 size-full\" src=\"https:\/\/mouldking.store\/wp-content\/uploads\/2021\/10\/WINNER-7049-American-Chopper-with-709-pieces-11.jpg\" alt=\"WINNER 7049 American Chopper with 709 pieces\" width=\"800\" height=\"600\" title=\"-\" srcset=\"https:\/\/mouldking.store\/wp-content\/uploads\/2021\/10\/WINNER-7049-American-Chopper-with-709-pieces-11.jpg 800w, https:\/\/mouldking.store\/wp-content\/uploads\/2021\/10\/WINNER-7049-American-Chopper-with-709-pieces-11-300x225.jpg 300w, https:\/\/mouldking.store\/wp-content\/uploads\/2021\/10\/WINNER-7049-American-Chopper-with-709-pieces-11-768x576.jpg 768w, https:\/\/mouldking.store\/wp-content\/uploads\/2021\/10\/WINNER-7049-American-Chopper-with-709-pieces-11-600x450.jpg 600w, https:\/\/mouldking.store\/wp-content\/uploads\/2021\/10\/WINNER-7049-American-Chopper-with-709-pieces-11-150x113.jpg 150w\" sizes=\"(max-width: 800px) 100vw, 800px\" \/><figcaption id=\"caption-attachment-25531\" class=\"wp-caption-text\">VINNER 7049 American Chopper med 709 stykker<\/figcaption><\/figure>\n<figure id=\"attachment_25530\" aria-describedby=\"caption-attachment-25530\" style=\"width: 800px\" class=\"wp-caption aligncenter\"><img loading=\"lazy\" decoding=\"async\" class=\"wp-image-25530 size-full\" src=\"https:\/\/mouldking.store\/wp-content\/uploads\/2021\/10\/WINNER-7049-American-Chopper-with-709-pieces-10.jpg\" alt=\"WINNER 7049 American Chopper with 709 pieces\" width=\"800\" height=\"600\" title=\"-\" srcset=\"https:\/\/mouldking.store\/wp-content\/uploads\/2021\/10\/WINNER-7049-American-Chopper-with-709-pieces-10.jpg 800w, https:\/\/mouldking.store\/wp-content\/uploads\/2021\/10\/WINNER-7049-American-Chopper-with-709-pieces-10-300x225.jpg 300w, https:\/\/mouldking.store\/wp-content\/uploads\/2021\/10\/WINNER-7049-American-Chopper-with-709-pieces-10-768x576.jpg 768w, https:\/\/mouldking.store\/wp-content\/uploads\/2021\/10\/WINNER-7049-American-Chopper-with-709-pieces-10-600x450.jpg 600w, https:\/\/mouldking.store\/wp-content\/uploads\/2021\/10\/WINNER-7049-American-Chopper-with-709-pieces-10-150x113.jpg 150w\" sizes=\"(max-width: 800px) 100vw, 800px\" \/><figcaption id=\"caption-attachment-25530\" class=\"wp-caption-text\">VINNER 7049 American Chopper med 709 stykker<\/figcaption><\/figure>\n<figure id=\"attachment_25529\" aria-describedby=\"caption-attachment-25529\" style=\"width: 800px\" class=\"wp-caption aligncenter\"><img loading=\"lazy\" decoding=\"async\" class=\"wp-image-25529 size-full\" src=\"https:\/\/mouldking.store\/wp-content\/uploads\/2021\/10\/WINNER-7049-American-Chopper-with-709-pieces-9.jpg\" alt=\"WINNER 7049 American Chopper with 709 pieces\" width=\"800\" height=\"600\" title=\"-\" srcset=\"https:\/\/mouldking.store\/wp-content\/uploads\/2021\/10\/WINNER-7049-American-Chopper-with-709-pieces-9.jpg 800w, https:\/\/mouldking.store\/wp-content\/uploads\/2021\/10\/WINNER-7049-American-Chopper-with-709-pieces-9-300x225.jpg 300w, https:\/\/mouldking.store\/wp-content\/uploads\/2021\/10\/WINNER-7049-American-Chopper-with-709-pieces-9-768x576.jpg 768w, https:\/\/mouldking.store\/wp-content\/uploads\/2021\/10\/WINNER-7049-American-Chopper-with-709-pieces-9-600x450.jpg 600w, https:\/\/mouldking.store\/wp-content\/uploads\/2021\/10\/WINNER-7049-American-Chopper-with-709-pieces-9-150x113.jpg 150w\" sizes=\"(max-width: 800px) 100vw, 800px\" \/><figcaption id=\"caption-attachment-25529\" class=\"wp-caption-text\">VINNER 7049 American Chopper med 709 stykker<\/figcaption><\/figure>\n<figure id=\"attachment_25522\" aria-describedby=\"caption-attachment-25522\" style=\"width: 800px\" class=\"wp-caption aligncenter\"><img loading=\"lazy\" decoding=\"async\" class=\"wp-image-25522 size-full\" src=\"https:\/\/mouldking.store\/wp-content\/uploads\/2021\/10\/WINNER-7049-American-Chopper-with-709-pieces-2.jpg\" alt=\"WINNER 7049 American Chopper with 709 pieces\" width=\"800\" height=\"600\" title=\"-\" srcset=\"https:\/\/mouldking.store\/wp-content\/uploads\/2021\/10\/WINNER-7049-American-Chopper-with-709-pieces-2.jpg 800w, https:\/\/mouldking.store\/wp-content\/uploads\/2021\/10\/WINNER-7049-American-Chopper-with-709-pieces-2-300x225.jpg 300w, https:\/\/mouldking.store\/wp-content\/uploads\/2021\/10\/WINNER-7049-American-Chopper-with-709-pieces-2-768x576.jpg 768w, https:\/\/mouldking.store\/wp-content\/uploads\/2021\/10\/WINNER-7049-American-Chopper-with-709-pieces-2-600x450.jpg 600w, https:\/\/mouldking.store\/wp-content\/uploads\/2021\/10\/WINNER-7049-American-Chopper-with-709-pieces-2-150x113.jpg 150w\" sizes=\"(max-width: 800px) 100vw, 800px\" \/><figcaption id=\"caption-attachment-25522\" class=\"wp-caption-text\">VINNER 7049 American Chopper med 709 stykker<\/figcaption><\/figure>","protected":false},"excerpt":{"rendered":"<p>Product information: Brand: WINNER Gender: Unisex Name: American Chopper Age Range: &gt; 6 years old Model Number: 7049 Classification: Assemblage Plastic Block Shape: Self-Locking Bricks Material: Plastic Plastic Type: ABS Bricks Blocks: 709 PCS Contains detailed assembly instructions. Notice: 1. Without an original box, but we guarantee our products have quality assurance and nice packaging. [&hellip;]<\/p>","protected":false},"featured_media":25521,"comment_status":"open","ping_status":"closed","template":"","meta":{"_acf_changed":false},"product_cat":[364],"product_tag":[2487,2488,2485,2489,1581,2484,2483,2486],"class_list":["product","first","instock","shipping-taxable","purchasable","product-type-simple"],"acf":[],"_links":{"self":[{"href":"https:\/\/mouldking.store\/nb\/wp-json\/wp\/v2\/product\/25520","targetHints":{"allow":["GET"]}}],"collection":[{"href":"https:\/\/mouldking.store\/nb\/wp-json\/wp\/v2\/product"}],"about":[{"href":"https:\/\/mouldking.store\/nb\/wp-json\/wp\/v2\/types\/product"}],"replies":[{"embeddable":true,"href":"https:\/\/mouldking.store\/nb\/wp-json\/wp\/v2\/comments?post=25520"}],"wp:featuredmedia":[{"embeddable":true,"href":"https:\/\/mouldking.store\/nb\/wp-json\/wp\/v2\/media\/25521"}],"wp:attachment":[{"href":"https:\/\/mouldking.store\/nb\/wp-json\/wp\/v2\/media?parent=25520"}],"wp:term":[{"taxonomy":"product_cat","embeddable":true,"href":"https:\/\/mouldking.store\/nb\/wp-json\/wp\/v2\/product_cat?post=25520"},{"taxonomy":"product_tag","embeddable":true,"href":"https:\/\/mouldking.store\/nb\/wp-json\/wp\/v2\/product_tag?post=25520"}],"curies":[{"name":"wp","href":"https:\/\/api.w.org\/{rel}","templated":true}]}}