{"id":25557,"date":"2021-10-22T04:01:27","date_gmt":"2021-10-22T04:01:27","guid":{"rendered":"https:\/\/mouldking.store\/?post_type=product&#038;p=25557"},"modified":"2021-12-23T09:41:52","modified_gmt":"2021-12-23T09:41:52","slug":"wange-6225-el-castillo-with-1340-pieces","status":"publish","type":"product","link":"https:\/\/mouldking.store\/nb\/shop\/wange-6225-el-castillo-with-1340-pieces\/","title":{"rendered":"WANGE 6225 EL CASTILLO med 1340 stk"},"content":{"rendered":"<p>Produktinformasjon:<\/p>\n<ol>\n<li>Merke: WANGE<\/li>\n<li>Kj\u00f8nn: Unisex<\/li>\n<li>Name: EL CASTILLO<\/li>\n<li>Aldersgruppe: &gt; 6 \u00e5r gammel<\/li>\n<li>Model Number: 6225<\/li>\n<li>Klassifisering: Montering<\/li>\n<li>Plastblokkform: Selvl\u00e5sende murstein<\/li>\n<li>Materiale: Plast<\/li>\n<li>Plasttype: ABS<\/li>\n<li>Bricks Blocks: 1340 PCS<\/li>\n<li>Inneholder detaljerte monteringsanvisninger.<\/li>\n<\/ol>\n<p>Legge merke til:<br \/>\n1. Uten original eske, men vi garanterer at v\u00e5re produkter har kvalitetssikring og pen emballasje.<br \/>\n2. Som alle delene vi har sjekket f\u00f8r frakt, s\u00e5 hvis du finner noen deler savnet eller skadet, ikke bekymre deg og bare kontakt oss, s\u00e5 kan vi sende dem til deg p\u00e5 nytt umiddelbart gratis.<\/p>\n<figure id=\"attachment_25567\" aria-describedby=\"caption-attachment-25567\" style=\"width: 734px\" class=\"wp-caption aligncenter\"><img fetchpriority=\"high\" decoding=\"async\" class=\"wp-image-25567 size-full\" src=\"https:\/\/mouldking.store\/wp-content\/uploads\/2021\/10\/WANGE-6225-EL-CASTILLO-with-1340-pieces-10.jpg\" alt=\"WANGE 6225 EL CASTILLO with 1340 pieces\" width=\"734\" height=\"1024\" title=\"-\" srcset=\"https:\/\/mouldking.store\/wp-content\/uploads\/2021\/10\/WANGE-6225-EL-CASTILLO-with-1340-pieces-10.jpg 734w, https:\/\/mouldking.store\/wp-content\/uploads\/2021\/10\/WANGE-6225-EL-CASTILLO-with-1340-pieces-10-215x300.jpg 215w, https:\/\/mouldking.store\/wp-content\/uploads\/2021\/10\/WANGE-6225-EL-CASTILLO-with-1340-pieces-10-300x419.jpg 300w, https:\/\/mouldking.store\/wp-content\/uploads\/2021\/10\/WANGE-6225-EL-CASTILLO-with-1340-pieces-10-600x837.jpg 600w, https:\/\/mouldking.store\/wp-content\/uploads\/2021\/10\/WANGE-6225-EL-CASTILLO-with-1340-pieces-10-108x150.jpg 108w\" sizes=\"(max-width: 734px) 100vw, 734px\" \/><figcaption id=\"caption-attachment-25567\" class=\"wp-caption-text\">WANGE 6225 EL CASTILLO med 1340 stk<\/figcaption><\/figure>\n<figure id=\"attachment_25559\" aria-describedby=\"caption-attachment-25559\" style=\"width: 790px\" class=\"wp-caption aligncenter\"><img decoding=\"async\" class=\"wp-image-25559 size-full\" src=\"https:\/\/mouldking.store\/wp-content\/uploads\/2021\/10\/WANGE-6225-EL-CASTILLO-with-1340-pieces-2.jpg\" alt=\"WANGE 6225 EL CASTILLO with 1340 pieces\" width=\"790\" height=\"953\" title=\"-\" srcset=\"https:\/\/mouldking.store\/wp-content\/uploads\/2021\/10\/WANGE-6225-EL-CASTILLO-with-1340-pieces-2.jpg 790w, https:\/\/mouldking.store\/wp-content\/uploads\/2021\/10\/WANGE-6225-EL-CASTILLO-with-1340-pieces-2-249x300.jpg 249w, https:\/\/mouldking.store\/wp-content\/uploads\/2021\/10\/WANGE-6225-EL-CASTILLO-with-1340-pieces-2-768x926.jpg 768w, https:\/\/mouldking.store\/wp-content\/uploads\/2021\/10\/WANGE-6225-EL-CASTILLO-with-1340-pieces-2-300x362.jpg 300w, https:\/\/mouldking.store\/wp-content\/uploads\/2021\/10\/WANGE-6225-EL-CASTILLO-with-1340-pieces-2-600x724.jpg 600w, https:\/\/mouldking.store\/wp-content\/uploads\/2021\/10\/WANGE-6225-EL-CASTILLO-with-1340-pieces-2-124x150.jpg 124w\" sizes=\"(max-width: 790px) 100vw, 790px\" \/><figcaption id=\"caption-attachment-25559\" class=\"wp-caption-text\">WANGE 6225 EL CASTILLO med 1340 stk<\/figcaption><\/figure>\n<figure id=\"attachment_25560\" aria-describedby=\"caption-attachment-25560\" style=\"width: 779px\" class=\"wp-caption aligncenter\"><img decoding=\"async\" class=\"wp-image-25560 size-full\" src=\"https:\/\/mouldking.store\/wp-content\/uploads\/2021\/10\/WANGE-6225-EL-CASTILLO-with-1340-pieces-3.jpg\" alt=\"WANGE 6225 EL CASTILLO with 1340 pieces\" width=\"779\" height=\"1024\" title=\"-\" srcset=\"https:\/\/mouldking.store\/wp-content\/uploads\/2021\/10\/WANGE-6225-EL-CASTILLO-with-1340-pieces-3.jpg 779w, https:\/\/mouldking.store\/wp-content\/uploads\/2021\/10\/WANGE-6225-EL-CASTILLO-with-1340-pieces-3-228x300.jpg 228w, https:\/\/mouldking.store\/wp-content\/uploads\/2021\/10\/WANGE-6225-EL-CASTILLO-with-1340-pieces-3-768x1010.jpg 768w, https:\/\/mouldking.store\/wp-content\/uploads\/2021\/10\/WANGE-6225-EL-CASTILLO-with-1340-pieces-3-300x394.jpg 300w, https:\/\/mouldking.store\/wp-content\/uploads\/2021\/10\/WANGE-6225-EL-CASTILLO-with-1340-pieces-3-600x789.jpg 600w, https:\/\/mouldking.store\/wp-content\/uploads\/2021\/10\/WANGE-6225-EL-CASTILLO-with-1340-pieces-3-114x150.jpg 114w\" sizes=\"(max-width: 779px) 100vw, 779px\" \/><figcaption id=\"caption-attachment-25560\" class=\"wp-caption-text\">WANGE 6225 EL CASTILLO med 1340 stk<\/figcaption><\/figure>\n<figure id=\"attachment_25566\" aria-describedby=\"caption-attachment-25566\" style=\"width: 790px\" class=\"wp-caption aligncenter\"><img loading=\"lazy\" decoding=\"async\" class=\"wp-image-25566 size-full\" src=\"https:\/\/mouldking.store\/wp-content\/uploads\/2021\/10\/WANGE-6225-EL-CASTILLO-with-1340-pieces-9.jpg\" alt=\"WANGE 6225 EL CASTILLO with 1340 pieces\" width=\"790\" height=\"864\" title=\"-\" srcset=\"https:\/\/mouldking.store\/wp-content\/uploads\/2021\/10\/WANGE-6225-EL-CASTILLO-with-1340-pieces-9.jpg 790w, https:\/\/mouldking.store\/wp-content\/uploads\/2021\/10\/WANGE-6225-EL-CASTILLO-with-1340-pieces-9-274x300.jpg 274w, https:\/\/mouldking.store\/wp-content\/uploads\/2021\/10\/WANGE-6225-EL-CASTILLO-with-1340-pieces-9-768x840.jpg 768w, https:\/\/mouldking.store\/wp-content\/uploads\/2021\/10\/WANGE-6225-EL-CASTILLO-with-1340-pieces-9-300x328.jpg 300w, https:\/\/mouldking.store\/wp-content\/uploads\/2021\/10\/WANGE-6225-EL-CASTILLO-with-1340-pieces-9-600x656.jpg 600w, https:\/\/mouldking.store\/wp-content\/uploads\/2021\/10\/WANGE-6225-EL-CASTILLO-with-1340-pieces-9-137x150.jpg 137w\" sizes=\"(max-width: 790px) 100vw, 790px\" \/><figcaption id=\"caption-attachment-25566\" class=\"wp-caption-text\">WANGE 6225 EL CASTILLO med 1340 stk<\/figcaption><\/figure>\n<figure id=\"attachment_25561\" aria-describedby=\"caption-attachment-25561\" style=\"width: 686px\" class=\"wp-caption aligncenter\"><img loading=\"lazy\" decoding=\"async\" class=\"wp-image-25561 size-full\" src=\"https:\/\/mouldking.store\/wp-content\/uploads\/2021\/10\/WANGE-6225-EL-CASTILLO-with-1340-pieces-4.jpg\" alt=\"WANGE 6225 EL CASTILLO with 1340 pieces\" width=\"686\" height=\"1024\" title=\"-\" srcset=\"https:\/\/mouldking.store\/wp-content\/uploads\/2021\/10\/WANGE-6225-EL-CASTILLO-with-1340-pieces-4.jpg 686w, https:\/\/mouldking.store\/wp-content\/uploads\/2021\/10\/WANGE-6225-EL-CASTILLO-with-1340-pieces-4-201x300.jpg 201w, https:\/\/mouldking.store\/wp-content\/uploads\/2021\/10\/WANGE-6225-EL-CASTILLO-with-1340-pieces-4-300x448.jpg 300w, https:\/\/mouldking.store\/wp-content\/uploads\/2021\/10\/WANGE-6225-EL-CASTILLO-with-1340-pieces-4-600x896.jpg 600w, https:\/\/mouldking.store\/wp-content\/uploads\/2021\/10\/WANGE-6225-EL-CASTILLO-with-1340-pieces-4-100x150.jpg 100w\" sizes=\"(max-width: 686px) 100vw, 686px\" \/><figcaption id=\"caption-attachment-25561\" class=\"wp-caption-text\">WANGE 6225 EL CASTILLO med 1340 stk<\/figcaption><\/figure>\n<figure id=\"attachment_25562\" aria-describedby=\"caption-attachment-25562\" style=\"width: 652px\" class=\"wp-caption aligncenter\"><img loading=\"lazy\" decoding=\"async\" class=\"wp-image-25562 size-full\" src=\"https:\/\/mouldking.store\/wp-content\/uploads\/2021\/10\/WANGE-6225-EL-CASTILLO-with-1340-pieces-5.jpg\" alt=\"WANGE 6225 EL CASTILLO with 1340 pieces\" width=\"652\" height=\"1023\" title=\"-\" srcset=\"https:\/\/mouldking.store\/wp-content\/uploads\/2021\/10\/WANGE-6225-EL-CASTILLO-with-1340-pieces-5.jpg 652w, https:\/\/mouldking.store\/wp-content\/uploads\/2021\/10\/WANGE-6225-EL-CASTILLO-with-1340-pieces-5-191x300.jpg 191w, https:\/\/mouldking.store\/wp-content\/uploads\/2021\/10\/WANGE-6225-EL-CASTILLO-with-1340-pieces-5-300x471.jpg 300w, https:\/\/mouldking.store\/wp-content\/uploads\/2021\/10\/WANGE-6225-EL-CASTILLO-with-1340-pieces-5-600x941.jpg 600w, https:\/\/mouldking.store\/wp-content\/uploads\/2021\/10\/WANGE-6225-EL-CASTILLO-with-1340-pieces-5-96x150.jpg 96w\" sizes=\"(max-width: 652px) 100vw, 652px\" \/><figcaption id=\"caption-attachment-25562\" class=\"wp-caption-text\">WANGE 6225 EL CASTILLO med 1340 stk<\/figcaption><\/figure>\n<figure id=\"attachment_25565\" aria-describedby=\"caption-attachment-25565\" style=\"width: 678px\" class=\"wp-caption aligncenter\"><img loading=\"lazy\" decoding=\"async\" class=\"wp-image-25565 size-full\" src=\"https:\/\/mouldking.store\/wp-content\/uploads\/2021\/10\/WANGE-6225-EL-CASTILLO-with-1340-pieces-8.jpg\" alt=\"WANGE 6225 EL CASTILLO with 1340 pieces\" width=\"678\" height=\"1024\" title=\"-\" srcset=\"https:\/\/mouldking.store\/wp-content\/uploads\/2021\/10\/WANGE-6225-EL-CASTILLO-with-1340-pieces-8.jpg 678w, https:\/\/mouldking.store\/wp-content\/uploads\/2021\/10\/WANGE-6225-EL-CASTILLO-with-1340-pieces-8-199x300.jpg 199w, https:\/\/mouldking.store\/wp-content\/uploads\/2021\/10\/WANGE-6225-EL-CASTILLO-with-1340-pieces-8-300x453.jpg 300w, https:\/\/mouldking.store\/wp-content\/uploads\/2021\/10\/WANGE-6225-EL-CASTILLO-with-1340-pieces-8-600x906.jpg 600w, https:\/\/mouldking.store\/wp-content\/uploads\/2021\/10\/WANGE-6225-EL-CASTILLO-with-1340-pieces-8-99x150.jpg 99w\" sizes=\"(max-width: 678px) 100vw, 678px\" \/><figcaption id=\"caption-attachment-25565\" class=\"wp-caption-text\">WANGE 6225 EL CASTILLO med 1340 stk<\/figcaption><\/figure>\n<figure id=\"attachment_25564\" aria-describedby=\"caption-attachment-25564\" style=\"width: 762px\" class=\"wp-caption aligncenter\"><img loading=\"lazy\" decoding=\"async\" class=\"wp-image-25564 size-full\" src=\"https:\/\/mouldking.store\/wp-content\/uploads\/2021\/10\/WANGE-6225-EL-CASTILLO-with-1340-pieces-7.jpg\" alt=\"WANGE 6225 EL CASTILLO with 1340 pieces\" width=\"762\" height=\"1023\" title=\"-\" srcset=\"https:\/\/mouldking.store\/wp-content\/uploads\/2021\/10\/WANGE-6225-EL-CASTILLO-with-1340-pieces-7.jpg 762w, https:\/\/mouldking.store\/wp-content\/uploads\/2021\/10\/WANGE-6225-EL-CASTILLO-with-1340-pieces-7-223x300.jpg 223w, https:\/\/mouldking.store\/wp-content\/uploads\/2021\/10\/WANGE-6225-EL-CASTILLO-with-1340-pieces-7-300x403.jpg 300w, https:\/\/mouldking.store\/wp-content\/uploads\/2021\/10\/WANGE-6225-EL-CASTILLO-with-1340-pieces-7-600x806.jpg 600w, https:\/\/mouldking.store\/wp-content\/uploads\/2021\/10\/WANGE-6225-EL-CASTILLO-with-1340-pieces-7-112x150.jpg 112w\" sizes=\"(max-width: 762px) 100vw, 762px\" \/><figcaption id=\"caption-attachment-25564\" class=\"wp-caption-text\">WANGE 6225 EL CASTILLO med 1340 stk<\/figcaption><\/figure>\n<figure id=\"attachment_25563\" aria-describedby=\"caption-attachment-25563\" style=\"width: 734px\" class=\"wp-caption aligncenter\"><img loading=\"lazy\" decoding=\"async\" class=\"wp-image-25563 size-full\" src=\"https:\/\/mouldking.store\/wp-content\/uploads\/2021\/10\/WANGE-6225-EL-CASTILLO-with-1340-pieces-6.jpg\" alt=\"WANGE 6225 EL CASTILLO with 1340 pieces\" width=\"734\" height=\"1024\" title=\"-\" srcset=\"https:\/\/mouldking.store\/wp-content\/uploads\/2021\/10\/WANGE-6225-EL-CASTILLO-with-1340-pieces-6.jpg 734w, https:\/\/mouldking.store\/wp-content\/uploads\/2021\/10\/WANGE-6225-EL-CASTILLO-with-1340-pieces-6-215x300.jpg 215w, https:\/\/mouldking.store\/wp-content\/uploads\/2021\/10\/WANGE-6225-EL-CASTILLO-with-1340-pieces-6-300x419.jpg 300w, https:\/\/mouldking.store\/wp-content\/uploads\/2021\/10\/WANGE-6225-EL-CASTILLO-with-1340-pieces-6-600x837.jpg 600w, https:\/\/mouldking.store\/wp-content\/uploads\/2021\/10\/WANGE-6225-EL-CASTILLO-with-1340-pieces-6-108x150.jpg 108w\" sizes=\"(max-width: 734px) 100vw, 734px\" \/><figcaption id=\"caption-attachment-25563\" class=\"wp-caption-text\">WANGE 6225 EL CASTILLO med 1340 stk<\/figcaption><\/figure>","protected":false},"excerpt":{"rendered":"<p>Product information: Brand: WANGE Gender: Unisex Name: EL CASTILLO Age Range: &gt; 6 years old Model Number: 6225 Classification: Assemblage Plastic Block Shape: Self-Locking Bricks Material: Plastic Plastic Type: ABS Bricks Blocks: 1340 PCS Contains detailed assembly instructions. Notice: 1. Without an original box, but we guarantee our products have quality assurance and nice packaging. [&hellip;]<\/p>","protected":false},"featured_media":25558,"comment_status":"open","ping_status":"closed","template":"","meta":{"_acf_changed":false},"product_cat":[390],"product_tag":[2503,2504,2502,2299,2501,2500,2505],"class_list":["product","first","instock","shipping-taxable","purchasable","product-type-simple"],"acf":[],"_links":{"self":[{"href":"https:\/\/mouldking.store\/nb\/wp-json\/wp\/v2\/product\/25557","targetHints":{"allow":["GET"]}}],"collection":[{"href":"https:\/\/mouldking.store\/nb\/wp-json\/wp\/v2\/product"}],"about":[{"href":"https:\/\/mouldking.store\/nb\/wp-json\/wp\/v2\/types\/product"}],"replies":[{"embeddable":true,"href":"https:\/\/mouldking.store\/nb\/wp-json\/wp\/v2\/comments?post=25557"}],"wp:featuredmedia":[{"embeddable":true,"href":"https:\/\/mouldking.store\/nb\/wp-json\/wp\/v2\/media\/25558"}],"wp:attachment":[{"href":"https:\/\/mouldking.store\/nb\/wp-json\/wp\/v2\/media?parent=25557"}],"wp:term":[{"taxonomy":"product_cat","embeddable":true,"href":"https:\/\/mouldking.store\/nb\/wp-json\/wp\/v2\/product_cat?post=25557"},{"taxonomy":"product_tag","embeddable":true,"href":"https:\/\/mouldking.store\/nb\/wp-json\/wp\/v2\/product_tag?post=25557"}],"curies":[{"name":"wp","href":"https:\/\/api.w.org\/{rel}","templated":true}]}}