{"id":25576,"date":"2021-10-22T04:14:20","date_gmt":"2021-10-22T04:14:20","guid":{"rendered":"https:\/\/mouldking.store\/?post_type=product&#038;p=25576"},"modified":"2025-06-19T17:36:49","modified_gmt":"2025-06-19T10:36:49","slug":"wange-5120-5123-world-masterpiece-with-3200-pieces","status":"publish","type":"product","link":"https:\/\/mouldking.store\/nb\/shop\/wange-5120-5123-world-masterpiece-with-3200-pieces\/","title":{"rendered":"WANGE 5120-5123 Verdensmesterverk med 3200 deler"},"content":{"rendered":"<p>Produktinformasjon:<\/p>\n<ol>\n<li>Merke: WANGE<\/li>\n<li>Kj\u00f8nn: Unisex<\/li>\n<li>Navn: Verdensmesterverk<\/li>\n<li>Aldersgruppe: &gt; 6 \u00e5r gammel<\/li>\n<li>Modellnummer: 5120-5123<\/li>\n<li>Klassifisering: Montering<\/li>\n<li>Plastblokkform: Selvl\u00e5sende murstein<\/li>\n<li>Materiale: Plast<\/li>\n<li>Plasttype: ABS<\/li>\n<li>Mursteinsblokker: 3200 STK<\/li>\n<li>Inneholder detaljerte monteringsanvisninger.<\/li>\n<\/ol>\n<p>Legge merke til:<br \/>\n1. Uten original eske, men vi garanterer at v\u00e5re produkter har kvalitetssikring og pen emballasje.<br \/>\n2. Som alle delene vi har sjekket f\u00f8r frakt, s\u00e5 hvis du finner noen deler savnet eller skadet, ikke bekymre deg og bare kontakt oss, s\u00e5 kan vi sende dem til deg p\u00e5 nytt umiddelbart gratis.<\/p>\n<figure id=\"attachment_25577\" aria-describedby=\"caption-attachment-25577\" style=\"width: 800px\" class=\"wp-caption aligncenter\"><img fetchpriority=\"high\" decoding=\"async\" class=\"wp-image-25577 size-full\" src=\"https:\/\/mouldking.store\/wp-content\/uploads\/2021\/10\/WANGE-5120-5123-World-Masterpiece-with-3200-pieces-1.jpg\" alt=\"WANGE 5120-5123 World Masterpiece with 3200 pieces\" width=\"800\" height=\"800\" title=\"-\" srcset=\"https:\/\/mouldking.store\/wp-content\/uploads\/2021\/10\/WANGE-5120-5123-World-Masterpiece-with-3200-pieces-1.jpg 800w, https:\/\/mouldking.store\/wp-content\/uploads\/2021\/10\/WANGE-5120-5123-World-Masterpiece-with-3200-pieces-1-300x300.jpg 300w, https:\/\/mouldking.store\/wp-content\/uploads\/2021\/10\/WANGE-5120-5123-World-Masterpiece-with-3200-pieces-1-768x768.jpg 768w, https:\/\/mouldking.store\/wp-content\/uploads\/2021\/10\/WANGE-5120-5123-World-Masterpiece-with-3200-pieces-1-600x600.jpg 600w, https:\/\/mouldking.store\/wp-content\/uploads\/2021\/10\/WANGE-5120-5123-World-Masterpiece-with-3200-pieces-1-150x150.jpg 150w\" sizes=\"(max-width: 800px) 100vw, 800px\" \/><figcaption id=\"caption-attachment-25577\" class=\"wp-caption-text\">WANGE 5120-5123 Verdensmesterverk med 3200 deler<\/figcaption><\/figure>\n<figure id=\"attachment_25582\" aria-describedby=\"caption-attachment-25582\" style=\"width: 800px\" class=\"wp-caption aligncenter\"><img decoding=\"async\" class=\"wp-image-25582 size-full\" src=\"https:\/\/mouldking.store\/wp-content\/uploads\/2021\/10\/WANGE-5120-5123-World-Masterpiece-with-3200-pieces-6.jpg\" alt=\"WANGE 5120-5123 World Masterpiece with 3200 pieces\" width=\"800\" height=\"800\" title=\"-\" srcset=\"https:\/\/mouldking.store\/wp-content\/uploads\/2021\/10\/WANGE-5120-5123-World-Masterpiece-with-3200-pieces-6.jpg 800w, https:\/\/mouldking.store\/wp-content\/uploads\/2021\/10\/WANGE-5120-5123-World-Masterpiece-with-3200-pieces-6-300x300.jpg 300w, https:\/\/mouldking.store\/wp-content\/uploads\/2021\/10\/WANGE-5120-5123-World-Masterpiece-with-3200-pieces-6-768x768.jpg 768w, https:\/\/mouldking.store\/wp-content\/uploads\/2021\/10\/WANGE-5120-5123-World-Masterpiece-with-3200-pieces-6-600x600.jpg 600w, https:\/\/mouldking.store\/wp-content\/uploads\/2021\/10\/WANGE-5120-5123-World-Masterpiece-with-3200-pieces-6-150x150.jpg 150w\" sizes=\"(max-width: 800px) 100vw, 800px\" \/><figcaption id=\"caption-attachment-25582\" class=\"wp-caption-text\">WANGE 5120-5123 Verdensmesterverk med 3200 deler<\/figcaption><\/figure>\n<figure id=\"attachment_25586\" aria-describedby=\"caption-attachment-25586\" style=\"width: 800px\" class=\"wp-caption aligncenter\"><img decoding=\"async\" class=\"wp-image-25586 size-full\" src=\"https:\/\/mouldking.store\/wp-content\/uploads\/2021\/10\/WANGE-5120-5123-World-Masterpiece-with-3200-pieces-10.jpg\" alt=\"WANGE 5120-5123 World Masterpiece with 3200 pieces\" width=\"800\" height=\"800\" title=\"-\" srcset=\"https:\/\/mouldking.store\/wp-content\/uploads\/2021\/10\/WANGE-5120-5123-World-Masterpiece-with-3200-pieces-10.jpg 800w, https:\/\/mouldking.store\/wp-content\/uploads\/2021\/10\/WANGE-5120-5123-World-Masterpiece-with-3200-pieces-10-300x300.jpg 300w, https:\/\/mouldking.store\/wp-content\/uploads\/2021\/10\/WANGE-5120-5123-World-Masterpiece-with-3200-pieces-10-768x768.jpg 768w, https:\/\/mouldking.store\/wp-content\/uploads\/2021\/10\/WANGE-5120-5123-World-Masterpiece-with-3200-pieces-10-600x600.jpg 600w, https:\/\/mouldking.store\/wp-content\/uploads\/2021\/10\/WANGE-5120-5123-World-Masterpiece-with-3200-pieces-10-150x150.jpg 150w\" sizes=\"(max-width: 800px) 100vw, 800px\" \/><figcaption id=\"caption-attachment-25586\" class=\"wp-caption-text\">WANGE 5120-5123 Verdensmesterverk med 3200 deler<\/figcaption><\/figure>\n<figure id=\"attachment_25585\" aria-describedby=\"caption-attachment-25585\" style=\"width: 800px\" class=\"wp-caption aligncenter\"><img loading=\"lazy\" decoding=\"async\" class=\"wp-image-25585 size-full\" src=\"https:\/\/mouldking.store\/wp-content\/uploads\/2021\/10\/WANGE-5120-5123-World-Masterpiece-with-3200-pieces-9.jpg\" alt=\"WANGE 5120-5123 World Masterpiece with 3200 pieces\" width=\"800\" height=\"1000\" title=\"-\" srcset=\"https:\/\/mouldking.store\/wp-content\/uploads\/2021\/10\/WANGE-5120-5123-World-Masterpiece-with-3200-pieces-9.jpg 800w, https:\/\/mouldking.store\/wp-content\/uploads\/2021\/10\/WANGE-5120-5123-World-Masterpiece-with-3200-pieces-9-240x300.jpg 240w, https:\/\/mouldking.store\/wp-content\/uploads\/2021\/10\/WANGE-5120-5123-World-Masterpiece-with-3200-pieces-9-768x960.jpg 768w, https:\/\/mouldking.store\/wp-content\/uploads\/2021\/10\/WANGE-5120-5123-World-Masterpiece-with-3200-pieces-9-300x375.jpg 300w, https:\/\/mouldking.store\/wp-content\/uploads\/2021\/10\/WANGE-5120-5123-World-Masterpiece-with-3200-pieces-9-600x750.jpg 600w, https:\/\/mouldking.store\/wp-content\/uploads\/2021\/10\/WANGE-5120-5123-World-Masterpiece-with-3200-pieces-9-120x150.jpg 120w\" sizes=\"(max-width: 800px) 100vw, 800px\" \/><figcaption id=\"caption-attachment-25585\" class=\"wp-caption-text\">WANGE 5120-5123 Verdensmesterverk med 3200 deler<\/figcaption><\/figure>\n<figure id=\"attachment_25581\" aria-describedby=\"caption-attachment-25581\" style=\"width: 800px\" class=\"wp-caption aligncenter\"><img loading=\"lazy\" decoding=\"async\" class=\"wp-image-25581 size-full\" src=\"https:\/\/mouldking.store\/wp-content\/uploads\/2021\/10\/WANGE-5120-5123-World-Masterpiece-with-3200-pieces-5.jpg\" alt=\"WANGE 5120-5123 World Masterpiece with 3200 pieces\" width=\"800\" height=\"800\" title=\"-\" srcset=\"https:\/\/mouldking.store\/wp-content\/uploads\/2021\/10\/WANGE-5120-5123-World-Masterpiece-with-3200-pieces-5.jpg 800w, https:\/\/mouldking.store\/wp-content\/uploads\/2021\/10\/WANGE-5120-5123-World-Masterpiece-with-3200-pieces-5-300x300.jpg 300w, https:\/\/mouldking.store\/wp-content\/uploads\/2021\/10\/WANGE-5120-5123-World-Masterpiece-with-3200-pieces-5-768x768.jpg 768w, https:\/\/mouldking.store\/wp-content\/uploads\/2021\/10\/WANGE-5120-5123-World-Masterpiece-with-3200-pieces-5-600x600.jpg 600w, https:\/\/mouldking.store\/wp-content\/uploads\/2021\/10\/WANGE-5120-5123-World-Masterpiece-with-3200-pieces-5-150x150.jpg 150w\" sizes=\"(max-width: 800px) 100vw, 800px\" \/><figcaption id=\"caption-attachment-25581\" class=\"wp-caption-text\">WANGE 5120-5123 Verdensmesterverk med 3200 deler<\/figcaption><\/figure>\n<figure id=\"attachment_25584\" aria-describedby=\"caption-attachment-25584\" style=\"width: 800px\" class=\"wp-caption aligncenter\"><img loading=\"lazy\" decoding=\"async\" class=\"wp-image-25584 size-full\" src=\"https:\/\/mouldking.store\/wp-content\/uploads\/2021\/10\/WANGE-5120-5123-World-Masterpiece-with-3200-pieces-8.jpg\" alt=\"WANGE 5120-5123 World Masterpiece with 3200 pieces\" width=\"800\" height=\"800\" title=\"-\" srcset=\"https:\/\/mouldking.store\/wp-content\/uploads\/2021\/10\/WANGE-5120-5123-World-Masterpiece-with-3200-pieces-8.jpg 800w, https:\/\/mouldking.store\/wp-content\/uploads\/2021\/10\/WANGE-5120-5123-World-Masterpiece-with-3200-pieces-8-300x300.jpg 300w, https:\/\/mouldking.store\/wp-content\/uploads\/2021\/10\/WANGE-5120-5123-World-Masterpiece-with-3200-pieces-8-768x768.jpg 768w, https:\/\/mouldking.store\/wp-content\/uploads\/2021\/10\/WANGE-5120-5123-World-Masterpiece-with-3200-pieces-8-600x600.jpg 600w, https:\/\/mouldking.store\/wp-content\/uploads\/2021\/10\/WANGE-5120-5123-World-Masterpiece-with-3200-pieces-8-150x150.jpg 150w\" sizes=\"(max-width: 800px) 100vw, 800px\" \/><figcaption id=\"caption-attachment-25584\" class=\"wp-caption-text\">WANGE 5120-5123 Verdensmesterverk med 3200 deler<\/figcaption><\/figure>\n<figure id=\"attachment_25583\" aria-describedby=\"caption-attachment-25583\" style=\"width: 800px\" class=\"wp-caption aligncenter\"><img loading=\"lazy\" decoding=\"async\" class=\"wp-image-25583 size-full\" src=\"https:\/\/mouldking.store\/wp-content\/uploads\/2021\/10\/WANGE-5120-5123-World-Masterpiece-with-3200-pieces-7.jpg\" alt=\"WANGE 5120-5123 World Masterpiece with 3200 pieces\" width=\"800\" height=\"1008\" title=\"-\" srcset=\"https:\/\/mouldking.store\/wp-content\/uploads\/2021\/10\/WANGE-5120-5123-World-Masterpiece-with-3200-pieces-7.jpg 800w, https:\/\/mouldking.store\/wp-content\/uploads\/2021\/10\/WANGE-5120-5123-World-Masterpiece-with-3200-pieces-7-238x300.jpg 238w, https:\/\/mouldking.store\/wp-content\/uploads\/2021\/10\/WANGE-5120-5123-World-Masterpiece-with-3200-pieces-7-768x968.jpg 768w, https:\/\/mouldking.store\/wp-content\/uploads\/2021\/10\/WANGE-5120-5123-World-Masterpiece-with-3200-pieces-7-300x378.jpg 300w, https:\/\/mouldking.store\/wp-content\/uploads\/2021\/10\/WANGE-5120-5123-World-Masterpiece-with-3200-pieces-7-600x756.jpg 600w, https:\/\/mouldking.store\/wp-content\/uploads\/2021\/10\/WANGE-5120-5123-World-Masterpiece-with-3200-pieces-7-119x150.jpg 119w\" sizes=\"(max-width: 800px) 100vw, 800px\" \/><figcaption id=\"caption-attachment-25583\" class=\"wp-caption-text\">WANGE 5120-5123 Verdensmesterverk med 3200 deler<\/figcaption><\/figure>\n<figure id=\"attachment_25580\" aria-describedby=\"caption-attachment-25580\" style=\"width: 800px\" class=\"wp-caption aligncenter\"><img loading=\"lazy\" decoding=\"async\" class=\"wp-image-25580 size-full\" src=\"https:\/\/mouldking.store\/wp-content\/uploads\/2021\/10\/WANGE-5120-5123-World-Masterpiece-with-3200-pieces-4.jpg\" alt=\"WANGE 5120-5123 World Masterpiece with 3200 pieces\" width=\"800\" height=\"800\" title=\"-\" srcset=\"https:\/\/mouldking.store\/wp-content\/uploads\/2021\/10\/WANGE-5120-5123-World-Masterpiece-with-3200-pieces-4.jpg 800w, https:\/\/mouldking.store\/wp-content\/uploads\/2021\/10\/WANGE-5120-5123-World-Masterpiece-with-3200-pieces-4-300x300.jpg 300w, https:\/\/mouldking.store\/wp-content\/uploads\/2021\/10\/WANGE-5120-5123-World-Masterpiece-with-3200-pieces-4-768x768.jpg 768w, https:\/\/mouldking.store\/wp-content\/uploads\/2021\/10\/WANGE-5120-5123-World-Masterpiece-with-3200-pieces-4-600x600.jpg 600w, https:\/\/mouldking.store\/wp-content\/uploads\/2021\/10\/WANGE-5120-5123-World-Masterpiece-with-3200-pieces-4-150x150.jpg 150w\" sizes=\"(max-width: 800px) 100vw, 800px\" \/><figcaption id=\"caption-attachment-25580\" class=\"wp-caption-text\">WANGE 5120-5123 Verdensmesterverk med 3200 deler<\/figcaption><\/figure>\n<figure id=\"attachment_25579\" aria-describedby=\"caption-attachment-25579\" style=\"width: 800px\" class=\"wp-caption aligncenter\"><img loading=\"lazy\" decoding=\"async\" class=\"wp-image-25579 size-full\" src=\"https:\/\/mouldking.store\/wp-content\/uploads\/2021\/10\/WANGE-5120-5123-World-Masterpiece-with-3200-pieces-3.jpg\" alt=\"WANGE 5120-5123 World Masterpiece with 3200 pieces\" width=\"800\" height=\"800\" title=\"-\" srcset=\"https:\/\/mouldking.store\/wp-content\/uploads\/2021\/10\/WANGE-5120-5123-World-Masterpiece-with-3200-pieces-3.jpg 800w, https:\/\/mouldking.store\/wp-content\/uploads\/2021\/10\/WANGE-5120-5123-World-Masterpiece-with-3200-pieces-3-300x300.jpg 300w, https:\/\/mouldking.store\/wp-content\/uploads\/2021\/10\/WANGE-5120-5123-World-Masterpiece-with-3200-pieces-3-768x768.jpg 768w, https:\/\/mouldking.store\/wp-content\/uploads\/2021\/10\/WANGE-5120-5123-World-Masterpiece-with-3200-pieces-3-600x600.jpg 600w, https:\/\/mouldking.store\/wp-content\/uploads\/2021\/10\/WANGE-5120-5123-World-Masterpiece-with-3200-pieces-3-150x150.jpg 150w\" sizes=\"(max-width: 800px) 100vw, 800px\" \/><figcaption id=\"caption-attachment-25579\" class=\"wp-caption-text\">WANGE 5120-5123 Verdensmesterverk med 3200 deler<\/figcaption><\/figure>\n<figure id=\"attachment_25578\" aria-describedby=\"caption-attachment-25578\" style=\"width: 800px\" class=\"wp-caption aligncenter\"><img loading=\"lazy\" decoding=\"async\" class=\"wp-image-25578 size-full\" src=\"https:\/\/mouldking.store\/wp-content\/uploads\/2021\/10\/WANGE-5120-5123-World-Masterpiece-with-3200-pieces-2.jpg\" alt=\"WANGE 5120-5123 World Masterpiece with 3200 pieces\" width=\"800\" height=\"800\" title=\"-\" srcset=\"https:\/\/mouldking.store\/wp-content\/uploads\/2021\/10\/WANGE-5120-5123-World-Masterpiece-with-3200-pieces-2.jpg 800w, https:\/\/mouldking.store\/wp-content\/uploads\/2021\/10\/WANGE-5120-5123-World-Masterpiece-with-3200-pieces-2-300x300.jpg 300w, https:\/\/mouldking.store\/wp-content\/uploads\/2021\/10\/WANGE-5120-5123-World-Masterpiece-with-3200-pieces-2-768x768.jpg 768w, https:\/\/mouldking.store\/wp-content\/uploads\/2021\/10\/WANGE-5120-5123-World-Masterpiece-with-3200-pieces-2-600x600.jpg 600w, https:\/\/mouldking.store\/wp-content\/uploads\/2021\/10\/WANGE-5120-5123-World-Masterpiece-with-3200-pieces-2-150x150.jpg 150w\" sizes=\"(max-width: 800px) 100vw, 800px\" \/><figcaption id=\"caption-attachment-25578\" class=\"wp-caption-text\">WANGE 5120-5123 Verdensmesterverk med 3200 deler<\/figcaption><\/figure>","protected":false},"excerpt":{"rendered":"<p>Product information: Brand: WANGE Gender: Unisex Name: World Masterpiece Age Range: &gt; 6 years old Model Number: 5120-5123 Classification: Assemblage Plastic Block Shape: Self-Locking Bricks Material: Plastic Plastic Type: ABS Bricks Blocks: 3200 PCS Contains detailed assembly instructions. Notice: 1. Without an original box, but we guarantee our products have quality assurance and nice packaging. [&hellip;]<\/p>","protected":false},"featured_media":25577,"comment_status":"open","ping_status":"closed","template":"","meta":{"_acf_changed":false},"product_cat":[371],"product_tag":[2515,2516,2299,2513,2512,2514],"class_list":["product","first","instock","shipping-taxable","purchasable","product-type-variable"],"acf":[],"_links":{"self":[{"href":"https:\/\/mouldking.store\/nb\/wp-json\/wp\/v2\/product\/25576","targetHints":{"allow":["GET"]}}],"collection":[{"href":"https:\/\/mouldking.store\/nb\/wp-json\/wp\/v2\/product"}],"about":[{"href":"https:\/\/mouldking.store\/nb\/wp-json\/wp\/v2\/types\/product"}],"replies":[{"embeddable":true,"href":"https:\/\/mouldking.store\/nb\/wp-json\/wp\/v2\/comments?post=25576"}],"wp:featuredmedia":[{"embeddable":true,"href":"https:\/\/mouldking.store\/nb\/wp-json\/wp\/v2\/media\/25577"}],"wp:attachment":[{"href":"https:\/\/mouldking.store\/nb\/wp-json\/wp\/v2\/media?parent=25576"}],"wp:term":[{"taxonomy":"product_cat","embeddable":true,"href":"https:\/\/mouldking.store\/nb\/wp-json\/wp\/v2\/product_cat?post=25576"},{"taxonomy":"product_tag","embeddable":true,"href":"https:\/\/mouldking.store\/nb\/wp-json\/wp\/v2\/product_tag?post=25576"}],"curies":[{"name":"wp","href":"https:\/\/api.w.org\/{rel}","templated":true}]}}