{"id":25672,"date":"2021-10-25T09:47:44","date_gmt":"2021-10-25T09:47:44","guid":{"rendered":"https:\/\/mouldking.store\/?post_type=product&#038;p=25672"},"modified":"2025-12-25T09:17:14","modified_gmt":"2025-12-25T02:17:14","slug":"moc-60415-mcrn-donnager-micro-the-expanse-with-170-pieces","status":"publish","type":"product","link":"https:\/\/mouldking.store\/nb\/shop\/moc-60415-mcrn-donnager-micro-the-expanse-with-170-pieces\/","title":{"rendered":"MOC-60415 MCRN Donnager Micro (The Expanse) med 170 stykker"},"content":{"rendered":"<p>Produktinformasjon:<\/p>\n<ol>\n<li>Merke: MOC<\/li>\n<li>Kj\u00f8nn: Unisex<\/li>\n<li>Name: MCRN Donnager Micro (The Expanse)<\/li>\n<li>Aldersgruppe: &gt; 8 \u00e5r gammel<\/li>\n<li>Model Number: MOC-60415<\/li>\n<li>Klassifisering: Montering<\/li>\n<li>Plastblokkform: Selvl\u00e5sende murstein<\/li>\n<li>Materiale: Plast<\/li>\n<li>Plasttype: ABS<\/li>\n<li>Bricks Blocks: 170 PCS<\/li>\n<li>Inneholder detaljerte monteringsanvisninger.<\/li>\n<\/ol>\n<p>Legge merke til:<br \/>\n1. Uten original eske, men vi garanterer at v\u00e5re produkter har kvalitetssikring og pen emballasje.<br \/>\n2. Som alle delene vi har sjekket f\u00f8r frakt, s\u00e5 hvis du finner noen deler savnet eller skadet, ikke bekymre deg og bare kontakt oss, s\u00e5 kan vi sende dem til deg p\u00e5 nytt umiddelbart gratis.<\/p>\n<figure id=\"attachment_25673\" aria-describedby=\"caption-attachment-25673\" style=\"width: 1000px\" class=\"wp-caption aligncenter\"><img fetchpriority=\"high\" decoding=\"async\" class=\"size-full wp-image-25673\" title=\"MOC-60415 MCRN Donnager Micro (The Expanse) med 170 stykker\" src=\"https:\/\/mouldking.store\/wp-content\/uploads\/2021\/10\/moc-60415-mcrn-donnager-micro-the-expanse-with-170-pieces.jpg\" alt=\"MOC-60415 MCRN Donnager Micro (The Expanse) with 170 pieces\" width=\"1000\" height=\"1000\" srcset=\"https:\/\/mouldking.store\/wp-content\/uploads\/2021\/10\/moc-60415-mcrn-donnager-micro-the-expanse-with-170-pieces.jpg 1000w, https:\/\/mouldking.store\/wp-content\/uploads\/2021\/10\/moc-60415-mcrn-donnager-micro-the-expanse-with-170-pieces-300x300.jpg 300w, https:\/\/mouldking.store\/wp-content\/uploads\/2021\/10\/moc-60415-mcrn-donnager-micro-the-expanse-with-170-pieces-768x768.jpg 768w, https:\/\/mouldking.store\/wp-content\/uploads\/2021\/10\/moc-60415-mcrn-donnager-micro-the-expanse-with-170-pieces-600x600.jpg 600w, https:\/\/mouldking.store\/wp-content\/uploads\/2021\/10\/moc-60415-mcrn-donnager-micro-the-expanse-with-170-pieces-150x150.jpg 150w\" sizes=\"(max-width: 1000px) 100vw, 1000px\" \/><figcaption id=\"caption-attachment-25673\" class=\"wp-caption-text\">MOC-60415 MCRN Donnager Micro (The Expanse) med 170 stykker<\/figcaption><\/figure>\n<figure id=\"attachment_25674\" aria-describedby=\"caption-attachment-25674\" style=\"width: 1000px\" class=\"wp-caption aligncenter\"><img decoding=\"async\" class=\"size-full wp-image-25674\" title=\"MOC-60415 MCRN Donnager Micro (The Expanse) med 170 stykker\" src=\"https:\/\/mouldking.store\/wp-content\/uploads\/2021\/10\/moc-60415-mcrn-donnager-micro-the-expanse-with-170-pieces-1.jpg\" alt=\"MOC-60415 MCRN Donnager Micro (The Expanse) with 170 pieces\" width=\"1000\" height=\"1000\" srcset=\"https:\/\/mouldking.store\/wp-content\/uploads\/2021\/10\/moc-60415-mcrn-donnager-micro-the-expanse-with-170-pieces-1.jpg 1000w, https:\/\/mouldking.store\/wp-content\/uploads\/2021\/10\/moc-60415-mcrn-donnager-micro-the-expanse-with-170-pieces-1-300x300.jpg 300w, https:\/\/mouldking.store\/wp-content\/uploads\/2021\/10\/moc-60415-mcrn-donnager-micro-the-expanse-with-170-pieces-1-768x768.jpg 768w, https:\/\/mouldking.store\/wp-content\/uploads\/2021\/10\/moc-60415-mcrn-donnager-micro-the-expanse-with-170-pieces-1-600x600.jpg 600w, https:\/\/mouldking.store\/wp-content\/uploads\/2021\/10\/moc-60415-mcrn-donnager-micro-the-expanse-with-170-pieces-1-150x150.jpg 150w\" sizes=\"(max-width: 1000px) 100vw, 1000px\" \/><figcaption id=\"caption-attachment-25674\" class=\"wp-caption-text\">MOC-60415 MCRN Donnager Micro (The Expanse) med 170 stykker<\/figcaption><\/figure>\n<figure id=\"attachment_25675\" aria-describedby=\"caption-attachment-25675\" style=\"width: 1000px\" class=\"wp-caption aligncenter\"><img decoding=\"async\" class=\"size-full wp-image-25675\" title=\"MOC-60415 MCRN Donnager Micro (The Expanse) med 170 stykker\" src=\"https:\/\/mouldking.store\/wp-content\/uploads\/2021\/10\/moc-60415-mcrn-donnager-micro-the-expanse-with-170-pieces-2.jpg\" alt=\"MOC-60415 MCRN Donnager Micro (The Expanse) with 170 pieces\" width=\"1000\" height=\"1000\" srcset=\"https:\/\/mouldking.store\/wp-content\/uploads\/2021\/10\/moc-60415-mcrn-donnager-micro-the-expanse-with-170-pieces-2.jpg 1000w, https:\/\/mouldking.store\/wp-content\/uploads\/2021\/10\/moc-60415-mcrn-donnager-micro-the-expanse-with-170-pieces-2-300x300.jpg 300w, https:\/\/mouldking.store\/wp-content\/uploads\/2021\/10\/moc-60415-mcrn-donnager-micro-the-expanse-with-170-pieces-2-768x768.jpg 768w, https:\/\/mouldking.store\/wp-content\/uploads\/2021\/10\/moc-60415-mcrn-donnager-micro-the-expanse-with-170-pieces-2-600x600.jpg 600w, https:\/\/mouldking.store\/wp-content\/uploads\/2021\/10\/moc-60415-mcrn-donnager-micro-the-expanse-with-170-pieces-2-150x150.jpg 150w\" sizes=\"(max-width: 1000px) 100vw, 1000px\" \/><figcaption id=\"caption-attachment-25675\" class=\"wp-caption-text\">MOC-60415 MCRN Donnager Micro (The Expanse) med 170 stykker<\/figcaption><\/figure>","protected":false},"excerpt":{"rendered":"<p>Product information: Brand: MOC Gender: Unisex Name: MCRN Donnager Micro (The Expanse) Age Range: &gt; 8 years old Model Number: MOC-60415 Classification: Assemblage Plastic Block Shape: Self-Locking Bricks Material: Plastic Plastic Type: ABS Bricks Blocks: 170 PCS Contains detailed assembly instructions. Notice: 1. Without an original box, but we guarantee our products have quality assurance [&hellip;]<\/p>","protected":false},"featured_media":25676,"comment_status":"open","ping_status":"closed","template":"","meta":{"_acf_changed":false},"product_cat":[364],"product_tag":[2544,2543],"class_list":["product","first","instock","shipping-taxable","purchasable","product-type-simple"],"acf":[],"_links":{"self":[{"href":"https:\/\/mouldking.store\/nb\/wp-json\/wp\/v2\/product\/25672","targetHints":{"allow":["GET"]}}],"collection":[{"href":"https:\/\/mouldking.store\/nb\/wp-json\/wp\/v2\/product"}],"about":[{"href":"https:\/\/mouldking.store\/nb\/wp-json\/wp\/v2\/types\/product"}],"replies":[{"embeddable":true,"href":"https:\/\/mouldking.store\/nb\/wp-json\/wp\/v2\/comments?post=25672"}],"wp:featuredmedia":[{"embeddable":true,"href":"https:\/\/mouldking.store\/nb\/wp-json\/wp\/v2\/media\/25676"}],"wp:attachment":[{"href":"https:\/\/mouldking.store\/nb\/wp-json\/wp\/v2\/media?parent=25672"}],"wp:term":[{"taxonomy":"product_cat","embeddable":true,"href":"https:\/\/mouldking.store\/nb\/wp-json\/wp\/v2\/product_cat?post=25672"},{"taxonomy":"product_tag","embeddable":true,"href":"https:\/\/mouldking.store\/nb\/wp-json\/wp\/v2\/product_tag?post=25672"}],"curies":[{"name":"wp","href":"https:\/\/api.w.org\/{rel}","templated":true}]}}