{"id":25726,"date":"2021-10-25T10:24:07","date_gmt":"2021-10-25T10:24:07","guid":{"rendered":"https:\/\/mouldking.store\/?post_type=product&#038;p=25726"},"modified":"2021-12-23T09:41:51","modified_gmt":"2021-12-23T09:41:51","slug":"mould-king-15024-rc-rx78-gundam-with-986-pieces","status":"publish","type":"product","link":"https:\/\/mouldking.store\/nb\/shop\/mould-king-15024-rc-rx78-gundam-with-986-pieces\/","title":{"rendered":"Mold King 15024 RC RX78 Gundam med 986 stk"},"content":{"rendered":"<p>Produktinformasjon:<\/p>\n<ol>\n<li>Merke: Mold King<\/li>\n<li>Kj\u00f8nn: Unisex<\/li>\n<li>Name: RC RX78 Gundam<\/li>\n<li>Aldersgruppe: &gt; 8 \u00e5r gammel<\/li>\n<li>Model Number: 15024<\/li>\n<li>Klassifisering: Montering<\/li>\n<li>Plastblokkform: Selvl\u00e5sende murstein<\/li>\n<li>Materiale: Plast<\/li>\n<li>Plasttype: ABS<\/li>\n<li>Bricks Blocks: 986 PCS<\/li>\n<li>Inneholder detaljerte monteringsanvisninger.<\/li>\n<\/ol>\n<p>Legge merke til:<br \/>\n1. Uten original eske, men vi garanterer at v\u00e5re produkter har kvalitetssikring og pen emballasje.<br \/>\n2. Som alle delene vi har sjekket f\u00f8r frakt, s\u00e5 hvis du finner noen deler savnet eller skadet, ikke bekymre deg og bare kontakt oss, s\u00e5 kan vi sende dem til deg p\u00e5 nytt umiddelbart gratis.<\/p>\n<figure id=\"attachment_25727\" aria-describedby=\"caption-attachment-25727\" style=\"width: 800px\" class=\"wp-caption aligncenter\"><img fetchpriority=\"high\" decoding=\"async\" class=\"wp-image-25727 size-full\" src=\"https:\/\/mouldking.store\/wp-content\/uploads\/2021\/10\/Mould-King-15024-RC-RX78-Gundam-with-986-pieces-1.jpg\" alt=\"Mould King 15024 RC RX78 Gundam with 986 pieces\" width=\"800\" height=\"800\" title=\"-\" srcset=\"https:\/\/mouldking.store\/wp-content\/uploads\/2021\/10\/Mould-King-15024-RC-RX78-Gundam-with-986-pieces-1.jpg 800w, https:\/\/mouldking.store\/wp-content\/uploads\/2021\/10\/Mould-King-15024-RC-RX78-Gundam-with-986-pieces-1-300x300.jpg 300w, https:\/\/mouldking.store\/wp-content\/uploads\/2021\/10\/Mould-King-15024-RC-RX78-Gundam-with-986-pieces-1-768x768.jpg 768w, https:\/\/mouldking.store\/wp-content\/uploads\/2021\/10\/Mould-King-15024-RC-RX78-Gundam-with-986-pieces-1-600x600.jpg 600w, https:\/\/mouldking.store\/wp-content\/uploads\/2021\/10\/Mould-King-15024-RC-RX78-Gundam-with-986-pieces-1-150x150.jpg 150w\" sizes=\"(max-width: 800px) 100vw, 800px\" \/><figcaption id=\"caption-attachment-25727\" class=\"wp-caption-text\">Mold King 15024 RC RX78 Gundam med 986 stk<\/figcaption><\/figure>\n<figure id=\"attachment_25731\" aria-describedby=\"caption-attachment-25731\" style=\"width: 781px\" class=\"wp-caption aligncenter\"><img decoding=\"async\" class=\"wp-image-25731 size-full\" src=\"https:\/\/mouldking.store\/wp-content\/uploads\/2021\/10\/Mould-King-15024-RC-RX78-Gundam-with-986-pieces-5.jpg\" alt=\"Mould King 15024 RC RX78 Gundam with 986 pieces\" width=\"781\" height=\"1024\" title=\"-\" srcset=\"https:\/\/mouldking.store\/wp-content\/uploads\/2021\/10\/Mould-King-15024-RC-RX78-Gundam-with-986-pieces-5.jpg 781w, https:\/\/mouldking.store\/wp-content\/uploads\/2021\/10\/Mould-King-15024-RC-RX78-Gundam-with-986-pieces-5-229x300.jpg 229w, https:\/\/mouldking.store\/wp-content\/uploads\/2021\/10\/Mould-King-15024-RC-RX78-Gundam-with-986-pieces-5-768x1007.jpg 768w, https:\/\/mouldking.store\/wp-content\/uploads\/2021\/10\/Mould-King-15024-RC-RX78-Gundam-with-986-pieces-5-300x393.jpg 300w, https:\/\/mouldking.store\/wp-content\/uploads\/2021\/10\/Mould-King-15024-RC-RX78-Gundam-with-986-pieces-5-600x787.jpg 600w, https:\/\/mouldking.store\/wp-content\/uploads\/2021\/10\/Mould-King-15024-RC-RX78-Gundam-with-986-pieces-5-114x150.jpg 114w\" sizes=\"(max-width: 781px) 100vw, 781px\" \/><figcaption id=\"caption-attachment-25731\" class=\"wp-caption-text\">Mold King 15024 RC RX78 Gundam med 986 stk<\/figcaption><\/figure>\n<figure id=\"attachment_25729\" aria-describedby=\"caption-attachment-25729\" style=\"width: 790px\" class=\"wp-caption aligncenter\"><img decoding=\"async\" class=\"wp-image-25729 size-full\" src=\"https:\/\/mouldking.store\/wp-content\/uploads\/2021\/10\/Mould-King-15024-RC-RX78-Gundam-with-986-pieces-3.jpg\" alt=\"Mould King 15024 RC RX78 Gundam with 986 pieces\" width=\"790\" height=\"977\" title=\"-\" srcset=\"https:\/\/mouldking.store\/wp-content\/uploads\/2021\/10\/Mould-King-15024-RC-RX78-Gundam-with-986-pieces-3.jpg 790w, https:\/\/mouldking.store\/wp-content\/uploads\/2021\/10\/Mould-King-15024-RC-RX78-Gundam-with-986-pieces-3-243x300.jpg 243w, https:\/\/mouldking.store\/wp-content\/uploads\/2021\/10\/Mould-King-15024-RC-RX78-Gundam-with-986-pieces-3-768x950.jpg 768w, https:\/\/mouldking.store\/wp-content\/uploads\/2021\/10\/Mould-King-15024-RC-RX78-Gundam-with-986-pieces-3-300x371.jpg 300w, https:\/\/mouldking.store\/wp-content\/uploads\/2021\/10\/Mould-King-15024-RC-RX78-Gundam-with-986-pieces-3-600x742.jpg 600w, https:\/\/mouldking.store\/wp-content\/uploads\/2021\/10\/Mould-King-15024-RC-RX78-Gundam-with-986-pieces-3-121x150.jpg 121w\" sizes=\"(max-width: 790px) 100vw, 790px\" \/><figcaption id=\"caption-attachment-25729\" class=\"wp-caption-text\">Mold King 15024 RC RX78 Gundam med 986 stk<\/figcaption><\/figure>\n<figure id=\"attachment_25730\" aria-describedby=\"caption-attachment-25730\" style=\"width: 790px\" class=\"wp-caption aligncenter\"><img loading=\"lazy\" decoding=\"async\" class=\"wp-image-25730 size-full\" src=\"https:\/\/mouldking.store\/wp-content\/uploads\/2021\/10\/Mould-King-15024-RC-RX78-Gundam-with-986-pieces-4.jpg\" alt=\"Mould King 15024 RC RX78 Gundam with 986 pieces\" width=\"790\" height=\"890\" title=\"-\" srcset=\"https:\/\/mouldking.store\/wp-content\/uploads\/2021\/10\/Mould-King-15024-RC-RX78-Gundam-with-986-pieces-4.jpg 790w, https:\/\/mouldking.store\/wp-content\/uploads\/2021\/10\/Mould-King-15024-RC-RX78-Gundam-with-986-pieces-4-266x300.jpg 266w, https:\/\/mouldking.store\/wp-content\/uploads\/2021\/10\/Mould-King-15024-RC-RX78-Gundam-with-986-pieces-4-768x865.jpg 768w, https:\/\/mouldking.store\/wp-content\/uploads\/2021\/10\/Mould-King-15024-RC-RX78-Gundam-with-986-pieces-4-300x338.jpg 300w, https:\/\/mouldking.store\/wp-content\/uploads\/2021\/10\/Mould-King-15024-RC-RX78-Gundam-with-986-pieces-4-600x676.jpg 600w, https:\/\/mouldking.store\/wp-content\/uploads\/2021\/10\/Mould-King-15024-RC-RX78-Gundam-with-986-pieces-4-133x150.jpg 133w\" sizes=\"(max-width: 790px) 100vw, 790px\" \/><figcaption id=\"caption-attachment-25730\" class=\"wp-caption-text\">Mold King 15024 RC RX78 Gundam med 986 stk<\/figcaption><\/figure>\n<figure id=\"attachment_25728\" aria-describedby=\"caption-attachment-25728\" style=\"width: 790px\" class=\"wp-caption aligncenter\"><img loading=\"lazy\" decoding=\"async\" class=\"wp-image-25728 size-full\" src=\"https:\/\/mouldking.store\/wp-content\/uploads\/2021\/10\/Mould-King-15024-RC-RX78-Gundam-with-986-pieces-2.jpg\" alt=\"Mould King 15024 RC RX78 Gundam with 986 pieces\" width=\"790\" height=\"504\" title=\"-\" srcset=\"https:\/\/mouldking.store\/wp-content\/uploads\/2021\/10\/Mould-King-15024-RC-RX78-Gundam-with-986-pieces-2.jpg 790w, https:\/\/mouldking.store\/wp-content\/uploads\/2021\/10\/Mould-King-15024-RC-RX78-Gundam-with-986-pieces-2-300x191.jpg 300w, https:\/\/mouldking.store\/wp-content\/uploads\/2021\/10\/Mould-King-15024-RC-RX78-Gundam-with-986-pieces-2-768x490.jpg 768w, https:\/\/mouldking.store\/wp-content\/uploads\/2021\/10\/Mould-King-15024-RC-RX78-Gundam-with-986-pieces-2-600x383.jpg 600w, https:\/\/mouldking.store\/wp-content\/uploads\/2021\/10\/Mould-King-15024-RC-RX78-Gundam-with-986-pieces-2-150x96.jpg 150w\" sizes=\"(max-width: 790px) 100vw, 790px\" \/><figcaption id=\"caption-attachment-25728\" class=\"wp-caption-text\">Mold King 15024 RC RX78 Gundam med 986 stk<\/figcaption><\/figure>","protected":false},"excerpt":{"rendered":"<p>Product information: Brand: Mould King Gender: Unisex Name: RC RX78 Gundam Age Range: &gt; 8 years old Model Number: 15024 Classification: Assemblage Plastic Block Shape: Self-Locking Bricks Material: Plastic Plastic Type: ABS Bricks Blocks: 986 PCS Contains detailed assembly instructions. Notice: 1. Without an original box, but we guarantee our products have quality assurance and [&hellip;]<\/p>","protected":false},"featured_media":25727,"comment_status":"open","ping_status":"closed","template":"","meta":{"_acf_changed":false},"product_cat":[581],"product_tag":[2575,2581,615,2573,2572,2578,2577,2579,481,2574,2580,2576],"class_list":["product","first","instock","shipping-taxable","purchasable","product-type-simple"],"acf":[],"_links":{"self":[{"href":"https:\/\/mouldking.store\/nb\/wp-json\/wp\/v2\/product\/25726","targetHints":{"allow":["GET"]}}],"collection":[{"href":"https:\/\/mouldking.store\/nb\/wp-json\/wp\/v2\/product"}],"about":[{"href":"https:\/\/mouldking.store\/nb\/wp-json\/wp\/v2\/types\/product"}],"replies":[{"embeddable":true,"href":"https:\/\/mouldking.store\/nb\/wp-json\/wp\/v2\/comments?post=25726"}],"wp:featuredmedia":[{"embeddable":true,"href":"https:\/\/mouldking.store\/nb\/wp-json\/wp\/v2\/media\/25727"}],"wp:attachment":[{"href":"https:\/\/mouldking.store\/nb\/wp-json\/wp\/v2\/media?parent=25726"}],"wp:term":[{"taxonomy":"product_cat","embeddable":true,"href":"https:\/\/mouldking.store\/nb\/wp-json\/wp\/v2\/product_cat?post=25726"},{"taxonomy":"product_tag","embeddable":true,"href":"https:\/\/mouldking.store\/nb\/wp-json\/wp\/v2\/product_tag?post=25726"}],"curies":[{"name":"wp","href":"https:\/\/api.w.org\/{rel}","templated":true}]}}