{"id":25855,"date":"2021-10-25T16:01:53","date_gmt":"2021-10-25T16:01:53","guid":{"rendered":"https:\/\/mouldking.store\/?post_type=product&#038;p=25855"},"modified":"2024-03-27T16:45:45","modified_gmt":"2024-03-27T09:45:45","slug":"jie-star-59006-doomsday-the-train-with-2399-pieces","status":"publish","type":"product","link":"https:\/\/mouldking.store\/nb\/shop\/jie-star-59006-doomsday-the-train-with-2399-pieces\/","title":{"rendered":"JIE STAR 59006 Doomsday the Train med 2399 stykker"},"content":{"rendered":"<p>Produktinformasjon:<\/p>\n<ol>\n<li>Merke: JIE STAR<\/li>\n<li>Kj\u00f8nn: Unisex<\/li>\n<li>Navn: Doomsday the Train<\/li>\n<li>Aldersgruppe: &gt; 6 \u00e5r gammel<\/li>\n<li>Modellnummer: 59006<\/li>\n<li>Klassifisering: Montering<\/li>\n<li>Plastblokkform: Selvl\u00e5sende murstein<\/li>\n<li>Materiale: Plast<\/li>\n<li>Plasttype: ABS<\/li>\n<li>Mursteinsblokker: 2399 STK<\/li>\n<li>Inneholder detaljerte monteringsanvisninger.<\/li>\n<\/ol>\n<p>Legge merke til:<br \/>\n1. Uten original eske, men vi garanterer at v\u00e5re produkter har kvalitetssikring og pen emballasje.<br \/>\n2. Som alle delene vi har sjekket f\u00f8r frakt, s\u00e5 hvis du finner noen deler savnet eller skadet, ikke bekymre deg og bare kontakt oss, s\u00e5 kan vi sende dem til deg p\u00e5 nytt umiddelbart gratis.<\/p>\n<figure id=\"attachment_25856\" aria-describedby=\"caption-attachment-25856\" style=\"width: 800px\" class=\"wp-caption aligncenter\"><img fetchpriority=\"high\" decoding=\"async\" class=\"wp-image-25856 size-full\" src=\"https:\/\/mouldking.store\/wp-content\/uploads\/2021\/10\/JIE-STAR-59006-Doomsday-the-Train-with-2399-pieces-1.jpg\" alt=\"JIE STAR 59006 Doomsday the Train with 2399 pieces\" width=\"800\" height=\"800\" title=\"-\" srcset=\"https:\/\/mouldking.store\/wp-content\/uploads\/2021\/10\/JIE-STAR-59006-Doomsday-the-Train-with-2399-pieces-1.jpg 800w, https:\/\/mouldking.store\/wp-content\/uploads\/2021\/10\/JIE-STAR-59006-Doomsday-the-Train-with-2399-pieces-1-300x300.jpg 300w, https:\/\/mouldking.store\/wp-content\/uploads\/2021\/10\/JIE-STAR-59006-Doomsday-the-Train-with-2399-pieces-1-768x768.jpg 768w, https:\/\/mouldking.store\/wp-content\/uploads\/2021\/10\/JIE-STAR-59006-Doomsday-the-Train-with-2399-pieces-1-600x600.jpg 600w, https:\/\/mouldking.store\/wp-content\/uploads\/2021\/10\/JIE-STAR-59006-Doomsday-the-Train-with-2399-pieces-1-150x150.jpg 150w\" sizes=\"(max-width: 800px) 100vw, 800px\" \/><figcaption id=\"caption-attachment-25856\" class=\"wp-caption-text\">JIE STAR 59006 Doomsday the Train med 2399 stykker<\/figcaption><\/figure>\n<figure id=\"attachment_25861\" aria-describedby=\"caption-attachment-25861\" style=\"width: 800px\" class=\"wp-caption aligncenter\"><img decoding=\"async\" class=\"wp-image-25861 size-full\" src=\"https:\/\/mouldking.store\/wp-content\/uploads\/2021\/10\/JIE-STAR-59006-Doomsday-the-Train-with-2399-pieces-6.jpg\" alt=\"JIE STAR 59006 Doomsday the Train with 2399 pieces\" width=\"800\" height=\"800\" title=\"-\" srcset=\"https:\/\/mouldking.store\/wp-content\/uploads\/2021\/10\/JIE-STAR-59006-Doomsday-the-Train-with-2399-pieces-6.jpg 800w, https:\/\/mouldking.store\/wp-content\/uploads\/2021\/10\/JIE-STAR-59006-Doomsday-the-Train-with-2399-pieces-6-300x300.jpg 300w, https:\/\/mouldking.store\/wp-content\/uploads\/2021\/10\/JIE-STAR-59006-Doomsday-the-Train-with-2399-pieces-6-768x768.jpg 768w, https:\/\/mouldking.store\/wp-content\/uploads\/2021\/10\/JIE-STAR-59006-Doomsday-the-Train-with-2399-pieces-6-600x600.jpg 600w, https:\/\/mouldking.store\/wp-content\/uploads\/2021\/10\/JIE-STAR-59006-Doomsday-the-Train-with-2399-pieces-6-150x150.jpg 150w\" sizes=\"(max-width: 800px) 100vw, 800px\" \/><figcaption id=\"caption-attachment-25861\" class=\"wp-caption-text\">JIE STAR 59006 Doomsday the Train med 2399 stykker<\/figcaption><\/figure>\n<figure id=\"attachment_25860\" aria-describedby=\"caption-attachment-25860\" style=\"width: 559px\" class=\"wp-caption aligncenter\"><img decoding=\"async\" class=\"wp-image-25860 size-full\" src=\"https:\/\/mouldking.store\/wp-content\/uploads\/2021\/10\/JIE-STAR-59006-Doomsday-the-Train-with-2399-pieces-5.jpg\" alt=\"JIE STAR 59006 Doomsday the Train with 2399 pieces\" width=\"559\" height=\"1023\" title=\"-\" srcset=\"https:\/\/mouldking.store\/wp-content\/uploads\/2021\/10\/JIE-STAR-59006-Doomsday-the-Train-with-2399-pieces-5.jpg 559w, https:\/\/mouldking.store\/wp-content\/uploads\/2021\/10\/JIE-STAR-59006-Doomsday-the-Train-with-2399-pieces-5-164x300.jpg 164w, https:\/\/mouldking.store\/wp-content\/uploads\/2021\/10\/JIE-STAR-59006-Doomsday-the-Train-with-2399-pieces-5-300x549.jpg 300w, https:\/\/mouldking.store\/wp-content\/uploads\/2021\/10\/JIE-STAR-59006-Doomsday-the-Train-with-2399-pieces-5-82x150.jpg 82w\" sizes=\"(max-width: 559px) 100vw, 559px\" \/><figcaption id=\"caption-attachment-25860\" class=\"wp-caption-text\">JIE STAR 59006 Doomsday the Train med 2399 stykker<\/figcaption><\/figure>\n<figure id=\"attachment_25859\" aria-describedby=\"caption-attachment-25859\" style=\"width: 695px\" class=\"wp-caption aligncenter\"><img loading=\"lazy\" decoding=\"async\" class=\"wp-image-25859 size-full\" src=\"https:\/\/mouldking.store\/wp-content\/uploads\/2021\/10\/JIE-STAR-59006-Doomsday-the-Train-with-2399-pieces-4.jpg\" alt=\"JIE STAR 59006 Doomsday the Train with 2399 pieces\" width=\"695\" height=\"1024\" title=\"-\" srcset=\"https:\/\/mouldking.store\/wp-content\/uploads\/2021\/10\/JIE-STAR-59006-Doomsday-the-Train-with-2399-pieces-4.jpg 695w, https:\/\/mouldking.store\/wp-content\/uploads\/2021\/10\/JIE-STAR-59006-Doomsday-the-Train-with-2399-pieces-4-204x300.jpg 204w, https:\/\/mouldking.store\/wp-content\/uploads\/2021\/10\/JIE-STAR-59006-Doomsday-the-Train-with-2399-pieces-4-300x442.jpg 300w, https:\/\/mouldking.store\/wp-content\/uploads\/2021\/10\/JIE-STAR-59006-Doomsday-the-Train-with-2399-pieces-4-600x884.jpg 600w, https:\/\/mouldking.store\/wp-content\/uploads\/2021\/10\/JIE-STAR-59006-Doomsday-the-Train-with-2399-pieces-4-102x150.jpg 102w\" sizes=\"(max-width: 695px) 100vw, 695px\" \/><figcaption id=\"caption-attachment-25859\" class=\"wp-caption-text\">JIE STAR 59006 Doomsday the Train med 2399 stykker<\/figcaption><\/figure>\n<figure id=\"attachment_25858\" aria-describedby=\"caption-attachment-25858\" style=\"width: 382px\" class=\"wp-caption aligncenter\"><img loading=\"lazy\" decoding=\"async\" class=\"wp-image-25858 size-full\" src=\"https:\/\/mouldking.store\/wp-content\/uploads\/2021\/10\/JIE-STAR-59006-Doomsday-the-Train-with-2399-pieces-3.jpg\" alt=\"JIE STAR 59006 Doomsday the Train with 2399 pieces\" width=\"382\" height=\"1024\" title=\"-\" srcset=\"https:\/\/mouldking.store\/wp-content\/uploads\/2021\/10\/JIE-STAR-59006-Doomsday-the-Train-with-2399-pieces-3.jpg 382w, https:\/\/mouldking.store\/wp-content\/uploads\/2021\/10\/JIE-STAR-59006-Doomsday-the-Train-with-2399-pieces-3-112x300.jpg 112w, https:\/\/mouldking.store\/wp-content\/uploads\/2021\/10\/JIE-STAR-59006-Doomsday-the-Train-with-2399-pieces-3-300x804.jpg 300w, https:\/\/mouldking.store\/wp-content\/uploads\/2021\/10\/JIE-STAR-59006-Doomsday-the-Train-with-2399-pieces-3-56x150.jpg 56w\" sizes=\"(max-width: 382px) 100vw, 382px\" \/><figcaption id=\"caption-attachment-25858\" class=\"wp-caption-text\">JIE STAR 59006 Doomsday the Train med 2399 stykker<\/figcaption><\/figure>\n<figure id=\"attachment_25857\" aria-describedby=\"caption-attachment-25857\" style=\"width: 746px\" class=\"wp-caption aligncenter\"><img loading=\"lazy\" decoding=\"async\" class=\"wp-image-25857 size-full\" src=\"https:\/\/mouldking.store\/wp-content\/uploads\/2021\/10\/JIE-STAR-59006-Doomsday-the-Train-with-2399-pieces-2.jpg\" alt=\"JIE STAR 59006 Doomsday the Train with 2399 pieces\" width=\"746\" height=\"1024\" title=\"-\" srcset=\"https:\/\/mouldking.store\/wp-content\/uploads\/2021\/10\/JIE-STAR-59006-Doomsday-the-Train-with-2399-pieces-2.jpg 746w, https:\/\/mouldking.store\/wp-content\/uploads\/2021\/10\/JIE-STAR-59006-Doomsday-the-Train-with-2399-pieces-2-219x300.jpg 219w, https:\/\/mouldking.store\/wp-content\/uploads\/2021\/10\/JIE-STAR-59006-Doomsday-the-Train-with-2399-pieces-2-300x412.jpg 300w, https:\/\/mouldking.store\/wp-content\/uploads\/2021\/10\/JIE-STAR-59006-Doomsday-the-Train-with-2399-pieces-2-600x824.jpg 600w, https:\/\/mouldking.store\/wp-content\/uploads\/2021\/10\/JIE-STAR-59006-Doomsday-the-Train-with-2399-pieces-2-109x150.jpg 109w\" sizes=\"(max-width: 746px) 100vw, 746px\" \/><figcaption id=\"caption-attachment-25857\" class=\"wp-caption-text\">JIE STAR 59006 Doomsday the Train med 2399 stykker<\/figcaption><\/figure>\n<p>&nbsp;<\/p>","protected":false},"excerpt":{"rendered":"<p>Product information: Brand: JIE STAR Gender: Unisex Name: Doomsday the Train Age Range: &gt; 6 years old Model Number: 59006 Classification: Assemblage Plastic Block Shape: Self-Locking Bricks Material: Plastic Plastic Type: ABS Bricks Blocks: 2399 PCS Contains detailed assembly instructions. Notice: 1. Without an original box, but we guarantee our products have quality assurance and [&hellip;]<\/p>","protected":false},"featured_media":25856,"comment_status":"open","ping_status":"closed","template":"","meta":{"_acf_changed":false},"product_cat":[364],"product_tag":[2629,2626,2630,2256,2625,2627,2624,2628,300],"class_list":["product","first","outofstock","shipping-taxable","purchasable","product-type-simple"],"acf":[],"_links":{"self":[{"href":"https:\/\/mouldking.store\/nb\/wp-json\/wp\/v2\/product\/25855","targetHints":{"allow":["GET"]}}],"collection":[{"href":"https:\/\/mouldking.store\/nb\/wp-json\/wp\/v2\/product"}],"about":[{"href":"https:\/\/mouldking.store\/nb\/wp-json\/wp\/v2\/types\/product"}],"replies":[{"embeddable":true,"href":"https:\/\/mouldking.store\/nb\/wp-json\/wp\/v2\/comments?post=25855"}],"wp:featuredmedia":[{"embeddable":true,"href":"https:\/\/mouldking.store\/nb\/wp-json\/wp\/v2\/media\/25856"}],"wp:attachment":[{"href":"https:\/\/mouldking.store\/nb\/wp-json\/wp\/v2\/media?parent=25855"}],"wp:term":[{"taxonomy":"product_cat","embeddable":true,"href":"https:\/\/mouldking.store\/nb\/wp-json\/wp\/v2\/product_cat?post=25855"},{"taxonomy":"product_tag","embeddable":true,"href":"https:\/\/mouldking.store\/nb\/wp-json\/wp\/v2\/product_tag?post=25855"}],"curies":[{"name":"wp","href":"https:\/\/api.w.org\/{rel}","templated":true}]}}