{"id":25873,"date":"2021-10-26T11:17:50","date_gmt":"2021-10-26T11:17:50","guid":{"rendered":"https:\/\/mouldking.store\/?post_type=product&#038;p=25873"},"modified":"2021-12-23T09:41:49","modified_gmt":"2021-12-23T09:41:49","slug":"lwck-90022-type-99-main-battle-tank-with-2056-pieces","status":"publish","type":"product","link":"https:\/\/mouldking.store\/nb\/shop\/lwck-90022-type-99-main-battle-tank-with-2056-pieces\/","title":{"rendered":"LWCK 90022 TYPE 99 Hovedstridsvogn med 2056 stykker"},"content":{"rendered":"<p>Produktinformasjon:<\/p>\n<ol>\n<li>Brand: LWCK<\/li>\n<li>Kj\u00f8nn: Unisex<\/li>\n<li>Name: TYPE 99 Main Battle Tank<\/li>\n<li>Aldersgruppe: &gt; 6 \u00e5r gammel<\/li>\n<li>Model Number: 90022<\/li>\n<li>Klassifisering: Montering<\/li>\n<li>Plastblokkform: Selvl\u00e5sende murstein<\/li>\n<li>Materiale: Plast<\/li>\n<li>Plasttype: ABS<\/li>\n<li>Bricks Blocks: 2056 PCS<\/li>\n<li>Inneholder detaljerte monteringsanvisninger.<\/li>\n<\/ol>\n<p>Legge merke til:<br \/>\n1. Uten original eske, men vi garanterer at v\u00e5re produkter har kvalitetssikring og pen emballasje.<br \/>\n2. Som alle delene vi har sjekket f\u00f8r frakt, s\u00e5 hvis du finner noen deler savnet eller skadet, ikke bekymre deg og bare kontakt oss, s\u00e5 kan vi sende dem til deg p\u00e5 nytt umiddelbart gratis.<\/p>\n<figure id=\"attachment_25874\" aria-describedby=\"caption-attachment-25874\" style=\"width: 800px\" class=\"wp-caption aligncenter\"><img fetchpriority=\"high\" decoding=\"async\" class=\"wp-image-25874 size-full\" src=\"https:\/\/mouldking.store\/wp-content\/uploads\/2021\/10\/LWCK-90022-TYPE-99-Main-Battle-Tank-with-2056-pieces.jpg\" alt=\"LWCK 90022 TYPE 99 Main Battle Tank with 2056 pieces\" width=\"800\" height=\"800\" title=\"-\" srcset=\"https:\/\/mouldking.store\/wp-content\/uploads\/2021\/10\/LWCK-90022-TYPE-99-Main-Battle-Tank-with-2056-pieces.jpg 800w, https:\/\/mouldking.store\/wp-content\/uploads\/2021\/10\/LWCK-90022-TYPE-99-Main-Battle-Tank-with-2056-pieces-300x300.jpg 300w, https:\/\/mouldking.store\/wp-content\/uploads\/2021\/10\/LWCK-90022-TYPE-99-Main-Battle-Tank-with-2056-pieces-768x768.jpg 768w, https:\/\/mouldking.store\/wp-content\/uploads\/2021\/10\/LWCK-90022-TYPE-99-Main-Battle-Tank-with-2056-pieces-600x600.jpg 600w, https:\/\/mouldking.store\/wp-content\/uploads\/2021\/10\/LWCK-90022-TYPE-99-Main-Battle-Tank-with-2056-pieces-150x150.jpg 150w\" sizes=\"(max-width: 800px) 100vw, 800px\" \/><figcaption id=\"caption-attachment-25874\" class=\"wp-caption-text\">LWCK 90022 TYPE 99 Hovedstridsvogn med 2056 stykker<\/figcaption><\/figure>","protected":false},"excerpt":{"rendered":"<p>Product information: Brand: LWCK Gender: Unisex Name: TYPE 99 Main Battle Tank Age Range: &gt; 6 years old Model Number: 90022 Classification: Assemblage Plastic Block Shape: Self-Locking Bricks Material: Plastic Plastic Type: ABS Bricks Blocks: 2056 PCS Contains detailed assembly instructions. Notice: 1. Without an original box, but we guarantee our products have quality assurance [&hellip;]<\/p>","protected":false},"featured_media":25874,"comment_status":"open","ping_status":"closed","template":"","meta":{"_acf_changed":false},"product_cat":[372],"product_tag":[2643,2645,2642,2639,2638,2641,2640,2644],"class_list":["product","first","instock","shipping-taxable","purchasable","product-type-simple"],"acf":[],"_links":{"self":[{"href":"https:\/\/mouldking.store\/nb\/wp-json\/wp\/v2\/product\/25873","targetHints":{"allow":["GET"]}}],"collection":[{"href":"https:\/\/mouldking.store\/nb\/wp-json\/wp\/v2\/product"}],"about":[{"href":"https:\/\/mouldking.store\/nb\/wp-json\/wp\/v2\/types\/product"}],"replies":[{"embeddable":true,"href":"https:\/\/mouldking.store\/nb\/wp-json\/wp\/v2\/comments?post=25873"}],"wp:featuredmedia":[{"embeddable":true,"href":"https:\/\/mouldking.store\/nb\/wp-json\/wp\/v2\/media\/25874"}],"wp:attachment":[{"href":"https:\/\/mouldking.store\/nb\/wp-json\/wp\/v2\/media?parent=25873"}],"wp:term":[{"taxonomy":"product_cat","embeddable":true,"href":"https:\/\/mouldking.store\/nb\/wp-json\/wp\/v2\/product_cat?post=25873"},{"taxonomy":"product_tag","embeddable":true,"href":"https:\/\/mouldking.store\/nb\/wp-json\/wp\/v2\/product_tag?post=25873"}],"curies":[{"name":"wp","href":"https:\/\/api.w.org\/{rel}","templated":true}]}}