{"id":25875,"date":"2021-10-26T11:22:39","date_gmt":"2021-10-26T11:22:39","guid":{"rendered":"https:\/\/mouldking.store\/?post_type=product&#038;p=25875"},"modified":"2023-12-25T14:12:28","modified_gmt":"2023-12-25T07:12:28","slug":"juhang-86015-martial-arts-hall-with-2288-pieces","status":"publish","type":"product","link":"https:\/\/mouldking.store\/nb\/shop\/juhang-86015-martial-arts-hall-with-2288-pieces\/","title":{"rendered":"JUHANG 86015 Martial Arts Hall with 2288 pieces"},"content":{"rendered":"<p>Produktinformasjon:<\/p>\n<ol>\n<li>Brand: JUHANG<\/li>\n<li>Kj\u00f8nn: Unisex<\/li>\n<li>Name: Martial Arts Hall<\/li>\n<li>Aldersgruppe: &gt; 6 \u00e5r gammel<\/li>\n<li>Model Number: 86015<\/li>\n<li>Klassifisering: Montering<\/li>\n<li>Plastblokkform: Selvl\u00e5sende murstein<\/li>\n<li>Materiale: Plast<\/li>\n<li>Plasttype: ABS<\/li>\n<li>Bricks Blocks: 2288 PCS<\/li>\n<li>Inneholder detaljerte monteringsanvisninger.<\/li>\n<\/ol>\n<p>Legge merke til:<br \/>\n1. Uten original eske, men vi garanterer at v\u00e5re produkter har kvalitetssikring og pen emballasje.<br \/>\n2. Som alle delene vi har sjekket f\u00f8r frakt, s\u00e5 hvis du finner noen deler savnet eller skadet, ikke bekymre deg og bare kontakt oss, s\u00e5 kan vi sende dem til deg p\u00e5 nytt umiddelbart gratis.<\/p>\n<figure id=\"attachment_25876\" aria-describedby=\"caption-attachment-25876\" style=\"width: 800px\" class=\"wp-caption aligncenter\"><img fetchpriority=\"high\" decoding=\"async\" class=\"wp-image-25876 size-full\" src=\"https:\/\/mouldking.store\/wp-content\/uploads\/2021\/10\/JUHANG-86015-Martial-Arts-Hall-with-2288-pieces-1.jpg\" alt=\"JUHANG 86015 Martial Arts Hall with 2288 pieces\" width=\"800\" height=\"800\" title=\"-\" srcset=\"https:\/\/mouldking.store\/wp-content\/uploads\/2021\/10\/JUHANG-86015-Martial-Arts-Hall-with-2288-pieces-1.jpg 800w, https:\/\/mouldking.store\/wp-content\/uploads\/2021\/10\/JUHANG-86015-Martial-Arts-Hall-with-2288-pieces-1-300x300.jpg 300w, https:\/\/mouldking.store\/wp-content\/uploads\/2021\/10\/JUHANG-86015-Martial-Arts-Hall-with-2288-pieces-1-768x768.jpg 768w, https:\/\/mouldking.store\/wp-content\/uploads\/2021\/10\/JUHANG-86015-Martial-Arts-Hall-with-2288-pieces-1-600x600.jpg 600w, https:\/\/mouldking.store\/wp-content\/uploads\/2021\/10\/JUHANG-86015-Martial-Arts-Hall-with-2288-pieces-1-150x150.jpg 150w\" sizes=\"(max-width: 800px) 100vw, 800px\" \/><figcaption id=\"caption-attachment-25876\" class=\"wp-caption-text\">JUHANG 86015 Martial Arts Hall with 2288 pieces<\/figcaption><\/figure>\n<figure id=\"attachment_25883\" aria-describedby=\"caption-attachment-25883\" style=\"width: 800px\" class=\"wp-caption aligncenter\"><img decoding=\"async\" class=\"wp-image-25883 size-full\" src=\"https:\/\/mouldking.store\/wp-content\/uploads\/2021\/10\/JUHANG-86015-Martial-Arts-Hall-with-2288-pieces-7.jpg\" alt=\"JUHANG 86015 Martial Arts Hall with 2288 pieces\" width=\"800\" height=\"854\" title=\"-\" srcset=\"https:\/\/mouldking.store\/wp-content\/uploads\/2021\/10\/JUHANG-86015-Martial-Arts-Hall-with-2288-pieces-7.jpg 800w, https:\/\/mouldking.store\/wp-content\/uploads\/2021\/10\/JUHANG-86015-Martial-Arts-Hall-with-2288-pieces-7-281x300.jpg 281w, https:\/\/mouldking.store\/wp-content\/uploads\/2021\/10\/JUHANG-86015-Martial-Arts-Hall-with-2288-pieces-7-768x820.jpg 768w, https:\/\/mouldking.store\/wp-content\/uploads\/2021\/10\/JUHANG-86015-Martial-Arts-Hall-with-2288-pieces-7-300x320.jpg 300w, https:\/\/mouldking.store\/wp-content\/uploads\/2021\/10\/JUHANG-86015-Martial-Arts-Hall-with-2288-pieces-7-600x641.jpg 600w, https:\/\/mouldking.store\/wp-content\/uploads\/2021\/10\/JUHANG-86015-Martial-Arts-Hall-with-2288-pieces-7-141x150.jpg 141w\" sizes=\"(max-width: 800px) 100vw, 800px\" \/><figcaption id=\"caption-attachment-25883\" class=\"wp-caption-text\">JUHANG 86015 Martial Arts Hall with 2288 pieces<\/figcaption><\/figure>\n<figure id=\"attachment_25884\" aria-describedby=\"caption-attachment-25884\" style=\"width: 800px\" class=\"wp-caption aligncenter\"><img decoding=\"async\" class=\"wp-image-25884 size-full\" src=\"https:\/\/mouldking.store\/wp-content\/uploads\/2021\/10\/JUHANG-86015-Martial-Arts-Hall-with-2288-pieces-8.jpg\" alt=\"JUHANG 86015 Martial Arts Hall with 2288 pieces\" width=\"800\" height=\"800\" title=\"-\" srcset=\"https:\/\/mouldking.store\/wp-content\/uploads\/2021\/10\/JUHANG-86015-Martial-Arts-Hall-with-2288-pieces-8.jpg 800w, https:\/\/mouldking.store\/wp-content\/uploads\/2021\/10\/JUHANG-86015-Martial-Arts-Hall-with-2288-pieces-8-300x300.jpg 300w, https:\/\/mouldking.store\/wp-content\/uploads\/2021\/10\/JUHANG-86015-Martial-Arts-Hall-with-2288-pieces-8-768x768.jpg 768w, https:\/\/mouldking.store\/wp-content\/uploads\/2021\/10\/JUHANG-86015-Martial-Arts-Hall-with-2288-pieces-8-600x600.jpg 600w, https:\/\/mouldking.store\/wp-content\/uploads\/2021\/10\/JUHANG-86015-Martial-Arts-Hall-with-2288-pieces-8-150x150.jpg 150w\" sizes=\"(max-width: 800px) 100vw, 800px\" \/><figcaption id=\"caption-attachment-25884\" class=\"wp-caption-text\">JUHANG 86015 Martial Arts Hall with 2288 pieces<\/figcaption><\/figure>\n<figure id=\"attachment_25882\" aria-describedby=\"caption-attachment-25882\" style=\"width: 785px\" class=\"wp-caption aligncenter\"><img loading=\"lazy\" decoding=\"async\" class=\"wp-image-25882 size-full\" src=\"https:\/\/mouldking.store\/wp-content\/uploads\/2021\/10\/JUHANG-86015-Martial-Arts-Hall-with-2288-pieces-6.jpg\" alt=\"JUHANG 86015 Martial Arts Hall with 2288 pieces\" width=\"785\" height=\"1024\" title=\"-\" srcset=\"https:\/\/mouldking.store\/wp-content\/uploads\/2021\/10\/JUHANG-86015-Martial-Arts-Hall-with-2288-pieces-6.jpg 785w, https:\/\/mouldking.store\/wp-content\/uploads\/2021\/10\/JUHANG-86015-Martial-Arts-Hall-with-2288-pieces-6-230x300.jpg 230w, https:\/\/mouldking.store\/wp-content\/uploads\/2021\/10\/JUHANG-86015-Martial-Arts-Hall-with-2288-pieces-6-768x1002.jpg 768w, https:\/\/mouldking.store\/wp-content\/uploads\/2021\/10\/JUHANG-86015-Martial-Arts-Hall-with-2288-pieces-6-300x391.jpg 300w, https:\/\/mouldking.store\/wp-content\/uploads\/2021\/10\/JUHANG-86015-Martial-Arts-Hall-with-2288-pieces-6-600x783.jpg 600w, https:\/\/mouldking.store\/wp-content\/uploads\/2021\/10\/JUHANG-86015-Martial-Arts-Hall-with-2288-pieces-6-115x150.jpg 115w\" sizes=\"(max-width: 785px) 100vw, 785px\" \/><figcaption id=\"caption-attachment-25882\" class=\"wp-caption-text\">JUHANG 86015 Martial Arts Hall with 2288 pieces<\/figcaption><\/figure>\n<figure id=\"attachment_25881\" aria-describedby=\"caption-attachment-25881\" style=\"width: 800px\" class=\"wp-caption aligncenter\"><img loading=\"lazy\" decoding=\"async\" class=\"wp-image-25881 size-full\" src=\"https:\/\/mouldking.store\/wp-content\/uploads\/2021\/10\/JUHANG-86015-Martial-Arts-Hall-with-2288-pieces-5.jpg\" alt=\"JUHANG 86015 Martial Arts Hall with 2288 pieces\" width=\"800\" height=\"800\" title=\"-\" srcset=\"https:\/\/mouldking.store\/wp-content\/uploads\/2021\/10\/JUHANG-86015-Martial-Arts-Hall-with-2288-pieces-5.jpg 800w, https:\/\/mouldking.store\/wp-content\/uploads\/2021\/10\/JUHANG-86015-Martial-Arts-Hall-with-2288-pieces-5-300x300.jpg 300w, https:\/\/mouldking.store\/wp-content\/uploads\/2021\/10\/JUHANG-86015-Martial-Arts-Hall-with-2288-pieces-5-768x768.jpg 768w, https:\/\/mouldking.store\/wp-content\/uploads\/2021\/10\/JUHANG-86015-Martial-Arts-Hall-with-2288-pieces-5-600x600.jpg 600w, https:\/\/mouldking.store\/wp-content\/uploads\/2021\/10\/JUHANG-86015-Martial-Arts-Hall-with-2288-pieces-5-150x150.jpg 150w\" sizes=\"(max-width: 800px) 100vw, 800px\" \/><figcaption id=\"caption-attachment-25881\" class=\"wp-caption-text\">JUHANG 86015 Martial Arts Hall with 2288 pieces<\/figcaption><\/figure>\n<figure id=\"attachment_25880\" aria-describedby=\"caption-attachment-25880\" style=\"width: 693px\" class=\"wp-caption aligncenter\"><img loading=\"lazy\" decoding=\"async\" class=\"wp-image-25880 size-full\" src=\"https:\/\/mouldking.store\/wp-content\/uploads\/2021\/10\/JUHANG-86015-Martial-Arts-Hall-with-2288-pieces-4.jpg\" alt=\"JUHANG 86015 Martial Arts Hall with 2288 pieces\" width=\"693\" height=\"1024\" title=\"-\" srcset=\"https:\/\/mouldking.store\/wp-content\/uploads\/2021\/10\/JUHANG-86015-Martial-Arts-Hall-with-2288-pieces-4.jpg 693w, https:\/\/mouldking.store\/wp-content\/uploads\/2021\/10\/JUHANG-86015-Martial-Arts-Hall-with-2288-pieces-4-203x300.jpg 203w, https:\/\/mouldking.store\/wp-content\/uploads\/2021\/10\/JUHANG-86015-Martial-Arts-Hall-with-2288-pieces-4-300x443.jpg 300w, https:\/\/mouldking.store\/wp-content\/uploads\/2021\/10\/JUHANG-86015-Martial-Arts-Hall-with-2288-pieces-4-600x887.jpg 600w, https:\/\/mouldking.store\/wp-content\/uploads\/2021\/10\/JUHANG-86015-Martial-Arts-Hall-with-2288-pieces-4-102x150.jpg 102w\" sizes=\"(max-width: 693px) 100vw, 693px\" \/><figcaption id=\"caption-attachment-25880\" class=\"wp-caption-text\">JUHANG 86015 Martial Arts Hall with 2288 pieces<\/figcaption><\/figure>\n<figure id=\"attachment_25878\" aria-describedby=\"caption-attachment-25878\" style=\"width: 800px\" class=\"wp-caption aligncenter\"><img loading=\"lazy\" decoding=\"async\" class=\"wp-image-25878 size-full\" src=\"https:\/\/mouldking.store\/wp-content\/uploads\/2021\/10\/JUHANG-86015-Martial-Arts-Hall-with-2288-pieces-3.jpg\" alt=\"JUHANG 86015 Martial Arts Hall with 2288 pieces\" width=\"800\" height=\"991\" title=\"-\" srcset=\"https:\/\/mouldking.store\/wp-content\/uploads\/2021\/10\/JUHANG-86015-Martial-Arts-Hall-with-2288-pieces-3.jpg 800w, https:\/\/mouldking.store\/wp-content\/uploads\/2021\/10\/JUHANG-86015-Martial-Arts-Hall-with-2288-pieces-3-242x300.jpg 242w, https:\/\/mouldking.store\/wp-content\/uploads\/2021\/10\/JUHANG-86015-Martial-Arts-Hall-with-2288-pieces-3-768x951.jpg 768w, https:\/\/mouldking.store\/wp-content\/uploads\/2021\/10\/JUHANG-86015-Martial-Arts-Hall-with-2288-pieces-3-300x372.jpg 300w, https:\/\/mouldking.store\/wp-content\/uploads\/2021\/10\/JUHANG-86015-Martial-Arts-Hall-with-2288-pieces-3-600x743.jpg 600w, https:\/\/mouldking.store\/wp-content\/uploads\/2021\/10\/JUHANG-86015-Martial-Arts-Hall-with-2288-pieces-3-121x150.jpg 121w\" sizes=\"(max-width: 800px) 100vw, 800px\" \/><figcaption id=\"caption-attachment-25878\" class=\"wp-caption-text\">JUHANG 86015 Martial Arts Hall with 2288 pieces<\/figcaption><\/figure>\n<figure id=\"attachment_25877\" aria-describedby=\"caption-attachment-25877\" style=\"width: 567px\" class=\"wp-caption aligncenter\"><img loading=\"lazy\" decoding=\"async\" class=\"wp-image-25877 size-full\" src=\"https:\/\/mouldking.store\/wp-content\/uploads\/2021\/10\/JUHANG-86015-Martial-Arts-Hall-with-2288-pieces-2.jpg\" alt=\"JUHANG 86015 Martial Arts Hall with 2288 pieces\" width=\"567\" height=\"1024\" title=\"-\" srcset=\"https:\/\/mouldking.store\/wp-content\/uploads\/2021\/10\/JUHANG-86015-Martial-Arts-Hall-with-2288-pieces-2.jpg 567w, https:\/\/mouldking.store\/wp-content\/uploads\/2021\/10\/JUHANG-86015-Martial-Arts-Hall-with-2288-pieces-2-166x300.jpg 166w, https:\/\/mouldking.store\/wp-content\/uploads\/2021\/10\/JUHANG-86015-Martial-Arts-Hall-with-2288-pieces-2-300x542.jpg 300w, https:\/\/mouldking.store\/wp-content\/uploads\/2021\/10\/JUHANG-86015-Martial-Arts-Hall-with-2288-pieces-2-83x150.jpg 83w\" sizes=\"(max-width: 567px) 100vw, 567px\" \/><figcaption id=\"caption-attachment-25877\" class=\"wp-caption-text\">JUHANG 86015 Martial Arts Hall with 2288 pieces<\/figcaption><\/figure>","protected":false},"excerpt":{"rendered":"<p>Product information: Brand: JUHANG Gender: Unisex Name: Martial Arts Hall Age Range: &gt; 6 years old Model Number: 86015 Classification: Assemblage Plastic Block Shape: Self-Locking Bricks Material: Plastic Plastic Type: ABS Bricks Blocks: 2288 PCS Contains detailed assembly instructions. Notice: 1. Without an original box, but we guarantee our products have quality assurance and nice [&hellip;]<\/p>","protected":false},"featured_media":25876,"comment_status":"open","ping_status":"closed","template":"","meta":{"_acf_changed":false},"product_cat":[390],"product_tag":[2650,2652,2649,2647,2646,2653,2651,2648],"class_list":["product","first","outofstock","shipping-taxable","purchasable","product-type-simple"],"acf":[],"_links":{"self":[{"href":"https:\/\/mouldking.store\/nb\/wp-json\/wp\/v2\/product\/25875","targetHints":{"allow":["GET"]}}],"collection":[{"href":"https:\/\/mouldking.store\/nb\/wp-json\/wp\/v2\/product"}],"about":[{"href":"https:\/\/mouldking.store\/nb\/wp-json\/wp\/v2\/types\/product"}],"replies":[{"embeddable":true,"href":"https:\/\/mouldking.store\/nb\/wp-json\/wp\/v2\/comments?post=25875"}],"wp:featuredmedia":[{"embeddable":true,"href":"https:\/\/mouldking.store\/nb\/wp-json\/wp\/v2\/media\/25876"}],"wp:attachment":[{"href":"https:\/\/mouldking.store\/nb\/wp-json\/wp\/v2\/media?parent=25875"}],"wp:term":[{"taxonomy":"product_cat","embeddable":true,"href":"https:\/\/mouldking.store\/nb\/wp-json\/wp\/v2\/product_cat?post=25875"},{"taxonomy":"product_tag","embeddable":true,"href":"https:\/\/mouldking.store\/nb\/wp-json\/wp\/v2\/product_tag?post=25875"}],"curies":[{"name":"wp","href":"https:\/\/api.w.org\/{rel}","templated":true}]}}