{"id":25879,"date":"2021-10-26T11:25:50","date_gmt":"2021-10-26T11:25:50","guid":{"rendered":"https:\/\/mouldking.store\/?post_type=product&#038;p=25879"},"modified":"2021-12-23T09:41:48","modified_gmt":"2021-12-23T09:41:48","slug":"qizhile-90012-christmas-house-with-1452-pieces","status":"publish","type":"product","link":"https:\/\/mouldking.store\/nb\/shop\/qizhile-90012-christmas-house-with-1452-pieces\/","title":{"rendered":"QIZHILE 90012 Julehus med 1452 stk"},"content":{"rendered":"<p>Produktinformasjon:<\/p>\n<ol>\n<li>Merke: QIZHILE<\/li>\n<li>Kj\u00f8nn: Unisex<\/li>\n<li>Navn: Julehuset<\/li>\n<li>Aldersgruppe: &gt; 6 \u00e5r gammel<\/li>\n<li>Model Number: 90012<\/li>\n<li>Klassifisering: Montering<\/li>\n<li>Plastblokkform: Selvl\u00e5sende murstein<\/li>\n<li>Materiale: Plast<\/li>\n<li>Plasttype: ABS<\/li>\n<li>Bricks Blocks: 1452 PCS<\/li>\n<li>Inneholder detaljerte monteringsanvisninger.<\/li>\n<\/ol>\n<p>Legge merke til:<br \/>\n1. Uten original eske, men vi garanterer at v\u00e5re produkter har kvalitetssikring og pen emballasje.<br \/>\n2. Som alle delene vi har sjekket f\u00f8r frakt, s\u00e5 hvis du finner noen deler savnet eller skadet, ikke bekymre deg og bare kontakt oss, s\u00e5 kan vi sende dem til deg p\u00e5 nytt umiddelbart gratis.<\/p>\n<figure id=\"attachment_25886\" aria-describedby=\"caption-attachment-25886\" style=\"width: 800px\" class=\"wp-caption aligncenter\"><img fetchpriority=\"high\" decoding=\"async\" class=\"wp-image-25886 size-full\" src=\"https:\/\/mouldking.store\/wp-content\/uploads\/2021\/10\/QIZHILE-90012-Christmas-House-with-1452-pieces-1.jpg\" alt=\"QIZHILE 90012 Christmas House with 1452 pieces\" width=\"800\" height=\"800\" title=\"-\" srcset=\"https:\/\/mouldking.store\/wp-content\/uploads\/2021\/10\/QIZHILE-90012-Christmas-House-with-1452-pieces-1.jpg 800w, https:\/\/mouldking.store\/wp-content\/uploads\/2021\/10\/QIZHILE-90012-Christmas-House-with-1452-pieces-1-300x300.jpg 300w, https:\/\/mouldking.store\/wp-content\/uploads\/2021\/10\/QIZHILE-90012-Christmas-House-with-1452-pieces-1-768x768.jpg 768w, https:\/\/mouldking.store\/wp-content\/uploads\/2021\/10\/QIZHILE-90012-Christmas-House-with-1452-pieces-1-600x600.jpg 600w, https:\/\/mouldking.store\/wp-content\/uploads\/2021\/10\/QIZHILE-90012-Christmas-House-with-1452-pieces-1-150x150.jpg 150w\" sizes=\"(max-width: 800px) 100vw, 800px\" \/><figcaption id=\"caption-attachment-25886\" class=\"wp-caption-text\">QIZHILE 90012 Julehus med 1452 stk<\/figcaption><\/figure>\n<figure id=\"attachment_25889\" aria-describedby=\"caption-attachment-25889\" style=\"width: 800px\" class=\"wp-caption aligncenter\"><img decoding=\"async\" class=\"wp-image-25889 size-full\" src=\"https:\/\/mouldking.store\/wp-content\/uploads\/2021\/10\/QIZHILE-90012-Christmas-House-with-1452-pieces-4.jpg\" alt=\"QIZHILE 90012 Christmas House with 1452 pieces\" width=\"800\" height=\"800\" title=\"-\" srcset=\"https:\/\/mouldking.store\/wp-content\/uploads\/2021\/10\/QIZHILE-90012-Christmas-House-with-1452-pieces-4.jpg 800w, https:\/\/mouldking.store\/wp-content\/uploads\/2021\/10\/QIZHILE-90012-Christmas-House-with-1452-pieces-4-300x300.jpg 300w, https:\/\/mouldking.store\/wp-content\/uploads\/2021\/10\/QIZHILE-90012-Christmas-House-with-1452-pieces-4-768x768.jpg 768w, https:\/\/mouldking.store\/wp-content\/uploads\/2021\/10\/QIZHILE-90012-Christmas-House-with-1452-pieces-4-600x600.jpg 600w, https:\/\/mouldking.store\/wp-content\/uploads\/2021\/10\/QIZHILE-90012-Christmas-House-with-1452-pieces-4-150x150.jpg 150w\" sizes=\"(max-width: 800px) 100vw, 800px\" \/><figcaption id=\"caption-attachment-25889\" class=\"wp-caption-text\">QIZHILE 90012 Julehus med 1452 stk<\/figcaption><\/figure>\n<figure id=\"attachment_25890\" aria-describedby=\"caption-attachment-25890\" style=\"width: 800px\" class=\"wp-caption aligncenter\"><img decoding=\"async\" class=\"wp-image-25890 size-full\" src=\"https:\/\/mouldking.store\/wp-content\/uploads\/2021\/10\/QIZHILE-90012-Christmas-House-with-1452-pieces-5.jpg\" alt=\"QIZHILE 90012 Christmas House with 1452 pieces\" width=\"800\" height=\"800\" title=\"-\" srcset=\"https:\/\/mouldking.store\/wp-content\/uploads\/2021\/10\/QIZHILE-90012-Christmas-House-with-1452-pieces-5.jpg 800w, https:\/\/mouldking.store\/wp-content\/uploads\/2021\/10\/QIZHILE-90012-Christmas-House-with-1452-pieces-5-300x300.jpg 300w, https:\/\/mouldking.store\/wp-content\/uploads\/2021\/10\/QIZHILE-90012-Christmas-House-with-1452-pieces-5-768x768.jpg 768w, https:\/\/mouldking.store\/wp-content\/uploads\/2021\/10\/QIZHILE-90012-Christmas-House-with-1452-pieces-5-600x600.jpg 600w, https:\/\/mouldking.store\/wp-content\/uploads\/2021\/10\/QIZHILE-90012-Christmas-House-with-1452-pieces-5-150x150.jpg 150w\" sizes=\"(max-width: 800px) 100vw, 800px\" \/><figcaption id=\"caption-attachment-25890\" class=\"wp-caption-text\">QIZHILE 90012 Julehus med 1452 stk<\/figcaption><\/figure>\n<figure id=\"attachment_25888\" aria-describedby=\"caption-attachment-25888\" style=\"width: 800px\" class=\"wp-caption aligncenter\"><img loading=\"lazy\" decoding=\"async\" class=\"wp-image-25888 size-full\" src=\"https:\/\/mouldking.store\/wp-content\/uploads\/2021\/10\/QIZHILE-90012-Christmas-House-with-1452-pieces-3.jpg\" alt=\"QIZHILE 90012 Christmas House with 1452 pieces\" width=\"800\" height=\"800\" title=\"-\" srcset=\"https:\/\/mouldking.store\/wp-content\/uploads\/2021\/10\/QIZHILE-90012-Christmas-House-with-1452-pieces-3.jpg 800w, https:\/\/mouldking.store\/wp-content\/uploads\/2021\/10\/QIZHILE-90012-Christmas-House-with-1452-pieces-3-300x300.jpg 300w, https:\/\/mouldking.store\/wp-content\/uploads\/2021\/10\/QIZHILE-90012-Christmas-House-with-1452-pieces-3-768x768.jpg 768w, https:\/\/mouldking.store\/wp-content\/uploads\/2021\/10\/QIZHILE-90012-Christmas-House-with-1452-pieces-3-600x600.jpg 600w, https:\/\/mouldking.store\/wp-content\/uploads\/2021\/10\/QIZHILE-90012-Christmas-House-with-1452-pieces-3-150x150.jpg 150w\" sizes=\"(max-width: 800px) 100vw, 800px\" \/><figcaption id=\"caption-attachment-25888\" class=\"wp-caption-text\">QIZHILE 90012 Julehus med 1452 stk<\/figcaption><\/figure>\n<figure id=\"attachment_25887\" aria-describedby=\"caption-attachment-25887\" style=\"width: 800px\" class=\"wp-caption aligncenter\"><img loading=\"lazy\" decoding=\"async\" class=\"wp-image-25887 size-full\" src=\"https:\/\/mouldking.store\/wp-content\/uploads\/2021\/10\/QIZHILE-90012-Christmas-House-with-1452-pieces-2.jpg\" alt=\"QIZHILE 90012 Christmas House with 1452 pieces\" width=\"800\" height=\"800\" title=\"-\" srcset=\"https:\/\/mouldking.store\/wp-content\/uploads\/2021\/10\/QIZHILE-90012-Christmas-House-with-1452-pieces-2.jpg 800w, https:\/\/mouldking.store\/wp-content\/uploads\/2021\/10\/QIZHILE-90012-Christmas-House-with-1452-pieces-2-300x300.jpg 300w, https:\/\/mouldking.store\/wp-content\/uploads\/2021\/10\/QIZHILE-90012-Christmas-House-with-1452-pieces-2-768x768.jpg 768w, https:\/\/mouldking.store\/wp-content\/uploads\/2021\/10\/QIZHILE-90012-Christmas-House-with-1452-pieces-2-600x600.jpg 600w, https:\/\/mouldking.store\/wp-content\/uploads\/2021\/10\/QIZHILE-90012-Christmas-House-with-1452-pieces-2-150x150.jpg 150w\" sizes=\"(max-width: 800px) 100vw, 800px\" \/><figcaption id=\"caption-attachment-25887\" class=\"wp-caption-text\">QIZHILE 90012 Julehus med 1452 stk<\/figcaption><\/figure>","protected":false},"excerpt":{"rendered":"<p>Product information: Brand: QIZHILE Gender: Unisex Name: Christmas House Age Range: &gt; 6 years old Model Number: 90012 Classification: Assemblage Plastic Block Shape: Self-Locking Bricks Material: Plastic Plastic Type: ABS Bricks Blocks: 1452 PCS Contains detailed assembly instructions. Notice: 1. Without an original box, but we guarantee our products have quality assurance and nice packaging. [&hellip;]<\/p>","protected":false},"featured_media":25886,"comment_status":"open","ping_status":"closed","template":"","meta":{"_acf_changed":false},"product_cat":[390],"product_tag":[2656,1066,1071,2318,1750,2655,2654,2657],"class_list":["product","first","instock","shipping-taxable","purchasable","product-type-simple"],"acf":[],"_links":{"self":[{"href":"https:\/\/mouldking.store\/nb\/wp-json\/wp\/v2\/product\/25879","targetHints":{"allow":["GET"]}}],"collection":[{"href":"https:\/\/mouldking.store\/nb\/wp-json\/wp\/v2\/product"}],"about":[{"href":"https:\/\/mouldking.store\/nb\/wp-json\/wp\/v2\/types\/product"}],"replies":[{"embeddable":true,"href":"https:\/\/mouldking.store\/nb\/wp-json\/wp\/v2\/comments?post=25879"}],"wp:featuredmedia":[{"embeddable":true,"href":"https:\/\/mouldking.store\/nb\/wp-json\/wp\/v2\/media\/25886"}],"wp:attachment":[{"href":"https:\/\/mouldking.store\/nb\/wp-json\/wp\/v2\/media?parent=25879"}],"wp:term":[{"taxonomy":"product_cat","embeddable":true,"href":"https:\/\/mouldking.store\/nb\/wp-json\/wp\/v2\/product_cat?post=25879"},{"taxonomy":"product_tag","embeddable":true,"href":"https:\/\/mouldking.store\/nb\/wp-json\/wp\/v2\/product_tag?post=25879"}],"curies":[{"name":"wp","href":"https:\/\/api.w.org\/{rel}","templated":true}]}}