{"id":25885,"date":"2021-10-26T11:29:12","date_gmt":"2021-10-26T11:29:12","guid":{"rendered":"https:\/\/mouldking.store\/?post_type=product&#038;p=25885"},"modified":"2021-12-23T09:41:48","modified_gmt":"2021-12-23T09:41:48","slug":"lwck-7008-merry-christmas-train-4-in-1-with-838-pieces","status":"publish","type":"product","link":"https:\/\/mouldking.store\/nb\/shop\/lwck-7008-merry-christmas-train-4-in-1-with-838-pieces\/","title":{"rendered":"LWCK 7008 Merry Christmas Train 4 i 1 med 838 stk"},"content":{"rendered":"<p>Produktinformasjon:<\/p>\n<ol>\n<li>Brand: LWCK<\/li>\n<li>Kj\u00f8nn: Unisex<\/li>\n<li>Name: Merry Christmas Train 4 in 1<\/li>\n<li>Aldersgruppe: &gt; 6 \u00e5r gammel<\/li>\n<li>Model Number: 7008<\/li>\n<li>Klassifisering: Montering<\/li>\n<li>Plastblokkform: Selvl\u00e5sende murstein<\/li>\n<li>Materiale: Plast<\/li>\n<li>Plasttype: ABS<\/li>\n<li>Bricks Blocks: 838 PCS<\/li>\n<li>Inneholder detaljerte monteringsanvisninger.<\/li>\n<\/ol>\n<p>Legge merke til:<br \/>\n1. Uten original eske, men vi garanterer at v\u00e5re produkter har kvalitetssikring og pen emballasje.<br \/>\n2. Som alle delene vi har sjekket f\u00f8r frakt, s\u00e5 hvis du finner noen deler savnet eller skadet, ikke bekymre deg og bare kontakt oss, s\u00e5 kan vi sende dem til deg p\u00e5 nytt umiddelbart gratis.<\/p>\n<figure id=\"attachment_25892\" aria-describedby=\"caption-attachment-25892\" style=\"width: 800px\" class=\"wp-caption aligncenter\"><img fetchpriority=\"high\" decoding=\"async\" class=\"wp-image-25892 size-full\" src=\"https:\/\/mouldking.store\/wp-content\/uploads\/2021\/10\/LWCK-7008-Merry-Christmas-Train-4-in-1-with-838-pieces-1.jpg\" alt=\"LWCK 7008 Merry Christmas Train 4 in 1 with 838 pieces\" width=\"800\" height=\"800\" title=\"-\" srcset=\"https:\/\/mouldking.store\/wp-content\/uploads\/2021\/10\/LWCK-7008-Merry-Christmas-Train-4-in-1-with-838-pieces-1.jpg 800w, https:\/\/mouldking.store\/wp-content\/uploads\/2021\/10\/LWCK-7008-Merry-Christmas-Train-4-in-1-with-838-pieces-1-300x300.jpg 300w, https:\/\/mouldking.store\/wp-content\/uploads\/2021\/10\/LWCK-7008-Merry-Christmas-Train-4-in-1-with-838-pieces-1-768x768.jpg 768w, https:\/\/mouldking.store\/wp-content\/uploads\/2021\/10\/LWCK-7008-Merry-Christmas-Train-4-in-1-with-838-pieces-1-600x600.jpg 600w, https:\/\/mouldking.store\/wp-content\/uploads\/2021\/10\/LWCK-7008-Merry-Christmas-Train-4-in-1-with-838-pieces-1-150x150.jpg 150w\" sizes=\"(max-width: 800px) 100vw, 800px\" \/><figcaption id=\"caption-attachment-25892\" class=\"wp-caption-text\">LWCK 7008 Merry Christmas Train 4 i 1 med 838 stk<\/figcaption><\/figure>\n<figure id=\"attachment_25893\" aria-describedby=\"caption-attachment-25893\" style=\"width: 800px\" class=\"wp-caption aligncenter\"><img decoding=\"async\" class=\"wp-image-25893 size-full\" src=\"https:\/\/mouldking.store\/wp-content\/uploads\/2021\/10\/LWCK-7008-Merry-Christmas-Train-4-in-1-with-838-pieces-2.jpg\" alt=\"LWCK 7008 Merry Christmas Train 4 in 1 with 838 pieces\" width=\"800\" height=\"800\" title=\"-\" srcset=\"https:\/\/mouldking.store\/wp-content\/uploads\/2021\/10\/LWCK-7008-Merry-Christmas-Train-4-in-1-with-838-pieces-2.jpg 800w, https:\/\/mouldking.store\/wp-content\/uploads\/2021\/10\/LWCK-7008-Merry-Christmas-Train-4-in-1-with-838-pieces-2-300x300.jpg 300w, https:\/\/mouldking.store\/wp-content\/uploads\/2021\/10\/LWCK-7008-Merry-Christmas-Train-4-in-1-with-838-pieces-2-768x768.jpg 768w, https:\/\/mouldking.store\/wp-content\/uploads\/2021\/10\/LWCK-7008-Merry-Christmas-Train-4-in-1-with-838-pieces-2-600x600.jpg 600w, https:\/\/mouldking.store\/wp-content\/uploads\/2021\/10\/LWCK-7008-Merry-Christmas-Train-4-in-1-with-838-pieces-2-150x150.jpg 150w\" sizes=\"(max-width: 800px) 100vw, 800px\" \/><figcaption id=\"caption-attachment-25893\" class=\"wp-caption-text\">LWCK 7008 Merry Christmas Train 4 i 1 med 838 stk<\/figcaption><\/figure>\n<figure id=\"attachment_25894\" aria-describedby=\"caption-attachment-25894\" style=\"width: 800px\" class=\"wp-caption aligncenter\"><img decoding=\"async\" class=\"wp-image-25894 size-full\" src=\"https:\/\/mouldking.store\/wp-content\/uploads\/2021\/10\/LWCK-7008-Merry-Christmas-Train-4-in-1-with-838-pieces-3.jpg\" alt=\"LWCK 7008 Merry Christmas Train 4 in 1 with 838 pieces\" width=\"800\" height=\"800\" title=\"-\" srcset=\"https:\/\/mouldking.store\/wp-content\/uploads\/2021\/10\/LWCK-7008-Merry-Christmas-Train-4-in-1-with-838-pieces-3.jpg 800w, https:\/\/mouldking.store\/wp-content\/uploads\/2021\/10\/LWCK-7008-Merry-Christmas-Train-4-in-1-with-838-pieces-3-300x300.jpg 300w, https:\/\/mouldking.store\/wp-content\/uploads\/2021\/10\/LWCK-7008-Merry-Christmas-Train-4-in-1-with-838-pieces-3-768x768.jpg 768w, https:\/\/mouldking.store\/wp-content\/uploads\/2021\/10\/LWCK-7008-Merry-Christmas-Train-4-in-1-with-838-pieces-3-600x600.jpg 600w, https:\/\/mouldking.store\/wp-content\/uploads\/2021\/10\/LWCK-7008-Merry-Christmas-Train-4-in-1-with-838-pieces-3-150x150.jpg 150w\" sizes=\"(max-width: 800px) 100vw, 800px\" \/><figcaption id=\"caption-attachment-25894\" class=\"wp-caption-text\">LWCK 7008 Merry Christmas Train 4 i 1 med 838 stk<\/figcaption><\/figure>\n<figure id=\"attachment_25895\" aria-describedby=\"caption-attachment-25895\" style=\"width: 800px\" class=\"wp-caption aligncenter\"><img loading=\"lazy\" decoding=\"async\" class=\"wp-image-25895 size-full\" src=\"https:\/\/mouldking.store\/wp-content\/uploads\/2021\/10\/LWCK-7008-Merry-Christmas-Train-4-in-1-with-838-pieces-4.jpg\" alt=\"LWCK 7008 Merry Christmas Train 4 in 1 with 838 pieces\" width=\"800\" height=\"800\" title=\"-\" srcset=\"https:\/\/mouldking.store\/wp-content\/uploads\/2021\/10\/LWCK-7008-Merry-Christmas-Train-4-in-1-with-838-pieces-4.jpg 800w, https:\/\/mouldking.store\/wp-content\/uploads\/2021\/10\/LWCK-7008-Merry-Christmas-Train-4-in-1-with-838-pieces-4-300x300.jpg 300w, https:\/\/mouldking.store\/wp-content\/uploads\/2021\/10\/LWCK-7008-Merry-Christmas-Train-4-in-1-with-838-pieces-4-768x768.jpg 768w, https:\/\/mouldking.store\/wp-content\/uploads\/2021\/10\/LWCK-7008-Merry-Christmas-Train-4-in-1-with-838-pieces-4-600x600.jpg 600w, https:\/\/mouldking.store\/wp-content\/uploads\/2021\/10\/LWCK-7008-Merry-Christmas-Train-4-in-1-with-838-pieces-4-150x150.jpg 150w\" sizes=\"(max-width: 800px) 100vw, 800px\" \/><figcaption id=\"caption-attachment-25895\" class=\"wp-caption-text\">LWCK 7008 Merry Christmas Train 4 i 1 med 838 stk<\/figcaption><\/figure>\n<figure id=\"attachment_25896\" aria-describedby=\"caption-attachment-25896\" style=\"width: 800px\" class=\"wp-caption aligncenter\"><img loading=\"lazy\" decoding=\"async\" class=\"wp-image-25896 size-full\" src=\"https:\/\/mouldking.store\/wp-content\/uploads\/2021\/10\/LWCK-7008-Merry-Christmas-Train-4-in-1-with-838-pieces-5.jpg\" alt=\"LWCK 7008 Merry Christmas Train 4 in 1 with 838 pieces\" width=\"800\" height=\"800\" title=\"-\" srcset=\"https:\/\/mouldking.store\/wp-content\/uploads\/2021\/10\/LWCK-7008-Merry-Christmas-Train-4-in-1-with-838-pieces-5.jpg 800w, https:\/\/mouldking.store\/wp-content\/uploads\/2021\/10\/LWCK-7008-Merry-Christmas-Train-4-in-1-with-838-pieces-5-300x300.jpg 300w, https:\/\/mouldking.store\/wp-content\/uploads\/2021\/10\/LWCK-7008-Merry-Christmas-Train-4-in-1-with-838-pieces-5-768x768.jpg 768w, https:\/\/mouldking.store\/wp-content\/uploads\/2021\/10\/LWCK-7008-Merry-Christmas-Train-4-in-1-with-838-pieces-5-600x600.jpg 600w, https:\/\/mouldking.store\/wp-content\/uploads\/2021\/10\/LWCK-7008-Merry-Christmas-Train-4-in-1-with-838-pieces-5-150x150.jpg 150w\" sizes=\"(max-width: 800px) 100vw, 800px\" \/><figcaption id=\"caption-attachment-25896\" class=\"wp-caption-text\">LWCK 7008 Merry Christmas Train 4 i 1 med 838 stk<\/figcaption><\/figure>","protected":false},"excerpt":{"rendered":"<p>Product information: Brand: LWCK Gender: Unisex Name: Merry Christmas Train 4 in 1 Age Range: &gt; 6 years old Model Number: 7008 Classification: Assemblage Plastic Block Shape: Self-Locking Bricks Material: Plastic Plastic Type: ABS Bricks Blocks: 838 PCS Contains detailed assembly instructions. Notice: 1. Without an original box, but we guarantee our products have quality [&hellip;]<\/p>","protected":false},"featured_media":25892,"comment_status":"open","ping_status":"closed","template":"","meta":{"_acf_changed":false},"product_cat":[371,390],"product_tag":[1052,2660,2663,2642,2661,2659,2658,2662,2664],"class_list":["product","first","instock","shipping-taxable","purchasable","product-type-simple"],"acf":[],"_links":{"self":[{"href":"https:\/\/mouldking.store\/nb\/wp-json\/wp\/v2\/product\/25885","targetHints":{"allow":["GET"]}}],"collection":[{"href":"https:\/\/mouldking.store\/nb\/wp-json\/wp\/v2\/product"}],"about":[{"href":"https:\/\/mouldking.store\/nb\/wp-json\/wp\/v2\/types\/product"}],"replies":[{"embeddable":true,"href":"https:\/\/mouldking.store\/nb\/wp-json\/wp\/v2\/comments?post=25885"}],"wp:featuredmedia":[{"embeddable":true,"href":"https:\/\/mouldking.store\/nb\/wp-json\/wp\/v2\/media\/25892"}],"wp:attachment":[{"href":"https:\/\/mouldking.store\/nb\/wp-json\/wp\/v2\/media?parent=25885"}],"wp:term":[{"taxonomy":"product_cat","embeddable":true,"href":"https:\/\/mouldking.store\/nb\/wp-json\/wp\/v2\/product_cat?post=25885"},{"taxonomy":"product_tag","embeddable":true,"href":"https:\/\/mouldking.store\/nb\/wp-json\/wp\/v2\/product_tag?post=25885"}],"curies":[{"name":"wp","href":"https:\/\/api.w.org\/{rel}","templated":true}]}}