{"id":25891,"date":"2021-10-26T11:34:00","date_gmt":"2021-10-26T11:34:00","guid":{"rendered":"https:\/\/mouldking.store\/?post_type=product&#038;p=25891"},"modified":"2021-12-23T09:41:48","modified_gmt":"2021-12-23T09:41:48","slug":"reobrix-66006-golden-lion-castle-with-2722-pieces","status":"publish","type":"product","link":"https:\/\/mouldking.store\/nb\/shop\/reobrix-66006-golden-lion-castle-with-2722-pieces\/","title":{"rendered":"Reobrix 66006 Golden Lion Castle med 2722 stykker"},"content":{"rendered":"<p>Produktinformasjon:<\/p>\n<ol>\n<li>Merke: Reobrix<\/li>\n<li>Kj\u00f8nn: Unisex<\/li>\n<li>Navn: Golden Lion Castle<\/li>\n<li>Aldersgruppe: &gt; 6 \u00e5r gammel<\/li>\n<li>Modellnummer: 66006<\/li>\n<li>Klassifisering: Montering<\/li>\n<li>Plastblokkform: Selvl\u00e5sende murstein<\/li>\n<li>Materiale: Plast<\/li>\n<li>Plasttype: ABS<\/li>\n<li>Mursteinsblokker: 2722 STK<\/li>\n<li>Inneholder detaljerte monteringsanvisninger.<\/li>\n<\/ol>\n<p>Legge merke til:<br \/>\n1. Uten original eske, men vi garanterer at v\u00e5re produkter har kvalitetssikring og pen emballasje.<br \/>\n2. Som alle delene vi har sjekket f\u00f8r frakt, s\u00e5 hvis du finner noen deler savnet eller skadet, ikke bekymre deg og bare kontakt oss, s\u00e5 kan vi sende dem til deg p\u00e5 nytt umiddelbart gratis.<\/p>\n<figure id=\"attachment_25898\" aria-describedby=\"caption-attachment-25898\" style=\"width: 800px\" class=\"wp-caption aligncenter\"><img fetchpriority=\"high\" decoding=\"async\" class=\"wp-image-25898 size-full\" src=\"https:\/\/mouldking.store\/wp-content\/uploads\/2021\/10\/Reobrix-66006-Golden-Lion-Castle-with-2722-pieces-1.jpg\" alt=\"Reobrix 66006 Golden Lion Castle with 2722 pieces\" width=\"800\" height=\"800\" title=\"-\" srcset=\"https:\/\/mouldking.store\/wp-content\/uploads\/2021\/10\/Reobrix-66006-Golden-Lion-Castle-with-2722-pieces-1.jpg 800w, https:\/\/mouldking.store\/wp-content\/uploads\/2021\/10\/Reobrix-66006-Golden-Lion-Castle-with-2722-pieces-1-300x300.jpg 300w, https:\/\/mouldking.store\/wp-content\/uploads\/2021\/10\/Reobrix-66006-Golden-Lion-Castle-with-2722-pieces-1-768x768.jpg 768w, https:\/\/mouldking.store\/wp-content\/uploads\/2021\/10\/Reobrix-66006-Golden-Lion-Castle-with-2722-pieces-1-600x600.jpg 600w, https:\/\/mouldking.store\/wp-content\/uploads\/2021\/10\/Reobrix-66006-Golden-Lion-Castle-with-2722-pieces-1-150x150.jpg 150w\" sizes=\"(max-width: 800px) 100vw, 800px\" \/><figcaption id=\"caption-attachment-25898\" class=\"wp-caption-text\">Reobrix 66006 Golden Lion Castle med 2722 stykker<\/figcaption><\/figure>\n<figure id=\"attachment_25903\" aria-describedby=\"caption-attachment-25903\" style=\"width: 615px\" class=\"wp-caption aligncenter\"><img decoding=\"async\" class=\"wp-image-25903 size-full\" src=\"https:\/\/mouldking.store\/wp-content\/uploads\/2021\/10\/Reobrix-66006-Golden-Lion-Castle-with-2722-pieces-6.jpg\" alt=\"Reobrix 66006 Golden Lion Castle with 2722 pieces\" width=\"615\" height=\"1024\" title=\"-\" srcset=\"https:\/\/mouldking.store\/wp-content\/uploads\/2021\/10\/Reobrix-66006-Golden-Lion-Castle-with-2722-pieces-6.jpg 615w, https:\/\/mouldking.store\/wp-content\/uploads\/2021\/10\/Reobrix-66006-Golden-Lion-Castle-with-2722-pieces-6-180x300.jpg 180w, https:\/\/mouldking.store\/wp-content\/uploads\/2021\/10\/Reobrix-66006-Golden-Lion-Castle-with-2722-pieces-6-300x500.jpg 300w, https:\/\/mouldking.store\/wp-content\/uploads\/2021\/10\/Reobrix-66006-Golden-Lion-Castle-with-2722-pieces-6-600x999.jpg 600w, https:\/\/mouldking.store\/wp-content\/uploads\/2021\/10\/Reobrix-66006-Golden-Lion-Castle-with-2722-pieces-6-90x150.jpg 90w\" sizes=\"(max-width: 615px) 100vw, 615px\" \/><figcaption id=\"caption-attachment-25903\" class=\"wp-caption-text\">Reobrix 66006 Golden Lion Castle med 2722 stykker<\/figcaption><\/figure>\n<figure id=\"attachment_25906\" aria-describedby=\"caption-attachment-25906\" style=\"width: 800px\" class=\"wp-caption aligncenter\"><img decoding=\"async\" class=\"wp-image-25906 size-full\" src=\"https:\/\/mouldking.store\/wp-content\/uploads\/2021\/10\/Reobrix-66006-Golden-Lion-Castle-with-2722-pieces-9.jpg\" alt=\"Reobrix 66006 Golden Lion Castle with 2722 pieces\" width=\"800\" height=\"800\" title=\"-\" srcset=\"https:\/\/mouldking.store\/wp-content\/uploads\/2021\/10\/Reobrix-66006-Golden-Lion-Castle-with-2722-pieces-9.jpg 800w, https:\/\/mouldking.store\/wp-content\/uploads\/2021\/10\/Reobrix-66006-Golden-Lion-Castle-with-2722-pieces-9-300x300.jpg 300w, https:\/\/mouldking.store\/wp-content\/uploads\/2021\/10\/Reobrix-66006-Golden-Lion-Castle-with-2722-pieces-9-768x768.jpg 768w, https:\/\/mouldking.store\/wp-content\/uploads\/2021\/10\/Reobrix-66006-Golden-Lion-Castle-with-2722-pieces-9-600x600.jpg 600w, https:\/\/mouldking.store\/wp-content\/uploads\/2021\/10\/Reobrix-66006-Golden-Lion-Castle-with-2722-pieces-9-150x150.jpg 150w\" sizes=\"(max-width: 800px) 100vw, 800px\" \/><figcaption id=\"caption-attachment-25906\" class=\"wp-caption-text\">Reobrix 66006 Golden Lion Castle med 2722 stykker<\/figcaption><\/figure>\n<figure id=\"attachment_25905\" aria-describedby=\"caption-attachment-25905\" style=\"width: 800px\" class=\"wp-caption aligncenter\"><img loading=\"lazy\" decoding=\"async\" class=\"wp-image-25905 size-full\" src=\"https:\/\/mouldking.store\/wp-content\/uploads\/2021\/10\/Reobrix-66006-Golden-Lion-Castle-with-2722-pieces-8.jpg\" alt=\"Reobrix 66006 Golden Lion Castle with 2722 pieces\" width=\"800\" height=\"800\" title=\"-\" srcset=\"https:\/\/mouldking.store\/wp-content\/uploads\/2021\/10\/Reobrix-66006-Golden-Lion-Castle-with-2722-pieces-8.jpg 800w, https:\/\/mouldking.store\/wp-content\/uploads\/2021\/10\/Reobrix-66006-Golden-Lion-Castle-with-2722-pieces-8-300x300.jpg 300w, https:\/\/mouldking.store\/wp-content\/uploads\/2021\/10\/Reobrix-66006-Golden-Lion-Castle-with-2722-pieces-8-768x768.jpg 768w, https:\/\/mouldking.store\/wp-content\/uploads\/2021\/10\/Reobrix-66006-Golden-Lion-Castle-with-2722-pieces-8-600x600.jpg 600w, https:\/\/mouldking.store\/wp-content\/uploads\/2021\/10\/Reobrix-66006-Golden-Lion-Castle-with-2722-pieces-8-150x150.jpg 150w\" sizes=\"(max-width: 800px) 100vw, 800px\" \/><figcaption id=\"caption-attachment-25905\" class=\"wp-caption-text\">Reobrix 66006 Golden Lion Castle med 2722 stykker<\/figcaption><\/figure>\n<figure id=\"attachment_25904\" aria-describedby=\"caption-attachment-25904\" style=\"width: 469px\" class=\"wp-caption aligncenter\"><img loading=\"lazy\" decoding=\"async\" class=\"wp-image-25904 size-full\" src=\"https:\/\/mouldking.store\/wp-content\/uploads\/2021\/10\/Reobrix-66006-Golden-Lion-Castle-with-2722-pieces-7.jpg\" alt=\"Reobrix 66006 Golden Lion Castle with 2722 pieces\" width=\"469\" height=\"1023\" title=\"-\" srcset=\"https:\/\/mouldking.store\/wp-content\/uploads\/2021\/10\/Reobrix-66006-Golden-Lion-Castle-with-2722-pieces-7.jpg 469w, https:\/\/mouldking.store\/wp-content\/uploads\/2021\/10\/Reobrix-66006-Golden-Lion-Castle-with-2722-pieces-7-138x300.jpg 138w, https:\/\/mouldking.store\/wp-content\/uploads\/2021\/10\/Reobrix-66006-Golden-Lion-Castle-with-2722-pieces-7-300x654.jpg 300w, https:\/\/mouldking.store\/wp-content\/uploads\/2021\/10\/Reobrix-66006-Golden-Lion-Castle-with-2722-pieces-7-69x150.jpg 69w\" sizes=\"(max-width: 469px) 100vw, 469px\" \/><figcaption id=\"caption-attachment-25904\" class=\"wp-caption-text\">Reobrix 66006 Golden Lion Castle med 2722 stykker<\/figcaption><\/figure>\n<figure id=\"attachment_25902\" aria-describedby=\"caption-attachment-25902\" style=\"width: 709px\" class=\"wp-caption aligncenter\"><img loading=\"lazy\" decoding=\"async\" class=\"wp-image-25902 size-full\" src=\"https:\/\/mouldking.store\/wp-content\/uploads\/2021\/10\/Reobrix-66006-Golden-Lion-Castle-with-2722-pieces-5.jpg\" alt=\"Reobrix 66006 Golden Lion Castle with 2722 pieces\" width=\"709\" height=\"1024\" title=\"-\" srcset=\"https:\/\/mouldking.store\/wp-content\/uploads\/2021\/10\/Reobrix-66006-Golden-Lion-Castle-with-2722-pieces-5.jpg 709w, https:\/\/mouldking.store\/wp-content\/uploads\/2021\/10\/Reobrix-66006-Golden-Lion-Castle-with-2722-pieces-5-208x300.jpg 208w, https:\/\/mouldking.store\/wp-content\/uploads\/2021\/10\/Reobrix-66006-Golden-Lion-Castle-with-2722-pieces-5-300x433.jpg 300w, https:\/\/mouldking.store\/wp-content\/uploads\/2021\/10\/Reobrix-66006-Golden-Lion-Castle-with-2722-pieces-5-600x867.jpg 600w, https:\/\/mouldking.store\/wp-content\/uploads\/2021\/10\/Reobrix-66006-Golden-Lion-Castle-with-2722-pieces-5-104x150.jpg 104w\" sizes=\"(max-width: 709px) 100vw, 709px\" \/><figcaption id=\"caption-attachment-25902\" class=\"wp-caption-text\">Reobrix 66006 Golden Lion Castle med 2722 stykker<\/figcaption><\/figure>\n<figure id=\"attachment_25900\" aria-describedby=\"caption-attachment-25900\" style=\"width: 425px\" class=\"wp-caption aligncenter\"><img loading=\"lazy\" decoding=\"async\" class=\"wp-image-25900 size-full\" src=\"https:\/\/mouldking.store\/wp-content\/uploads\/2021\/10\/Reobrix-66006-Golden-Lion-Castle-with-2722-pieces-3.jpg\" alt=\"Reobrix 66006 Golden Lion Castle with 2722 pieces\" width=\"425\" height=\"1024\" title=\"-\" srcset=\"https:\/\/mouldking.store\/wp-content\/uploads\/2021\/10\/Reobrix-66006-Golden-Lion-Castle-with-2722-pieces-3.jpg 425w, https:\/\/mouldking.store\/wp-content\/uploads\/2021\/10\/Reobrix-66006-Golden-Lion-Castle-with-2722-pieces-3-125x300.jpg 125w, https:\/\/mouldking.store\/wp-content\/uploads\/2021\/10\/Reobrix-66006-Golden-Lion-Castle-with-2722-pieces-3-300x723.jpg 300w, https:\/\/mouldking.store\/wp-content\/uploads\/2021\/10\/Reobrix-66006-Golden-Lion-Castle-with-2722-pieces-3-62x150.jpg 62w\" sizes=\"(max-width: 425px) 100vw, 425px\" \/><figcaption id=\"caption-attachment-25900\" class=\"wp-caption-text\">Reobrix 66006 Golden Lion Castle med 2722 stykker<\/figcaption><\/figure>\n<figure id=\"attachment_25901\" aria-describedby=\"caption-attachment-25901\" style=\"width: 571px\" class=\"wp-caption aligncenter\"><img loading=\"lazy\" decoding=\"async\" class=\"wp-image-25901 size-full\" src=\"https:\/\/mouldking.store\/wp-content\/uploads\/2021\/10\/Reobrix-66006-Golden-Lion-Castle-with-2722-pieces-4.jpg\" alt=\"Reobrix 66006 Golden Lion Castle with 2722 pieces\" width=\"571\" height=\"1023\" title=\"-\" srcset=\"https:\/\/mouldking.store\/wp-content\/uploads\/2021\/10\/Reobrix-66006-Golden-Lion-Castle-with-2722-pieces-4.jpg 571w, https:\/\/mouldking.store\/wp-content\/uploads\/2021\/10\/Reobrix-66006-Golden-Lion-Castle-with-2722-pieces-4-167x300.jpg 167w, https:\/\/mouldking.store\/wp-content\/uploads\/2021\/10\/Reobrix-66006-Golden-Lion-Castle-with-2722-pieces-4-300x537.jpg 300w, https:\/\/mouldking.store\/wp-content\/uploads\/2021\/10\/Reobrix-66006-Golden-Lion-Castle-with-2722-pieces-4-84x150.jpg 84w\" sizes=\"(max-width: 571px) 100vw, 571px\" \/><figcaption id=\"caption-attachment-25901\" class=\"wp-caption-text\">Reobrix 66006 Golden Lion Castle med 2722 stykker<\/figcaption><\/figure>\n<figure id=\"attachment_25899\" aria-describedby=\"caption-attachment-25899\" style=\"width: 800px\" class=\"wp-caption aligncenter\"><img loading=\"lazy\" decoding=\"async\" class=\"wp-image-25899 size-full\" src=\"https:\/\/mouldking.store\/wp-content\/uploads\/2021\/10\/Reobrix-66006-Golden-Lion-Castle-with-2722-pieces-2.jpg\" alt=\"Reobrix 66006 Golden Lion Castle with 2722 pieces\" width=\"800\" height=\"800\" title=\"-\" srcset=\"https:\/\/mouldking.store\/wp-content\/uploads\/2021\/10\/Reobrix-66006-Golden-Lion-Castle-with-2722-pieces-2.jpg 800w, https:\/\/mouldking.store\/wp-content\/uploads\/2021\/10\/Reobrix-66006-Golden-Lion-Castle-with-2722-pieces-2-300x300.jpg 300w, https:\/\/mouldking.store\/wp-content\/uploads\/2021\/10\/Reobrix-66006-Golden-Lion-Castle-with-2722-pieces-2-768x768.jpg 768w, https:\/\/mouldking.store\/wp-content\/uploads\/2021\/10\/Reobrix-66006-Golden-Lion-Castle-with-2722-pieces-2-600x600.jpg 600w, https:\/\/mouldking.store\/wp-content\/uploads\/2021\/10\/Reobrix-66006-Golden-Lion-Castle-with-2722-pieces-2-150x150.jpg 150w\" sizes=\"(max-width: 800px) 100vw, 800px\" \/><figcaption id=\"caption-attachment-25899\" class=\"wp-caption-text\">Reobrix 66006 Golden Lion Castle med 2722 stykker<\/figcaption><\/figure>","protected":false},"excerpt":{"rendered":"<p>Product information: Brand: Reobrix Gender: Unisex Name: Golden Lion Castle Age Range: &gt; 6 years old Model Number: 66006 Classification: Assemblage Plastic Block Shape: Self-Locking Bricks Material: Plastic Plastic Type: ABS Bricks Blocks: 2722 PCS Contains detailed assembly instructions. Notice: 1. Without an original box, but we guarantee our products have quality assurance and nice [&hellip;]<\/p>","protected":false},"featured_media":25898,"comment_status":"open","ping_status":"closed","template":"","meta":{"_acf_changed":false},"product_cat":[390],"product_tag":[2670,787,2672,2667,2671,2669,2666,2665,2668],"class_list":["product","first","instock","shipping-taxable","purchasable","product-type-simple"],"acf":[],"_links":{"self":[{"href":"https:\/\/mouldking.store\/nb\/wp-json\/wp\/v2\/product\/25891","targetHints":{"allow":["GET"]}}],"collection":[{"href":"https:\/\/mouldking.store\/nb\/wp-json\/wp\/v2\/product"}],"about":[{"href":"https:\/\/mouldking.store\/nb\/wp-json\/wp\/v2\/types\/product"}],"replies":[{"embeddable":true,"href":"https:\/\/mouldking.store\/nb\/wp-json\/wp\/v2\/comments?post=25891"}],"wp:featuredmedia":[{"embeddable":true,"href":"https:\/\/mouldking.store\/nb\/wp-json\/wp\/v2\/media\/25898"}],"wp:attachment":[{"href":"https:\/\/mouldking.store\/nb\/wp-json\/wp\/v2\/media?parent=25891"}],"wp:term":[{"taxonomy":"product_cat","embeddable":true,"href":"https:\/\/mouldking.store\/nb\/wp-json\/wp\/v2\/product_cat?post=25891"},{"taxonomy":"product_tag","embeddable":true,"href":"https:\/\/mouldking.store\/nb\/wp-json\/wp\/v2\/product_tag?post=25891"}],"curies":[{"name":"wp","href":"https:\/\/api.w.org\/{rel}","templated":true}]}}