{"id":25907,"date":"2021-10-26T11:45:14","date_gmt":"2021-10-26T11:45:14","guid":{"rendered":"https:\/\/mouldking.store\/?post_type=product&#038;p=25907"},"modified":"2021-12-23T09:41:48","modified_gmt":"2021-12-23T09:41:48","slug":"reobrix-66003-christmas-in-town-with-1201-pieces","status":"publish","type":"product","link":"https:\/\/mouldking.store\/nb\/shop\/reobrix-66003-christmas-in-town-with-1201-pieces\/","title":{"rendered":"Reobrix 66003 Jul i byen med 1201 stk"},"content":{"rendered":"<p>Produktinformasjon:<\/p>\n<ol>\n<li>Merke: Reobrix<\/li>\n<li>Kj\u00f8nn: Unisex<\/li>\n<li>Navn: Jul i byen<\/li>\n<li>Aldersgruppe: &gt; 6 \u00e5r gammel<\/li>\n<li>Modellnummer: 66003<\/li>\n<li>Klassifisering: Montering<\/li>\n<li>Plastblokkform: Selvl\u00e5sende murstein<\/li>\n<li>Materiale: Plast<\/li>\n<li>Plasttype: ABS<\/li>\n<li>Mursteinsblokker: 1201 STK<\/li>\n<li>Inneholder detaljerte monteringsanvisninger.<\/li>\n<\/ol>\n<p>Legge merke til:<br \/>\n1. Uten original eske, men vi garanterer at v\u00e5re produkter har kvalitetssikring og pen emballasje.<br \/>\n2. Som alle delene vi har sjekket f\u00f8r frakt, s\u00e5 hvis du finner noen deler savnet eller skadet, ikke bekymre deg og bare kontakt oss, s\u00e5 kan vi sende dem til deg p\u00e5 nytt umiddelbart gratis.<\/p>\n<figure id=\"attachment_25915\" aria-describedby=\"caption-attachment-25915\" style=\"width: 800px\" class=\"wp-caption aligncenter\"><img fetchpriority=\"high\" decoding=\"async\" class=\"wp-image-25915 size-full\" src=\"https:\/\/mouldking.store\/wp-content\/uploads\/2021\/10\/Reobrix-66003-Christmas-in-Town-with-1201-pieces-1.jpg\" alt=\"Reobrix 66003 Christmas in Town with 1201 pieces\" width=\"800\" height=\"800\" title=\"-\" srcset=\"https:\/\/mouldking.store\/wp-content\/uploads\/2021\/10\/Reobrix-66003-Christmas-in-Town-with-1201-pieces-1.jpg 800w, https:\/\/mouldking.store\/wp-content\/uploads\/2021\/10\/Reobrix-66003-Christmas-in-Town-with-1201-pieces-1-300x300.jpg 300w, https:\/\/mouldking.store\/wp-content\/uploads\/2021\/10\/Reobrix-66003-Christmas-in-Town-with-1201-pieces-1-768x768.jpg 768w, https:\/\/mouldking.store\/wp-content\/uploads\/2021\/10\/Reobrix-66003-Christmas-in-Town-with-1201-pieces-1-600x600.jpg 600w, https:\/\/mouldking.store\/wp-content\/uploads\/2021\/10\/Reobrix-66003-Christmas-in-Town-with-1201-pieces-1-150x150.jpg 150w\" sizes=\"(max-width: 800px) 100vw, 800px\" \/><figcaption id=\"caption-attachment-25915\" class=\"wp-caption-text\">Reobrix 66003 Jul i byen med 1201 stk<\/figcaption><\/figure>\n<figure id=\"attachment_25921\" aria-describedby=\"caption-attachment-25921\" style=\"width: 453px\" class=\"wp-caption aligncenter\"><img decoding=\"async\" class=\"wp-image-25921 size-full\" src=\"https:\/\/mouldking.store\/wp-content\/uploads\/2021\/10\/Reobrix-66003-Christmas-in-Town-with-1201-pieces-7.jpg\" alt=\"Reobrix 66003 Christmas in Town with 1201 pieces\" width=\"453\" height=\"1023\" title=\"-\" srcset=\"https:\/\/mouldking.store\/wp-content\/uploads\/2021\/10\/Reobrix-66003-Christmas-in-Town-with-1201-pieces-7.jpg 453w, https:\/\/mouldking.store\/wp-content\/uploads\/2021\/10\/Reobrix-66003-Christmas-in-Town-with-1201-pieces-7-133x300.jpg 133w, https:\/\/mouldking.store\/wp-content\/uploads\/2021\/10\/Reobrix-66003-Christmas-in-Town-with-1201-pieces-7-300x677.jpg 300w, https:\/\/mouldking.store\/wp-content\/uploads\/2021\/10\/Reobrix-66003-Christmas-in-Town-with-1201-pieces-7-66x150.jpg 66w\" sizes=\"(max-width: 453px) 100vw, 453px\" \/><figcaption id=\"caption-attachment-25921\" class=\"wp-caption-text\">Reobrix 66003 Jul i byen med 1201 stk<\/figcaption><\/figure>\n<figure id=\"attachment_25920\" aria-describedby=\"caption-attachment-25920\" style=\"width: 788px\" class=\"wp-caption aligncenter\"><img decoding=\"async\" class=\"wp-image-25920 size-full\" src=\"https:\/\/mouldking.store\/wp-content\/uploads\/2021\/10\/Reobrix-66003-Christmas-in-Town-with-1201-pieces-6.jpg\" alt=\"Reobrix 66003 Christmas in Town with 1201 pieces\" width=\"788\" height=\"1023\" title=\"-\" srcset=\"https:\/\/mouldking.store\/wp-content\/uploads\/2021\/10\/Reobrix-66003-Christmas-in-Town-with-1201-pieces-6.jpg 788w, https:\/\/mouldking.store\/wp-content\/uploads\/2021\/10\/Reobrix-66003-Christmas-in-Town-with-1201-pieces-6-231x300.jpg 231w, https:\/\/mouldking.store\/wp-content\/uploads\/2021\/10\/Reobrix-66003-Christmas-in-Town-with-1201-pieces-6-768x997.jpg 768w, https:\/\/mouldking.store\/wp-content\/uploads\/2021\/10\/Reobrix-66003-Christmas-in-Town-with-1201-pieces-6-300x389.jpg 300w, https:\/\/mouldking.store\/wp-content\/uploads\/2021\/10\/Reobrix-66003-Christmas-in-Town-with-1201-pieces-6-600x779.jpg 600w, https:\/\/mouldking.store\/wp-content\/uploads\/2021\/10\/Reobrix-66003-Christmas-in-Town-with-1201-pieces-6-116x150.jpg 116w\" sizes=\"(max-width: 788px) 100vw, 788px\" \/><figcaption id=\"caption-attachment-25920\" class=\"wp-caption-text\">Reobrix 66003 Jul i byen med 1201 stk<\/figcaption><\/figure>\n<figure id=\"attachment_25917\" aria-describedby=\"caption-attachment-25917\" style=\"width: 423px\" class=\"wp-caption aligncenter\"><img loading=\"lazy\" decoding=\"async\" class=\"wp-image-25917 size-full\" src=\"https:\/\/mouldking.store\/wp-content\/uploads\/2021\/10\/Reobrix-66003-Christmas-in-Town-with-1201-pieces-3.jpg\" alt=\"Reobrix 66003 Christmas in Town with 1201 pieces\" width=\"423\" height=\"1024\" title=\"-\" srcset=\"https:\/\/mouldking.store\/wp-content\/uploads\/2021\/10\/Reobrix-66003-Christmas-in-Town-with-1201-pieces-3.jpg 423w, https:\/\/mouldking.store\/wp-content\/uploads\/2021\/10\/Reobrix-66003-Christmas-in-Town-with-1201-pieces-3-124x300.jpg 124w, https:\/\/mouldking.store\/wp-content\/uploads\/2021\/10\/Reobrix-66003-Christmas-in-Town-with-1201-pieces-3-300x726.jpg 300w, https:\/\/mouldking.store\/wp-content\/uploads\/2021\/10\/Reobrix-66003-Christmas-in-Town-with-1201-pieces-3-62x150.jpg 62w\" sizes=\"(max-width: 423px) 100vw, 423px\" \/><figcaption id=\"caption-attachment-25917\" class=\"wp-caption-text\">Reobrix 66003 Jul i byen med 1201 stk<\/figcaption><\/figure>\n<figure id=\"attachment_25918\" aria-describedby=\"caption-attachment-25918\" style=\"width: 565px\" class=\"wp-caption aligncenter\"><img loading=\"lazy\" decoding=\"async\" class=\"wp-image-25918 size-full\" src=\"https:\/\/mouldking.store\/wp-content\/uploads\/2021\/10\/Reobrix-66003-Christmas-in-Town-with-1201-pieces-4.jpg\" alt=\"Reobrix 66003 Christmas in Town with 1201 pieces\" width=\"565\" height=\"1024\" title=\"-\" srcset=\"https:\/\/mouldking.store\/wp-content\/uploads\/2021\/10\/Reobrix-66003-Christmas-in-Town-with-1201-pieces-4.jpg 565w, https:\/\/mouldking.store\/wp-content\/uploads\/2021\/10\/Reobrix-66003-Christmas-in-Town-with-1201-pieces-4-166x300.jpg 166w, https:\/\/mouldking.store\/wp-content\/uploads\/2021\/10\/Reobrix-66003-Christmas-in-Town-with-1201-pieces-4-300x544.jpg 300w, https:\/\/mouldking.store\/wp-content\/uploads\/2021\/10\/Reobrix-66003-Christmas-in-Town-with-1201-pieces-4-83x150.jpg 83w\" sizes=\"(max-width: 565px) 100vw, 565px\" \/><figcaption id=\"caption-attachment-25918\" class=\"wp-caption-text\">Reobrix 66003 Jul i byen med 1201 stk<\/figcaption><\/figure>\n<figure id=\"attachment_25919\" aria-describedby=\"caption-attachment-25919\" style=\"width: 613px\" class=\"wp-caption aligncenter\"><img loading=\"lazy\" decoding=\"async\" class=\"wp-image-25919 size-full\" src=\"https:\/\/mouldking.store\/wp-content\/uploads\/2021\/10\/Reobrix-66003-Christmas-in-Town-with-1201-pieces-5.jpg\" alt=\"Reobrix 66003 Christmas in Town with 1201 pieces\" width=\"613\" height=\"1023\" title=\"-\" srcset=\"https:\/\/mouldking.store\/wp-content\/uploads\/2021\/10\/Reobrix-66003-Christmas-in-Town-with-1201-pieces-5.jpg 613w, https:\/\/mouldking.store\/wp-content\/uploads\/2021\/10\/Reobrix-66003-Christmas-in-Town-with-1201-pieces-5-180x300.jpg 180w, https:\/\/mouldking.store\/wp-content\/uploads\/2021\/10\/Reobrix-66003-Christmas-in-Town-with-1201-pieces-5-300x501.jpg 300w, https:\/\/mouldking.store\/wp-content\/uploads\/2021\/10\/Reobrix-66003-Christmas-in-Town-with-1201-pieces-5-600x1001.jpg 600w, https:\/\/mouldking.store\/wp-content\/uploads\/2021\/10\/Reobrix-66003-Christmas-in-Town-with-1201-pieces-5-90x150.jpg 90w\" sizes=\"(max-width: 613px) 100vw, 613px\" \/><figcaption id=\"caption-attachment-25919\" class=\"wp-caption-text\">Reobrix 66003 Jul i byen med 1201 stk<\/figcaption><\/figure>\n<figure id=\"attachment_25916\" aria-describedby=\"caption-attachment-25916\" style=\"width: 800px\" class=\"wp-caption aligncenter\"><img loading=\"lazy\" decoding=\"async\" class=\"wp-image-25916 size-full\" src=\"https:\/\/mouldking.store\/wp-content\/uploads\/2021\/10\/Reobrix-66003-Christmas-in-Town-with-1201-pieces-2.jpg\" alt=\"Reobrix 66003 Christmas in Town with 1201 pieces\" width=\"800\" height=\"800\" title=\"-\" srcset=\"https:\/\/mouldking.store\/wp-content\/uploads\/2021\/10\/Reobrix-66003-Christmas-in-Town-with-1201-pieces-2.jpg 800w, https:\/\/mouldking.store\/wp-content\/uploads\/2021\/10\/Reobrix-66003-Christmas-in-Town-with-1201-pieces-2-300x300.jpg 300w, https:\/\/mouldking.store\/wp-content\/uploads\/2021\/10\/Reobrix-66003-Christmas-in-Town-with-1201-pieces-2-768x768.jpg 768w, https:\/\/mouldking.store\/wp-content\/uploads\/2021\/10\/Reobrix-66003-Christmas-in-Town-with-1201-pieces-2-600x600.jpg 600w, https:\/\/mouldking.store\/wp-content\/uploads\/2021\/10\/Reobrix-66003-Christmas-in-Town-with-1201-pieces-2-150x150.jpg 150w\" sizes=\"(max-width: 800px) 100vw, 800px\" \/><figcaption id=\"caption-attachment-25916\" class=\"wp-caption-text\">Reobrix 66003 Jul i byen med 1201 stk<\/figcaption><\/figure>","protected":false},"excerpt":{"rendered":"<p>Product information: Brand: Reobrix Gender: Unisex Name: Christmas in Town Age Range: &gt; 6 years old Model Number: 66003 Classification: Assemblage Plastic Block Shape: Self-Locking Bricks Material: Plastic Plastic Type: ABS Bricks Blocks: 1201 PCS Contains detailed assembly instructions. Notice: 1. Without an original box, but we guarantee our products have quality assurance and nice [&hellip;]<\/p>","protected":false},"featured_media":25915,"comment_status":"open","ping_status":"closed","template":"","meta":{"_acf_changed":false},"product_cat":[390],"product_tag":[2681,1066,2679,2669,2678,2677,2680,2682],"class_list":["product","first","instock","shipping-taxable","purchasable","product-type-simple"],"acf":[],"_links":{"self":[{"href":"https:\/\/mouldking.store\/nb\/wp-json\/wp\/v2\/product\/25907","targetHints":{"allow":["GET"]}}],"collection":[{"href":"https:\/\/mouldking.store\/nb\/wp-json\/wp\/v2\/product"}],"about":[{"href":"https:\/\/mouldking.store\/nb\/wp-json\/wp\/v2\/types\/product"}],"replies":[{"embeddable":true,"href":"https:\/\/mouldking.store\/nb\/wp-json\/wp\/v2\/comments?post=25907"}],"wp:featuredmedia":[{"embeddable":true,"href":"https:\/\/mouldking.store\/nb\/wp-json\/wp\/v2\/media\/25915"}],"wp:attachment":[{"href":"https:\/\/mouldking.store\/nb\/wp-json\/wp\/v2\/media?parent=25907"}],"wp:term":[{"taxonomy":"product_cat","embeddable":true,"href":"https:\/\/mouldking.store\/nb\/wp-json\/wp\/v2\/product_cat?post=25907"},{"taxonomy":"product_tag","embeddable":true,"href":"https:\/\/mouldking.store\/nb\/wp-json\/wp\/v2\/product_tag?post=25907"}],"curies":[{"name":"wp","href":"https:\/\/api.w.org\/{rel}","templated":true}]}}