{"id":25922,"date":"2021-10-26T11:50:41","date_gmt":"2021-10-26T11:50:41","guid":{"rendered":"https:\/\/mouldking.store\/?post_type=product&#038;p=25922"},"modified":"2021-12-23T09:41:48","modified_gmt":"2021-12-23T09:41:48","slug":"reobrix-66002-christmas-sleigh-with-1572-pieces","status":"publish","type":"product","link":"https:\/\/mouldking.store\/nb\/shop\/reobrix-66002-christmas-sleigh-with-1572-pieces\/","title":{"rendered":"Reobrix 66002 Juleslede med 1572 stk"},"content":{"rendered":"<p>Produktinformasjon:<\/p>\n<ol>\n<li>Merke: Reobrix<\/li>\n<li>Kj\u00f8nn: Unisex<\/li>\n<li>Name: Christmas Sleigh<\/li>\n<li>Aldersgruppe: &gt; 6 \u00e5r gammel<\/li>\n<li>Model Number: 66002<\/li>\n<li>Klassifisering: Montering<\/li>\n<li>Plastblokkform: Selvl\u00e5sende murstein<\/li>\n<li>Materiale: Plast<\/li>\n<li>Plasttype: ABS<\/li>\n<li>Bricks Blocks: 1572 PCS<\/li>\n<li>Inneholder detaljerte monteringsanvisninger.<\/li>\n<\/ol>\n<p>Legge merke til:<br \/>\n1. Uten original eske, men vi garanterer at v\u00e5re produkter har kvalitetssikring og pen emballasje.<br \/>\n2. Som alle delene vi har sjekket f\u00f8r frakt, s\u00e5 hvis du finner noen deler savnet eller skadet, ikke bekymre deg og bare kontakt oss, s\u00e5 kan vi sende dem til deg p\u00e5 nytt umiddelbart gratis.<\/p>\n<figure id=\"attachment_25923\" aria-describedby=\"caption-attachment-25923\" style=\"width: 800px\" class=\"wp-caption aligncenter\"><img fetchpriority=\"high\" decoding=\"async\" class=\"wp-image-25923 size-full\" src=\"https:\/\/mouldking.store\/wp-content\/uploads\/2021\/10\/Reobrix-66002-Christmas-Sleigh-with-1572-pieces-1.jpg\" alt=\"Reobrix 66002 Christmas Sleigh with 1572 pieces\" width=\"800\" height=\"800\" title=\"-\" srcset=\"https:\/\/mouldking.store\/wp-content\/uploads\/2021\/10\/Reobrix-66002-Christmas-Sleigh-with-1572-pieces-1.jpg 800w, https:\/\/mouldking.store\/wp-content\/uploads\/2021\/10\/Reobrix-66002-Christmas-Sleigh-with-1572-pieces-1-300x300.jpg 300w, https:\/\/mouldking.store\/wp-content\/uploads\/2021\/10\/Reobrix-66002-Christmas-Sleigh-with-1572-pieces-1-768x768.jpg 768w, https:\/\/mouldking.store\/wp-content\/uploads\/2021\/10\/Reobrix-66002-Christmas-Sleigh-with-1572-pieces-1-600x600.jpg 600w, https:\/\/mouldking.store\/wp-content\/uploads\/2021\/10\/Reobrix-66002-Christmas-Sleigh-with-1572-pieces-1-150x150.jpg 150w\" sizes=\"(max-width: 800px) 100vw, 800px\" \/><figcaption id=\"caption-attachment-25923\" class=\"wp-caption-text\">Reobrix 66002 Juleslede med 1572 stk<\/figcaption><\/figure>\n<figure id=\"attachment_25928\" aria-describedby=\"caption-attachment-25928\" style=\"width: 557px\" class=\"wp-caption aligncenter\"><img decoding=\"async\" class=\"wp-image-25928 size-full\" src=\"https:\/\/mouldking.store\/wp-content\/uploads\/2021\/10\/Reobrix-66002-Christmas-Sleigh-with-1572-pieces-6.jpg\" alt=\"Reobrix 66002 Christmas Sleigh with 1572 pieces\" width=\"557\" height=\"1024\" title=\"-\" srcset=\"https:\/\/mouldking.store\/wp-content\/uploads\/2021\/10\/Reobrix-66002-Christmas-Sleigh-with-1572-pieces-6.jpg 557w, https:\/\/mouldking.store\/wp-content\/uploads\/2021\/10\/Reobrix-66002-Christmas-Sleigh-with-1572-pieces-6-163x300.jpg 163w, https:\/\/mouldking.store\/wp-content\/uploads\/2021\/10\/Reobrix-66002-Christmas-Sleigh-with-1572-pieces-6-300x552.jpg 300w, https:\/\/mouldking.store\/wp-content\/uploads\/2021\/10\/Reobrix-66002-Christmas-Sleigh-with-1572-pieces-6-82x150.jpg 82w\" sizes=\"(max-width: 557px) 100vw, 557px\" \/><figcaption id=\"caption-attachment-25928\" class=\"wp-caption-text\">Reobrix 66002 Juleslede med 1572 stk<\/figcaption><\/figure>\n<figure id=\"attachment_25927\" aria-describedby=\"caption-attachment-25927\" style=\"width: 405px\" class=\"wp-caption aligncenter\"><img decoding=\"async\" class=\"wp-image-25927 size-full\" src=\"https:\/\/mouldking.store\/wp-content\/uploads\/2021\/10\/Reobrix-66002-Christmas-Sleigh-with-1572-pieces-5.jpg\" alt=\"Reobrix 66002 Christmas Sleigh with 1572 pieces\" width=\"405\" height=\"1024\" title=\"-\" srcset=\"https:\/\/mouldking.store\/wp-content\/uploads\/2021\/10\/Reobrix-66002-Christmas-Sleigh-with-1572-pieces-5.jpg 405w, https:\/\/mouldking.store\/wp-content\/uploads\/2021\/10\/Reobrix-66002-Christmas-Sleigh-with-1572-pieces-5-119x300.jpg 119w, https:\/\/mouldking.store\/wp-content\/uploads\/2021\/10\/Reobrix-66002-Christmas-Sleigh-with-1572-pieces-5-300x759.jpg 300w, https:\/\/mouldking.store\/wp-content\/uploads\/2021\/10\/Reobrix-66002-Christmas-Sleigh-with-1572-pieces-5-59x150.jpg 59w\" sizes=\"(max-width: 405px) 100vw, 405px\" \/><figcaption id=\"caption-attachment-25927\" class=\"wp-caption-text\">Reobrix 66002 Juleslede med 1572 stk<\/figcaption><\/figure>\n<figure id=\"attachment_25926\" aria-describedby=\"caption-attachment-25926\" style=\"width: 634px\" class=\"wp-caption aligncenter\"><img loading=\"lazy\" decoding=\"async\" class=\"wp-image-25926 size-full\" src=\"https:\/\/mouldking.store\/wp-content\/uploads\/2021\/10\/Reobrix-66002-Christmas-Sleigh-with-1572-pieces-4.jpg\" alt=\"Reobrix 66002 Christmas Sleigh with 1572 pieces\" width=\"634\" height=\"1024\" title=\"-\" srcset=\"https:\/\/mouldking.store\/wp-content\/uploads\/2021\/10\/Reobrix-66002-Christmas-Sleigh-with-1572-pieces-4.jpg 634w, https:\/\/mouldking.store\/wp-content\/uploads\/2021\/10\/Reobrix-66002-Christmas-Sleigh-with-1572-pieces-4-186x300.jpg 186w, https:\/\/mouldking.store\/wp-content\/uploads\/2021\/10\/Reobrix-66002-Christmas-Sleigh-with-1572-pieces-4-300x485.jpg 300w, https:\/\/mouldking.store\/wp-content\/uploads\/2021\/10\/Reobrix-66002-Christmas-Sleigh-with-1572-pieces-4-600x969.jpg 600w, https:\/\/mouldking.store\/wp-content\/uploads\/2021\/10\/Reobrix-66002-Christmas-Sleigh-with-1572-pieces-4-93x150.jpg 93w\" sizes=\"(max-width: 634px) 100vw, 634px\" \/><figcaption id=\"caption-attachment-25926\" class=\"wp-caption-text\">Reobrix 66002 Juleslede med 1572 stk<\/figcaption><\/figure>\n<figure id=\"attachment_25925\" aria-describedby=\"caption-attachment-25925\" style=\"width: 473px\" class=\"wp-caption aligncenter\"><img loading=\"lazy\" decoding=\"async\" class=\"wp-image-25925 size-full\" src=\"https:\/\/mouldking.store\/wp-content\/uploads\/2021\/10\/Reobrix-66002-Christmas-Sleigh-with-1572-pieces-3.jpg\" alt=\"Reobrix 66002 Christmas Sleigh with 1572 pieces\" width=\"473\" height=\"1023\" title=\"-\" srcset=\"https:\/\/mouldking.store\/wp-content\/uploads\/2021\/10\/Reobrix-66002-Christmas-Sleigh-with-1572-pieces-3.jpg 473w, https:\/\/mouldking.store\/wp-content\/uploads\/2021\/10\/Reobrix-66002-Christmas-Sleigh-with-1572-pieces-3-139x300.jpg 139w, https:\/\/mouldking.store\/wp-content\/uploads\/2021\/10\/Reobrix-66002-Christmas-Sleigh-with-1572-pieces-3-300x649.jpg 300w, https:\/\/mouldking.store\/wp-content\/uploads\/2021\/10\/Reobrix-66002-Christmas-Sleigh-with-1572-pieces-3-69x150.jpg 69w\" sizes=\"(max-width: 473px) 100vw, 473px\" \/><figcaption id=\"caption-attachment-25925\" class=\"wp-caption-text\">Reobrix 66002 Juleslede med 1572 stk<\/figcaption><\/figure>\n<figure id=\"attachment_25924\" aria-describedby=\"caption-attachment-25924\" style=\"width: 800px\" class=\"wp-caption aligncenter\"><img loading=\"lazy\" decoding=\"async\" class=\"wp-image-25924 size-full\" src=\"https:\/\/mouldking.store\/wp-content\/uploads\/2021\/10\/Reobrix-66002-Christmas-Sleigh-with-1572-pieces-2.jpg\" alt=\"Reobrix 66002 Christmas Sleigh with 1572 pieces\" width=\"800\" height=\"800\" title=\"-\" srcset=\"https:\/\/mouldking.store\/wp-content\/uploads\/2021\/10\/Reobrix-66002-Christmas-Sleigh-with-1572-pieces-2.jpg 800w, https:\/\/mouldking.store\/wp-content\/uploads\/2021\/10\/Reobrix-66002-Christmas-Sleigh-with-1572-pieces-2-300x300.jpg 300w, https:\/\/mouldking.store\/wp-content\/uploads\/2021\/10\/Reobrix-66002-Christmas-Sleigh-with-1572-pieces-2-768x768.jpg 768w, https:\/\/mouldking.store\/wp-content\/uploads\/2021\/10\/Reobrix-66002-Christmas-Sleigh-with-1572-pieces-2-600x600.jpg 600w, https:\/\/mouldking.store\/wp-content\/uploads\/2021\/10\/Reobrix-66002-Christmas-Sleigh-with-1572-pieces-2-150x150.jpg 150w\" sizes=\"(max-width: 800px) 100vw, 800px\" \/><figcaption id=\"caption-attachment-25924\" class=\"wp-caption-text\">Reobrix 66002 Juleslede med 1572 stk<\/figcaption><\/figure>","protected":false},"excerpt":{"rendered":"<p>Product information: Brand: Reobrix Gender: Unisex Name: Christmas Sleigh Age Range: &gt; 6 years old Model Number: 66002 Classification: Assemblage Plastic Block Shape: Self-Locking Bricks Material: Plastic Plastic Type: ABS Bricks Blocks: 1572 PCS Contains detailed assembly instructions. Notice: 1. Without an original box, but we guarantee our products have quality assurance and nice packaging. [&hellip;]<\/p>","protected":false},"featured_media":25923,"comment_status":"open","ping_status":"closed","template":"","meta":{"_acf_changed":false},"product_cat":[371],"product_tag":[2687,1066,2685,2669,2684,2683,2686,2688],"class_list":["product","first","instock","shipping-taxable","purchasable","product-type-simple"],"acf":[],"_links":{"self":[{"href":"https:\/\/mouldking.store\/nb\/wp-json\/wp\/v2\/product\/25922","targetHints":{"allow":["GET"]}}],"collection":[{"href":"https:\/\/mouldking.store\/nb\/wp-json\/wp\/v2\/product"}],"about":[{"href":"https:\/\/mouldking.store\/nb\/wp-json\/wp\/v2\/types\/product"}],"replies":[{"embeddable":true,"href":"https:\/\/mouldking.store\/nb\/wp-json\/wp\/v2\/comments?post=25922"}],"wp:featuredmedia":[{"embeddable":true,"href":"https:\/\/mouldking.store\/nb\/wp-json\/wp\/v2\/media\/25923"}],"wp:attachment":[{"href":"https:\/\/mouldking.store\/nb\/wp-json\/wp\/v2\/media?parent=25922"}],"wp:term":[{"taxonomy":"product_cat","embeddable":true,"href":"https:\/\/mouldking.store\/nb\/wp-json\/wp\/v2\/product_cat?post=25922"},{"taxonomy":"product_tag","embeddable":true,"href":"https:\/\/mouldking.store\/nb\/wp-json\/wp\/v2\/product_tag?post=25922"}],"curies":[{"name":"wp","href":"https:\/\/api.w.org\/{rel}","templated":true}]}}