{"id":25936,"date":"2021-10-26T14:38:40","date_gmt":"2021-10-26T07:38:40","guid":{"rendered":"https:\/\/mouldking.store\/?post_type=product&#038;p=25936"},"modified":"2025-12-25T09:17:13","modified_gmt":"2025-12-25T02:17:13","slug":"moc-71226-borg-cube-with-812-pieces","status":"publish","type":"product","link":"https:\/\/mouldking.store\/nb\/shop\/moc-71226-borg-cube-with-812-pieces\/","title":{"rendered":"MOC-71226 BORG Kube med 812 stk"},"content":{"rendered":"<p>Produktinformasjon:<\/p>\n<ol>\n<li>Merke: MOC<\/li>\n<li>Kj\u00f8nn: Unisex<\/li>\n<li>Name: BORG Cube<\/li>\n<li>Aldersgruppe: &gt; 8 \u00e5r gammel<\/li>\n<li>Model Number: MOC-71226<\/li>\n<li>Klassifisering: Montering<\/li>\n<li>Plastblokkform: Selvl\u00e5sende murstein<\/li>\n<li>Materiale: Plast<\/li>\n<li>Plasttype: ABS<\/li>\n<li>Bricks Blocks: 812 PCS<\/li>\n<li>Inneholder detaljerte monteringsanvisninger.<\/li>\n<li>Tidsbestemt: 4-8 uker<\/li>\n<\/ol>\n<p>Legge merke til:<br \/>\n1. Uten original eske, men vi garanterer at v\u00e5re produkter har kvalitetssikring og pen emballasje.<br \/>\n2. Som alle delene vi har sjekket f\u00f8r frakt, s\u00e5 hvis du finner noen deler savnet eller skadet, ikke bekymre deg og bare kontakt oss, s\u00e5 kan vi sende dem til deg p\u00e5 nytt umiddelbart gratis.<\/p>\n<p>&nbsp;<\/p>\n<p><img fetchpriority=\"high\" decoding=\"async\" class=\"alignnone size-full wp-image-25937\" src=\"https:\/\/mouldking.store\/wp-content\/uploads\/2021\/10\/moc-71226-borg-cube-with-812-pieces.jpg\" alt=\"MOC-71226 BORG Cube with 812 pieces\" width=\"1000\" height=\"1000\" title=\"-\" srcset=\"https:\/\/mouldking.store\/wp-content\/uploads\/2021\/10\/moc-71226-borg-cube-with-812-pieces.jpg 1000w, https:\/\/mouldking.store\/wp-content\/uploads\/2021\/10\/moc-71226-borg-cube-with-812-pieces-300x300.jpg 300w, https:\/\/mouldking.store\/wp-content\/uploads\/2021\/10\/moc-71226-borg-cube-with-812-pieces-768x768.jpg 768w, https:\/\/mouldking.store\/wp-content\/uploads\/2021\/10\/moc-71226-borg-cube-with-812-pieces-600x600.jpg 600w, https:\/\/mouldking.store\/wp-content\/uploads\/2021\/10\/moc-71226-borg-cube-with-812-pieces-150x150.jpg 150w\" sizes=\"(max-width: 1000px) 100vw, 1000px\" \/> <img decoding=\"async\" class=\"alignnone size-full wp-image-25938\" src=\"https:\/\/mouldking.store\/wp-content\/uploads\/2021\/10\/moc-71226-borg-cube-with-812-pieces-1.jpg\" alt=\"MOC-71226 BORG Cube with 812 pieces\" width=\"1000\" height=\"1000\" title=\"-\" srcset=\"https:\/\/mouldking.store\/wp-content\/uploads\/2021\/10\/moc-71226-borg-cube-with-812-pieces-1.jpg 1000w, https:\/\/mouldking.store\/wp-content\/uploads\/2021\/10\/moc-71226-borg-cube-with-812-pieces-1-300x300.jpg 300w, https:\/\/mouldking.store\/wp-content\/uploads\/2021\/10\/moc-71226-borg-cube-with-812-pieces-1-768x768.jpg 768w, https:\/\/mouldking.store\/wp-content\/uploads\/2021\/10\/moc-71226-borg-cube-with-812-pieces-1-600x600.jpg 600w, https:\/\/mouldking.store\/wp-content\/uploads\/2021\/10\/moc-71226-borg-cube-with-812-pieces-1-150x150.jpg 150w\" sizes=\"(max-width: 1000px) 100vw, 1000px\" \/> <img decoding=\"async\" class=\"alignnone size-full wp-image-25939\" src=\"https:\/\/mouldking.store\/wp-content\/uploads\/2021\/10\/moc-71226-borg-cube-with-812-pieces-2.jpg\" alt=\"MOC-71226 BORG Cube with 812 pieces\" width=\"1000\" height=\"1000\" title=\"-\" srcset=\"https:\/\/mouldking.store\/wp-content\/uploads\/2021\/10\/moc-71226-borg-cube-with-812-pieces-2.jpg 1000w, https:\/\/mouldking.store\/wp-content\/uploads\/2021\/10\/moc-71226-borg-cube-with-812-pieces-2-300x300.jpg 300w, https:\/\/mouldking.store\/wp-content\/uploads\/2021\/10\/moc-71226-borg-cube-with-812-pieces-2-768x768.jpg 768w, https:\/\/mouldking.store\/wp-content\/uploads\/2021\/10\/moc-71226-borg-cube-with-812-pieces-2-600x600.jpg 600w, https:\/\/mouldking.store\/wp-content\/uploads\/2021\/10\/moc-71226-borg-cube-with-812-pieces-2-150x150.jpg 150w\" sizes=\"(max-width: 1000px) 100vw, 1000px\" \/><\/p>","protected":false},"excerpt":{"rendered":"<p>Product information: Brand: MOC Gender: Unisex Name: BORG Cube Age Range: &gt; 8 years old Model Number: MOC-71226 Classification: Assemblage Plastic Block Shape: Self-Locking Bricks Material: Plastic Plastic Type: ABS Bricks Blocks: 812 PCS Contains detailed assembly instructions. Time arrange: 4-8 weeks Notice: 1. Without an original box, but we guarantee our products have quality [&hellip;]<\/p>","protected":false},"featured_media":25941,"comment_status":"open","ping_status":"closed","template":"","meta":{"_acf_changed":false},"product_cat":[415],"product_tag":[2698,2697],"class_list":["product","first","instock","shipping-taxable","purchasable","product-type-simple"],"acf":[],"_links":{"self":[{"href":"https:\/\/mouldking.store\/nb\/wp-json\/wp\/v2\/product\/25936","targetHints":{"allow":["GET"]}}],"collection":[{"href":"https:\/\/mouldking.store\/nb\/wp-json\/wp\/v2\/product"}],"about":[{"href":"https:\/\/mouldking.store\/nb\/wp-json\/wp\/v2\/types\/product"}],"replies":[{"embeddable":true,"href":"https:\/\/mouldking.store\/nb\/wp-json\/wp\/v2\/comments?post=25936"}],"wp:featuredmedia":[{"embeddable":true,"href":"https:\/\/mouldking.store\/nb\/wp-json\/wp\/v2\/media\/25941"}],"wp:attachment":[{"href":"https:\/\/mouldking.store\/nb\/wp-json\/wp\/v2\/media?parent=25936"}],"wp:term":[{"taxonomy":"product_cat","embeddable":true,"href":"https:\/\/mouldking.store\/nb\/wp-json\/wp\/v2\/product_cat?post=25936"},{"taxonomy":"product_tag","embeddable":true,"href":"https:\/\/mouldking.store\/nb\/wp-json\/wp\/v2\/product_tag?post=25936"}],"curies":[{"name":"wp","href":"https:\/\/api.w.org\/{rel}","templated":true}]}}