{"id":25942,"date":"2021-10-26T14:54:45","date_gmt":"2021-10-26T14:54:45","guid":{"rendered":"https:\/\/mouldking.store\/?post_type=product&#038;p=25942"},"modified":"2025-12-25T09:17:13","modified_gmt":"2025-12-25T02:17:13","slug":"moc-31928-af-05-war-machine-with-321-pieces","status":"publish","type":"product","link":"https:\/\/mouldking.store\/nb\/shop\/moc-31928-af-05-war-machine-with-321-pieces\/","title":{"rendered":"MOC-31928 AF-05 Krigsmaskin med 321 stk"},"content":{"rendered":"<p>Produktinformasjon:<\/p>\n<ol>\n<li>Merke: MOC<\/li>\n<li>Kj\u00f8nn: Unisex<\/li>\n<li>Name: AF-05 War Machine<\/li>\n<li>Aldersgruppe: &gt; 8 \u00e5r gammel<\/li>\n<li>Model Number: MOC-31928<\/li>\n<li>Klassifisering: Montering<\/li>\n<li>Plastblokkform: Selvl\u00e5sende murstein<\/li>\n<li>Materiale: Plast<\/li>\n<li>Plasttype: ABS<\/li>\n<li>Bricks Blocks: 321 PCS<\/li>\n<li>Inneholder detaljerte monteringsanvisninger.<\/li>\n<\/ol>\n<p>Legge merke til:<br \/>\n1. Uten original eske, men vi garanterer at v\u00e5re produkter har kvalitetssikring og pen emballasje.<br \/>\n2. Som alle delene vi har sjekket f\u00f8r frakt, s\u00e5 hvis du finner noen deler savnet eller skadet, ikke bekymre deg og bare kontakt oss, s\u00e5 kan vi sende dem til deg p\u00e5 nytt umiddelbart gratis.<\/p>\n<figure id=\"attachment_25943\" aria-describedby=\"caption-attachment-25943\" style=\"width: 1000px\" class=\"wp-caption aligncenter\"><img fetchpriority=\"high\" decoding=\"async\" class=\"size-full wp-image-25943\" title=\"MOC-31928 AF-05 Krigsmaskin med 321 stk\" src=\"https:\/\/mouldking.store\/wp-content\/uploads\/2021\/10\/moc-31928-af-05-war-machine-with-321-pieces.jpg\" alt=\"MOC-31928 AF-05 War Machine with 321 pieces\" width=\"1000\" height=\"1000\" srcset=\"https:\/\/mouldking.store\/wp-content\/uploads\/2021\/10\/moc-31928-af-05-war-machine-with-321-pieces.jpg 1000w, https:\/\/mouldking.store\/wp-content\/uploads\/2021\/10\/moc-31928-af-05-war-machine-with-321-pieces-300x300.jpg 300w, https:\/\/mouldking.store\/wp-content\/uploads\/2021\/10\/moc-31928-af-05-war-machine-with-321-pieces-768x768.jpg 768w, https:\/\/mouldking.store\/wp-content\/uploads\/2021\/10\/moc-31928-af-05-war-machine-with-321-pieces-600x600.jpg 600w, https:\/\/mouldking.store\/wp-content\/uploads\/2021\/10\/moc-31928-af-05-war-machine-with-321-pieces-150x150.jpg 150w\" sizes=\"(max-width: 1000px) 100vw, 1000px\" \/><figcaption id=\"caption-attachment-25943\" class=\"wp-caption-text\">MOC-31928 AF-05 Krigsmaskin med 321 stk<\/figcaption><\/figure>\n<figure id=\"attachment_25944\" aria-describedby=\"caption-attachment-25944\" style=\"width: 1000px\" class=\"wp-caption aligncenter\"><img decoding=\"async\" class=\"size-full wp-image-25944\" title=\"MOC-31928 AF-05 Krigsmaskin med 321 stk\" src=\"https:\/\/mouldking.store\/wp-content\/uploads\/2021\/10\/moc-31928-af-05-war-machine-with-321-pieces-1.jpg\" alt=\"MOC-31928 AF-05 War Machine with 321 pieces\" width=\"1000\" height=\"1000\" srcset=\"https:\/\/mouldking.store\/wp-content\/uploads\/2021\/10\/moc-31928-af-05-war-machine-with-321-pieces-1.jpg 1000w, https:\/\/mouldking.store\/wp-content\/uploads\/2021\/10\/moc-31928-af-05-war-machine-with-321-pieces-1-300x300.jpg 300w, https:\/\/mouldking.store\/wp-content\/uploads\/2021\/10\/moc-31928-af-05-war-machine-with-321-pieces-1-768x768.jpg 768w, https:\/\/mouldking.store\/wp-content\/uploads\/2021\/10\/moc-31928-af-05-war-machine-with-321-pieces-1-600x600.jpg 600w, https:\/\/mouldking.store\/wp-content\/uploads\/2021\/10\/moc-31928-af-05-war-machine-with-321-pieces-1-150x150.jpg 150w\" sizes=\"(max-width: 1000px) 100vw, 1000px\" \/><figcaption id=\"caption-attachment-25944\" class=\"wp-caption-text\">MOC-31928 AF-05 Krigsmaskin med 321 stk<\/figcaption><\/figure>\n<figure id=\"attachment_25945\" aria-describedby=\"caption-attachment-25945\" style=\"width: 1000px\" class=\"wp-caption aligncenter\"><img decoding=\"async\" class=\"size-full wp-image-25945\" title=\"MOC-31928 AF-05 Krigsmaskin med 321 stk\" src=\"https:\/\/mouldking.store\/wp-content\/uploads\/2021\/10\/moc-31928-af-05-war-machine-with-321-pieces-2.jpg\" alt=\"MOC-31928 AF-05 War Machine with 321 pieces\" width=\"1000\" height=\"1000\" srcset=\"https:\/\/mouldking.store\/wp-content\/uploads\/2021\/10\/moc-31928-af-05-war-machine-with-321-pieces-2.jpg 1000w, https:\/\/mouldking.store\/wp-content\/uploads\/2021\/10\/moc-31928-af-05-war-machine-with-321-pieces-2-300x300.jpg 300w, https:\/\/mouldking.store\/wp-content\/uploads\/2021\/10\/moc-31928-af-05-war-machine-with-321-pieces-2-768x768.jpg 768w, https:\/\/mouldking.store\/wp-content\/uploads\/2021\/10\/moc-31928-af-05-war-machine-with-321-pieces-2-600x600.jpg 600w, https:\/\/mouldking.store\/wp-content\/uploads\/2021\/10\/moc-31928-af-05-war-machine-with-321-pieces-2-150x150.jpg 150w\" sizes=\"(max-width: 1000px) 100vw, 1000px\" \/><figcaption id=\"caption-attachment-25945\" class=\"wp-caption-text\">MOC-31928 AF-05 Krigsmaskin med 321 stk<\/figcaption><\/figure>\n<figure id=\"attachment_25946\" aria-describedby=\"caption-attachment-25946\" style=\"width: 1000px\" class=\"wp-caption aligncenter\"><img loading=\"lazy\" decoding=\"async\" class=\"size-full wp-image-25946\" title=\"MOC-31928 AF-05 Krigsmaskin med 321 stk\" src=\"https:\/\/mouldking.store\/wp-content\/uploads\/2021\/10\/moc-31928-af-05-war-machine-with-321-pieces-3.jpg\" alt=\"MOC-31928 AF-05 War Machine with 321 pieces\" width=\"1000\" height=\"1000\" srcset=\"https:\/\/mouldking.store\/wp-content\/uploads\/2021\/10\/moc-31928-af-05-war-machine-with-321-pieces-3.jpg 1000w, https:\/\/mouldking.store\/wp-content\/uploads\/2021\/10\/moc-31928-af-05-war-machine-with-321-pieces-3-300x300.jpg 300w, https:\/\/mouldking.store\/wp-content\/uploads\/2021\/10\/moc-31928-af-05-war-machine-with-321-pieces-3-768x768.jpg 768w, https:\/\/mouldking.store\/wp-content\/uploads\/2021\/10\/moc-31928-af-05-war-machine-with-321-pieces-3-600x600.jpg 600w, https:\/\/mouldking.store\/wp-content\/uploads\/2021\/10\/moc-31928-af-05-war-machine-with-321-pieces-3-150x150.jpg 150w\" sizes=\"(max-width: 1000px) 100vw, 1000px\" \/><figcaption id=\"caption-attachment-25946\" class=\"wp-caption-text\">MOC-31928 AF-05 Krigsmaskin med 321 stk<\/figcaption><\/figure>\n<p>&nbsp;<\/p>","protected":false},"excerpt":{"rendered":"<p>Product information: Brand: MOC Gender: Unisex Name: AF-05 War Machine Age Range: &gt; 8 years old Model Number: MOC-31928 Classification: Assemblage Plastic Block Shape: Self-Locking Bricks Material: Plastic Plastic Type: ABS Bricks Blocks: 321 PCS Contains detailed assembly instructions. Notice: 1. Without an original box, but we guarantee our products have quality assurance and nice [&hellip;]<\/p>","protected":false},"featured_media":25947,"comment_status":"open","ping_status":"closed","template":"","meta":{"_acf_changed":false},"product_cat":[371],"product_tag":[2700,2699],"class_list":["product","first","instock","shipping-taxable","purchasable","product-type-simple"],"acf":[],"_links":{"self":[{"href":"https:\/\/mouldking.store\/nb\/wp-json\/wp\/v2\/product\/25942","targetHints":{"allow":["GET"]}}],"collection":[{"href":"https:\/\/mouldking.store\/nb\/wp-json\/wp\/v2\/product"}],"about":[{"href":"https:\/\/mouldking.store\/nb\/wp-json\/wp\/v2\/types\/product"}],"replies":[{"embeddable":true,"href":"https:\/\/mouldking.store\/nb\/wp-json\/wp\/v2\/comments?post=25942"}],"wp:featuredmedia":[{"embeddable":true,"href":"https:\/\/mouldking.store\/nb\/wp-json\/wp\/v2\/media\/25947"}],"wp:attachment":[{"href":"https:\/\/mouldking.store\/nb\/wp-json\/wp\/v2\/media?parent=25942"}],"wp:term":[{"taxonomy":"product_cat","embeddable":true,"href":"https:\/\/mouldking.store\/nb\/wp-json\/wp\/v2\/product_cat?post=25942"},{"taxonomy":"product_tag","embeddable":true,"href":"https:\/\/mouldking.store\/nb\/wp-json\/wp\/v2\/product_tag?post=25942"}],"curies":[{"name":"wp","href":"https:\/\/api.w.org\/{rel}","templated":true}]}}