{"id":25986,"date":"2021-10-27T09:40:38","date_gmt":"2021-10-27T02:40:38","guid":{"rendered":"https:\/\/mouldking.store\/?post_type=product&#038;p=25986"},"modified":"2025-12-25T09:17:13","modified_gmt":"2025-12-25T02:17:13","slug":"moc-66706-gr-75-transport-with-884-pieces","status":"publish","type":"product","link":"https:\/\/mouldking.store\/nb\/shop\/moc-66706-gr-75-transport-with-884-pieces\/","title":{"rendered":"MOC-66706 GR-75 Transport med 884 stk"},"content":{"rendered":"<p>Produktinformasjon:<\/p>\n<ol>\n<li>Merke: MOC<\/li>\n<li>Kj\u00f8nn: Unisex<\/li>\n<li>Navn: GR-75 Transport<\/li>\n<li>Aldersgruppe: &gt; 8 \u00e5r gammel<\/li>\n<li>Modellnummer: MOC-66706<\/li>\n<li>Klassifisering: Montering<\/li>\n<li>Plastblokkform: Selvl\u00e5sende murstein<\/li>\n<li>Materiale: Plast<\/li>\n<li>Plasttype: ABS<\/li>\n<li>Mursteinsblokker: 884 STK<\/li>\n<li>Inneholder detaljerte monteringsanvisninger.<\/li>\n<\/ol>\n<p>Legge merke til:<br \/>\n1. Uten original eske, men vi garanterer at v\u00e5re produkter har kvalitetssikring og pen emballasje.<br \/>\n2. Som alle delene vi har sjekket f\u00f8r frakt, s\u00e5 hvis du finner noen deler savnet eller skadet, ikke bekymre deg og bare kontakt oss, s\u00e5 kan vi sende dem til deg p\u00e5 nytt umiddelbart gratis.<\/p>\n<figure id=\"attachment_25987\" aria-describedby=\"caption-attachment-25987\" style=\"width: 1000px\" class=\"wp-caption aligncenter\"><img fetchpriority=\"high\" decoding=\"async\" class=\"size-full wp-image-25987\" title=\"MOC-66706 GR-75 Transport med 884 stk\" src=\"https:\/\/mouldking.store\/wp-content\/uploads\/2021\/10\/moc-66706-gr-75-transport-with-884-pieces.jpg\" alt=\"MOC-66706 GR-75 Transport with 884 pieces\" width=\"1000\" height=\"1000\" srcset=\"https:\/\/mouldking.store\/wp-content\/uploads\/2021\/10\/moc-66706-gr-75-transport-with-884-pieces.jpg 1000w, https:\/\/mouldking.store\/wp-content\/uploads\/2021\/10\/moc-66706-gr-75-transport-with-884-pieces-300x300.jpg 300w, https:\/\/mouldking.store\/wp-content\/uploads\/2021\/10\/moc-66706-gr-75-transport-with-884-pieces-768x768.jpg 768w, https:\/\/mouldking.store\/wp-content\/uploads\/2021\/10\/moc-66706-gr-75-transport-with-884-pieces-600x600.jpg 600w, https:\/\/mouldking.store\/wp-content\/uploads\/2021\/10\/moc-66706-gr-75-transport-with-884-pieces-150x150.jpg 150w\" sizes=\"(max-width: 1000px) 100vw, 1000px\" \/><figcaption id=\"caption-attachment-25987\" class=\"wp-caption-text\">MOC-66706 GR-75 Transport med 884 stk<\/figcaption><\/figure>\n<figure id=\"attachment_25988\" aria-describedby=\"caption-attachment-25988\" style=\"width: 1000px\" class=\"wp-caption aligncenter\"><img decoding=\"async\" class=\"size-full wp-image-25988\" title=\"MOC-66706 GR-75 Transport med 884 stk\" src=\"https:\/\/mouldking.store\/wp-content\/uploads\/2021\/10\/moc-66706-gr-75-transport-with-884-pieces-1.jpg\" alt=\"MOC-66706 GR-75 Transport with 884 pieces\" width=\"1000\" height=\"1000\" srcset=\"https:\/\/mouldking.store\/wp-content\/uploads\/2021\/10\/moc-66706-gr-75-transport-with-884-pieces-1.jpg 1000w, https:\/\/mouldking.store\/wp-content\/uploads\/2021\/10\/moc-66706-gr-75-transport-with-884-pieces-1-300x300.jpg 300w, https:\/\/mouldking.store\/wp-content\/uploads\/2021\/10\/moc-66706-gr-75-transport-with-884-pieces-1-768x768.jpg 768w, https:\/\/mouldking.store\/wp-content\/uploads\/2021\/10\/moc-66706-gr-75-transport-with-884-pieces-1-600x600.jpg 600w, https:\/\/mouldking.store\/wp-content\/uploads\/2021\/10\/moc-66706-gr-75-transport-with-884-pieces-1-150x150.jpg 150w\" sizes=\"(max-width: 1000px) 100vw, 1000px\" \/><figcaption id=\"caption-attachment-25988\" class=\"wp-caption-text\">MOC-66706 GR-75 Transport med 884 stk<\/figcaption><\/figure>\n<figure id=\"attachment_25989\" aria-describedby=\"caption-attachment-25989\" style=\"width: 1000px\" class=\"wp-caption aligncenter\"><img decoding=\"async\" class=\"size-full wp-image-25989\" title=\"MOC-66706 GR-75 Transport med 884 stk\" src=\"https:\/\/mouldking.store\/wp-content\/uploads\/2021\/10\/moc-66706-gr-75-transport-with-884-pieces-2.jpg\" alt=\"MOC-66706 GR-75 Transport with 884 pieces\" width=\"1000\" height=\"1000\" srcset=\"https:\/\/mouldking.store\/wp-content\/uploads\/2021\/10\/moc-66706-gr-75-transport-with-884-pieces-2.jpg 1000w, https:\/\/mouldking.store\/wp-content\/uploads\/2021\/10\/moc-66706-gr-75-transport-with-884-pieces-2-300x300.jpg 300w, https:\/\/mouldking.store\/wp-content\/uploads\/2021\/10\/moc-66706-gr-75-transport-with-884-pieces-2-768x768.jpg 768w, https:\/\/mouldking.store\/wp-content\/uploads\/2021\/10\/moc-66706-gr-75-transport-with-884-pieces-2-600x600.jpg 600w, https:\/\/mouldking.store\/wp-content\/uploads\/2021\/10\/moc-66706-gr-75-transport-with-884-pieces-2-150x150.jpg 150w\" sizes=\"(max-width: 1000px) 100vw, 1000px\" \/><figcaption id=\"caption-attachment-25989\" class=\"wp-caption-text\">MOC-66706 GR-75 Transport med 884 stk<\/figcaption><\/figure>","protected":false},"excerpt":{"rendered":"<p>Product information: Brand: MOC Gender: Unisex Name: GR-75 Transport Age Range: &gt; 8 years old Model Number: MOC-66706 Classification: Assemblage Plastic Block Shape: Self-Locking Bricks Material: Plastic Plastic Type: ABS Bricks Blocks: 884 PCS Contains detailed assembly instructions. Notice: 1. Without an original box, but we guarantee our products have quality assurance and nice packaging. [&hellip;]<\/p>","protected":false},"featured_media":25990,"comment_status":"open","ping_status":"closed","template":"","meta":{"_acf_changed":false},"product_cat":[415],"product_tag":[2716,2715],"class_list":["product","first","instock","shipping-taxable","purchasable","product-type-simple"],"acf":[],"_links":{"self":[{"href":"https:\/\/mouldking.store\/nb\/wp-json\/wp\/v2\/product\/25986","targetHints":{"allow":["GET"]}}],"collection":[{"href":"https:\/\/mouldking.store\/nb\/wp-json\/wp\/v2\/product"}],"about":[{"href":"https:\/\/mouldking.store\/nb\/wp-json\/wp\/v2\/types\/product"}],"replies":[{"embeddable":true,"href":"https:\/\/mouldking.store\/nb\/wp-json\/wp\/v2\/comments?post=25986"}],"wp:featuredmedia":[{"embeddable":true,"href":"https:\/\/mouldking.store\/nb\/wp-json\/wp\/v2\/media\/25990"}],"wp:attachment":[{"href":"https:\/\/mouldking.store\/nb\/wp-json\/wp\/v2\/media?parent=25986"}],"wp:term":[{"taxonomy":"product_cat","embeddable":true,"href":"https:\/\/mouldking.store\/nb\/wp-json\/wp\/v2\/product_cat?post=25986"},{"taxonomy":"product_tag","embeddable":true,"href":"https:\/\/mouldking.store\/nb\/wp-json\/wp\/v2\/product_tag?post=25986"}],"curies":[{"name":"wp","href":"https:\/\/api.w.org\/{rel}","templated":true}]}}