{"id":25998,"date":"2021-10-27T10:12:35","date_gmt":"2021-10-27T10:12:35","guid":{"rendered":"https:\/\/mouldking.store\/?post_type=product&#038;p=25998"},"modified":"2021-12-23T09:41:48","modified_gmt":"2021-12-23T09:41:48","slug":"reobrix-66001-santa-coming-with-1038-pieces","status":"publish","type":"product","link":"https:\/\/mouldking.store\/nb\/shop\/reobrix-66001-santa-coming-with-1038-pieces\/","title":{"rendered":"Reobrix 66001 Julenissen kommer med 1038 stykker"},"content":{"rendered":"<p>Produktinformasjon:<\/p>\n<ol>\n<li>Merke: Reobrix<\/li>\n<li>Kj\u00f8nn: Unisex<\/li>\n<li>Name: Santa Coming<\/li>\n<li>Aldersgruppe: &gt; 6 \u00e5r gammel<\/li>\n<li>Modellnummer: 66001<\/li>\n<li>Klassifisering: Montering<\/li>\n<li>Plastblokkform: Selvl\u00e5sende murstein<\/li>\n<li>Materiale: Plast<\/li>\n<li>Plasttype: ABS<\/li>\n<li>Bricks Blocks: 1038 PCS<\/li>\n<li>Inneholder detaljerte monteringsanvisninger.<\/li>\n<\/ol>\n<p>Legge merke til:<br \/>\n1. Uten original eske, men vi garanterer at v\u00e5re produkter har kvalitetssikring og pen emballasje.<br \/>\n2. Som alle delene vi har sjekket f\u00f8r frakt, s\u00e5 hvis du finner noen deler savnet eller skadet, ikke bekymre deg og bare kontakt oss, s\u00e5 kan vi sende dem til deg p\u00e5 nytt umiddelbart gratis.<\/p>\n<p>&nbsp;<\/p>\n<figure id=\"attachment_25999\" aria-describedby=\"caption-attachment-25999\" style=\"width: 800px\" class=\"wp-caption aligncenter\"><img fetchpriority=\"high\" decoding=\"async\" class=\"wp-image-25999 size-full\" src=\"https:\/\/mouldking.store\/wp-content\/uploads\/2021\/10\/Reobrix-66001-Santa-Coming-with-1038-pieces-1.jpg\" alt=\"Reobrix 66001 Santa Coming with 1038 pieces\" width=\"800\" height=\"800\" title=\"-\" srcset=\"https:\/\/mouldking.store\/wp-content\/uploads\/2021\/10\/Reobrix-66001-Santa-Coming-with-1038-pieces-1.jpg 800w, https:\/\/mouldking.store\/wp-content\/uploads\/2021\/10\/Reobrix-66001-Santa-Coming-with-1038-pieces-1-300x300.jpg 300w, https:\/\/mouldking.store\/wp-content\/uploads\/2021\/10\/Reobrix-66001-Santa-Coming-with-1038-pieces-1-768x768.jpg 768w, https:\/\/mouldking.store\/wp-content\/uploads\/2021\/10\/Reobrix-66001-Santa-Coming-with-1038-pieces-1-600x600.jpg 600w, https:\/\/mouldking.store\/wp-content\/uploads\/2021\/10\/Reobrix-66001-Santa-Coming-with-1038-pieces-1-150x150.jpg 150w\" sizes=\"(max-width: 800px) 100vw, 800px\" \/><figcaption id=\"caption-attachment-25999\" class=\"wp-caption-text\">Reobrix 66001 Julenissen kommer med 1038 stykker<\/figcaption><\/figure>\n<figure id=\"attachment_26000\" aria-describedby=\"caption-attachment-26000\" style=\"width: 800px\" class=\"wp-caption aligncenter\"><img decoding=\"async\" class=\"wp-image-26000 size-full\" src=\"https:\/\/mouldking.store\/wp-content\/uploads\/2021\/10\/Reobrix-66001-Santa-Coming-with-1038-pieces-2.jpg\" alt=\"Reobrix 66001 Santa Coming with 1038 pieces\" width=\"800\" height=\"800\" title=\"-\" srcset=\"https:\/\/mouldking.store\/wp-content\/uploads\/2021\/10\/Reobrix-66001-Santa-Coming-with-1038-pieces-2.jpg 800w, https:\/\/mouldking.store\/wp-content\/uploads\/2021\/10\/Reobrix-66001-Santa-Coming-with-1038-pieces-2-300x300.jpg 300w, https:\/\/mouldking.store\/wp-content\/uploads\/2021\/10\/Reobrix-66001-Santa-Coming-with-1038-pieces-2-768x768.jpg 768w, https:\/\/mouldking.store\/wp-content\/uploads\/2021\/10\/Reobrix-66001-Santa-Coming-with-1038-pieces-2-600x600.jpg 600w, https:\/\/mouldking.store\/wp-content\/uploads\/2021\/10\/Reobrix-66001-Santa-Coming-with-1038-pieces-2-150x150.jpg 150w\" sizes=\"(max-width: 800px) 100vw, 800px\" \/><figcaption id=\"caption-attachment-26000\" class=\"wp-caption-text\">Reobrix 66001 Julenissen kommer med 1038 stykker<\/figcaption><\/figure>\n<figure id=\"attachment_26005\" aria-describedby=\"caption-attachment-26005\" style=\"width: 678px\" class=\"wp-caption aligncenter\"><img decoding=\"async\" class=\"wp-image-26005 size-full\" src=\"https:\/\/mouldking.store\/wp-content\/uploads\/2021\/10\/Reobrix-66001-Santa-Coming-with-1038-pieces-7.jpg\" alt=\"Reobrix 66001 Santa Coming with 1038 pieces\" width=\"678\" height=\"1024\" title=\"-\" srcset=\"https:\/\/mouldking.store\/wp-content\/uploads\/2021\/10\/Reobrix-66001-Santa-Coming-with-1038-pieces-7.jpg 678w, https:\/\/mouldking.store\/wp-content\/uploads\/2021\/10\/Reobrix-66001-Santa-Coming-with-1038-pieces-7-199x300.jpg 199w, https:\/\/mouldking.store\/wp-content\/uploads\/2021\/10\/Reobrix-66001-Santa-Coming-with-1038-pieces-7-300x453.jpg 300w, https:\/\/mouldking.store\/wp-content\/uploads\/2021\/10\/Reobrix-66001-Santa-Coming-with-1038-pieces-7-600x906.jpg 600w, https:\/\/mouldking.store\/wp-content\/uploads\/2021\/10\/Reobrix-66001-Santa-Coming-with-1038-pieces-7-99x150.jpg 99w\" sizes=\"(max-width: 678px) 100vw, 678px\" \/><figcaption id=\"caption-attachment-26005\" class=\"wp-caption-text\">Reobrix 66001 Julenissen kommer med 1038 stykker<\/figcaption><\/figure>\n<figure id=\"attachment_26001\" aria-describedby=\"caption-attachment-26001\" style=\"width: 571px\" class=\"wp-caption aligncenter\"><img loading=\"lazy\" decoding=\"async\" class=\"wp-image-26001 size-full\" src=\"https:\/\/mouldking.store\/wp-content\/uploads\/2021\/10\/Reobrix-66001-Santa-Coming-with-1038-pieces-3.jpg\" alt=\"Reobrix 66001 Santa Coming with 1038 pieces\" width=\"571\" height=\"1024\" title=\"-\" srcset=\"https:\/\/mouldking.store\/wp-content\/uploads\/2021\/10\/Reobrix-66001-Santa-Coming-with-1038-pieces-3.jpg 571w, https:\/\/mouldking.store\/wp-content\/uploads\/2021\/10\/Reobrix-66001-Santa-Coming-with-1038-pieces-3-167x300.jpg 167w, https:\/\/mouldking.store\/wp-content\/uploads\/2021\/10\/Reobrix-66001-Santa-Coming-with-1038-pieces-3-300x538.jpg 300w, https:\/\/mouldking.store\/wp-content\/uploads\/2021\/10\/Reobrix-66001-Santa-Coming-with-1038-pieces-3-84x150.jpg 84w\" sizes=\"(max-width: 571px) 100vw, 571px\" \/><figcaption id=\"caption-attachment-26001\" class=\"wp-caption-text\">Reobrix 66001 Julenissen kommer med 1038 stykker<\/figcaption><\/figure>\n<figure id=\"attachment_26004\" aria-describedby=\"caption-attachment-26004\" style=\"width: 499px\" class=\"wp-caption aligncenter\"><img loading=\"lazy\" decoding=\"async\" class=\"wp-image-26004 size-full\" src=\"https:\/\/mouldking.store\/wp-content\/uploads\/2021\/10\/Reobrix-66001-Santa-Coming-with-1038-pieces-6.jpg\" alt=\"Reobrix 66001 Santa Coming with 1038 pieces\" width=\"499\" height=\"1023\" title=\"-\" srcset=\"https:\/\/mouldking.store\/wp-content\/uploads\/2021\/10\/Reobrix-66001-Santa-Coming-with-1038-pieces-6.jpg 499w, https:\/\/mouldking.store\/wp-content\/uploads\/2021\/10\/Reobrix-66001-Santa-Coming-with-1038-pieces-6-146x300.jpg 146w, https:\/\/mouldking.store\/wp-content\/uploads\/2021\/10\/Reobrix-66001-Santa-Coming-with-1038-pieces-6-300x615.jpg 300w, https:\/\/mouldking.store\/wp-content\/uploads\/2021\/10\/Reobrix-66001-Santa-Coming-with-1038-pieces-6-73x150.jpg 73w\" sizes=\"(max-width: 499px) 100vw, 499px\" \/><figcaption id=\"caption-attachment-26004\" class=\"wp-caption-text\">Reobrix 66001 Julenissen kommer med 1038 stykker<\/figcaption><\/figure>\n<figure id=\"attachment_26002\" aria-describedby=\"caption-attachment-26002\" style=\"width: 450px\" class=\"wp-caption aligncenter\"><img loading=\"lazy\" decoding=\"async\" class=\"wp-image-26002\" src=\"https:\/\/mouldking.store\/wp-content\/uploads\/2021\/10\/Reobrix-66001-Santa-Coming-with-1038-pieces-4-113x300.jpg\" alt=\"Reobrix 66001 Santa Coming with 1038 pieces\" width=\"450\" height=\"1194\" title=\"-\" srcset=\"https:\/\/mouldking.store\/wp-content\/uploads\/2021\/10\/Reobrix-66001-Santa-Coming-with-1038-pieces-4-113x300.jpg 113w, https:\/\/mouldking.store\/wp-content\/uploads\/2021\/10\/Reobrix-66001-Santa-Coming-with-1038-pieces-4-300x796.jpg 300w, https:\/\/mouldking.store\/wp-content\/uploads\/2021\/10\/Reobrix-66001-Santa-Coming-with-1038-pieces-4-57x150.jpg 57w, https:\/\/mouldking.store\/wp-content\/uploads\/2021\/10\/Reobrix-66001-Santa-Coming-with-1038-pieces-4.jpg 386w\" sizes=\"(max-width: 450px) 100vw, 450px\" \/><figcaption id=\"caption-attachment-26002\" class=\"wp-caption-text\">Reobrix 66001 Julenissen kommer med 1038 stykker<\/figcaption><\/figure>\n<figure id=\"attachment_26003\" aria-describedby=\"caption-attachment-26003\" style=\"width: 702px\" class=\"wp-caption aligncenter\"><img loading=\"lazy\" decoding=\"async\" class=\"wp-image-26003 size-full\" src=\"https:\/\/mouldking.store\/wp-content\/uploads\/2021\/10\/Reobrix-66001-Santa-Coming-with-1038-pieces-5.jpg\" alt=\"Reobrix 66001 Santa Coming with 1038 pieces\" width=\"702\" height=\"1024\" title=\"-\" srcset=\"https:\/\/mouldking.store\/wp-content\/uploads\/2021\/10\/Reobrix-66001-Santa-Coming-with-1038-pieces-5.jpg 702w, https:\/\/mouldking.store\/wp-content\/uploads\/2021\/10\/Reobrix-66001-Santa-Coming-with-1038-pieces-5-206x300.jpg 206w, https:\/\/mouldking.store\/wp-content\/uploads\/2021\/10\/Reobrix-66001-Santa-Coming-with-1038-pieces-5-300x438.jpg 300w, https:\/\/mouldking.store\/wp-content\/uploads\/2021\/10\/Reobrix-66001-Santa-Coming-with-1038-pieces-5-600x875.jpg 600w, https:\/\/mouldking.store\/wp-content\/uploads\/2021\/10\/Reobrix-66001-Santa-Coming-with-1038-pieces-5-103x150.jpg 103w\" sizes=\"(max-width: 702px) 100vw, 702px\" \/><figcaption id=\"caption-attachment-26003\" class=\"wp-caption-text\">Reobrix 66001 Julenissen kommer med 1038 stykker<\/figcaption><\/figure>","protected":false},"excerpt":{"rendered":"<p>Product information: Brand: Reobrix Gender: Unisex Name: Santa Coming Age Range: &gt; 6 years old Model Number: 66001 Classification: Assemblage Plastic Block Shape: Self-Locking Bricks Material: Plastic Plastic Type: ABS Bricks Blocks: 1038 PCS Contains detailed assembly instructions. Notice: 1. Without an original box, but we guarantee our products have quality assurance and nice packaging. [&hellip;]<\/p>","protected":false},"featured_media":25999,"comment_status":"open","ping_status":"closed","template":"","meta":{"_acf_changed":false},"product_cat":[371],"product_tag":[2726,2669,2724,2723,2728,2727,2725],"class_list":["product","first","instock","shipping-taxable","purchasable","product-type-simple"],"acf":[],"_links":{"self":[{"href":"https:\/\/mouldking.store\/nb\/wp-json\/wp\/v2\/product\/25998","targetHints":{"allow":["GET"]}}],"collection":[{"href":"https:\/\/mouldking.store\/nb\/wp-json\/wp\/v2\/product"}],"about":[{"href":"https:\/\/mouldking.store\/nb\/wp-json\/wp\/v2\/types\/product"}],"replies":[{"embeddable":true,"href":"https:\/\/mouldking.store\/nb\/wp-json\/wp\/v2\/comments?post=25998"}],"wp:featuredmedia":[{"embeddable":true,"href":"https:\/\/mouldking.store\/nb\/wp-json\/wp\/v2\/media\/25999"}],"wp:attachment":[{"href":"https:\/\/mouldking.store\/nb\/wp-json\/wp\/v2\/media?parent=25998"}],"wp:term":[{"taxonomy":"product_cat","embeddable":true,"href":"https:\/\/mouldking.store\/nb\/wp-json\/wp\/v2\/product_cat?post=25998"},{"taxonomy":"product_tag","embeddable":true,"href":"https:\/\/mouldking.store\/nb\/wp-json\/wp\/v2\/product_tag?post=25998"}],"curies":[{"name":"wp","href":"https:\/\/api.w.org\/{rel}","templated":true}]}}