{"id":26019,"date":"2021-10-27T10:25:15","date_gmt":"2021-10-27T10:25:15","guid":{"rendered":"https:\/\/mouldking.store\/?post_type=product&#038;p=26019"},"modified":"2021-12-23T09:41:48","modified_gmt":"2021-12-23T09:41:48","slug":"tgl-t4001-rc-excavator-with-2068-pieces","status":"publish","type":"product","link":"https:\/\/mouldking.store\/nb\/shop\/tgl-t4001-rc-excavator-with-2068-pieces\/","title":{"rendered":"TGL T4001 RC Gravemaskin med 2068 stk"},"content":{"rendered":"<p>Produktinformasjon:<\/p>\n<ol>\n<li>Merke: TGL<\/li>\n<li>Kj\u00f8nn: Unisex<\/li>\n<li>Name: RC Excavator<\/li>\n<li>Aldersgruppe: &gt; 6 \u00e5r gammel<\/li>\n<li>Model Number: T4001<\/li>\n<li>Klassifisering: Montering<\/li>\n<li>Plastblokkform: Selvl\u00e5sende murstein<\/li>\n<li>Materiale: Plast<\/li>\n<li>Plasttype: ABS<\/li>\n<li>Mursteinsblokker: 2068 STK<\/li>\n<li>Inneholder detaljerte monteringsanvisninger.<\/li>\n<\/ol>\n<p>Legge merke til:<br \/>\n1. Uten original eske, men vi garanterer at v\u00e5re produkter har kvalitetssikring og pen emballasje.<br \/>\n2. Som alle delene vi har sjekket f\u00f8r frakt, s\u00e5 hvis du finner noen deler savnet eller skadet, ikke bekymre deg og bare kontakt oss, s\u00e5 kan vi sende dem til deg p\u00e5 nytt umiddelbart gratis.<\/p>\n<p>&nbsp;<\/p>\n<figure id=\"attachment_26025\" aria-describedby=\"caption-attachment-26025\" style=\"width: 800px\" class=\"wp-caption aligncenter\"><img fetchpriority=\"high\" decoding=\"async\" class=\"wp-image-26025 size-full\" src=\"https:\/\/mouldking.store\/wp-content\/uploads\/2021\/10\/TGL-T4001-RC-Excavator-with-2068-pieces-1.jpg\" alt=\"TGL T4001 RC Excavator with 2068 pieces\" width=\"800\" height=\"800\" title=\"-\" srcset=\"https:\/\/mouldking.store\/wp-content\/uploads\/2021\/10\/TGL-T4001-RC-Excavator-with-2068-pieces-1.jpg 800w, https:\/\/mouldking.store\/wp-content\/uploads\/2021\/10\/TGL-T4001-RC-Excavator-with-2068-pieces-1-300x300.jpg 300w, https:\/\/mouldking.store\/wp-content\/uploads\/2021\/10\/TGL-T4001-RC-Excavator-with-2068-pieces-1-768x768.jpg 768w, https:\/\/mouldking.store\/wp-content\/uploads\/2021\/10\/TGL-T4001-RC-Excavator-with-2068-pieces-1-600x600.jpg 600w, https:\/\/mouldking.store\/wp-content\/uploads\/2021\/10\/TGL-T4001-RC-Excavator-with-2068-pieces-1-150x150.jpg 150w\" sizes=\"(max-width: 800px) 100vw, 800px\" \/><figcaption id=\"caption-attachment-26025\" class=\"wp-caption-text\">TGL T4001 RC Gravemaskin med 2068 stk<\/figcaption><\/figure>\n<figure id=\"attachment_26029\" aria-describedby=\"caption-attachment-26029\" style=\"width: 833px\" class=\"wp-caption aligncenter\"><img decoding=\"async\" class=\"wp-image-26029 size-full\" src=\"https:\/\/mouldking.store\/wp-content\/uploads\/2021\/10\/TGL-T4001-RC-Excavator-with-2068-pieces-5.jpg\" alt=\"TGL T4001 RC Excavator with 2068 pieces\" width=\"833\" height=\"789\" title=\"-\" srcset=\"https:\/\/mouldking.store\/wp-content\/uploads\/2021\/10\/TGL-T4001-RC-Excavator-with-2068-pieces-5.jpg 833w, https:\/\/mouldking.store\/wp-content\/uploads\/2021\/10\/TGL-T4001-RC-Excavator-with-2068-pieces-5-300x284.jpg 300w, https:\/\/mouldking.store\/wp-content\/uploads\/2021\/10\/TGL-T4001-RC-Excavator-with-2068-pieces-5-768x727.jpg 768w, https:\/\/mouldking.store\/wp-content\/uploads\/2021\/10\/TGL-T4001-RC-Excavator-with-2068-pieces-5-600x568.jpg 600w, https:\/\/mouldking.store\/wp-content\/uploads\/2021\/10\/TGL-T4001-RC-Excavator-with-2068-pieces-5-150x142.jpg 150w\" sizes=\"(max-width: 833px) 100vw, 833px\" \/><figcaption id=\"caption-attachment-26029\" class=\"wp-caption-text\">TGL T4001 RC Gravemaskin med 2068 stk<\/figcaption><\/figure>\n<figure id=\"attachment_26028\" aria-describedby=\"caption-attachment-26028\" style=\"width: 833px\" class=\"wp-caption aligncenter\"><img decoding=\"async\" class=\"wp-image-26028 size-full\" src=\"https:\/\/mouldking.store\/wp-content\/uploads\/2021\/10\/TGL-T4001-RC-Excavator-with-2068-pieces-4.jpg\" alt=\"TGL T4001 RC Excavator with 2068 pieces\" width=\"833\" height=\"749\" title=\"-\" srcset=\"https:\/\/mouldking.store\/wp-content\/uploads\/2021\/10\/TGL-T4001-RC-Excavator-with-2068-pieces-4.jpg 833w, https:\/\/mouldking.store\/wp-content\/uploads\/2021\/10\/TGL-T4001-RC-Excavator-with-2068-pieces-4-300x270.jpg 300w, https:\/\/mouldking.store\/wp-content\/uploads\/2021\/10\/TGL-T4001-RC-Excavator-with-2068-pieces-4-768x691.jpg 768w, https:\/\/mouldking.store\/wp-content\/uploads\/2021\/10\/TGL-T4001-RC-Excavator-with-2068-pieces-4-600x539.jpg 600w, https:\/\/mouldking.store\/wp-content\/uploads\/2021\/10\/TGL-T4001-RC-Excavator-with-2068-pieces-4-150x135.jpg 150w\" sizes=\"(max-width: 833px) 100vw, 833px\" \/><figcaption id=\"caption-attachment-26028\" class=\"wp-caption-text\">TGL T4001 RC Gravemaskin med 2068 stk<\/figcaption><\/figure>\n<figure id=\"attachment_26027\" aria-describedby=\"caption-attachment-26027\" style=\"width: 833px\" class=\"wp-caption aligncenter\"><img loading=\"lazy\" decoding=\"async\" class=\"wp-image-26027 size-full\" src=\"https:\/\/mouldking.store\/wp-content\/uploads\/2021\/10\/TGL-T4001-RC-Excavator-with-2068-pieces-3.jpg\" alt=\"TGL T4001 RC Excavator with 2068 pieces\" width=\"833\" height=\"976\" title=\"-\" srcset=\"https:\/\/mouldking.store\/wp-content\/uploads\/2021\/10\/TGL-T4001-RC-Excavator-with-2068-pieces-3.jpg 833w, https:\/\/mouldking.store\/wp-content\/uploads\/2021\/10\/TGL-T4001-RC-Excavator-with-2068-pieces-3-256x300.jpg 256w, https:\/\/mouldking.store\/wp-content\/uploads\/2021\/10\/TGL-T4001-RC-Excavator-with-2068-pieces-3-768x900.jpg 768w, https:\/\/mouldking.store\/wp-content\/uploads\/2021\/10\/TGL-T4001-RC-Excavator-with-2068-pieces-3-300x352.jpg 300w, https:\/\/mouldking.store\/wp-content\/uploads\/2021\/10\/TGL-T4001-RC-Excavator-with-2068-pieces-3-600x703.jpg 600w, https:\/\/mouldking.store\/wp-content\/uploads\/2021\/10\/TGL-T4001-RC-Excavator-with-2068-pieces-3-128x150.jpg 128w\" sizes=\"(max-width: 833px) 100vw, 833px\" \/><figcaption id=\"caption-attachment-26027\" class=\"wp-caption-text\">TGL T4001 RC Gravemaskin med 2068 stk<\/figcaption><\/figure>\n<figure id=\"attachment_26026\" aria-describedby=\"caption-attachment-26026\" style=\"width: 833px\" class=\"wp-caption aligncenter\"><img loading=\"lazy\" decoding=\"async\" class=\"wp-image-26026 size-full\" src=\"https:\/\/mouldking.store\/wp-content\/uploads\/2021\/10\/TGL-T4001-RC-Excavator-with-2068-pieces-2.jpg\" alt=\"TGL T4001 RC Excavator with 2068 pieces\" width=\"833\" height=\"427\" title=\"-\" srcset=\"https:\/\/mouldking.store\/wp-content\/uploads\/2021\/10\/TGL-T4001-RC-Excavator-with-2068-pieces-2.jpg 833w, https:\/\/mouldking.store\/wp-content\/uploads\/2021\/10\/TGL-T4001-RC-Excavator-with-2068-pieces-2-300x154.jpg 300w, https:\/\/mouldking.store\/wp-content\/uploads\/2021\/10\/TGL-T4001-RC-Excavator-with-2068-pieces-2-768x394.jpg 768w, https:\/\/mouldking.store\/wp-content\/uploads\/2021\/10\/TGL-T4001-RC-Excavator-with-2068-pieces-2-600x308.jpg 600w, https:\/\/mouldking.store\/wp-content\/uploads\/2021\/10\/TGL-T4001-RC-Excavator-with-2068-pieces-2-150x77.jpg 150w\" sizes=\"(max-width: 833px) 100vw, 833px\" \/><figcaption id=\"caption-attachment-26026\" class=\"wp-caption-text\">TGL T4001 RC Gravemaskin med 2068 stk<\/figcaption><\/figure>","protected":false},"excerpt":{"rendered":"<p>Product information: Brand: TGL Gender: Unisex Name: RC Excavator Age Range: &gt; 6 years old Model Number: T4001 Classification: Assemblage Plastic Block Shape: Self-Locking Bricks Material: Plastic Plastic Type: ABS Bricks Blocks: 2068 PCS Contains detailed assembly instructions. Notice: 1. Without an original box, but we guarantee our products have quality assurance and nice packaging. [&hellip;]<\/p>","protected":false},"featured_media":26025,"comment_status":"open","ping_status":"closed","template":"","meta":{"_acf_changed":false},"product_cat":[364],"product_tag":[755,481,2746,2749,2739,2747,2745,2748,2744],"class_list":["product","first","instock","shipping-taxable","purchasable","product-type-simple"],"acf":[],"_links":{"self":[{"href":"https:\/\/mouldking.store\/nb\/wp-json\/wp\/v2\/product\/26019","targetHints":{"allow":["GET"]}}],"collection":[{"href":"https:\/\/mouldking.store\/nb\/wp-json\/wp\/v2\/product"}],"about":[{"href":"https:\/\/mouldking.store\/nb\/wp-json\/wp\/v2\/types\/product"}],"replies":[{"embeddable":true,"href":"https:\/\/mouldking.store\/nb\/wp-json\/wp\/v2\/comments?post=26019"}],"wp:featuredmedia":[{"embeddable":true,"href":"https:\/\/mouldking.store\/nb\/wp-json\/wp\/v2\/media\/26025"}],"wp:attachment":[{"href":"https:\/\/mouldking.store\/nb\/wp-json\/wp\/v2\/media?parent=26019"}],"wp:term":[{"taxonomy":"product_cat","embeddable":true,"href":"https:\/\/mouldking.store\/nb\/wp-json\/wp\/v2\/product_cat?post=26019"},{"taxonomy":"product_tag","embeddable":true,"href":"https:\/\/mouldking.store\/nb\/wp-json\/wp\/v2\/product_tag?post=26019"}],"curies":[{"name":"wp","href":"https:\/\/api.w.org\/{rel}","templated":true}]}}