{"id":26031,"date":"2021-10-27T10:37:12","date_gmt":"2021-10-27T10:37:12","guid":{"rendered":"https:\/\/mouldking.store\/?post_type=product&#038;p=26031"},"modified":"2021-12-23T09:41:47","modified_gmt":"2021-12-23T09:41:47","slug":"urge-50102-medievaltown-barn-with-1724-pieces","status":"publish","type":"product","link":"https:\/\/mouldking.store\/nb\/shop\/urge-50102-medievaltown-barn-with-1724-pieces\/","title":{"rendered":"URGE 50102 Medievaltown l\u00e5ve med 1724 stk"},"content":{"rendered":"<p>Produktinformasjon:<\/p>\n<ol>\n<li>Merke: URGE<\/li>\n<li>Kj\u00f8nn: Unisex<\/li>\n<li>Name: Medievaltown Barn<\/li>\n<li>Aldersgruppe: &gt; 6 \u00e5r gammel<\/li>\n<li>Model Number: 50102<\/li>\n<li>Klassifisering: Montering<\/li>\n<li>Plastblokkform: Selvl\u00e5sende murstein<\/li>\n<li>Materiale: Plast<\/li>\n<li>Plasttype: ABS<\/li>\n<li>Bricks Blocks: 1724 PCS<\/li>\n<li>Inneholder detaljerte monteringsanvisninger.<\/li>\n<\/ol>\n<p>Legge merke til:<br \/>\n1. Uten original eske, men vi garanterer at v\u00e5re produkter har kvalitetssikring og pen emballasje.<br \/>\n2. Som alle delene vi har sjekket f\u00f8r frakt, s\u00e5 hvis du finner noen deler savnet eller skadet, ikke bekymre deg og bare kontakt oss, s\u00e5 kan vi sende dem til deg p\u00e5 nytt umiddelbart gratis.<\/p>\n<figure id=\"attachment_26050\" aria-describedby=\"caption-attachment-26050\" style=\"width: 582px\" class=\"wp-caption aligncenter\"><img fetchpriority=\"high\" decoding=\"async\" class=\"wp-image-26050 size-full\" src=\"https:\/\/mouldking.store\/wp-content\/uploads\/2021\/10\/URGE-50102-Medievaltown-Barn-with-1724-pieces-8.jpg\" alt=\"URGE 50102 Medievaltown Barn with 1724 pieces\" width=\"582\" height=\"1024\" title=\"-\" srcset=\"https:\/\/mouldking.store\/wp-content\/uploads\/2021\/10\/URGE-50102-Medievaltown-Barn-with-1724-pieces-8.jpg 582w, https:\/\/mouldking.store\/wp-content\/uploads\/2021\/10\/URGE-50102-Medievaltown-Barn-with-1724-pieces-8-171x300.jpg 171w, https:\/\/mouldking.store\/wp-content\/uploads\/2021\/10\/URGE-50102-Medievaltown-Barn-with-1724-pieces-8-300x528.jpg 300w, https:\/\/mouldking.store\/wp-content\/uploads\/2021\/10\/URGE-50102-Medievaltown-Barn-with-1724-pieces-8-85x150.jpg 85w\" sizes=\"(max-width: 582px) 100vw, 582px\" \/><figcaption id=\"caption-attachment-26050\" class=\"wp-caption-text\">URGE 50102 Medievaltown l\u00e5ve med 1724 stk<\/figcaption><\/figure>\n<figure id=\"attachment_26049\" aria-describedby=\"caption-attachment-26049\" style=\"width: 596px\" class=\"wp-caption aligncenter\"><img decoding=\"async\" class=\"wp-image-26049 size-full\" src=\"https:\/\/mouldking.store\/wp-content\/uploads\/2021\/10\/URGE-50102-Medievaltown-Barn-with-1724-pieces-7.jpg\" alt=\"URGE 50102 Medievaltown Barn with 1724 pieces\" width=\"596\" height=\"1024\" title=\"-\" srcset=\"https:\/\/mouldking.store\/wp-content\/uploads\/2021\/10\/URGE-50102-Medievaltown-Barn-with-1724-pieces-7.jpg 596w, https:\/\/mouldking.store\/wp-content\/uploads\/2021\/10\/URGE-50102-Medievaltown-Barn-with-1724-pieces-7-175x300.jpg 175w, https:\/\/mouldking.store\/wp-content\/uploads\/2021\/10\/URGE-50102-Medievaltown-Barn-with-1724-pieces-7-300x515.jpg 300w, https:\/\/mouldking.store\/wp-content\/uploads\/2021\/10\/URGE-50102-Medievaltown-Barn-with-1724-pieces-7-87x150.jpg 87w\" sizes=\"(max-width: 596px) 100vw, 596px\" \/><figcaption id=\"caption-attachment-26049\" class=\"wp-caption-text\">URGE 50102 Medievaltown l\u00e5ve med 1724 stk<\/figcaption><\/figure>\n<figure id=\"attachment_26048\" aria-describedby=\"caption-attachment-26048\" style=\"width: 540px\" class=\"wp-caption aligncenter\"><img decoding=\"async\" class=\"wp-image-26048 size-full\" src=\"https:\/\/mouldking.store\/wp-content\/uploads\/2021\/10\/URGE-50102-Medievaltown-Barn-with-1724-pieces-6.jpg\" alt=\"URGE 50102 Medievaltown Barn with 1724 pieces\" width=\"540\" height=\"1024\" title=\"-\" srcset=\"https:\/\/mouldking.store\/wp-content\/uploads\/2021\/10\/URGE-50102-Medievaltown-Barn-with-1724-pieces-6.jpg 540w, https:\/\/mouldking.store\/wp-content\/uploads\/2021\/10\/URGE-50102-Medievaltown-Barn-with-1724-pieces-6-158x300.jpg 158w, https:\/\/mouldking.store\/wp-content\/uploads\/2021\/10\/URGE-50102-Medievaltown-Barn-with-1724-pieces-6-300x569.jpg 300w, https:\/\/mouldking.store\/wp-content\/uploads\/2021\/10\/URGE-50102-Medievaltown-Barn-with-1724-pieces-6-79x150.jpg 79w\" sizes=\"(max-width: 540px) 100vw, 540px\" \/><figcaption id=\"caption-attachment-26048\" class=\"wp-caption-text\">URGE 50102 Medievaltown l\u00e5ve med 1724 stk<\/figcaption><\/figure>\n<figure id=\"attachment_26047\" aria-describedby=\"caption-attachment-26047\" style=\"width: 666px\" class=\"wp-caption aligncenter\"><img loading=\"lazy\" decoding=\"async\" class=\"wp-image-26047 size-full\" src=\"https:\/\/mouldking.store\/wp-content\/uploads\/2021\/10\/URGE-50102-Medievaltown-Barn-with-1724-pieces-5.jpg\" alt=\"URGE 50102 Medievaltown Barn with 1724 pieces\" width=\"666\" height=\"1024\" title=\"-\" srcset=\"https:\/\/mouldking.store\/wp-content\/uploads\/2021\/10\/URGE-50102-Medievaltown-Barn-with-1724-pieces-5.jpg 666w, https:\/\/mouldking.store\/wp-content\/uploads\/2021\/10\/URGE-50102-Medievaltown-Barn-with-1724-pieces-5-195x300.jpg 195w, https:\/\/mouldking.store\/wp-content\/uploads\/2021\/10\/URGE-50102-Medievaltown-Barn-with-1724-pieces-5-300x461.jpg 300w, https:\/\/mouldking.store\/wp-content\/uploads\/2021\/10\/URGE-50102-Medievaltown-Barn-with-1724-pieces-5-600x923.jpg 600w, https:\/\/mouldking.store\/wp-content\/uploads\/2021\/10\/URGE-50102-Medievaltown-Barn-with-1724-pieces-5-98x150.jpg 98w\" sizes=\"(max-width: 666px) 100vw, 666px\" \/><figcaption id=\"caption-attachment-26047\" class=\"wp-caption-text\">URGE 50102 Medievaltown l\u00e5ve med 1724 stk<\/figcaption><\/figure>\n<figure id=\"attachment_26046\" aria-describedby=\"caption-attachment-26046\" style=\"width: 750px\" class=\"wp-caption aligncenter\"><img loading=\"lazy\" decoding=\"async\" class=\"wp-image-26046 size-full\" src=\"https:\/\/mouldking.store\/wp-content\/uploads\/2021\/10\/URGE-50102-Medievaltown-Barn-with-1724-pieces-4.jpg\" alt=\"URGE 50102 Medievaltown Barn with 1724 pieces\" width=\"750\" height=\"941\" title=\"-\" srcset=\"https:\/\/mouldking.store\/wp-content\/uploads\/2021\/10\/URGE-50102-Medievaltown-Barn-with-1724-pieces-4.jpg 750w, https:\/\/mouldking.store\/wp-content\/uploads\/2021\/10\/URGE-50102-Medievaltown-Barn-with-1724-pieces-4-239x300.jpg 239w, https:\/\/mouldking.store\/wp-content\/uploads\/2021\/10\/URGE-50102-Medievaltown-Barn-with-1724-pieces-4-300x376.jpg 300w, https:\/\/mouldking.store\/wp-content\/uploads\/2021\/10\/URGE-50102-Medievaltown-Barn-with-1724-pieces-4-600x753.jpg 600w, https:\/\/mouldking.store\/wp-content\/uploads\/2021\/10\/URGE-50102-Medievaltown-Barn-with-1724-pieces-4-120x150.jpg 120w\" sizes=\"(max-width: 750px) 100vw, 750px\" \/><figcaption id=\"caption-attachment-26046\" class=\"wp-caption-text\">URGE 50102 Medievaltown l\u00e5ve med 1724 stk<\/figcaption><\/figure>\n<figure id=\"attachment_26045\" aria-describedby=\"caption-attachment-26045\" style=\"width: 750px\" class=\"wp-caption aligncenter\"><img loading=\"lazy\" decoding=\"async\" class=\"wp-image-26045 size-full\" src=\"https:\/\/mouldking.store\/wp-content\/uploads\/2021\/10\/URGE-50102-Medievaltown-Barn-with-1724-pieces-3.jpg\" alt=\"URGE 50102 Medievaltown Barn with 1724 pieces\" width=\"750\" height=\"837\" title=\"-\" srcset=\"https:\/\/mouldking.store\/wp-content\/uploads\/2021\/10\/URGE-50102-Medievaltown-Barn-with-1724-pieces-3.jpg 750w, https:\/\/mouldking.store\/wp-content\/uploads\/2021\/10\/URGE-50102-Medievaltown-Barn-with-1724-pieces-3-269x300.jpg 269w, https:\/\/mouldking.store\/wp-content\/uploads\/2021\/10\/URGE-50102-Medievaltown-Barn-with-1724-pieces-3-300x335.jpg 300w, https:\/\/mouldking.store\/wp-content\/uploads\/2021\/10\/URGE-50102-Medievaltown-Barn-with-1724-pieces-3-600x670.jpg 600w, https:\/\/mouldking.store\/wp-content\/uploads\/2021\/10\/URGE-50102-Medievaltown-Barn-with-1724-pieces-3-134x150.jpg 134w\" sizes=\"(max-width: 750px) 100vw, 750px\" \/><figcaption id=\"caption-attachment-26045\" class=\"wp-caption-text\">URGE 50102 Medievaltown l\u00e5ve med 1724 stk<\/figcaption><\/figure>\n<figure id=\"attachment_26044\" aria-describedby=\"caption-attachment-26044\" style=\"width: 750px\" class=\"wp-caption aligncenter\"><img loading=\"lazy\" decoding=\"async\" class=\"wp-image-26044 size-full\" src=\"https:\/\/mouldking.store\/wp-content\/uploads\/2021\/10\/URGE-50102-Medievaltown-Barn-with-1724-pieces-2.jpg\" alt=\"URGE 50102 Medievaltown Barn with 1724 pieces\" width=\"750\" height=\"749\" title=\"-\" srcset=\"https:\/\/mouldking.store\/wp-content\/uploads\/2021\/10\/URGE-50102-Medievaltown-Barn-with-1724-pieces-2.jpg 750w, https:\/\/mouldking.store\/wp-content\/uploads\/2021\/10\/URGE-50102-Medievaltown-Barn-with-1724-pieces-2-300x300.jpg 300w, https:\/\/mouldking.store\/wp-content\/uploads\/2021\/10\/URGE-50102-Medievaltown-Barn-with-1724-pieces-2-600x599.jpg 600w, https:\/\/mouldking.store\/wp-content\/uploads\/2021\/10\/URGE-50102-Medievaltown-Barn-with-1724-pieces-2-150x150.jpg 150w\" sizes=\"(max-width: 750px) 100vw, 750px\" \/><figcaption id=\"caption-attachment-26044\" class=\"wp-caption-text\">URGE 50102 Medievaltown l\u00e5ve med 1724 stk<\/figcaption><\/figure>","protected":false},"excerpt":{"rendered":"<p>Product information: Brand: URGE Gender: Unisex Name: Medievaltown Barn Age Range: &gt; 6 years old Model Number: 50102 Classification: Assemblage Plastic Block Shape: Self-Locking Bricks Material: Plastic Plastic Type: ABS Bricks Blocks: 1724 PCS Contains detailed assembly instructions. Notice: 1. Without an original box, but we guarantee our products have quality assurance and nice packaging. [&hellip;]<\/p>","protected":false},"featured_media":26043,"comment_status":"open","ping_status":"closed","template":"","meta":{"_acf_changed":false},"product_cat":[390],"product_tag":[2762,2764,2766,2763,2760,1912,2759,2765,2758,2761],"class_list":["product","first","instock","shipping-taxable","purchasable","product-type-simple"],"acf":[],"_links":{"self":[{"href":"https:\/\/mouldking.store\/nb\/wp-json\/wp\/v2\/product\/26031","targetHints":{"allow":["GET"]}}],"collection":[{"href":"https:\/\/mouldking.store\/nb\/wp-json\/wp\/v2\/product"}],"about":[{"href":"https:\/\/mouldking.store\/nb\/wp-json\/wp\/v2\/types\/product"}],"replies":[{"embeddable":true,"href":"https:\/\/mouldking.store\/nb\/wp-json\/wp\/v2\/comments?post=26031"}],"wp:featuredmedia":[{"embeddable":true,"href":"https:\/\/mouldking.store\/nb\/wp-json\/wp\/v2\/media\/26043"}],"wp:attachment":[{"href":"https:\/\/mouldking.store\/nb\/wp-json\/wp\/v2\/media?parent=26031"}],"wp:term":[{"taxonomy":"product_cat","embeddable":true,"href":"https:\/\/mouldking.store\/nb\/wp-json\/wp\/v2\/product_cat?post=26031"},{"taxonomy":"product_tag","embeddable":true,"href":"https:\/\/mouldking.store\/nb\/wp-json\/wp\/v2\/product_tag?post=26031"}],"curies":[{"name":"wp","href":"https:\/\/api.w.org\/{rel}","templated":true}]}}