{"id":26056,"date":"2021-10-27T10:50:24","date_gmt":"2021-10-27T10:50:24","guid":{"rendered":"https:\/\/mouldking.store\/?post_type=product&#038;p=26056"},"modified":"2021-12-23T09:41:47","modified_gmt":"2021-12-23T09:41:47","slug":"tgl-t4003-rc-forklift-with-2028-pieces","status":"publish","type":"product","link":"https:\/\/mouldking.store\/nb\/shop\/tgl-t4003-rc-forklift-with-2028-pieces\/","title":{"rendered":"TGL T4003 RC Gaffeltruck med 2028 stk"},"content":{"rendered":"<p>Produktinformasjon:<\/p>\n<ol>\n<li>Merke: TGL<\/li>\n<li>Kj\u00f8nn: Unisex<\/li>\n<li>Navn: RC Forklift<\/li>\n<li>Aldersgruppe: &gt; 6 \u00e5r gammel<\/li>\n<li>Modellnummer: T4003<\/li>\n<li>Klassifisering: Montering<\/li>\n<li>Plastblokkform: Selvl\u00e5sende murstein<\/li>\n<li>Materiale: Plast<\/li>\n<li>Plasttype: ABS<\/li>\n<li>Mursteinsblokker: 2028 STK<\/li>\n<li>Inneholder detaljerte monteringsanvisninger.<\/li>\n<\/ol>\n<p>Legge merke til:<br \/>\n1. Uten original eske, men vi garanterer at v\u00e5re produkter har kvalitetssikring og pen emballasje.<br \/>\n2. Som alle delene vi har sjekket f\u00f8r frakt, s\u00e5 hvis du finner noen deler savnet eller skadet, ikke bekymre deg og bare kontakt oss, s\u00e5 kan vi sende dem til deg p\u00e5 nytt umiddelbart gratis.<\/p>\n<figure id=\"attachment_26077\" aria-describedby=\"caption-attachment-26077\" style=\"width: 800px\" class=\"wp-caption aligncenter\"><img fetchpriority=\"high\" decoding=\"async\" class=\"wp-image-26077 size-full\" src=\"https:\/\/mouldking.store\/wp-content\/uploads\/2021\/10\/TGL-T4003-RC-Forklift-with-2028-pieces-1.jpg\" alt=\"TGL T4003 RC Forklift with 2028 pieces\" width=\"800\" height=\"800\" title=\"-\" srcset=\"https:\/\/mouldking.store\/wp-content\/uploads\/2021\/10\/TGL-T4003-RC-Forklift-with-2028-pieces-1.jpg 800w, https:\/\/mouldking.store\/wp-content\/uploads\/2021\/10\/TGL-T4003-RC-Forklift-with-2028-pieces-1-300x300.jpg 300w, https:\/\/mouldking.store\/wp-content\/uploads\/2021\/10\/TGL-T4003-RC-Forklift-with-2028-pieces-1-768x768.jpg 768w, https:\/\/mouldking.store\/wp-content\/uploads\/2021\/10\/TGL-T4003-RC-Forklift-with-2028-pieces-1-600x600.jpg 600w, https:\/\/mouldking.store\/wp-content\/uploads\/2021\/10\/TGL-T4003-RC-Forklift-with-2028-pieces-1-150x150.jpg 150w\" sizes=\"(max-width: 800px) 100vw, 800px\" \/><figcaption id=\"caption-attachment-26077\" class=\"wp-caption-text\">TGL T4003 RC Gaffeltruck med 2028 stk<\/figcaption><\/figure>\n<figure id=\"attachment_26079\" aria-describedby=\"caption-attachment-26079\" style=\"width: 700px\" class=\"wp-caption aligncenter\"><img decoding=\"async\" class=\"wp-image-26079\" src=\"https:\/\/mouldking.store\/wp-content\/uploads\/2021\/10\/TGL-T4003-RC-Forklift-with-2028-pieces-3.jpg\" alt=\"TGL T4003 RC Forklift with 2028 pieces\" width=\"700\" height=\"1280\" title=\"-\" srcset=\"https:\/\/mouldking.store\/wp-content\/uploads\/2021\/10\/TGL-T4003-RC-Forklift-with-2028-pieces-3.jpg 560w, https:\/\/mouldking.store\/wp-content\/uploads\/2021\/10\/TGL-T4003-RC-Forklift-with-2028-pieces-3-164x300.jpg 164w, https:\/\/mouldking.store\/wp-content\/uploads\/2021\/10\/TGL-T4003-RC-Forklift-with-2028-pieces-3-300x549.jpg 300w, https:\/\/mouldking.store\/wp-content\/uploads\/2021\/10\/TGL-T4003-RC-Forklift-with-2028-pieces-3-82x150.jpg 82w\" sizes=\"(max-width: 700px) 100vw, 700px\" \/><figcaption id=\"caption-attachment-26079\" class=\"wp-caption-text\">TGL T4003 RC Gaffeltruck med 2028 stk<\/figcaption><\/figure>\n<figure id=\"attachment_26078\" aria-describedby=\"caption-attachment-26078\" style=\"width: 875px\" class=\"wp-caption aligncenter\"><img decoding=\"async\" class=\"wp-image-26078 size-full\" src=\"https:\/\/mouldking.store\/wp-content\/uploads\/2021\/10\/TGL-T4003-RC-Forklift-with-2028-pieces-2.jpg\" alt=\"TGL T4003 RC Forklift with 2028 pieces\" width=\"875\" height=\"1024\" title=\"-\" srcset=\"https:\/\/mouldking.store\/wp-content\/uploads\/2021\/10\/TGL-T4003-RC-Forklift-with-2028-pieces-2.jpg 875w, https:\/\/mouldking.store\/wp-content\/uploads\/2021\/10\/TGL-T4003-RC-Forklift-with-2028-pieces-2-256x300.jpg 256w, https:\/\/mouldking.store\/wp-content\/uploads\/2021\/10\/TGL-T4003-RC-Forklift-with-2028-pieces-2-768x899.jpg 768w, https:\/\/mouldking.store\/wp-content\/uploads\/2021\/10\/TGL-T4003-RC-Forklift-with-2028-pieces-2-300x351.jpg 300w, https:\/\/mouldking.store\/wp-content\/uploads\/2021\/10\/TGL-T4003-RC-Forklift-with-2028-pieces-2-600x702.jpg 600w, https:\/\/mouldking.store\/wp-content\/uploads\/2021\/10\/TGL-T4003-RC-Forklift-with-2028-pieces-2-128x150.jpg 128w\" sizes=\"(max-width: 875px) 100vw, 875px\" \/><figcaption id=\"caption-attachment-26078\" class=\"wp-caption-text\">TGL T4003 RC Gaffeltruck med 2028 stk<\/figcaption><\/figure>\n<p>&nbsp;<\/p>","protected":false},"excerpt":{"rendered":"<p>Product information: Brand: TGL Gender: Unisex Name: RC Forklift Age Range: &gt; 6 years old Model Number: T4003 Classification: Assemblage Plastic Block Shape: Self-Locking Bricks Material: Plastic Plastic Type: ABS Bricks Blocks: 2028 PCS Contains detailed assembly instructions. Notice: 1. Without an original box, but we guarantee our products have quality assurance and nice packaging. [&hellip;]<\/p>","protected":false},"featured_media":26077,"comment_status":"open","ping_status":"closed","template":"","meta":{"_acf_changed":false},"product_cat":[364],"product_tag":[2779,481,2776,2778,2739,2777,2775,2774],"class_list":["product","first","instock","shipping-taxable","purchasable","product-type-simple"],"acf":[],"_links":{"self":[{"href":"https:\/\/mouldking.store\/nb\/wp-json\/wp\/v2\/product\/26056","targetHints":{"allow":["GET"]}}],"collection":[{"href":"https:\/\/mouldking.store\/nb\/wp-json\/wp\/v2\/product"}],"about":[{"href":"https:\/\/mouldking.store\/nb\/wp-json\/wp\/v2\/types\/product"}],"replies":[{"embeddable":true,"href":"https:\/\/mouldking.store\/nb\/wp-json\/wp\/v2\/comments?post=26056"}],"wp:featuredmedia":[{"embeddable":true,"href":"https:\/\/mouldking.store\/nb\/wp-json\/wp\/v2\/media\/26077"}],"wp:attachment":[{"href":"https:\/\/mouldking.store\/nb\/wp-json\/wp\/v2\/media?parent=26056"}],"wp:term":[{"taxonomy":"product_cat","embeddable":true,"href":"https:\/\/mouldking.store\/nb\/wp-json\/wp\/v2\/product_cat?post=26056"},{"taxonomy":"product_tag","embeddable":true,"href":"https:\/\/mouldking.store\/nb\/wp-json\/wp\/v2\/product_tag?post=26056"}],"curies":[{"name":"wp","href":"https:\/\/api.w.org\/{rel}","templated":true}]}}