{"id":26086,"date":"2021-10-28T09:44:53","date_gmt":"2021-10-28T02:44:53","guid":{"rendered":"https:\/\/mouldking.store\/?post_type=product&#038;p=26086"},"modified":"2025-12-25T09:17:13","modified_gmt":"2025-12-25T02:17:13","slug":"moc-8001-c-9979-landing-craft-with-698-pieces","status":"publish","type":"product","link":"https:\/\/mouldking.store\/nb\/shop\/moc-8001-c-9979-landing-craft-with-698-pieces\/","title":{"rendered":"MOC-8001 C-9979 Landingsfart\u00f8y med 698 stykker"},"content":{"rendered":"<p>Produktinformasjon:<\/p>\n<ol>\n<li>Merke: MOC<\/li>\n<li>Kj\u00f8nn: Unisex<\/li>\n<li>Navn: C-9979 Landing Craft<\/li>\n<li>Aldersgruppe: &gt; 8 \u00e5r gammel<\/li>\n<li>Modellnummer: MOC-8001<\/li>\n<li>Klassifisering: Montering<\/li>\n<li>Plastblokkform: Selvl\u00e5sende murstein<\/li>\n<li>Materiale: Plast<\/li>\n<li>Plasttype: ABS<\/li>\n<li>Mursteinsblokker: 698 STK<\/li>\n<li>Inneholder detaljerte monteringsanvisninger.<\/li>\n<\/ol>\n<p>Legge merke til:<br \/>\n1. Uten original eske, men vi garanterer at v\u00e5re produkter har kvalitetssikring og pen emballasje.<br \/>\n2. Som alle delene vi har sjekket f\u00f8r frakt, s\u00e5 hvis du finner noen deler savnet eller skadet, ikke bekymre deg og bare kontakt oss, s\u00e5 kan vi sende dem til deg p\u00e5 nytt umiddelbart gratis.<\/p>\n<figure id=\"attachment_26087\" aria-describedby=\"caption-attachment-26087\" style=\"width: 1000px\" class=\"wp-caption aligncenter\"><img fetchpriority=\"high\" decoding=\"async\" class=\"size-full wp-image-26087\" title=\"MOC-8001 C-9979 Landingsfart\u00f8y med 698 stykker\" src=\"https:\/\/mouldking.store\/wp-content\/uploads\/2021\/10\/moc-8001-c-9979-landing-craft-with-698-pieces.jpg\" alt=\"MOC-8001 C-9979 Landing Craft with 698 pieces\" width=\"1000\" height=\"1000\" srcset=\"https:\/\/mouldking.store\/wp-content\/uploads\/2021\/10\/moc-8001-c-9979-landing-craft-with-698-pieces.jpg 1000w, https:\/\/mouldking.store\/wp-content\/uploads\/2021\/10\/moc-8001-c-9979-landing-craft-with-698-pieces-300x300.jpg 300w, https:\/\/mouldking.store\/wp-content\/uploads\/2021\/10\/moc-8001-c-9979-landing-craft-with-698-pieces-768x768.jpg 768w, https:\/\/mouldking.store\/wp-content\/uploads\/2021\/10\/moc-8001-c-9979-landing-craft-with-698-pieces-600x600.jpg 600w, https:\/\/mouldking.store\/wp-content\/uploads\/2021\/10\/moc-8001-c-9979-landing-craft-with-698-pieces-150x150.jpg 150w\" sizes=\"(max-width: 1000px) 100vw, 1000px\" \/><figcaption id=\"caption-attachment-26087\" class=\"wp-caption-text\">MOC-8001 C-9979 Landingsfart\u00f8y med 698 stykker<\/figcaption><\/figure>\n<figure id=\"attachment_26088\" aria-describedby=\"caption-attachment-26088\" style=\"width: 1000px\" class=\"wp-caption aligncenter\"><img decoding=\"async\" class=\"size-full wp-image-26088\" title=\"MOC-8001 C-9979 Landingsfart\u00f8y med 698 stykker\" src=\"https:\/\/mouldking.store\/wp-content\/uploads\/2021\/10\/moc-8001-c-9979-landing-craft-with-698-pieces-1.jpg\" alt=\"MOC-8001 C-9979 Landing Craft with 698 pieces\" width=\"1000\" height=\"1000\" srcset=\"https:\/\/mouldking.store\/wp-content\/uploads\/2021\/10\/moc-8001-c-9979-landing-craft-with-698-pieces-1.jpg 1000w, https:\/\/mouldking.store\/wp-content\/uploads\/2021\/10\/moc-8001-c-9979-landing-craft-with-698-pieces-1-300x300.jpg 300w, https:\/\/mouldking.store\/wp-content\/uploads\/2021\/10\/moc-8001-c-9979-landing-craft-with-698-pieces-1-768x768.jpg 768w, https:\/\/mouldking.store\/wp-content\/uploads\/2021\/10\/moc-8001-c-9979-landing-craft-with-698-pieces-1-600x600.jpg 600w, https:\/\/mouldking.store\/wp-content\/uploads\/2021\/10\/moc-8001-c-9979-landing-craft-with-698-pieces-1-150x150.jpg 150w\" sizes=\"(max-width: 1000px) 100vw, 1000px\" \/><figcaption id=\"caption-attachment-26088\" class=\"wp-caption-text\">MOC-8001 C-9979 Landingsfart\u00f8y med 698 stykker<\/figcaption><\/figure>\n<figure id=\"attachment_26089\" aria-describedby=\"caption-attachment-26089\" style=\"width: 1000px\" class=\"wp-caption aligncenter\"><img decoding=\"async\" class=\"size-full wp-image-26089\" title=\"MOC-8001 C-9979 Landingsfart\u00f8y med 698 stykker\" src=\"https:\/\/mouldking.store\/wp-content\/uploads\/2021\/10\/moc-8001-c-9979-landing-craft-with-698-pieces-2.jpg\" alt=\"MOC-8001 C-9979 Landing Craft with 698 pieces\" width=\"1000\" height=\"1000\" srcset=\"https:\/\/mouldking.store\/wp-content\/uploads\/2021\/10\/moc-8001-c-9979-landing-craft-with-698-pieces-2.jpg 1000w, https:\/\/mouldking.store\/wp-content\/uploads\/2021\/10\/moc-8001-c-9979-landing-craft-with-698-pieces-2-300x300.jpg 300w, https:\/\/mouldking.store\/wp-content\/uploads\/2021\/10\/moc-8001-c-9979-landing-craft-with-698-pieces-2-768x768.jpg 768w, https:\/\/mouldking.store\/wp-content\/uploads\/2021\/10\/moc-8001-c-9979-landing-craft-with-698-pieces-2-600x600.jpg 600w, https:\/\/mouldking.store\/wp-content\/uploads\/2021\/10\/moc-8001-c-9979-landing-craft-with-698-pieces-2-150x150.jpg 150w\" sizes=\"(max-width: 1000px) 100vw, 1000px\" \/><figcaption id=\"caption-attachment-26089\" class=\"wp-caption-text\">MOC-8001 C-9979 Landingsfart\u00f8y med 698 stykker<\/figcaption><\/figure>","protected":false},"excerpt":{"rendered":"<p>Product information: Brand: MOC Gender: Unisex Name: C-9979 Landing Craft Age Range: &gt; 8 years old Model Number: MOC-8001 Classification: Assemblage Plastic Block Shape: Self-Locking Bricks Material: Plastic Plastic Type: ABS Bricks Blocks: 698 PCS Contains detailed assembly instructions. Notice: 1. Without an original box, but we guarantee our products have quality assurance and nice [&hellip;]<\/p>","protected":false},"featured_media":26090,"comment_status":"open","ping_status":"closed","template":"","meta":{"_acf_changed":false},"product_cat":[415],"product_tag":[2783,2782],"class_list":["product","first","instock","shipping-taxable","purchasable","product-type-simple"],"acf":[],"_links":{"self":[{"href":"https:\/\/mouldking.store\/nb\/wp-json\/wp\/v2\/product\/26086","targetHints":{"allow":["GET"]}}],"collection":[{"href":"https:\/\/mouldking.store\/nb\/wp-json\/wp\/v2\/product"}],"about":[{"href":"https:\/\/mouldking.store\/nb\/wp-json\/wp\/v2\/types\/product"}],"replies":[{"embeddable":true,"href":"https:\/\/mouldking.store\/nb\/wp-json\/wp\/v2\/comments?post=26086"}],"wp:featuredmedia":[{"embeddable":true,"href":"https:\/\/mouldking.store\/nb\/wp-json\/wp\/v2\/media\/26090"}],"wp:attachment":[{"href":"https:\/\/mouldking.store\/nb\/wp-json\/wp\/v2\/media?parent=26086"}],"wp:term":[{"taxonomy":"product_cat","embeddable":true,"href":"https:\/\/mouldking.store\/nb\/wp-json\/wp\/v2\/product_cat?post=26086"},{"taxonomy":"product_tag","embeddable":true,"href":"https:\/\/mouldking.store\/nb\/wp-json\/wp\/v2\/product_tag?post=26086"}],"curies":[{"name":"wp","href":"https:\/\/api.w.org\/{rel}","templated":true}]}}