{"id":26096,"date":"2021-10-28T10:10:10","date_gmt":"2021-10-28T03:10:10","guid":{"rendered":"https:\/\/mouldking.store\/?post_type=product&#038;p=26096"},"modified":"2025-12-25T09:17:13","modified_gmt":"2025-12-25T02:17:13","slug":"moc-39614-titanfall-2-kanes-scorch-titan-with-1345-pieces","status":"publish","type":"product","link":"https:\/\/mouldking.store\/nb\/shop\/moc-39614-titanfall-2-kanes-scorch-titan-with-1345-pieces\/","title":{"rendered":"MOC-39614 Titanfall 2 Kane&#8217;s Scorch Titan with 1345 pieces"},"content":{"rendered":"<p>Produktinformasjon:<\/p>\n<ol>\n<li>Merke: MOC<\/li>\n<li>Kj\u00f8nn: Unisex<\/li>\n<li>Name: Titanfall 2 Kane&#8217;s Scorch Titan<\/li>\n<li>Aldersgruppe: &gt; 8 \u00e5r gammel<\/li>\n<li>Model Number: MOC-39614<\/li>\n<li>Klassifisering: Montering<\/li>\n<li>Plastblokkform: Selvl\u00e5sende murstein<\/li>\n<li>Materiale: Plast<\/li>\n<li>Plasttype: ABS<\/li>\n<li>Bricks Blocks: 1345 PCS<\/li>\n<li>Inneholder detaljerte monteringsanvisninger.<\/li>\n<\/ol>\n<p>Legge merke til:<br \/>\n1. Uten original eske, men vi garanterer at v\u00e5re produkter har kvalitetssikring og pen emballasje.<br \/>\n2. Som alle delene vi har sjekket f\u00f8r frakt, s\u00e5 hvis du finner noen deler savnet eller skadet, ikke bekymre deg og bare kontakt oss, s\u00e5 kan vi sende dem til deg p\u00e5 nytt umiddelbart gratis.<\/p>\n<figure id=\"attachment_26097\" aria-describedby=\"caption-attachment-26097\" style=\"width: 1000px\" class=\"wp-caption aligncenter\"><img fetchpriority=\"high\" decoding=\"async\" class=\"size-full wp-image-26097\" title=\"MOC-39614 Titanfall 2 Kane's Scorch Titan with 1345 pieces\" src=\"https:\/\/mouldking.store\/wp-content\/uploads\/2021\/10\/moc-39614-titanfall-2-kanes-scorch-titan-with-1345-pieces.jpg\" alt=\"MOC-39614 Titanfall 2 Kane's Scorch Titan with 1345 pieces\" width=\"1000\" height=\"1000\" srcset=\"https:\/\/mouldking.store\/wp-content\/uploads\/2021\/10\/moc-39614-titanfall-2-kanes-scorch-titan-with-1345-pieces.jpg 1000w, https:\/\/mouldking.store\/wp-content\/uploads\/2021\/10\/moc-39614-titanfall-2-kanes-scorch-titan-with-1345-pieces-300x300.jpg 300w, https:\/\/mouldking.store\/wp-content\/uploads\/2021\/10\/moc-39614-titanfall-2-kanes-scorch-titan-with-1345-pieces-768x768.jpg 768w, https:\/\/mouldking.store\/wp-content\/uploads\/2021\/10\/moc-39614-titanfall-2-kanes-scorch-titan-with-1345-pieces-600x600.jpg 600w, https:\/\/mouldking.store\/wp-content\/uploads\/2021\/10\/moc-39614-titanfall-2-kanes-scorch-titan-with-1345-pieces-150x150.jpg 150w\" sizes=\"(max-width: 1000px) 100vw, 1000px\" \/><figcaption id=\"caption-attachment-26097\" class=\"wp-caption-text\">MOC-39614 Titanfall 2 Kane&#8217;s Scorch Titan with 1345 pieces<\/figcaption><\/figure>\n<figure id=\"attachment_26098\" aria-describedby=\"caption-attachment-26098\" style=\"width: 1000px\" class=\"wp-caption aligncenter\"><img decoding=\"async\" class=\"size-full wp-image-26098\" title=\"MOC-39614 Titanfall 2 Kane's Scorch Titan with 1345 pieces\" src=\"https:\/\/mouldking.store\/wp-content\/uploads\/2021\/10\/moc-39614-titanfall-2-kanes-scorch-titan-with-1345-pieces-1.jpg\" alt=\"MOC-39614 Titanfall 2 Kane's Scorch Titan with 1345 pieces\" width=\"1000\" height=\"1000\" srcset=\"https:\/\/mouldking.store\/wp-content\/uploads\/2021\/10\/moc-39614-titanfall-2-kanes-scorch-titan-with-1345-pieces-1.jpg 1000w, https:\/\/mouldking.store\/wp-content\/uploads\/2021\/10\/moc-39614-titanfall-2-kanes-scorch-titan-with-1345-pieces-1-300x300.jpg 300w, https:\/\/mouldking.store\/wp-content\/uploads\/2021\/10\/moc-39614-titanfall-2-kanes-scorch-titan-with-1345-pieces-1-768x768.jpg 768w, https:\/\/mouldking.store\/wp-content\/uploads\/2021\/10\/moc-39614-titanfall-2-kanes-scorch-titan-with-1345-pieces-1-600x600.jpg 600w, https:\/\/mouldking.store\/wp-content\/uploads\/2021\/10\/moc-39614-titanfall-2-kanes-scorch-titan-with-1345-pieces-1-150x150.jpg 150w\" sizes=\"(max-width: 1000px) 100vw, 1000px\" \/><figcaption id=\"caption-attachment-26098\" class=\"wp-caption-text\">MOC-39614 Titanfall 2 Kane&#8217;s Scorch Titan with 1345 pieces<\/figcaption><\/figure>\n<figure id=\"attachment_26099\" aria-describedby=\"caption-attachment-26099\" style=\"width: 1000px\" class=\"wp-caption aligncenter\"><img decoding=\"async\" class=\"size-full wp-image-26099\" title=\"MOC-39614 Titanfall 2 Kane's Scorch Titan with 1345 pieces\" src=\"https:\/\/mouldking.store\/wp-content\/uploads\/2021\/10\/moc-39614-titanfall-2-kanes-scorch-titan-with-1345-pieces-2.jpg\" alt=\"MOC-39614 Titanfall 2 Kane's Scorch Titan with 1345 pieces\" width=\"1000\" height=\"1000\" srcset=\"https:\/\/mouldking.store\/wp-content\/uploads\/2021\/10\/moc-39614-titanfall-2-kanes-scorch-titan-with-1345-pieces-2.jpg 1000w, https:\/\/mouldking.store\/wp-content\/uploads\/2021\/10\/moc-39614-titanfall-2-kanes-scorch-titan-with-1345-pieces-2-300x300.jpg 300w, https:\/\/mouldking.store\/wp-content\/uploads\/2021\/10\/moc-39614-titanfall-2-kanes-scorch-titan-with-1345-pieces-2-768x768.jpg 768w, https:\/\/mouldking.store\/wp-content\/uploads\/2021\/10\/moc-39614-titanfall-2-kanes-scorch-titan-with-1345-pieces-2-600x600.jpg 600w, https:\/\/mouldking.store\/wp-content\/uploads\/2021\/10\/moc-39614-titanfall-2-kanes-scorch-titan-with-1345-pieces-2-150x150.jpg 150w\" sizes=\"(max-width: 1000px) 100vw, 1000px\" \/><figcaption id=\"caption-attachment-26099\" class=\"wp-caption-text\">MOC-39614 Titanfall 2 Kane&#8217;s Scorch Titan with 1345 pieces<\/figcaption><\/figure>","protected":false},"excerpt":{"rendered":"<p>Product information: Brand: MOC Gender: Unisex Name: Titanfall 2 Kane&#8217;s Scorch Titan Age Range: &gt; 8 years old Model Number: MOC-39614 Classification: Assemblage Plastic Block Shape: Self-Locking Bricks Material: Plastic Plastic Type: ABS Bricks Blocks: 1345 PCS Contains detailed assembly instructions. Notice: 1. Without an original box, but we guarantee our products have quality assurance [&hellip;]<\/p>","protected":false},"featured_media":26100,"comment_status":"open","ping_status":"closed","template":"","meta":{"_acf_changed":false},"product_cat":[581],"product_tag":[2786,2787],"class_list":["product","first","instock","shipping-taxable","purchasable","product-type-simple"],"acf":[],"_links":{"self":[{"href":"https:\/\/mouldking.store\/nb\/wp-json\/wp\/v2\/product\/26096","targetHints":{"allow":["GET"]}}],"collection":[{"href":"https:\/\/mouldking.store\/nb\/wp-json\/wp\/v2\/product"}],"about":[{"href":"https:\/\/mouldking.store\/nb\/wp-json\/wp\/v2\/types\/product"}],"replies":[{"embeddable":true,"href":"https:\/\/mouldking.store\/nb\/wp-json\/wp\/v2\/comments?post=26096"}],"wp:featuredmedia":[{"embeddable":true,"href":"https:\/\/mouldking.store\/nb\/wp-json\/wp\/v2\/media\/26100"}],"wp:attachment":[{"href":"https:\/\/mouldking.store\/nb\/wp-json\/wp\/v2\/media?parent=26096"}],"wp:term":[{"taxonomy":"product_cat","embeddable":true,"href":"https:\/\/mouldking.store\/nb\/wp-json\/wp\/v2\/product_cat?post=26096"},{"taxonomy":"product_tag","embeddable":true,"href":"https:\/\/mouldking.store\/nb\/wp-json\/wp\/v2\/product_tag?post=26096"}],"curies":[{"name":"wp","href":"https:\/\/api.w.org\/{rel}","templated":true}]}}