{"id":26101,"date":"2021-10-28T10:22:22","date_gmt":"2021-10-28T10:22:22","guid":{"rendered":"https:\/\/mouldking.store\/?post_type=product&#038;p=26101"},"modified":"2025-12-25T09:17:13","modified_gmt":"2025-12-25T02:17:13","slug":"moc-62847-guitar-red-special-display-stand-with-324-pieces","status":"publish","type":"product","link":"https:\/\/mouldking.store\/nb\/shop\/moc-62847-guitar-red-special-display-stand-with-324-pieces\/","title":{"rendered":"MOC-62847 Gitarr\u00f8d spesial- og displaystativ med 324 deler"},"content":{"rendered":"<p>Produktinformasjon:<\/p>\n<ol>\n<li>Merke: MOC<\/li>\n<li>Kj\u00f8nn: Unisex<\/li>\n<li>Name: Guitar Red Special &amp; Display Stand<\/li>\n<li>Aldersgruppe: &gt; 8 \u00e5r gammel<\/li>\n<li>Model Number: MOC-62847<\/li>\n<li>Klassifisering: Montering<\/li>\n<li>Plastblokkform: Selvl\u00e5sende murstein<\/li>\n<li>Materiale: Plast<\/li>\n<li>Plasttype: ABS<\/li>\n<li>Bricks Blocks: 324 PCS<\/li>\n<li>Inneholder detaljerte monteringsanvisninger.<\/li>\n<\/ol>\n<p>Legge merke til:<br \/>\n1. Uten original eske, men vi garanterer at v\u00e5re produkter har kvalitetssikring og pen emballasje.<br \/>\n2. Som alle delene vi har sjekket f\u00f8r frakt, s\u00e5 hvis du finner noen deler savnet eller skadet, ikke bekymre deg og bare kontakt oss, s\u00e5 kan vi sende dem til deg p\u00e5 nytt umiddelbart gratis.<\/p>\n<figure id=\"attachment_26102\" aria-describedby=\"caption-attachment-26102\" style=\"width: 1000px\" class=\"wp-caption aligncenter\"><img fetchpriority=\"high\" decoding=\"async\" class=\"size-full wp-image-26102\" title=\"MOC-62847 Gitarr\u00f8d spesial- og displaystativ med 324 deler\" src=\"https:\/\/mouldking.store\/wp-content\/uploads\/2021\/10\/moc-62847-guitar-red-special-display-stand-with-324-pieces.jpg\" alt=\"MOC-62847 Guitar Red Special &amp; Display Stand with 324 pieces\" width=\"1000\" height=\"1000\" srcset=\"https:\/\/mouldking.store\/wp-content\/uploads\/2021\/10\/moc-62847-guitar-red-special-display-stand-with-324-pieces.jpg 1000w, https:\/\/mouldking.store\/wp-content\/uploads\/2021\/10\/moc-62847-guitar-red-special-display-stand-with-324-pieces-300x300.jpg 300w, https:\/\/mouldking.store\/wp-content\/uploads\/2021\/10\/moc-62847-guitar-red-special-display-stand-with-324-pieces-768x768.jpg 768w, https:\/\/mouldking.store\/wp-content\/uploads\/2021\/10\/moc-62847-guitar-red-special-display-stand-with-324-pieces-600x600.jpg 600w, https:\/\/mouldking.store\/wp-content\/uploads\/2021\/10\/moc-62847-guitar-red-special-display-stand-with-324-pieces-150x150.jpg 150w\" sizes=\"(max-width: 1000px) 100vw, 1000px\" \/><figcaption id=\"caption-attachment-26102\" class=\"wp-caption-text\">MOC-62847 Gitarr\u00f8d spesial- og displaystativ med 324 deler<\/figcaption><\/figure>\n<figure id=\"attachment_26103\" aria-describedby=\"caption-attachment-26103\" style=\"width: 1000px\" class=\"wp-caption aligncenter\"><img decoding=\"async\" class=\"size-full wp-image-26103\" title=\"MOC-62847 Gitarr\u00f8d spesial- og displaystativ med 324 deler\" src=\"https:\/\/mouldking.store\/wp-content\/uploads\/2021\/10\/moc-62847-guitar-red-special-display-stand-with-324-pieces-1.jpg\" alt=\"MOC-62847 Guitar Red Special &amp; Display Stand with 324 pieces\" width=\"1000\" height=\"1000\" srcset=\"https:\/\/mouldking.store\/wp-content\/uploads\/2021\/10\/moc-62847-guitar-red-special-display-stand-with-324-pieces-1.jpg 1000w, https:\/\/mouldking.store\/wp-content\/uploads\/2021\/10\/moc-62847-guitar-red-special-display-stand-with-324-pieces-1-300x300.jpg 300w, https:\/\/mouldking.store\/wp-content\/uploads\/2021\/10\/moc-62847-guitar-red-special-display-stand-with-324-pieces-1-768x768.jpg 768w, https:\/\/mouldking.store\/wp-content\/uploads\/2021\/10\/moc-62847-guitar-red-special-display-stand-with-324-pieces-1-600x600.jpg 600w, https:\/\/mouldking.store\/wp-content\/uploads\/2021\/10\/moc-62847-guitar-red-special-display-stand-with-324-pieces-1-150x150.jpg 150w\" sizes=\"(max-width: 1000px) 100vw, 1000px\" \/><figcaption id=\"caption-attachment-26103\" class=\"wp-caption-text\">MOC-62847 Gitarr\u00f8d spesial- og displaystativ med 324 deler<\/figcaption><\/figure>\n<figure id=\"attachment_26104\" aria-describedby=\"caption-attachment-26104\" style=\"width: 1000px\" class=\"wp-caption aligncenter\"><img decoding=\"async\" class=\"size-full wp-image-26104\" title=\"MOC-62847 Gitarr\u00f8d spesial- og displaystativ med 324 deler\" src=\"https:\/\/mouldking.store\/wp-content\/uploads\/2021\/10\/moc-62847-guitar-red-special-display-stand-with-324-pieces-2.jpg\" alt=\"MOC-62847 Guitar Red Special &amp; Display Stand with 324 pieces\" width=\"1000\" height=\"1000\" srcset=\"https:\/\/mouldking.store\/wp-content\/uploads\/2021\/10\/moc-62847-guitar-red-special-display-stand-with-324-pieces-2.jpg 1000w, https:\/\/mouldking.store\/wp-content\/uploads\/2021\/10\/moc-62847-guitar-red-special-display-stand-with-324-pieces-2-300x300.jpg 300w, https:\/\/mouldking.store\/wp-content\/uploads\/2021\/10\/moc-62847-guitar-red-special-display-stand-with-324-pieces-2-768x768.jpg 768w, https:\/\/mouldking.store\/wp-content\/uploads\/2021\/10\/moc-62847-guitar-red-special-display-stand-with-324-pieces-2-600x600.jpg 600w, https:\/\/mouldking.store\/wp-content\/uploads\/2021\/10\/moc-62847-guitar-red-special-display-stand-with-324-pieces-2-150x150.jpg 150w\" sizes=\"(max-width: 1000px) 100vw, 1000px\" \/><figcaption id=\"caption-attachment-26104\" class=\"wp-caption-text\">MOC-62847 Gitarr\u00f8d spesial- og displaystativ med 324 deler<\/figcaption><\/figure>","protected":false},"excerpt":{"rendered":"<p>Tidsbestemt: 4-8 uker<\/p>","protected":false},"featured_media":26105,"comment_status":"open","ping_status":"closed","template":"","meta":{"_acf_changed":false},"product_cat":[371],"product_tag":[2789,2788],"class_list":["product","first","instock","shipping-taxable","purchasable","product-type-simple"],"acf":[],"_links":{"self":[{"href":"https:\/\/mouldking.store\/nb\/wp-json\/wp\/v2\/product\/26101","targetHints":{"allow":["GET"]}}],"collection":[{"href":"https:\/\/mouldking.store\/nb\/wp-json\/wp\/v2\/product"}],"about":[{"href":"https:\/\/mouldking.store\/nb\/wp-json\/wp\/v2\/types\/product"}],"replies":[{"embeddable":true,"href":"https:\/\/mouldking.store\/nb\/wp-json\/wp\/v2\/comments?post=26101"}],"wp:featuredmedia":[{"embeddable":true,"href":"https:\/\/mouldking.store\/nb\/wp-json\/wp\/v2\/media\/26105"}],"wp:attachment":[{"href":"https:\/\/mouldking.store\/nb\/wp-json\/wp\/v2\/media?parent=26101"}],"wp:term":[{"taxonomy":"product_cat","embeddable":true,"href":"https:\/\/mouldking.store\/nb\/wp-json\/wp\/v2\/product_cat?post=26101"},{"taxonomy":"product_tag","embeddable":true,"href":"https:\/\/mouldking.store\/nb\/wp-json\/wp\/v2\/product_tag?post=26101"}],"curies":[{"name":"wp","href":"https:\/\/api.w.org\/{rel}","templated":true}]}}