{"id":26189,"date":"2021-10-28T11:16:45","date_gmt":"2021-10-28T11:16:45","guid":{"rendered":"https:\/\/mouldking.store\/?post_type=product&#038;p=26189"},"modified":"2021-12-23T09:40:55","modified_gmt":"2021-12-23T09:40:55","slug":"ciro-b776-hogwarts-school-of-witchcraft-and-wizardry-with-6862-pieces","status":"publish","type":"product","link":"https:\/\/mouldking.store\/nb\/shop\/ciro-b776-hogwarts-school-of-witchcraft-and-wizardry-with-6862-pieces\/","title":{"rendered":"CIRO B776 Galtvort skole for hekseri og trolldom med 6862 stykker"},"content":{"rendered":"<p>Produktinformasjon:<\/p>\n<ol>\n<li>Brand: CIRO<\/li>\n<li>Kj\u00f8nn: Unisex<\/li>\n<li>Name: Hogwarts School of Witchcraft and Wizardry<\/li>\n<li>Aldersgruppe: &gt; 14 \u00e5r gammel<\/li>\n<li>Model Number: B776<\/li>\n<li>Klassifisering: Montering<\/li>\n<li>Plastblokkform: Selvl\u00e5sende murstein<\/li>\n<li>Materiale: Plast<\/li>\n<li>Plasttype: ABS<\/li>\n<li>Bricks Blocks: 6862 PCS<\/li>\n<li>Inneholder detaljerte monteringsanvisninger.<\/li>\n<\/ol>\n<p>Legge merke til:<br \/>\n1. Uten original eske, men vi garanterer at v\u00e5re produkter har kvalitetssikring og pen emballasje.<br \/>\n2. Som alle delene vi har sjekket f\u00f8r frakt, s\u00e5 hvis du finner noen deler savnet eller skadet, ikke bekymre deg og bare kontakt oss, s\u00e5 kan vi sende dem til deg p\u00e5 nytt umiddelbart gratis.<\/p>\n<figure id=\"attachment_26190\" aria-describedby=\"caption-attachment-26190\" style=\"width: 800px\" class=\"wp-caption aligncenter\"><img fetchpriority=\"high\" decoding=\"async\" class=\"wp-image-26190 size-full\" src=\"https:\/\/mouldking.store\/wp-content\/uploads\/2021\/10\/CIRO-B776-Hogwarts-School-of-Witchcraft-and-Wizardry-6.jpg\" alt=\"CIRO B776 Hogwarts School of Witchcraft and Wizardry with 6862 pieces\" width=\"800\" height=\"800\" title=\"-\" srcset=\"https:\/\/mouldking.store\/wp-content\/uploads\/2021\/10\/CIRO-B776-Hogwarts-School-of-Witchcraft-and-Wizardry-6.jpg 800w, https:\/\/mouldking.store\/wp-content\/uploads\/2021\/10\/CIRO-B776-Hogwarts-School-of-Witchcraft-and-Wizardry-6-300x300.jpg 300w, https:\/\/mouldking.store\/wp-content\/uploads\/2021\/10\/CIRO-B776-Hogwarts-School-of-Witchcraft-and-Wizardry-6-768x768.jpg 768w, https:\/\/mouldking.store\/wp-content\/uploads\/2021\/10\/CIRO-B776-Hogwarts-School-of-Witchcraft-and-Wizardry-6-600x600.jpg 600w, https:\/\/mouldking.store\/wp-content\/uploads\/2021\/10\/CIRO-B776-Hogwarts-School-of-Witchcraft-and-Wizardry-6-150x150.jpg 150w\" sizes=\"(max-width: 800px) 100vw, 800px\" \/><figcaption id=\"caption-attachment-26190\" class=\"wp-caption-text\">CIRO B776 Galtvort skole for hekseri og trolldom med 6862 stykker<\/figcaption><\/figure>\n<figure id=\"attachment_26195\" aria-describedby=\"caption-attachment-26195\" style=\"width: 800px\" class=\"wp-caption aligncenter\"><img decoding=\"async\" class=\"wp-image-26195\" src=\"https:\/\/mouldking.store\/wp-content\/uploads\/2021\/10\/CIRO-B776-Hogwarts-School-of-Witchcraft-and-Wizardry-5-300x300.jpg\" alt=\"CIRO B776 Hogwarts School of Witchcraft and Wizardry with 6862 pieces\" width=\"800\" height=\"801\" title=\"-\" srcset=\"https:\/\/mouldking.store\/wp-content\/uploads\/2021\/10\/CIRO-B776-Hogwarts-School-of-Witchcraft-and-Wizardry-5-300x300.jpg 300w, https:\/\/mouldking.store\/wp-content\/uploads\/2021\/10\/CIRO-B776-Hogwarts-School-of-Witchcraft-and-Wizardry-5-768x769.jpg 768w, https:\/\/mouldking.store\/wp-content\/uploads\/2021\/10\/CIRO-B776-Hogwarts-School-of-Witchcraft-and-Wizardry-5-600x601.jpg 600w, https:\/\/mouldking.store\/wp-content\/uploads\/2021\/10\/CIRO-B776-Hogwarts-School-of-Witchcraft-and-Wizardry-5-150x150.jpg 150w, https:\/\/mouldking.store\/wp-content\/uploads\/2021\/10\/CIRO-B776-Hogwarts-School-of-Witchcraft-and-Wizardry-5.jpg 1023w\" sizes=\"(max-width: 800px) 100vw, 800px\" \/><figcaption id=\"caption-attachment-26195\" class=\"wp-caption-text\">CIRO B776 Galtvort skole for hekseri og trolldom med 6862 stykker<\/figcaption><\/figure>\n<figure id=\"attachment_26192\" aria-describedby=\"caption-attachment-26192\" style=\"width: 800px\" class=\"wp-caption aligncenter\"><img decoding=\"async\" class=\"wp-image-26192\" src=\"https:\/\/mouldking.store\/wp-content\/uploads\/2021\/10\/CIRO-B776-Hogwarts-School-of-Witchcraft-and-Wizardry-2-300x300.jpg\" alt=\"CIRO B776 Hogwarts School of Witchcraft and Wizardry with 6862 pieces\" width=\"800\" height=\"800\" title=\"-\" srcset=\"https:\/\/mouldking.store\/wp-content\/uploads\/2021\/10\/CIRO-B776-Hogwarts-School-of-Witchcraft-and-Wizardry-2-300x300.jpg 300w, https:\/\/mouldking.store\/wp-content\/uploads\/2021\/10\/CIRO-B776-Hogwarts-School-of-Witchcraft-and-Wizardry-2-768x768.jpg 768w, https:\/\/mouldking.store\/wp-content\/uploads\/2021\/10\/CIRO-B776-Hogwarts-School-of-Witchcraft-and-Wizardry-2-600x600.jpg 600w, https:\/\/mouldking.store\/wp-content\/uploads\/2021\/10\/CIRO-B776-Hogwarts-School-of-Witchcraft-and-Wizardry-2-150x150.jpg 150w, https:\/\/mouldking.store\/wp-content\/uploads\/2021\/10\/CIRO-B776-Hogwarts-School-of-Witchcraft-and-Wizardry-2.jpg 1024w\" sizes=\"(max-width: 800px) 100vw, 800px\" \/><figcaption id=\"caption-attachment-26192\" class=\"wp-caption-text\">CIRO B776 Galtvort skole for hekseri og trolldom med 6862 stykker<\/figcaption><\/figure>\n<figure id=\"attachment_26194\" aria-describedby=\"caption-attachment-26194\" style=\"width: 800px\" class=\"wp-caption aligncenter\"><img loading=\"lazy\" decoding=\"async\" class=\"wp-image-26194\" src=\"https:\/\/mouldking.store\/wp-content\/uploads\/2021\/10\/CIRO-B776-Hogwarts-School-of-Witchcraft-and-Wizardry-4-300x300.jpg\" alt=\"CIRO B776 Hogwarts School of Witchcraft and Wizardry with 6862 pieces\" width=\"800\" height=\"800\" title=\"-\" srcset=\"https:\/\/mouldking.store\/wp-content\/uploads\/2021\/10\/CIRO-B776-Hogwarts-School-of-Witchcraft-and-Wizardry-4-300x300.jpg 300w, https:\/\/mouldking.store\/wp-content\/uploads\/2021\/10\/CIRO-B776-Hogwarts-School-of-Witchcraft-and-Wizardry-4-768x768.jpg 768w, https:\/\/mouldking.store\/wp-content\/uploads\/2021\/10\/CIRO-B776-Hogwarts-School-of-Witchcraft-and-Wizardry-4-600x600.jpg 600w, https:\/\/mouldking.store\/wp-content\/uploads\/2021\/10\/CIRO-B776-Hogwarts-School-of-Witchcraft-and-Wizardry-4-150x150.jpg 150w, https:\/\/mouldking.store\/wp-content\/uploads\/2021\/10\/CIRO-B776-Hogwarts-School-of-Witchcraft-and-Wizardry-4.jpg 1024w\" sizes=\"(max-width: 800px) 100vw, 800px\" \/><figcaption id=\"caption-attachment-26194\" class=\"wp-caption-text\">CIRO B776 Galtvort skole for hekseri og trolldom med 6862 stykker<\/figcaption><\/figure>\n<figure id=\"attachment_26193\" aria-describedby=\"caption-attachment-26193\" style=\"width: 800px\" class=\"wp-caption aligncenter\"><img loading=\"lazy\" decoding=\"async\" class=\"wp-image-26193\" src=\"https:\/\/mouldking.store\/wp-content\/uploads\/2021\/10\/CIRO-B776-Hogwarts-School-of-Witchcraft-and-Wizardry-3-300x300.jpg\" alt=\"CIRO B776 Hogwarts School of Witchcraft and Wizardry with 6862 pieces\" width=\"800\" height=\"800\" title=\"-\" srcset=\"https:\/\/mouldking.store\/wp-content\/uploads\/2021\/10\/CIRO-B776-Hogwarts-School-of-Witchcraft-and-Wizardry-3-300x300.jpg 300w, https:\/\/mouldking.store\/wp-content\/uploads\/2021\/10\/CIRO-B776-Hogwarts-School-of-Witchcraft-and-Wizardry-3-768x768.jpg 768w, https:\/\/mouldking.store\/wp-content\/uploads\/2021\/10\/CIRO-B776-Hogwarts-School-of-Witchcraft-and-Wizardry-3-600x600.jpg 600w, https:\/\/mouldking.store\/wp-content\/uploads\/2021\/10\/CIRO-B776-Hogwarts-School-of-Witchcraft-and-Wizardry-3-150x150.jpg 150w, https:\/\/mouldking.store\/wp-content\/uploads\/2021\/10\/CIRO-B776-Hogwarts-School-of-Witchcraft-and-Wizardry-3.jpg 1024w\" sizes=\"(max-width: 800px) 100vw, 800px\" \/><figcaption id=\"caption-attachment-26193\" class=\"wp-caption-text\">CIRO B776 Galtvort skole for hekseri og trolldom med 6862 stykker<\/figcaption><\/figure>\n<figure id=\"attachment_26191\" aria-describedby=\"caption-attachment-26191\" style=\"width: 800px\" class=\"wp-caption aligncenter\"><img loading=\"lazy\" decoding=\"async\" class=\"wp-image-26191\" src=\"https:\/\/mouldking.store\/wp-content\/uploads\/2021\/10\/CIRO-B776-Hogwarts-School-of-Witchcraft-and-Wizardry-1-300x300.jpg\" alt=\"CIRO B776 Hogwarts School of Witchcraft and Wizardry with 6862 pieces\" width=\"800\" height=\"800\" title=\"-\" srcset=\"https:\/\/mouldking.store\/wp-content\/uploads\/2021\/10\/CIRO-B776-Hogwarts-School-of-Witchcraft-and-Wizardry-1-300x300.jpg 300w, https:\/\/mouldking.store\/wp-content\/uploads\/2021\/10\/CIRO-B776-Hogwarts-School-of-Witchcraft-and-Wizardry-1-768x768.jpg 768w, https:\/\/mouldking.store\/wp-content\/uploads\/2021\/10\/CIRO-B776-Hogwarts-School-of-Witchcraft-and-Wizardry-1-600x600.jpg 600w, https:\/\/mouldking.store\/wp-content\/uploads\/2021\/10\/CIRO-B776-Hogwarts-School-of-Witchcraft-and-Wizardry-1-150x150.jpg 150w, https:\/\/mouldking.store\/wp-content\/uploads\/2021\/10\/CIRO-B776-Hogwarts-School-of-Witchcraft-and-Wizardry-1.jpg 1024w\" sizes=\"(max-width: 800px) 100vw, 800px\" \/><figcaption id=\"caption-attachment-26191\" class=\"wp-caption-text\">CIRO B776 Galtvort skole for hekseri og trolldom med 6862 stykker<\/figcaption><\/figure>","protected":false},"excerpt":{"rendered":"<p>Product information: Brand: CIRO Gender: Unisex Name: Hogwarts School of Witchcraft and Wizardry Age Range: &gt; 14 years old Model Number: B776 Classification: Assemblage Plastic Block Shape: Self-Locking Bricks Material: Plastic Plastic Type: ABS Bricks Blocks: 6862 PCS Contains detailed assembly instructions. Notice: 1. Without an original box, but we guarantee our products have quality [&hellip;]<\/p>","protected":false},"featured_media":26190,"comment_status":"open","ping_status":"closed","template":"","meta":{"_acf_changed":false},"product_cat":[390],"product_tag":[2841,2821,2840,2844,2839,2846,2842,915,2847,2845,2843],"class_list":["product","first","instock","shipping-taxable","purchasable","product-type-simple"],"acf":[],"_links":{"self":[{"href":"https:\/\/mouldking.store\/nb\/wp-json\/wp\/v2\/product\/26189","targetHints":{"allow":["GET"]}}],"collection":[{"href":"https:\/\/mouldking.store\/nb\/wp-json\/wp\/v2\/product"}],"about":[{"href":"https:\/\/mouldking.store\/nb\/wp-json\/wp\/v2\/types\/product"}],"replies":[{"embeddable":true,"href":"https:\/\/mouldking.store\/nb\/wp-json\/wp\/v2\/comments?post=26189"}],"wp:featuredmedia":[{"embeddable":true,"href":"https:\/\/mouldking.store\/nb\/wp-json\/wp\/v2\/media\/26190"}],"wp:attachment":[{"href":"https:\/\/mouldking.store\/nb\/wp-json\/wp\/v2\/media?parent=26189"}],"wp:term":[{"taxonomy":"product_cat","embeddable":true,"href":"https:\/\/mouldking.store\/nb\/wp-json\/wp\/v2\/product_cat?post=26189"},{"taxonomy":"product_tag","embeddable":true,"href":"https:\/\/mouldking.store\/nb\/wp-json\/wp\/v2\/product_tag?post=26189"}],"curies":[{"name":"wp","href":"https:\/\/api.w.org\/{rel}","templated":true}]}}